{"id":21165,"date":"2021-03-22T13:33:33","date_gmt":"2021-03-22T11:33:33","guid":{"rendered":"https:\/\/woodinout.net\/product\/fargerike-gummiband\/"},"modified":"2021-03-22T13:33:33","modified_gmt":"2021-03-22T11:33:33","slug":"fargerike-gummi-band","status":"publish","type":"product","link":"https:\/\/woodinout.net\/no\/product\/fargerike-gummi-band\/","title":{"rendered":"Fargerike gummib\u00e5nd"},"content":{"rendered":"<p>Enkle fargerike gummib\u00e5nd som tillegg til geoboard av tre &#8211; pegboard for barn. Dette kan v\u00e6re et perfekt stress- eller terapileket\u00f8y for rolig og kreativ lek, enten for barn og voksne.<\/p>\n<p>28 stk. Av fargerike gummib\u00e5nd<\/p>\n<p>FARGER OG MATERIALE<br \/>\nFarge: tilfeldig valgt<br \/>\nLeken er laget av gummi<br \/>\nV\u00e6r oppmerksom p\u00e5 at farger kan variere p\u00e5 grunn av innstillinger for dataskjerm og lys.<\/p>\n","protected":false},"excerpt":{"rendered":"<p>Enkle fargerike gummib\u00e5nd som tillegg til geoboard av tre &#8211; pegboard for barn. Dette kan v\u00e6re et perfekt stress- eller terapileket\u00f8y for rolig og kreativ lek, enten for barn og voksne. 28 stk. Av fargerike gummib\u00e5nd FARGER OG MATERIALE Farge: tilfeldig valgt Leken er laget av gummi V\u00e6r oppmerksom p\u00e5 at farger kan variere p\u00e5 [&hellip;]<\/p>\n","protected":false},"featured_media":20363,"template":"","meta":{"_monsterinsights_skip_tracking":false,"_monsterinsights_sitenote_active":false,"_monsterinsights_sitenote_note":"","_monsterinsights_sitenote_category":0},"product_cat":[1699,1477],"product_tag":[1505,1511,2046,2045,2048,1500,1561,1494,1484,1489,2028,1480],"yoast_head":"<!-- This site is optimized with the Yoast SEO plugin v22.1 - https:\/\/yoast.com\/wordpress\/plugins\/seo\/ -->\n<title>Fargerike gummib\u00e5nd - Woodinout \u00a9 -leker<\/title>\n<meta name=\"description\" content=\"Enkle fargerike gummib\u00e5nd som tillegg til geoboard av tre. Dette kan v\u00e6re et perfekt stress- eller terapileket\u00f8y for rolig og kreativ lek.\" \/>\n<meta name=\"robots\" content=\"index, follow, max-snippet:-1, max-image-preview:large, max-video-preview:-1\" \/>\n<link rel=\"canonical\" href=\"https:\/\/woodinout.net\/no\/product\/fargerike-gummi-band\/\" \/>\n<meta property=\"og:locale\" content=\"nb_NO\" \/>\n<meta property=\"og:type\" content=\"article\" \/>\n<meta property=\"og:title\" content=\"Fargerike gummib\u00e5nd - Woodinout \u00a9 -leker\" \/>\n<meta property=\"og:description\" content=\"Enkle fargerike gummib\u00e5nd som tillegg til geoboard av tre. Dette kan v\u00e6re et perfekt stress- eller terapileket\u00f8y for rolig og kreativ lek.\" \/>\n<meta property=\"og:url\" content=\"https:\/\/woodinout.net\/no\/product\/fargerike-gummi-band\/\" \/>\n<meta property=\"og:site_name\" content=\"Woodinout \u00a9\" \/>\n<meta property=\"og:image\" content=\"https:\/\/woodinout.net\/wp-content\/uploads\/2021\/03\/Colorful-rubber-bands.jpg\" \/>\n\t<meta property=\"og:image:width\" content=\"1140\" \/>\n\t<meta property=\"og:image:height\" content=\"974\" \/>\n\t<meta property=\"og:image:type\" content=\"image\/jpeg\" \/>\n<meta name=\"twitter:card\" content=\"summary_large_image\" \/>\n<script type=\"application\/ld+json\" class=\"yoast-schema-graph\">{\"@context\":\"https:\/\/schema.org\",\"@graph\":[{\"@type\":\"WebPage\",\"@id\":\"https:\/\/woodinout.net\/no\/product\/fargerike-gummi-band\/\",\"url\":\"https:\/\/woodinout.net\/no\/product\/fargerike-gummi-band\/\",\"name\":\"Fargerike gummib\u00e5nd - Woodinout \u00a9 -leker\",\"isPartOf\":{\"@id\":\"https:\/\/woodinout.net\/no\/#website\"},\"datePublished\":\"2021-03-22T11:33:33+00:00\",\"dateModified\":\"2021-03-22T11:33:33+00:00\",\"description\":\"Enkle fargerike gummib\u00e5nd som tillegg til geoboard av tre. Dette kan v\u00e6re et perfekt stress- eller terapileket\u00f8y for rolig og kreativ lek.\",\"breadcrumb\":{\"@id\":\"https:\/\/woodinout.net\/no\/product\/fargerike-gummi-band\/#breadcrumb\"},\"inLanguage\":\"nb-NO\",\"potentialAction\":[{\"@type\":\"ReadAction\",\"target\":[\"https:\/\/woodinout.net\/no\/product\/fargerike-gummi-band\/\"]}]},{\"@type\":\"BreadcrumbList\",\"@id\":\"https:\/\/woodinout.net\/no\/product\/fargerike-gummi-band\/#breadcrumb\",\"itemListElement\":[{\"@type\":\"ListItem\",\"position\":1,\"name\":\"Home\",\"item\":\"https:\/\/woodinout.net\/no\/\"},{\"@type\":\"ListItem\",\"position\":2,\"name\":\"Shop\",\"item\":\"https:\/\/woodinout.net\/shop\/\"},{\"@type\":\"ListItem\",\"position\":3,\"name\":\"Fargerike gummib\u00e5nd\"}]},{\"@type\":\"WebSite\",\"@id\":\"https:\/\/woodinout.net\/no\/#website\",\"url\":\"https:\/\/woodinout.net\/no\/\",\"name\":\"Woodinout \u00a9\",\"description\":\"Wooden Montessori toys, gifts, home and events decor details\",\"potentialAction\":[{\"@type\":\"SearchAction\",\"target\":{\"@type\":\"EntryPoint\",\"urlTemplate\":\"https:\/\/woodinout.net\/no\/?s={search_term_string}\"},\"query-input\":\"required name=search_term_string\"}],\"inLanguage\":\"nb-NO\"}]}<\/script>\n<!-- \/ Yoast SEO plugin. -->","yoast_head_json":{"title":"Fargerike gummib\u00e5nd - Woodinout \u00a9 -leker","description":"Enkle fargerike gummib\u00e5nd som tillegg til geoboard av tre. Dette kan v\u00e6re et perfekt stress- eller terapileket\u00f8y for rolig og kreativ lek.","robots":{"index":"index","follow":"follow","max-snippet":"max-snippet:-1","max-image-preview":"max-image-preview:large","max-video-preview":"max-video-preview:-1"},"canonical":"https:\/\/woodinout.net\/no\/product\/fargerike-gummi-band\/","og_locale":"nb_NO","og_type":"article","og_title":"Fargerike gummib\u00e5nd - Woodinout \u00a9 -leker","og_description":"Enkle fargerike gummib\u00e5nd som tillegg til geoboard av tre. Dette kan v\u00e6re et perfekt stress- eller terapileket\u00f8y for rolig og kreativ lek.","og_url":"https:\/\/woodinout.net\/no\/product\/fargerike-gummi-band\/","og_site_name":"Woodinout \u00a9","og_image":[{"width":1140,"height":974,"url":"https:\/\/woodinout.net\/wp-content\/uploads\/2021\/03\/Colorful-rubber-bands.jpg","type":"image\/jpeg"}],"twitter_card":"summary_large_image","schema":{"@context":"https:\/\/schema.org","@graph":[{"@type":"WebPage","@id":"https:\/\/woodinout.net\/no\/product\/fargerike-gummi-band\/","url":"https:\/\/woodinout.net\/no\/product\/fargerike-gummi-band\/","name":"Fargerike gummib\u00e5nd - Woodinout \u00a9 -leker","isPartOf":{"@id":"https:\/\/woodinout.net\/no\/#website"},"datePublished":"2021-03-22T11:33:33+00:00","dateModified":"2021-03-22T11:33:33+00:00","description":"Enkle fargerike gummib\u00e5nd som tillegg til geoboard av tre. Dette kan v\u00e6re et perfekt stress- eller terapileket\u00f8y for rolig og kreativ lek.","breadcrumb":{"@id":"https:\/\/woodinout.net\/no\/product\/fargerike-gummi-band\/#breadcrumb"},"inLanguage":"nb-NO","potentialAction":[{"@type":"ReadAction","target":["https:\/\/woodinout.net\/no\/product\/fargerike-gummi-band\/"]}]},{"@type":"BreadcrumbList","@id":"https:\/\/woodinout.net\/no\/product\/fargerike-gummi-band\/#breadcrumb","itemListElement":[{"@type":"ListItem","position":1,"name":"Home","item":"https:\/\/woodinout.net\/no\/"},{"@type":"ListItem","position":2,"name":"Shop","item":"https:\/\/woodinout.net\/shop\/"},{"@type":"ListItem","position":3,"name":"Fargerike gummib\u00e5nd"}]},{"@type":"WebSite","@id":"https:\/\/woodinout.net\/no\/#website","url":"https:\/\/woodinout.net\/no\/","name":"Woodinout \u00a9","description":"Wooden Montessori toys, gifts, home and events decor details","potentialAction":[{"@type":"SearchAction","target":{"@type":"EntryPoint","urlTemplate":"https:\/\/woodinout.net\/no\/?s={search_term_string}"},"query-input":"required name=search_term_string"}],"inLanguage":"nb-NO"}]}},"_links":{"self":[{"href":"https:\/\/woodinout.net\/no\/wp-json\/wp\/v2\/product\/21165"}],"collection":[{"href":"https:\/\/woodinout.net\/no\/wp-json\/wp\/v2\/product"}],"about":[{"href":"https:\/\/woodinout.net\/no\/wp-json\/wp\/v2\/types\/product"}],"wp:featuredmedia":[{"embeddable":true,"href":"https:\/\/woodinout.net\/no\/wp-json\/wp\/v2\/media\/20363"}],"wp:attachment":[{"href":"https:\/\/woodinout.net\/no\/wp-json\/wp\/v2\/media?parent=21165"}],"wp:term":[{"taxonomy":"product_cat","embeddable":true,"href":"https:\/\/woodinout.net\/no\/wp-json\/wp\/v2\/product_cat?post=21165"},{"taxonomy":"product_tag","embeddable":true,"href":"https:\/\/woodinout.net\/no\/wp-json\/wp\/v2\/product_tag?post=21165"}],"curies":[{"name":"wp","href":"https:\/\/api.w.org\/{rel}","templated":true}]}}