{"id":20911,"date":"2020-06-20T22:42:00","date_gmt":"2020-06-20T19:42:00","guid":{"rendered":"https:\/\/woodinout.net\/product\/tresporingsnummer-1-til-10-bord\/"},"modified":"2022-03-13T16:46:55","modified_gmt":"2022-03-13T14:46:55","slug":"tre-tegnebrett-med-tall-og-telling","status":"publish","type":"product","link":"https:\/\/woodinout.net\/no\/product\/tre-tegnebrett-med-tall-og-telling\/","title":{"rendered":"Tresporingsnummer 1 til 10 bord"},"content":{"rendered":"<p>Tre Tracing tall 1 til 10 tavle med tall og telling. V\u00e5re utdanningstavler er en morsom m\u00e5te \u00e5 l\u00e6re \u00e5 skrive p\u00e5. \u00c5 spore tretall er en enkel og morsom m\u00e5te \u00e5 l\u00e6re \u00e5 skrive dem p\u00e5. Inspirert av Montessori-matematikkmaterialer er denne sporingsmalen ogs\u00e5 perfekt for reiser &#8211; IKKE MER sutring i bilen &#8211; l\u00e6ring p\u00e5 farten er interessant. \u00d8nsker \u00e5 gj\u00f8re foreldre glade, pedagogiske gaver til barn er det de virkelig setter pris p\u00e5. Gj\u00f8r det til en personlig gave! &#8211; vi vil gravere \u00f8nsket melding p\u00e5 baksiden. Waldorfleker er svaret p\u00e5 nyttige og verdifulle sm\u00e5barnsgaver. Finn flere f\u00f8rskoleleker laget av tre i butikken v\u00e5r: etsy.com\/shop\/woodinout<\/p>\n<p>Settet inneholder:<br \/>\nTallsporingstavle<br \/>\nTrepenn<\/p>\n<p>Vil forbedre motoriske ferdigheter<\/p>\n<p>DIMENSJONER<br \/>\nH\u00f8yde: ~6 tommer<br \/>\nLengde: ~10 tommer<br \/>\nBretttykkelse: ~0,6 tommer<\/p>\n<p>FARGER OG MATERIALE<br \/>\nBakgrunn: m\u00f8rkebrun eller naturlig oljet.<br \/>\nLeket\u00f8yet er laget av NATURLIG MASSIVT TRE og milj\u00f8vennlig maling\/olje.<br \/>\nV\u00e6r oppmerksom p\u00e5 at farger kan variere p\u00e5 grunn av innstillinger for dataskjerm og lys.<\/p>\n","protected":false},"excerpt":{"rendered":"<p>Tre Tracing tall 1 til 10 tavle med tall og telling. V\u00e5re utdanningstavler er en morsom m\u00e5te \u00e5 l\u00e6re \u00e5 skrive p\u00e5. \u00c5 spore tretall er en enkel og morsom m\u00e5te \u00e5 l\u00e6re \u00e5 skrive dem p\u00e5. Inspirert av Montessori-matematikkmaterialer er denne sporingsmalen ogs\u00e5 perfekt for reiser &#8211; IKKE MER sutring i bilen &#8211; l\u00e6ring [&hellip;]<\/p>\n","protected":false},"featured_media":16971,"template":"","meta":{"_monsterinsights_skip_tracking":false,"_monsterinsights_sitenote_active":false,"_monsterinsights_sitenote_note":"","_monsterinsights_sitenote_category":0},"product_cat":[1478,1523,1477],"product_tag":[1505,1511,1500,1494,1484,1489,1714,1716,1533,1480],"yoast_head":"<!-- This site is optimized with the Yoast SEO plugin v22.1 - https:\/\/yoast.com\/wordpress\/plugins\/seo\/ -->\n<title>Tresporingsnummer 1 til 10 bord - Woodinout \u00a9<\/title>\n<meta name=\"description\" content=\"\u00c5 spore tallene 1 til 10 er n\u00e5 enkelt \u2013 morsomt \u2013 stilig. Gjenbrukbar treplate med sporbare tall - H\u00e5ndlaget og milj\u00f8vennlig.\" \/>\n<meta name=\"robots\" content=\"index, follow, max-snippet:-1, max-image-preview:large, max-video-preview:-1\" \/>\n<link rel=\"canonical\" href=\"https:\/\/woodinout.net\/no\/product\/tre-tegnebrett-med-tall-og-telling\/\" \/>\n<meta property=\"og:locale\" content=\"nb_NO\" \/>\n<meta property=\"og:type\" content=\"article\" \/>\n<meta property=\"og:title\" content=\"Tresporingsnummer 1 til 10 bord - Woodinout \u00a9\" \/>\n<meta property=\"og:description\" content=\"\u00c5 spore tallene 1 til 10 er n\u00e5 enkelt \u2013 morsomt \u2013 stilig. Gjenbrukbar treplate med sporbare tall - H\u00e5ndlaget og milj\u00f8vennlig.\" \/>\n<meta property=\"og:url\" content=\"https:\/\/woodinout.net\/no\/product\/tre-tegnebrett-med-tall-og-telling\/\" \/>\n<meta property=\"og:site_name\" content=\"Woodinout \u00a9\" \/>\n<meta property=\"article:modified_time\" content=\"2022-03-13T14:46:55+00:00\" \/>\n<meta property=\"og:image\" content=\"https:\/\/woodinout.net\/wp-content\/uploads\/2020\/06\/Wooden-Tracing-board-with-numbers-and-counting-2.jpg\" \/>\n\t<meta property=\"og:image:width\" content=\"853\" \/>\n\t<meta property=\"og:image:height\" content=\"1280\" \/>\n\t<meta property=\"og:image:type\" content=\"image\/jpeg\" \/>\n<meta name=\"twitter:card\" content=\"summary_large_image\" \/>\n<meta name=\"twitter:label1\" content=\"Ansl. lesetid\" \/>\n\t<meta name=\"twitter:data1\" content=\"1 minutt\" \/>\n<script type=\"application\/ld+json\" class=\"yoast-schema-graph\">{\"@context\":\"https:\/\/schema.org\",\"@graph\":[{\"@type\":\"WebPage\",\"@id\":\"https:\/\/woodinout.net\/no\/product\/tre-tegnebrett-med-tall-og-telling\/\",\"url\":\"https:\/\/woodinout.net\/no\/product\/tre-tegnebrett-med-tall-og-telling\/\",\"name\":\"Tresporingsnummer 1 til 10 bord - Woodinout \u00a9\",\"isPartOf\":{\"@id\":\"https:\/\/woodinout.net\/no\/#website\"},\"datePublished\":\"2020-06-20T19:42:00+00:00\",\"dateModified\":\"2022-03-13T14:46:55+00:00\",\"description\":\"\u00c5 spore tallene 1 til 10 er n\u00e5 enkelt \u2013 morsomt \u2013 stilig. Gjenbrukbar treplate med sporbare tall - H\u00e5ndlaget og milj\u00f8vennlig.\",\"breadcrumb\":{\"@id\":\"https:\/\/woodinout.net\/no\/product\/tre-tegnebrett-med-tall-og-telling\/#breadcrumb\"},\"inLanguage\":\"nb-NO\",\"potentialAction\":[{\"@type\":\"ReadAction\",\"target\":[\"https:\/\/woodinout.net\/no\/product\/tre-tegnebrett-med-tall-og-telling\/\"]}]},{\"@type\":\"BreadcrumbList\",\"@id\":\"https:\/\/woodinout.net\/no\/product\/tre-tegnebrett-med-tall-og-telling\/#breadcrumb\",\"itemListElement\":[{\"@type\":\"ListItem\",\"position\":1,\"name\":\"Home\",\"item\":\"https:\/\/woodinout.net\/no\/\"},{\"@type\":\"ListItem\",\"position\":2,\"name\":\"Shop\",\"item\":\"https:\/\/woodinout.net\/shop\/\"},{\"@type\":\"ListItem\",\"position\":3,\"name\":\"Tresporingsnummer 1 til 10 bord\"}]},{\"@type\":\"WebSite\",\"@id\":\"https:\/\/woodinout.net\/no\/#website\",\"url\":\"https:\/\/woodinout.net\/no\/\",\"name\":\"Woodinout \u00a9\",\"description\":\"Wooden Montessori toys, gifts, home and events decor details\",\"potentialAction\":[{\"@type\":\"SearchAction\",\"target\":{\"@type\":\"EntryPoint\",\"urlTemplate\":\"https:\/\/woodinout.net\/no\/?s={search_term_string}\"},\"query-input\":\"required name=search_term_string\"}],\"inLanguage\":\"nb-NO\"}]}<\/script>\n<!-- \/ Yoast SEO plugin. -->","yoast_head_json":{"title":"Tresporingsnummer 1 til 10 bord - Woodinout \u00a9","description":"\u00c5 spore tallene 1 til 10 er n\u00e5 enkelt \u2013 morsomt \u2013 stilig. Gjenbrukbar treplate med sporbare tall - H\u00e5ndlaget og milj\u00f8vennlig.","robots":{"index":"index","follow":"follow","max-snippet":"max-snippet:-1","max-image-preview":"max-image-preview:large","max-video-preview":"max-video-preview:-1"},"canonical":"https:\/\/woodinout.net\/no\/product\/tre-tegnebrett-med-tall-og-telling\/","og_locale":"nb_NO","og_type":"article","og_title":"Tresporingsnummer 1 til 10 bord - Woodinout \u00a9","og_description":"\u00c5 spore tallene 1 til 10 er n\u00e5 enkelt \u2013 morsomt \u2013 stilig. Gjenbrukbar treplate med sporbare tall - H\u00e5ndlaget og milj\u00f8vennlig.","og_url":"https:\/\/woodinout.net\/no\/product\/tre-tegnebrett-med-tall-og-telling\/","og_site_name":"Woodinout \u00a9","article_modified_time":"2022-03-13T14:46:55+00:00","og_image":[{"width":853,"height":1280,"url":"https:\/\/woodinout.net\/wp-content\/uploads\/2020\/06\/Wooden-Tracing-board-with-numbers-and-counting-2.jpg","type":"image\/jpeg"}],"twitter_card":"summary_large_image","twitter_misc":{"Ansl. lesetid":"1 minutt"},"schema":{"@context":"https:\/\/schema.org","@graph":[{"@type":"WebPage","@id":"https:\/\/woodinout.net\/no\/product\/tre-tegnebrett-med-tall-og-telling\/","url":"https:\/\/woodinout.net\/no\/product\/tre-tegnebrett-med-tall-og-telling\/","name":"Tresporingsnummer 1 til 10 bord - Woodinout \u00a9","isPartOf":{"@id":"https:\/\/woodinout.net\/no\/#website"},"datePublished":"2020-06-20T19:42:00+00:00","dateModified":"2022-03-13T14:46:55+00:00","description":"\u00c5 spore tallene 1 til 10 er n\u00e5 enkelt \u2013 morsomt \u2013 stilig. Gjenbrukbar treplate med sporbare tall - H\u00e5ndlaget og milj\u00f8vennlig.","breadcrumb":{"@id":"https:\/\/woodinout.net\/no\/product\/tre-tegnebrett-med-tall-og-telling\/#breadcrumb"},"inLanguage":"nb-NO","potentialAction":[{"@type":"ReadAction","target":["https:\/\/woodinout.net\/no\/product\/tre-tegnebrett-med-tall-og-telling\/"]}]},{"@type":"BreadcrumbList","@id":"https:\/\/woodinout.net\/no\/product\/tre-tegnebrett-med-tall-og-telling\/#breadcrumb","itemListElement":[{"@type":"ListItem","position":1,"name":"Home","item":"https:\/\/woodinout.net\/no\/"},{"@type":"ListItem","position":2,"name":"Shop","item":"https:\/\/woodinout.net\/shop\/"},{"@type":"ListItem","position":3,"name":"Tresporingsnummer 1 til 10 bord"}]},{"@type":"WebSite","@id":"https:\/\/woodinout.net\/no\/#website","url":"https:\/\/woodinout.net\/no\/","name":"Woodinout \u00a9","description":"Wooden Montessori toys, gifts, home and events decor details","potentialAction":[{"@type":"SearchAction","target":{"@type":"EntryPoint","urlTemplate":"https:\/\/woodinout.net\/no\/?s={search_term_string}"},"query-input":"required name=search_term_string"}],"inLanguage":"nb-NO"}]}},"_links":{"self":[{"href":"https:\/\/woodinout.net\/no\/wp-json\/wp\/v2\/product\/20911"}],"collection":[{"href":"https:\/\/woodinout.net\/no\/wp-json\/wp\/v2\/product"}],"about":[{"href":"https:\/\/woodinout.net\/no\/wp-json\/wp\/v2\/types\/product"}],"wp:featuredmedia":[{"embeddable":true,"href":"https:\/\/woodinout.net\/no\/wp-json\/wp\/v2\/media\/16971"}],"wp:attachment":[{"href":"https:\/\/woodinout.net\/no\/wp-json\/wp\/v2\/media?parent=20911"}],"wp:term":[{"taxonomy":"product_cat","embeddable":true,"href":"https:\/\/woodinout.net\/no\/wp-json\/wp\/v2\/product_cat?post=20911"},{"taxonomy":"product_tag","embeddable":true,"href":"https:\/\/woodinout.net\/no\/wp-json\/wp\/v2\/product_tag?post=20911"}],"curies":[{"name":"wp","href":"https:\/\/api.w.org\/{rel}","templated":true}]}}