{"id":20910,"date":"2020-06-20T22:59:35","date_gmt":"2020-06-20T19:59:35","guid":{"rendered":"https:\/\/woodinout.net\/product\/treform-sorterer-puslespill\/"},"modified":"2022-04-06T09:03:42","modified_gmt":"2022-04-06T06:03:42","slug":"tre-form-sorter","status":"publish","type":"product","link":"https:\/\/woodinout.net\/no\/product\/tre-form-sorter\/","title":{"rendered":"Treform sorterer &#8211; puslespill"},"content":{"rendered":"<p>Treformsorterer &#8211; verdifullt, godt verdsatt av foreldre og stilig babygave! Montessori babyleker er godt kjent over hele verden, denne babyformsortereren er en av dem.<br \/>\nSorteringsleker i tre er den beste babyutviklingsgaven til dine kj\u00e6re. Vi vil gj\u00f8re dette trepuslespillet til en personlig gave med DIN \u00f8nskede tekst p\u00e5 baksiden gravert. Treklosser er s\u00e5 flotte at de passer til enhver barnehageinnredning. L\u00e6releker i tre er det vi gj\u00f8r best p\u00e5 Woodinout, skaff deg denne treformsortereren og bli med i familien av forn\u00f8yde kunder!<\/p>\n<p>Vil forbedre finmotorikken;<br \/>\nVil utvikle \u00f8yeh\u00e5ndskoordinasjon;<br \/>\nBaby vil l\u00e6re formnavn;<\/p>\n<p>Finn flere Montessori-inspirerte babygaver <a href=\"https:\/\/woodinout.net\/product-category\/wooden-toys\/baby-toys\/\">HER.<\/a><\/p>\n<p>Settet inneholder:<br \/>\nTreform sorteringsbrett<br \/>\n9 former\/treklosser<\/p>\n<p>DIMENSJONER<\/p>\n<p>Tall<br \/>\nH\u00f8yde: ~6,7 tommer<br \/>\nLengde: ~7,9 tommer<br \/>\nTykkelse: ~0,6 tommer<\/p>\n<p>FARGER OG MATERIALE<br \/>\nFarge: m\u00f8rkebrun og naturlig oljet.<br \/>\nLeket\u00f8yet er laget av NATURLIG MASSIVT TRE.<br \/>\nV\u00e6r oppmerksom p\u00e5 at farger kan variere p\u00e5 grunn av innstillinger for dataskjerm og lys.<\/p>\n<p>For flere ideer, f\u00f8lg oss p\u00e5 <a href=\"https:\/\/www.instagram.com\/woodinout\/\">INSTAGRAM<\/a> &amp; <a href=\"https:\/\/www.facebook.com\/Woodinout.net\">FACEBOOK<\/a><\/p>\n","protected":false},"excerpt":{"rendered":"<p>Treformsorterer &#8211; verdifullt, godt verdsatt av foreldre og stilig babygave! Montessori babyleker er godt kjent over hele verden, denne babyformsortereren er en av dem. Sorteringsleker i tre er den beste babyutviklingsgaven til dine kj\u00e6re. Vi vil gj\u00f8re dette trepuslespillet til en personlig gave med DIN \u00f8nskede tekst p\u00e5 baksiden gravert. Treklosser er s\u00e5 flotte at [&hellip;]<\/p>\n","protected":false},"featured_media":17131,"template":"","meta":{"_monsterinsights_skip_tracking":false,"_monsterinsights_sitenote_active":false,"_monsterinsights_sitenote_note":"","_monsterinsights_sitenote_category":0},"product_cat":[1616,1559,1711,1477],"product_tag":[1715,1505,1511,1568,1712,1634,1633,1500,1494,1484,1489,1713,1480],"yoast_head":"<!-- This site is optimized with the Yoast SEO plugin v22.1 - https:\/\/yoast.com\/wordpress\/plugins\/seo\/ -->\n<title>Treform sorterer - puslespill - Woodinout \u00a9 -leker<\/title>\n<meta name=\"description\" content=\"Tidlige pedagogiske leker for baby m\u00e5 v\u00e6re - naturlig og h\u00e5ndlaget. Denne treformsortereren - puslespillet er akkurat det! Verdensomspennende frakt.\" \/>\n<meta name=\"robots\" content=\"index, follow, max-snippet:-1, max-image-preview:large, max-video-preview:-1\" \/>\n<link rel=\"canonical\" href=\"https:\/\/woodinout.net\/no\/product\/tre-form-sorter\/\" \/>\n<meta property=\"og:locale\" content=\"nb_NO\" \/>\n<meta property=\"og:type\" content=\"article\" \/>\n<meta property=\"og:title\" content=\"Treform sorterer - puslespill - Woodinout \u00a9 -leker\" \/>\n<meta property=\"og:description\" content=\"Tidlige pedagogiske leker for baby m\u00e5 v\u00e6re - naturlig og h\u00e5ndlaget. Denne treformsortereren - puslespillet er akkurat det! Verdensomspennende frakt.\" \/>\n<meta property=\"og:url\" content=\"https:\/\/woodinout.net\/no\/product\/tre-form-sorter\/\" \/>\n<meta property=\"og:site_name\" content=\"Woodinout \u00a9\" \/>\n<meta property=\"article:modified_time\" content=\"2022-04-06T06:03:42+00:00\" \/>\n<meta property=\"og:image\" content=\"https:\/\/woodinout.net\/wp-content\/uploads\/2020\/06\/Wood-shape-sorter-1.jpg\" \/>\n\t<meta property=\"og:image:width\" content=\"853\" \/>\n\t<meta property=\"og:image:height\" content=\"1280\" \/>\n\t<meta property=\"og:image:type\" content=\"image\/jpeg\" \/>\n<meta name=\"twitter:card\" content=\"summary_large_image\" \/>\n<meta name=\"twitter:label1\" content=\"Ansl. lesetid\" \/>\n\t<meta name=\"twitter:data1\" content=\"1 minutt\" \/>\n<script type=\"application\/ld+json\" class=\"yoast-schema-graph\">{\"@context\":\"https:\/\/schema.org\",\"@graph\":[{\"@type\":\"WebPage\",\"@id\":\"https:\/\/woodinout.net\/no\/product\/tre-form-sorter\/\",\"url\":\"https:\/\/woodinout.net\/no\/product\/tre-form-sorter\/\",\"name\":\"Treform sorterer - puslespill - Woodinout \u00a9 -leker\",\"isPartOf\":{\"@id\":\"https:\/\/woodinout.net\/no\/#website\"},\"datePublished\":\"2020-06-20T19:59:35+00:00\",\"dateModified\":\"2022-04-06T06:03:42+00:00\",\"description\":\"Tidlige pedagogiske leker for baby m\u00e5 v\u00e6re - naturlig og h\u00e5ndlaget. Denne treformsortereren - puslespillet er akkurat det! Verdensomspennende frakt.\",\"breadcrumb\":{\"@id\":\"https:\/\/woodinout.net\/no\/product\/tre-form-sorter\/#breadcrumb\"},\"inLanguage\":\"nb-NO\",\"potentialAction\":[{\"@type\":\"ReadAction\",\"target\":[\"https:\/\/woodinout.net\/no\/product\/tre-form-sorter\/\"]}]},{\"@type\":\"BreadcrumbList\",\"@id\":\"https:\/\/woodinout.net\/no\/product\/tre-form-sorter\/#breadcrumb\",\"itemListElement\":[{\"@type\":\"ListItem\",\"position\":1,\"name\":\"Home\",\"item\":\"https:\/\/woodinout.net\/no\/\"},{\"@type\":\"ListItem\",\"position\":2,\"name\":\"Shop\",\"item\":\"https:\/\/woodinout.net\/shop\/\"},{\"@type\":\"ListItem\",\"position\":3,\"name\":\"Treform sorterer &#8211; puslespill\"}]},{\"@type\":\"WebSite\",\"@id\":\"https:\/\/woodinout.net\/no\/#website\",\"url\":\"https:\/\/woodinout.net\/no\/\",\"name\":\"Woodinout \u00a9\",\"description\":\"Wooden Montessori toys, gifts, home and events decor details\",\"potentialAction\":[{\"@type\":\"SearchAction\",\"target\":{\"@type\":\"EntryPoint\",\"urlTemplate\":\"https:\/\/woodinout.net\/no\/?s={search_term_string}\"},\"query-input\":\"required name=search_term_string\"}],\"inLanguage\":\"nb-NO\"}]}<\/script>\n<!-- \/ Yoast SEO plugin. -->","yoast_head_json":{"title":"Treform sorterer - puslespill - Woodinout \u00a9 -leker","description":"Tidlige pedagogiske leker for baby m\u00e5 v\u00e6re - naturlig og h\u00e5ndlaget. Denne treformsortereren - puslespillet er akkurat det! Verdensomspennende frakt.","robots":{"index":"index","follow":"follow","max-snippet":"max-snippet:-1","max-image-preview":"max-image-preview:large","max-video-preview":"max-video-preview:-1"},"canonical":"https:\/\/woodinout.net\/no\/product\/tre-form-sorter\/","og_locale":"nb_NO","og_type":"article","og_title":"Treform sorterer - puslespill - Woodinout \u00a9 -leker","og_description":"Tidlige pedagogiske leker for baby m\u00e5 v\u00e6re - naturlig og h\u00e5ndlaget. Denne treformsortereren - puslespillet er akkurat det! Verdensomspennende frakt.","og_url":"https:\/\/woodinout.net\/no\/product\/tre-form-sorter\/","og_site_name":"Woodinout \u00a9","article_modified_time":"2022-04-06T06:03:42+00:00","og_image":[{"width":853,"height":1280,"url":"https:\/\/woodinout.net\/wp-content\/uploads\/2020\/06\/Wood-shape-sorter-1.jpg","type":"image\/jpeg"}],"twitter_card":"summary_large_image","twitter_misc":{"Ansl. lesetid":"1 minutt"},"schema":{"@context":"https:\/\/schema.org","@graph":[{"@type":"WebPage","@id":"https:\/\/woodinout.net\/no\/product\/tre-form-sorter\/","url":"https:\/\/woodinout.net\/no\/product\/tre-form-sorter\/","name":"Treform sorterer - puslespill - Woodinout \u00a9 -leker","isPartOf":{"@id":"https:\/\/woodinout.net\/no\/#website"},"datePublished":"2020-06-20T19:59:35+00:00","dateModified":"2022-04-06T06:03:42+00:00","description":"Tidlige pedagogiske leker for baby m\u00e5 v\u00e6re - naturlig og h\u00e5ndlaget. Denne treformsortereren - puslespillet er akkurat det! Verdensomspennende frakt.","breadcrumb":{"@id":"https:\/\/woodinout.net\/no\/product\/tre-form-sorter\/#breadcrumb"},"inLanguage":"nb-NO","potentialAction":[{"@type":"ReadAction","target":["https:\/\/woodinout.net\/no\/product\/tre-form-sorter\/"]}]},{"@type":"BreadcrumbList","@id":"https:\/\/woodinout.net\/no\/product\/tre-form-sorter\/#breadcrumb","itemListElement":[{"@type":"ListItem","position":1,"name":"Home","item":"https:\/\/woodinout.net\/no\/"},{"@type":"ListItem","position":2,"name":"Shop","item":"https:\/\/woodinout.net\/shop\/"},{"@type":"ListItem","position":3,"name":"Treform sorterer &#8211; puslespill"}]},{"@type":"WebSite","@id":"https:\/\/woodinout.net\/no\/#website","url":"https:\/\/woodinout.net\/no\/","name":"Woodinout \u00a9","description":"Wooden Montessori toys, gifts, home and events decor details","potentialAction":[{"@type":"SearchAction","target":{"@type":"EntryPoint","urlTemplate":"https:\/\/woodinout.net\/no\/?s={search_term_string}"},"query-input":"required name=search_term_string"}],"inLanguage":"nb-NO"}]}},"_links":{"self":[{"href":"https:\/\/woodinout.net\/no\/wp-json\/wp\/v2\/product\/20910"}],"collection":[{"href":"https:\/\/woodinout.net\/no\/wp-json\/wp\/v2\/product"}],"about":[{"href":"https:\/\/woodinout.net\/no\/wp-json\/wp\/v2\/types\/product"}],"wp:featuredmedia":[{"embeddable":true,"href":"https:\/\/woodinout.net\/no\/wp-json\/wp\/v2\/media\/17131"}],"wp:attachment":[{"href":"https:\/\/woodinout.net\/no\/wp-json\/wp\/v2\/media?parent=20910"}],"wp:term":[{"taxonomy":"product_cat","embeddable":true,"href":"https:\/\/woodinout.net\/no\/wp-json\/wp\/v2\/product_cat?post=20910"},{"taxonomy":"product_tag","embeddable":true,"href":"https:\/\/woodinout.net\/no\/wp-json\/wp\/v2\/product_tag?post=20910"}],"curies":[{"name":"wp","href":"https:\/\/api.w.org\/{rel}","templated":true}]}}