{"id":20893,"date":"2020-06-20T23:04:00","date_gmt":"2020-06-20T20:04:00","guid":{"rendered":"https:\/\/woodinout.net\/product\/dj-sporingstavle-i-tre\/"},"modified":"2022-04-06T08:57:52","modified_gmt":"2022-04-06T05:57:52","slug":"tre-sporing-brett","status":"publish","type":"product","link":"https:\/\/woodinout.net\/no\/product\/tre-sporing-brett\/","title":{"rendered":"DJ-sporingstavle i tre"},"content":{"rendered":"<p>Tracing board av tre. HVORFOR skal du velge dette?!<br \/>\n1. Vil forbedre \u00f8yeh\u00e5ndskoordinasjonen, utvikle finmotorikk.<br \/>\n2. Sanselek er en beroligende aktivitet.<br \/>\n3. Den er h\u00e5ndlaget og kan v\u00e6re en personlig gave, vi vil gravere meldingen din p\u00e5 baksiden.<br \/>\n4. Montessori- og Waldorf-inspirerte l\u00e6releker er godt kjent og verdsatt over hele verden.<br \/>\n5. Sporingsmal for trem\u00f8nstre gj\u00f8r hjemmeundervisning ENKEL. L\u00e6r barnet ditt mens du spiller.<br \/>\n6. Pedagogiske leker er uten tvil mest verdsatt barnegaver hvis du \u00f8nsker \u00e5 gj\u00f8re foreldrene deres glade ogs\u00e5.<\/p>\n<p>Finn flere sporleker <a href=\"https:\/\/woodinout.net\/product-tag\/wooden-tracing-boards\/\">HER.<\/a><\/p>\n<p>Settet inneholder:<br \/>\nOrnamenter sporingsbrett<br \/>\nTrepenn<\/p>\n<p>DIMENSJONER<br \/>\nH\u00f8yde: ~7,5 tommer<br \/>\nLengde: ~10 tommer<br \/>\nBretttykkelse: ~0,6 tommer<\/p>\n<p>FARGER OG MATERIALE<br \/>\nBakgrunn: m\u00f8rkebrun eller naturlig oljet.<br \/>\nLeket\u00f8yet er laget av NATURLIG MASSIVT TRE og milj\u00f8vennlig maling\/olje.<br \/>\nV\u00e6r oppmerksom p\u00e5 at farger kan variere p\u00e5 grunn av innstillinger for dataskjerm og lys.<\/p>\n<p>For flere ideer, f\u00f8lg oss p\u00e5 <a href=\"https:\/\/www.instagram.com\/woodinout\/\">INSTAGRAM<\/a> &amp; <a href=\"https:\/\/www.facebook.com\/Woodinout.net\">FACEBOOK<\/a><\/p>\n","protected":false},"excerpt":{"rendered":"<p>Tracing board av tre. HVORFOR skal du velge dette?! 1. Vil forbedre \u00f8yeh\u00e5ndskoordinasjonen, utvikle finmotorikk. 2. Sanselek er en beroligende aktivitet. 3. Den er h\u00e5ndlaget og kan v\u00e6re en personlig gave, vi vil gravere meldingen din p\u00e5 baksiden. 4. Montessori- og Waldorf-inspirerte l\u00e6releker er godt kjent og verdsatt over hele verden. 5. Sporingsmal for trem\u00f8nstre [&hellip;]<\/p>\n","protected":false},"featured_media":17171,"template":"","meta":{"_monsterinsights_skip_tracking":false,"_monsterinsights_sitenote_active":false,"_monsterinsights_sitenote_note":"","_monsterinsights_sitenote_category":0},"product_cat":[1616,1699,1478,1477],"product_tag":[1505,1511,1634,1633,1500,1494,1484,1489,1702,1700,1533,1480],"yoast_head":"<!-- This site is optimized with the Yoast SEO plugin v22.1 - https:\/\/yoast.com\/wordpress\/plugins\/seo\/ -->\n<title>DJ-sporingstavle i tre - Woodinout \u00a9 sm\u00e5barn<\/title>\n<meta name=\"description\" content=\"Gjenbrukbar brett for sporform av tre. L\u00e6r \u00e5 skrive p\u00e5 en mer milj\u00f8vennlig og stilig m\u00e5te! H\u00e5ndlaget og trygt for barn.\" \/>\n<meta name=\"robots\" content=\"index, follow, max-snippet:-1, max-image-preview:large, max-video-preview:-1\" \/>\n<link rel=\"canonical\" href=\"https:\/\/woodinout.net\/no\/product\/tre-sporing-brett\/\" \/>\n<meta property=\"og:locale\" content=\"nb_NO\" \/>\n<meta property=\"og:type\" content=\"article\" \/>\n<meta property=\"og:title\" content=\"DJ-sporingstavle i tre - Woodinout \u00a9 sm\u00e5barn\" \/>\n<meta property=\"og:description\" content=\"Gjenbrukbar brett for sporform av tre. L\u00e6r \u00e5 skrive p\u00e5 en mer milj\u00f8vennlig og stilig m\u00e5te! H\u00e5ndlaget og trygt for barn.\" \/>\n<meta property=\"og:url\" content=\"https:\/\/woodinout.net\/no\/product\/tre-sporing-brett\/\" \/>\n<meta property=\"og:site_name\" content=\"Woodinout \u00a9\" \/>\n<meta property=\"article:modified_time\" content=\"2022-04-06T05:57:52+00:00\" \/>\n<meta property=\"og:image\" content=\"https:\/\/woodinout.net\/wp-content\/uploads\/2020\/06\/Wooden-tracing-board-2.jpg\" \/>\n\t<meta property=\"og:image:width\" content=\"853\" \/>\n\t<meta property=\"og:image:height\" content=\"1280\" \/>\n\t<meta property=\"og:image:type\" content=\"image\/jpeg\" \/>\n<meta name=\"twitter:card\" content=\"summary_large_image\" \/>\n<meta name=\"twitter:label1\" content=\"Ansl. lesetid\" \/>\n\t<meta name=\"twitter:data1\" content=\"1 minutt\" \/>\n<script type=\"application\/ld+json\" class=\"yoast-schema-graph\">{\"@context\":\"https:\/\/schema.org\",\"@graph\":[{\"@type\":\"WebPage\",\"@id\":\"https:\/\/woodinout.net\/no\/product\/tre-sporing-brett\/\",\"url\":\"https:\/\/woodinout.net\/no\/product\/tre-sporing-brett\/\",\"name\":\"DJ-sporingstavle i tre - Woodinout \u00a9 sm\u00e5barn\",\"isPartOf\":{\"@id\":\"https:\/\/woodinout.net\/no\/#website\"},\"datePublished\":\"2020-06-20T20:04:00+00:00\",\"dateModified\":\"2022-04-06T05:57:52+00:00\",\"description\":\"Gjenbrukbar brett for sporform av tre. L\u00e6r \u00e5 skrive p\u00e5 en mer milj\u00f8vennlig og stilig m\u00e5te! H\u00e5ndlaget og trygt for barn.\",\"breadcrumb\":{\"@id\":\"https:\/\/woodinout.net\/no\/product\/tre-sporing-brett\/#breadcrumb\"},\"inLanguage\":\"nb-NO\",\"potentialAction\":[{\"@type\":\"ReadAction\",\"target\":[\"https:\/\/woodinout.net\/no\/product\/tre-sporing-brett\/\"]}]},{\"@type\":\"BreadcrumbList\",\"@id\":\"https:\/\/woodinout.net\/no\/product\/tre-sporing-brett\/#breadcrumb\",\"itemListElement\":[{\"@type\":\"ListItem\",\"position\":1,\"name\":\"Home\",\"item\":\"https:\/\/woodinout.net\/no\/\"},{\"@type\":\"ListItem\",\"position\":2,\"name\":\"Shop\",\"item\":\"https:\/\/woodinout.net\/shop\/\"},{\"@type\":\"ListItem\",\"position\":3,\"name\":\"DJ-sporingstavle i tre\"}]},{\"@type\":\"WebSite\",\"@id\":\"https:\/\/woodinout.net\/no\/#website\",\"url\":\"https:\/\/woodinout.net\/no\/\",\"name\":\"Woodinout \u00a9\",\"description\":\"Wooden Montessori toys, gifts, home and events decor details\",\"potentialAction\":[{\"@type\":\"SearchAction\",\"target\":{\"@type\":\"EntryPoint\",\"urlTemplate\":\"https:\/\/woodinout.net\/no\/?s={search_term_string}\"},\"query-input\":\"required name=search_term_string\"}],\"inLanguage\":\"nb-NO\"}]}<\/script>\n<!-- \/ Yoast SEO plugin. -->","yoast_head_json":{"title":"DJ-sporingstavle i tre - Woodinout \u00a9 sm\u00e5barn","description":"Gjenbrukbar brett for sporform av tre. L\u00e6r \u00e5 skrive p\u00e5 en mer milj\u00f8vennlig og stilig m\u00e5te! H\u00e5ndlaget og trygt for barn.","robots":{"index":"index","follow":"follow","max-snippet":"max-snippet:-1","max-image-preview":"max-image-preview:large","max-video-preview":"max-video-preview:-1"},"canonical":"https:\/\/woodinout.net\/no\/product\/tre-sporing-brett\/","og_locale":"nb_NO","og_type":"article","og_title":"DJ-sporingstavle i tre - Woodinout \u00a9 sm\u00e5barn","og_description":"Gjenbrukbar brett for sporform av tre. L\u00e6r \u00e5 skrive p\u00e5 en mer milj\u00f8vennlig og stilig m\u00e5te! H\u00e5ndlaget og trygt for barn.","og_url":"https:\/\/woodinout.net\/no\/product\/tre-sporing-brett\/","og_site_name":"Woodinout \u00a9","article_modified_time":"2022-04-06T05:57:52+00:00","og_image":[{"width":853,"height":1280,"url":"https:\/\/woodinout.net\/wp-content\/uploads\/2020\/06\/Wooden-tracing-board-2.jpg","type":"image\/jpeg"}],"twitter_card":"summary_large_image","twitter_misc":{"Ansl. lesetid":"1 minutt"},"schema":{"@context":"https:\/\/schema.org","@graph":[{"@type":"WebPage","@id":"https:\/\/woodinout.net\/no\/product\/tre-sporing-brett\/","url":"https:\/\/woodinout.net\/no\/product\/tre-sporing-brett\/","name":"DJ-sporingstavle i tre - Woodinout \u00a9 sm\u00e5barn","isPartOf":{"@id":"https:\/\/woodinout.net\/no\/#website"},"datePublished":"2020-06-20T20:04:00+00:00","dateModified":"2022-04-06T05:57:52+00:00","description":"Gjenbrukbar brett for sporform av tre. L\u00e6r \u00e5 skrive p\u00e5 en mer milj\u00f8vennlig og stilig m\u00e5te! H\u00e5ndlaget og trygt for barn.","breadcrumb":{"@id":"https:\/\/woodinout.net\/no\/product\/tre-sporing-brett\/#breadcrumb"},"inLanguage":"nb-NO","potentialAction":[{"@type":"ReadAction","target":["https:\/\/woodinout.net\/no\/product\/tre-sporing-brett\/"]}]},{"@type":"BreadcrumbList","@id":"https:\/\/woodinout.net\/no\/product\/tre-sporing-brett\/#breadcrumb","itemListElement":[{"@type":"ListItem","position":1,"name":"Home","item":"https:\/\/woodinout.net\/no\/"},{"@type":"ListItem","position":2,"name":"Shop","item":"https:\/\/woodinout.net\/shop\/"},{"@type":"ListItem","position":3,"name":"DJ-sporingstavle i tre"}]},{"@type":"WebSite","@id":"https:\/\/woodinout.net\/no\/#website","url":"https:\/\/woodinout.net\/no\/","name":"Woodinout \u00a9","description":"Wooden Montessori toys, gifts, home and events decor details","potentialAction":[{"@type":"SearchAction","target":{"@type":"EntryPoint","urlTemplate":"https:\/\/woodinout.net\/no\/?s={search_term_string}"},"query-input":"required name=search_term_string"}],"inLanguage":"nb-NO"}]}},"_links":{"self":[{"href":"https:\/\/woodinout.net\/no\/wp-json\/wp\/v2\/product\/20893"}],"collection":[{"href":"https:\/\/woodinout.net\/no\/wp-json\/wp\/v2\/product"}],"about":[{"href":"https:\/\/woodinout.net\/no\/wp-json\/wp\/v2\/types\/product"}],"wp:featuredmedia":[{"embeddable":true,"href":"https:\/\/woodinout.net\/no\/wp-json\/wp\/v2\/media\/17171"}],"wp:attachment":[{"href":"https:\/\/woodinout.net\/no\/wp-json\/wp\/v2\/media?parent=20893"}],"wp:term":[{"taxonomy":"product_cat","embeddable":true,"href":"https:\/\/woodinout.net\/no\/wp-json\/wp\/v2\/product_cat?post=20893"},{"taxonomy":"product_tag","embeddable":true,"href":"https:\/\/woodinout.net\/no\/wp-json\/wp\/v2\/product_tag?post=20893"}],"curies":[{"name":"wp","href":"https:\/\/api.w.org\/{rel}","templated":true}]}}