{"id":20862,"date":"2018-07-23T16:01:24","date_gmt":"2018-07-23T13:01:24","guid":{"rendered":"https:\/\/woodinout.net\/product\/navnepuslespill-i-tre\/"},"modified":"2022-04-28T11:36:40","modified_gmt":"2022-04-28T08:36:40","slug":"naturlig-tre-navn-puslespill","status":"publish","type":"product","link":"https:\/\/woodinout.net\/no\/product\/naturlig-tre-navn-puslespill\/","title":{"rendered":"Navnepuslespill i tre"},"content":{"rendered":"<p>HVIS DU LETER ETTER:<\/p>\n<p>Navnepuslespill i naturlig tre? Naturlig milj\u00f8vennlig leke? Jentebarn eller guttebarn julegave? Bursdagsgave til sm\u00e5barn? Personlig gave? Tilpasset barnehageinnredning?<\/p>\n<p>DU ER P\u00c5 EN GOD M\u00c5TE! \ud83d\ude42<\/p>\n<p>Dette navnepuslespillet er en perfekt gave til din elskede baby. Bokstaver i navnet lar barnet ditt ta f\u00f8rste skritt mot \u00e5 l\u00e6re \u00e5 lese. For \u00e5 gj\u00f8re ditt pedagogiske leket\u00f8y mer personlig er du velkommen til \u00e5 legge igjen en kort melding som kan v\u00e6re gravert p\u00e5 baksiden av puslespillet. Vi er sikre p\u00e5 at et slikt navnepuslespill av tre vil vare i \u00e5revis og vil bringe mange gode minner.<br \/>\nFordeler du kan forvente &#8211; babyen din vil forbedre motoriske ferdigheter ved \u00e5 ta tak i hver bokstav og sette i et passende hull, starte separate farger og pr\u00f8ve \u00e5 stave navnet hans\/hennes.<\/p>\n<p>FLERE PERSONLIGE ARTIKLER FINNES <a href=\"https:\/\/woodinout.net\/product-tag\/kids-presents\/\">HER.<\/a><\/p>\n<p>Trepuslespill er laget av NATURLIG MASSIVT TRE!<\/p>\n<p>St\u00f8rrelsen p\u00e5 navnepuslespillet i tre:<br \/>\nH\u00f8yde \u2013 12 cm (~4,7 tommer), lengde &#8211; avhenger av bokstavmengde, tykkelse &#8211; ~2 cm (0,8 tommer).<br \/>\nDybde p\u00e5 lomme: 1 cm (0,4 tommer).<br \/>\nDimensjoner p\u00e5 bokstaver (h\u00f8yde x tykkelse): 7 cm (~2,7 tommer) x 2 cm (~0,8 tommer) &#8211; (bredde avhenger av bokstavens form).<br \/>\nHver bokstav er n\u00f8ye h\u00e5ndmalt med milj\u00f8vennlig blekk.<\/p>\n<p>V\u00e6r oppmerksom p\u00e5 at farger kan variere p\u00e5 grunn av innstillinger for dataskjerm og lys.<\/p>\n<p>Vi elsker spesialtilpassede bestillinger, s\u00e5 hvis du ikke finner det du \u00f8nsker, vennligst kontakt oss direkte.<\/p>\n<p>For flere ideer, f\u00f8lg oss p\u00e5 <a href=\"https:\/\/www.instagram.com\/woodinout\/\">INSTAGRAM<\/a> &amp; <a href=\"https:\/\/www.facebook.com\/Woodinout.net\">FACEBOOK<\/a><\/p>\n","protected":false},"excerpt":{"rendered":"<p>HVIS DU LETER ETTER: Navnepuslespill i naturlig tre? Naturlig milj\u00f8vennlig leke? Jentebarn eller guttebarn julegave? Bursdagsgave til sm\u00e5barn? Personlig gave? Tilpasset barnehageinnredning? DU ER P\u00c5 EN GOD M\u00c5TE! \ud83d\ude42 Dette navnepuslespillet er en perfekt gave til din elskede baby. Bokstaver i navnet lar barnet ditt ta f\u00f8rste skritt mot \u00e5 l\u00e6re \u00e5 lese. For \u00e5 [&hellip;]<\/p>\n","protected":false},"featured_media":16875,"template":"","meta":{"_monsterinsights_skip_tracking":false,"_monsterinsights_sitenote_active":false,"_monsterinsights_sitenote_note":"","_monsterinsights_sitenote_category":0},"product_cat":[1616,1559,1477],"product_tag":[1505,1511,1634,1633,1500,1494,1618,1484,1489,1631,1628,1524,1623,1518,1632,1626,1630,1480],"yoast_head":"<!-- This site is optimized with the Yoast SEO plugin v22.1 - https:\/\/yoast.com\/wordpress\/plugins\/seo\/ -->\n<title>Navnepuslespill i tre - Woodinout \u00a9 -lekebutikk<\/title>\n<meta name=\"description\" content=\"Perfekt barnegave - Montessori-inspirert tilpasset navneoppgave. H\u00e5ndlaget, milj\u00f8vennlig, trygt for baby og sm\u00e5rolling. Laget av massivt tre.\" \/>\n<meta name=\"robots\" content=\"index, follow, max-snippet:-1, max-image-preview:large, max-video-preview:-1\" \/>\n<link rel=\"canonical\" href=\"https:\/\/woodinout.net\/no\/product\/naturlig-tre-navn-puslespill\/\" \/>\n<meta property=\"og:locale\" content=\"nb_NO\" \/>\n<meta property=\"og:type\" content=\"article\" \/>\n<meta property=\"og:title\" content=\"Navnepuslespill i tre - Woodinout \u00a9 -lekebutikk\" \/>\n<meta property=\"og:description\" content=\"Perfekt barnegave - Montessori-inspirert tilpasset navneoppgave. H\u00e5ndlaget, milj\u00f8vennlig, trygt for baby og sm\u00e5rolling. Laget av massivt tre.\" \/>\n<meta property=\"og:url\" content=\"https:\/\/woodinout.net\/no\/product\/naturlig-tre-navn-puslespill\/\" \/>\n<meta property=\"og:site_name\" content=\"Woodinout \u00a9\" \/>\n<meta property=\"article:modified_time\" content=\"2022-04-28T08:36:40+00:00\" \/>\n<meta property=\"og:image\" content=\"https:\/\/woodinout.net\/wp-content\/uploads\/2018\/07\/MAX-1-NXPowerLite-Copy-scaled.jpg\" \/>\n\t<meta property=\"og:image:width\" content=\"1707\" \/>\n\t<meta property=\"og:image:height\" content=\"2560\" \/>\n\t<meta property=\"og:image:type\" content=\"image\/jpeg\" \/>\n<meta name=\"twitter:card\" content=\"summary_large_image\" \/>\n<meta name=\"twitter:label1\" content=\"Ansl. lesetid\" \/>\n\t<meta name=\"twitter:data1\" content=\"1 minutt\" \/>\n<script type=\"application\/ld+json\" class=\"yoast-schema-graph\">{\"@context\":\"https:\/\/schema.org\",\"@graph\":[{\"@type\":\"WebPage\",\"@id\":\"https:\/\/woodinout.net\/no\/product\/naturlig-tre-navn-puslespill\/\",\"url\":\"https:\/\/woodinout.net\/no\/product\/naturlig-tre-navn-puslespill\/\",\"name\":\"Navnepuslespill i tre - Woodinout \u00a9 -lekebutikk\",\"isPartOf\":{\"@id\":\"https:\/\/woodinout.net\/no\/#website\"},\"datePublished\":\"2018-07-23T13:01:24+00:00\",\"dateModified\":\"2022-04-28T08:36:40+00:00\",\"description\":\"Perfekt barnegave - Montessori-inspirert tilpasset navneoppgave. H\u00e5ndlaget, milj\u00f8vennlig, trygt for baby og sm\u00e5rolling. Laget av massivt tre.\",\"breadcrumb\":{\"@id\":\"https:\/\/woodinout.net\/no\/product\/naturlig-tre-navn-puslespill\/#breadcrumb\"},\"inLanguage\":\"nb-NO\",\"potentialAction\":[{\"@type\":\"ReadAction\",\"target\":[\"https:\/\/woodinout.net\/no\/product\/naturlig-tre-navn-puslespill\/\"]}]},{\"@type\":\"BreadcrumbList\",\"@id\":\"https:\/\/woodinout.net\/no\/product\/naturlig-tre-navn-puslespill\/#breadcrumb\",\"itemListElement\":[{\"@type\":\"ListItem\",\"position\":1,\"name\":\"Home\",\"item\":\"https:\/\/woodinout.net\/no\/\"},{\"@type\":\"ListItem\",\"position\":2,\"name\":\"Shop\",\"item\":\"https:\/\/woodinout.net\/shop\/\"},{\"@type\":\"ListItem\",\"position\":3,\"name\":\"Navnepuslespill i tre\"}]},{\"@type\":\"WebSite\",\"@id\":\"https:\/\/woodinout.net\/no\/#website\",\"url\":\"https:\/\/woodinout.net\/no\/\",\"name\":\"Woodinout \u00a9\",\"description\":\"Wooden Montessori toys, gifts, home and events decor details\",\"potentialAction\":[{\"@type\":\"SearchAction\",\"target\":{\"@type\":\"EntryPoint\",\"urlTemplate\":\"https:\/\/woodinout.net\/no\/?s={search_term_string}\"},\"query-input\":\"required name=search_term_string\"}],\"inLanguage\":\"nb-NO\"}]}<\/script>\n<!-- \/ Yoast SEO plugin. -->","yoast_head_json":{"title":"Navnepuslespill i tre - Woodinout \u00a9 -lekebutikk","description":"Perfekt barnegave - Montessori-inspirert tilpasset navneoppgave. H\u00e5ndlaget, milj\u00f8vennlig, trygt for baby og sm\u00e5rolling. Laget av massivt tre.","robots":{"index":"index","follow":"follow","max-snippet":"max-snippet:-1","max-image-preview":"max-image-preview:large","max-video-preview":"max-video-preview:-1"},"canonical":"https:\/\/woodinout.net\/no\/product\/naturlig-tre-navn-puslespill\/","og_locale":"nb_NO","og_type":"article","og_title":"Navnepuslespill i tre - Woodinout \u00a9 -lekebutikk","og_description":"Perfekt barnegave - Montessori-inspirert tilpasset navneoppgave. H\u00e5ndlaget, milj\u00f8vennlig, trygt for baby og sm\u00e5rolling. Laget av massivt tre.","og_url":"https:\/\/woodinout.net\/no\/product\/naturlig-tre-navn-puslespill\/","og_site_name":"Woodinout \u00a9","article_modified_time":"2022-04-28T08:36:40+00:00","og_image":[{"width":1707,"height":2560,"url":"https:\/\/woodinout.net\/wp-content\/uploads\/2018\/07\/MAX-1-NXPowerLite-Copy-scaled.jpg","type":"image\/jpeg"}],"twitter_card":"summary_large_image","twitter_misc":{"Ansl. lesetid":"1 minutt"},"schema":{"@context":"https:\/\/schema.org","@graph":[{"@type":"WebPage","@id":"https:\/\/woodinout.net\/no\/product\/naturlig-tre-navn-puslespill\/","url":"https:\/\/woodinout.net\/no\/product\/naturlig-tre-navn-puslespill\/","name":"Navnepuslespill i tre - Woodinout \u00a9 -lekebutikk","isPartOf":{"@id":"https:\/\/woodinout.net\/no\/#website"},"datePublished":"2018-07-23T13:01:24+00:00","dateModified":"2022-04-28T08:36:40+00:00","description":"Perfekt barnegave - Montessori-inspirert tilpasset navneoppgave. H\u00e5ndlaget, milj\u00f8vennlig, trygt for baby og sm\u00e5rolling. Laget av massivt tre.","breadcrumb":{"@id":"https:\/\/woodinout.net\/no\/product\/naturlig-tre-navn-puslespill\/#breadcrumb"},"inLanguage":"nb-NO","potentialAction":[{"@type":"ReadAction","target":["https:\/\/woodinout.net\/no\/product\/naturlig-tre-navn-puslespill\/"]}]},{"@type":"BreadcrumbList","@id":"https:\/\/woodinout.net\/no\/product\/naturlig-tre-navn-puslespill\/#breadcrumb","itemListElement":[{"@type":"ListItem","position":1,"name":"Home","item":"https:\/\/woodinout.net\/no\/"},{"@type":"ListItem","position":2,"name":"Shop","item":"https:\/\/woodinout.net\/shop\/"},{"@type":"ListItem","position":3,"name":"Navnepuslespill i tre"}]},{"@type":"WebSite","@id":"https:\/\/woodinout.net\/no\/#website","url":"https:\/\/woodinout.net\/no\/","name":"Woodinout \u00a9","description":"Wooden Montessori toys, gifts, home and events decor details","potentialAction":[{"@type":"SearchAction","target":{"@type":"EntryPoint","urlTemplate":"https:\/\/woodinout.net\/no\/?s={search_term_string}"},"query-input":"required name=search_term_string"}],"inLanguage":"nb-NO"}]}},"_links":{"self":[{"href":"https:\/\/woodinout.net\/no\/wp-json\/wp\/v2\/product\/20862"}],"collection":[{"href":"https:\/\/woodinout.net\/no\/wp-json\/wp\/v2\/product"}],"about":[{"href":"https:\/\/woodinout.net\/no\/wp-json\/wp\/v2\/types\/product"}],"wp:featuredmedia":[{"embeddable":true,"href":"https:\/\/woodinout.net\/no\/wp-json\/wp\/v2\/media\/16875"}],"wp:attachment":[{"href":"https:\/\/woodinout.net\/no\/wp-json\/wp\/v2\/media?parent=20862"}],"wp:term":[{"taxonomy":"product_cat","embeddable":true,"href":"https:\/\/woodinout.net\/no\/wp-json\/wp\/v2\/product_cat?post=20862"},{"taxonomy":"product_tag","embeddable":true,"href":"https:\/\/woodinout.net\/no\/wp-json\/wp\/v2\/product_tag?post=20862"}],"curies":[{"name":"wp","href":"https:\/\/api.w.org\/{rel}","templated":true}]}}