{"id":20858,"date":"2020-06-20T22:47:08","date_gmt":"2020-06-20T19:47:08","guid":{"rendered":"https:\/\/woodinout.net\/product\/manefaseleke-i-tre\/"},"modified":"2022-04-28T11:28:26","modified_gmt":"2022-04-28T08:28:26","slug":"mane-fase","status":"publish","type":"product","link":"https:\/\/woodinout.net\/no\/product\/mane-fase\/","title":{"rendered":"M\u00e5nefaseleke i tre"},"content":{"rendered":"<p>Inspirert av Montessori er m\u00e5nefaseleken v\u00e5r i tre H\u00c5NDLAG, milj\u00f8vennlig og gj\u00f8r l\u00e6ring ENKEL og G\u00d8Y. F\u00e5 dette m\u00e5nefasesettet som julegave til barn eller en av l\u00e6rergavene. Foreldre vil sette pris p\u00e5 det p\u00e5 hjemmeskole, absolutt stilig ser derfor bra ut i alle klasserom. M\u00e5nefase-puslespill er et av de mest favorittene blant barna v\u00e5re, siden de elsker \u00e5 sammenligne det med den ekte m\u00e5nen utenfor vinduet.<\/p>\n<p>Vil forbedre <a href=\"https:\/\/woodinout.net\/product-tag\/fine-motor-skills-activities\/\">motoriske ferdigheter<\/a><\/p>\n<p>Lengde: ~7 tommer<br \/>\nH\u00f8yde: ~7,9 tommer<br \/>\nTykkelse: ~0,6 tommer<\/p>\n<p>FARGER OG MATERIALE<br \/>\nFarge: naturlig og brunoljet.<br \/>\nLeket\u00f8y er laget av NATURLIG MASSIVT TRE og kryssfiner.<br \/>\nV\u00e6r oppmerksom p\u00e5 at farger kan variere p\u00e5 grunn av innstillinger for dataskjerm og lys.<\/p>\n<p>For flere ideer, f\u00f8lg oss p\u00e5 <a href=\"https:\/\/www.instagram.com\/woodinout\/\">INSTAGRAM<\/a> &amp; <a href=\"https:\/\/www.facebook.com\/Woodinout.net\">FACEBOOK<\/a><\/p>\n","protected":false},"excerpt":{"rendered":"<p>Inspirert av Montessori er m\u00e5nefaseleken v\u00e5r i tre H\u00c5NDLAG, milj\u00f8vennlig og gj\u00f8r l\u00e6ring ENKEL og G\u00d8Y. F\u00e5 dette m\u00e5nefasesettet som julegave til barn eller en av l\u00e6rergavene. Foreldre vil sette pris p\u00e5 det p\u00e5 hjemmeskole, absolutt stilig ser derfor bra ut i alle klasserom. M\u00e5nefase-puslespill er et av de mest favorittene blant barna v\u00e5re, siden [&hellip;]<\/p>\n","protected":false},"featured_media":17027,"template":"","meta":{"_monsterinsights_skip_tracking":false,"_monsterinsights_sitenote_active":false,"_monsterinsights_sitenote_note":"","_monsterinsights_sitenote_category":0},"product_cat":[1477,1598],"product_tag":[1505,1511,1500,1645,1652,1658,1494,1484,1489,1665,1480,1609],"yoast_head":"<!-- This site is optimized with the Yoast SEO plugin v22.1 - https:\/\/yoast.com\/wordpress\/plugins\/seo\/ -->\n<title>M\u00e5nefaseleke i tre - Woodinout \u00a9<\/title>\n<meta name=\"description\" content=\"M\u00e5nefaser av tre for barn - Stilig leke for naturfagsl\u00e6ring. H\u00e5ndlaget av massivt tre er dette puslespillet en perfekt gave til barn!\" \/>\n<meta name=\"robots\" content=\"index, follow, max-snippet:-1, max-image-preview:large, max-video-preview:-1\" \/>\n<link rel=\"canonical\" href=\"https:\/\/woodinout.net\/no\/product\/mane-fase\/\" \/>\n<meta property=\"og:locale\" content=\"nb_NO\" \/>\n<meta property=\"og:type\" content=\"article\" \/>\n<meta property=\"og:title\" content=\"M\u00e5nefaseleke i tre - Woodinout \u00a9\" \/>\n<meta property=\"og:description\" content=\"M\u00e5nefaser av tre for barn - Stilig leke for naturfagsl\u00e6ring. H\u00e5ndlaget av massivt tre er dette puslespillet en perfekt gave til barn!\" \/>\n<meta property=\"og:url\" content=\"https:\/\/woodinout.net\/no\/product\/mane-fase\/\" \/>\n<meta property=\"og:site_name\" content=\"Woodinout \u00a9\" \/>\n<meta property=\"article:modified_time\" content=\"2022-04-28T08:28:26+00:00\" \/>\n<meta property=\"og:image\" content=\"https:\/\/woodinout.net\/wp-content\/uploads\/2020\/06\/Moon-phase-1.jpg\" \/>\n\t<meta property=\"og:image:width\" content=\"853\" \/>\n\t<meta property=\"og:image:height\" content=\"1280\" \/>\n\t<meta property=\"og:image:type\" content=\"image\/jpeg\" \/>\n<meta name=\"twitter:card\" content=\"summary_large_image\" \/>\n<meta name=\"twitter:label1\" content=\"Ansl. lesetid\" \/>\n\t<meta name=\"twitter:data1\" content=\"1 minutt\" \/>\n<script type=\"application\/ld+json\" class=\"yoast-schema-graph\">{\"@context\":\"https:\/\/schema.org\",\"@graph\":[{\"@type\":\"WebPage\",\"@id\":\"https:\/\/woodinout.net\/no\/product\/mane-fase\/\",\"url\":\"https:\/\/woodinout.net\/no\/product\/mane-fase\/\",\"name\":\"M\u00e5nefaseleke i tre - Woodinout \u00a9\",\"isPartOf\":{\"@id\":\"https:\/\/woodinout.net\/no\/#website\"},\"datePublished\":\"2020-06-20T19:47:08+00:00\",\"dateModified\":\"2022-04-28T08:28:26+00:00\",\"description\":\"M\u00e5nefaser av tre for barn - Stilig leke for naturfagsl\u00e6ring. H\u00e5ndlaget av massivt tre er dette puslespillet en perfekt gave til barn!\",\"breadcrumb\":{\"@id\":\"https:\/\/woodinout.net\/no\/product\/mane-fase\/#breadcrumb\"},\"inLanguage\":\"nb-NO\",\"potentialAction\":[{\"@type\":\"ReadAction\",\"target\":[\"https:\/\/woodinout.net\/no\/product\/mane-fase\/\"]}]},{\"@type\":\"BreadcrumbList\",\"@id\":\"https:\/\/woodinout.net\/no\/product\/mane-fase\/#breadcrumb\",\"itemListElement\":[{\"@type\":\"ListItem\",\"position\":1,\"name\":\"Home\",\"item\":\"https:\/\/woodinout.net\/no\/\"},{\"@type\":\"ListItem\",\"position\":2,\"name\":\"Shop\",\"item\":\"https:\/\/woodinout.net\/shop\/\"},{\"@type\":\"ListItem\",\"position\":3,\"name\":\"M\u00e5nefaseleke i tre\"}]},{\"@type\":\"WebSite\",\"@id\":\"https:\/\/woodinout.net\/no\/#website\",\"url\":\"https:\/\/woodinout.net\/no\/\",\"name\":\"Woodinout \u00a9\",\"description\":\"Wooden Montessori toys, gifts, home and events decor details\",\"potentialAction\":[{\"@type\":\"SearchAction\",\"target\":{\"@type\":\"EntryPoint\",\"urlTemplate\":\"https:\/\/woodinout.net\/no\/?s={search_term_string}\"},\"query-input\":\"required name=search_term_string\"}],\"inLanguage\":\"nb-NO\"}]}<\/script>\n<!-- \/ Yoast SEO plugin. -->","yoast_head_json":{"title":"M\u00e5nefaseleke i tre - Woodinout \u00a9","description":"M\u00e5nefaser av tre for barn - Stilig leke for naturfagsl\u00e6ring. H\u00e5ndlaget av massivt tre er dette puslespillet en perfekt gave til barn!","robots":{"index":"index","follow":"follow","max-snippet":"max-snippet:-1","max-image-preview":"max-image-preview:large","max-video-preview":"max-video-preview:-1"},"canonical":"https:\/\/woodinout.net\/no\/product\/mane-fase\/","og_locale":"nb_NO","og_type":"article","og_title":"M\u00e5nefaseleke i tre - Woodinout \u00a9","og_description":"M\u00e5nefaser av tre for barn - Stilig leke for naturfagsl\u00e6ring. H\u00e5ndlaget av massivt tre er dette puslespillet en perfekt gave til barn!","og_url":"https:\/\/woodinout.net\/no\/product\/mane-fase\/","og_site_name":"Woodinout \u00a9","article_modified_time":"2022-04-28T08:28:26+00:00","og_image":[{"width":853,"height":1280,"url":"https:\/\/woodinout.net\/wp-content\/uploads\/2020\/06\/Moon-phase-1.jpg","type":"image\/jpeg"}],"twitter_card":"summary_large_image","twitter_misc":{"Ansl. lesetid":"1 minutt"},"schema":{"@context":"https:\/\/schema.org","@graph":[{"@type":"WebPage","@id":"https:\/\/woodinout.net\/no\/product\/mane-fase\/","url":"https:\/\/woodinout.net\/no\/product\/mane-fase\/","name":"M\u00e5nefaseleke i tre - Woodinout \u00a9","isPartOf":{"@id":"https:\/\/woodinout.net\/no\/#website"},"datePublished":"2020-06-20T19:47:08+00:00","dateModified":"2022-04-28T08:28:26+00:00","description":"M\u00e5nefaser av tre for barn - Stilig leke for naturfagsl\u00e6ring. H\u00e5ndlaget av massivt tre er dette puslespillet en perfekt gave til barn!","breadcrumb":{"@id":"https:\/\/woodinout.net\/no\/product\/mane-fase\/#breadcrumb"},"inLanguage":"nb-NO","potentialAction":[{"@type":"ReadAction","target":["https:\/\/woodinout.net\/no\/product\/mane-fase\/"]}]},{"@type":"BreadcrumbList","@id":"https:\/\/woodinout.net\/no\/product\/mane-fase\/#breadcrumb","itemListElement":[{"@type":"ListItem","position":1,"name":"Home","item":"https:\/\/woodinout.net\/no\/"},{"@type":"ListItem","position":2,"name":"Shop","item":"https:\/\/woodinout.net\/shop\/"},{"@type":"ListItem","position":3,"name":"M\u00e5nefaseleke i tre"}]},{"@type":"WebSite","@id":"https:\/\/woodinout.net\/no\/#website","url":"https:\/\/woodinout.net\/no\/","name":"Woodinout \u00a9","description":"Wooden Montessori toys, gifts, home and events decor details","potentialAction":[{"@type":"SearchAction","target":{"@type":"EntryPoint","urlTemplate":"https:\/\/woodinout.net\/no\/?s={search_term_string}"},"query-input":"required name=search_term_string"}],"inLanguage":"nb-NO"}]}},"_links":{"self":[{"href":"https:\/\/woodinout.net\/no\/wp-json\/wp\/v2\/product\/20858"}],"collection":[{"href":"https:\/\/woodinout.net\/no\/wp-json\/wp\/v2\/product"}],"about":[{"href":"https:\/\/woodinout.net\/no\/wp-json\/wp\/v2\/types\/product"}],"wp:featuredmedia":[{"embeddable":true,"href":"https:\/\/woodinout.net\/no\/wp-json\/wp\/v2\/media\/17027"}],"wp:attachment":[{"href":"https:\/\/woodinout.net\/no\/wp-json\/wp\/v2\/media?parent=20858"}],"wp:term":[{"taxonomy":"product_cat","embeddable":true,"href":"https:\/\/woodinout.net\/no\/wp-json\/wp\/v2\/product_cat?post=20858"},{"taxonomy":"product_tag","embeddable":true,"href":"https:\/\/woodinout.net\/no\/wp-json\/wp\/v2\/product_tag?post=20858"}],"curies":[{"name":"wp","href":"https:\/\/api.w.org\/{rel}","templated":true}]}}