{"id":20856,"date":"2020-06-20T22:45:52","date_gmt":"2020-06-20T19:45:52","guid":{"rendered":"https:\/\/woodinout.net\/product\/solsystemleke-i-tre\/"},"modified":"2022-04-28T11:27:47","modified_gmt":"2022-04-28T08:27:47","slug":"tre-solsystem","status":"publish","type":"product","link":"https:\/\/woodinout.net\/no\/product\/tre-solsystem\/","title":{"rendered":"Solsystemleke i tre"},"content":{"rendered":"<p>Tre solsystem leket\u00f8y for barn er en verdifull gave, godt verdsatt av foreldre og stilig! Montessori-leker er godt kjent over hele verden, denne treplanetmodellen er en av dem.<br \/>\nSolsystemleker er de beste <a href=\"https:\/\/woodinout.net\/product-category\/wooden-toys\/science-nature-toys\/\">vitenskapsgavene<\/a> for universelskere. Vi vil gj\u00f8re dette solsystemet i tre til en personlig gave med DIN \u00f8nskede tekst p\u00e5 baksiden gravert. Planetmodellen i tre er s\u00e5 pen, passer til enhver stil innredning av barnerom. Treleker &#8211; L\u00e6releker &#8211; Montessori-leker &#8211; dette er det vi gj\u00f8r best p\u00e5 Woodinout, f\u00e5 dette tilpassede puslespillet med solsystem og bli med i familien av forn\u00f8yde kunder!<\/p>\n<p>Settet inneholder:<br \/>\nSolsystembrett av tre<br \/>\n11 former\/planeter<\/p>\n<p>Vil forbedre motoriske ferdigheter<\/p>\n<p>DIMENSJONER<br \/>\nLengde: ~19,7 tommer<br \/>\nH\u00f8yde: ~4,3 tommer<br \/>\nTykkelse: ~0,6 tommer<\/p>\n<p>FARGER OG MATERIALE<br \/>\nFarge: naturlig oljet.<br \/>\nLeket\u00f8y er laget av NATURLIG MASSIVT TRE og kryssfiner.<br \/>\nV\u00e6r oppmerksom p\u00e5 at farger kan variere p\u00e5 grunn av innstillinger for dataskjerm og lys.<\/p>\n<p>For flere ideer, f\u00f8lg oss p\u00e5 <a href=\"https:\/\/www.instagram.com\/woodinout\/\">INSTAGRAM<\/a> &amp; <a href=\"https:\/\/www.facebook.com\/Woodinout.net\">FACEBOOK<\/a><\/p>\n","protected":false},"excerpt":{"rendered":"<p>Tre solsystem leket\u00f8y for barn er en verdifull gave, godt verdsatt av foreldre og stilig! Montessori-leker er godt kjent over hele verden, denne treplanetmodellen er en av dem. Solsystemleker er de beste vitenskapsgavene for universelskere. Vi vil gj\u00f8re dette solsystemet i tre til en personlig gave med DIN \u00f8nskede tekst p\u00e5 baksiden gravert. Planetmodellen i [&hellip;]<\/p>\n","protected":false},"featured_media":16995,"template":"","meta":{"_monsterinsights_skip_tracking":false,"_monsterinsights_sitenote_active":false,"_monsterinsights_sitenote_note":"","_monsterinsights_sitenote_category":0},"product_cat":[1477,1598],"product_tag":[1505,1511,1500,1494,1484,1489,1599,1600,1601,1602,1480,1609],"yoast_head":"<!-- This site is optimized with the Yoast SEO plugin v22.1 - https:\/\/yoast.com\/wordpress\/plugins\/seo\/ -->\n<title>Solsystemleke i tre - Woodinout \u00a9<\/title>\n<meta name=\"description\" content=\"L\u00e6r vitenskap p\u00e5 stilig og naturlig m\u00e5te. Montessori-inspirert tre solsystemleket\u00f8y er den beste pedagogiske barnegaven. Tilpasning mulig!\" \/>\n<meta name=\"robots\" content=\"index, follow, max-snippet:-1, max-image-preview:large, max-video-preview:-1\" \/>\n<link rel=\"canonical\" href=\"https:\/\/woodinout.net\/no\/product\/tre-solsystem\/\" \/>\n<meta property=\"og:locale\" content=\"nb_NO\" \/>\n<meta property=\"og:type\" content=\"article\" \/>\n<meta property=\"og:title\" content=\"Solsystemleke i tre - Woodinout \u00a9\" \/>\n<meta property=\"og:description\" content=\"L\u00e6r vitenskap p\u00e5 stilig og naturlig m\u00e5te. Montessori-inspirert tre solsystemleket\u00f8y er den beste pedagogiske barnegaven. Tilpasning mulig!\" \/>\n<meta property=\"og:url\" content=\"https:\/\/woodinout.net\/no\/product\/tre-solsystem\/\" \/>\n<meta property=\"og:site_name\" content=\"Woodinout \u00a9\" \/>\n<meta property=\"article:modified_time\" content=\"2022-04-28T08:27:47+00:00\" \/>\n<meta property=\"og:image\" content=\"https:\/\/woodinout.net\/wp-content\/uploads\/2020\/06\/Wooden-solar-system-1.jpg\" \/>\n\t<meta property=\"og:image:width\" content=\"853\" \/>\n\t<meta property=\"og:image:height\" content=\"1280\" \/>\n\t<meta property=\"og:image:type\" content=\"image\/jpeg\" \/>\n<meta name=\"twitter:card\" content=\"summary_large_image\" \/>\n<meta name=\"twitter:label1\" content=\"Ansl. lesetid\" \/>\n\t<meta name=\"twitter:data1\" content=\"1 minutt\" \/>\n<script type=\"application\/ld+json\" class=\"yoast-schema-graph\">{\"@context\":\"https:\/\/schema.org\",\"@graph\":[{\"@type\":\"WebPage\",\"@id\":\"https:\/\/woodinout.net\/no\/product\/tre-solsystem\/\",\"url\":\"https:\/\/woodinout.net\/no\/product\/tre-solsystem\/\",\"name\":\"Solsystemleke i tre - Woodinout \u00a9\",\"isPartOf\":{\"@id\":\"https:\/\/woodinout.net\/no\/#website\"},\"datePublished\":\"2020-06-20T19:45:52+00:00\",\"dateModified\":\"2022-04-28T08:27:47+00:00\",\"description\":\"L\u00e6r vitenskap p\u00e5 stilig og naturlig m\u00e5te. Montessori-inspirert tre solsystemleket\u00f8y er den beste pedagogiske barnegaven. Tilpasning mulig!\",\"breadcrumb\":{\"@id\":\"https:\/\/woodinout.net\/no\/product\/tre-solsystem\/#breadcrumb\"},\"inLanguage\":\"nb-NO\",\"potentialAction\":[{\"@type\":\"ReadAction\",\"target\":[\"https:\/\/woodinout.net\/no\/product\/tre-solsystem\/\"]}]},{\"@type\":\"BreadcrumbList\",\"@id\":\"https:\/\/woodinout.net\/no\/product\/tre-solsystem\/#breadcrumb\",\"itemListElement\":[{\"@type\":\"ListItem\",\"position\":1,\"name\":\"Home\",\"item\":\"https:\/\/woodinout.net\/no\/\"},{\"@type\":\"ListItem\",\"position\":2,\"name\":\"Shop\",\"item\":\"https:\/\/woodinout.net\/shop\/\"},{\"@type\":\"ListItem\",\"position\":3,\"name\":\"Solsystemleke i tre\"}]},{\"@type\":\"WebSite\",\"@id\":\"https:\/\/woodinout.net\/no\/#website\",\"url\":\"https:\/\/woodinout.net\/no\/\",\"name\":\"Woodinout \u00a9\",\"description\":\"Wooden Montessori toys, gifts, home and events decor details\",\"potentialAction\":[{\"@type\":\"SearchAction\",\"target\":{\"@type\":\"EntryPoint\",\"urlTemplate\":\"https:\/\/woodinout.net\/no\/?s={search_term_string}\"},\"query-input\":\"required name=search_term_string\"}],\"inLanguage\":\"nb-NO\"}]}<\/script>\n<!-- \/ Yoast SEO plugin. -->","yoast_head_json":{"title":"Solsystemleke i tre - Woodinout \u00a9","description":"L\u00e6r vitenskap p\u00e5 stilig og naturlig m\u00e5te. Montessori-inspirert tre solsystemleket\u00f8y er den beste pedagogiske barnegaven. Tilpasning mulig!","robots":{"index":"index","follow":"follow","max-snippet":"max-snippet:-1","max-image-preview":"max-image-preview:large","max-video-preview":"max-video-preview:-1"},"canonical":"https:\/\/woodinout.net\/no\/product\/tre-solsystem\/","og_locale":"nb_NO","og_type":"article","og_title":"Solsystemleke i tre - Woodinout \u00a9","og_description":"L\u00e6r vitenskap p\u00e5 stilig og naturlig m\u00e5te. Montessori-inspirert tre solsystemleket\u00f8y er den beste pedagogiske barnegaven. Tilpasning mulig!","og_url":"https:\/\/woodinout.net\/no\/product\/tre-solsystem\/","og_site_name":"Woodinout \u00a9","article_modified_time":"2022-04-28T08:27:47+00:00","og_image":[{"width":853,"height":1280,"url":"https:\/\/woodinout.net\/wp-content\/uploads\/2020\/06\/Wooden-solar-system-1.jpg","type":"image\/jpeg"}],"twitter_card":"summary_large_image","twitter_misc":{"Ansl. lesetid":"1 minutt"},"schema":{"@context":"https:\/\/schema.org","@graph":[{"@type":"WebPage","@id":"https:\/\/woodinout.net\/no\/product\/tre-solsystem\/","url":"https:\/\/woodinout.net\/no\/product\/tre-solsystem\/","name":"Solsystemleke i tre - Woodinout \u00a9","isPartOf":{"@id":"https:\/\/woodinout.net\/no\/#website"},"datePublished":"2020-06-20T19:45:52+00:00","dateModified":"2022-04-28T08:27:47+00:00","description":"L\u00e6r vitenskap p\u00e5 stilig og naturlig m\u00e5te. Montessori-inspirert tre solsystemleket\u00f8y er den beste pedagogiske barnegaven. Tilpasning mulig!","breadcrumb":{"@id":"https:\/\/woodinout.net\/no\/product\/tre-solsystem\/#breadcrumb"},"inLanguage":"nb-NO","potentialAction":[{"@type":"ReadAction","target":["https:\/\/woodinout.net\/no\/product\/tre-solsystem\/"]}]},{"@type":"BreadcrumbList","@id":"https:\/\/woodinout.net\/no\/product\/tre-solsystem\/#breadcrumb","itemListElement":[{"@type":"ListItem","position":1,"name":"Home","item":"https:\/\/woodinout.net\/no\/"},{"@type":"ListItem","position":2,"name":"Shop","item":"https:\/\/woodinout.net\/shop\/"},{"@type":"ListItem","position":3,"name":"Solsystemleke i tre"}]},{"@type":"WebSite","@id":"https:\/\/woodinout.net\/no\/#website","url":"https:\/\/woodinout.net\/no\/","name":"Woodinout \u00a9","description":"Wooden Montessori toys, gifts, home and events decor details","potentialAction":[{"@type":"SearchAction","target":{"@type":"EntryPoint","urlTemplate":"https:\/\/woodinout.net\/no\/?s={search_term_string}"},"query-input":"required name=search_term_string"}],"inLanguage":"nb-NO"}]}},"_links":{"self":[{"href":"https:\/\/woodinout.net\/no\/wp-json\/wp\/v2\/product\/20856"}],"collection":[{"href":"https:\/\/woodinout.net\/no\/wp-json\/wp\/v2\/product"}],"about":[{"href":"https:\/\/woodinout.net\/no\/wp-json\/wp\/v2\/types\/product"}],"wp:featuredmedia":[{"embeddable":true,"href":"https:\/\/woodinout.net\/no\/wp-json\/wp\/v2\/media\/16995"}],"wp:attachment":[{"href":"https:\/\/woodinout.net\/no\/wp-json\/wp\/v2\/media?parent=20856"}],"wp:term":[{"taxonomy":"product_cat","embeddable":true,"href":"https:\/\/woodinout.net\/no\/wp-json\/wp\/v2\/product_cat?post=20856"},{"taxonomy":"product_tag","embeddable":true,"href":"https:\/\/woodinout.net\/no\/wp-json\/wp\/v2\/product_tag?post=20856"}],"curies":[{"name":"wp","href":"https:\/\/api.w.org\/{rel}","templated":true}]}}