{"id":20813,"date":"2020-06-20T22:50:21","date_gmt":"2020-06-20T19:50:21","guid":{"rendered":"https:\/\/woodinout.net\/product\/tre-tall-puslespill\/"},"modified":"2022-04-28T11:30:08","modified_gmt":"2022-04-28T08:30:08","slug":"tre-puslespill-for-tall-og-telling","status":"publish","type":"product","link":"https:\/\/woodinout.net\/no\/product\/tre-puslespill-for-tall-og-telling\/","title":{"rendered":"Tre tall puslespill"},"content":{"rendered":"<p>Tallpuslespill i tre laget for at barn skal l\u00e6re p\u00e5 en morsom m\u00e5te. V\u00e5rt Montessori-inspirerte matematikkpuslespill er en annerledes m\u00e5te \u00e5 l\u00e6re tall og telling p\u00e5. Tretall er en fantastisk gave til barn. Vi vil gravere \u00f8nsket budskap p\u00e5 baksiden, hvis du \u00f8nsker \u00e5 gj\u00f8re det til en personlig gave. Dette trepuslespillet er ogs\u00e5 et godt tillegg til tidlig matematisk babymateriale &#8211; f\u00f8r er bedre. \u00d8nsker \u00e5 gj\u00f8re foreldre glade, er det \u00e5 l\u00e6re leker som barnegaver det de virkelig setter pris p\u00e5. Pedagogiske leker er svaret p\u00e5 nyttig og verdifull tidsbruk.<\/p>\n<p>Finn flere Montessori-inspirerte babygaver <a href=\"https:\/\/woodinout.net\/product-category\/wooden-toys\/baby-toys\/\">HER.<\/a><\/p>\n<p>Settet inneholder:<br \/>\nTall puslespill bord<br \/>\nTall fra 0 til 9<\/p>\n<p>DIMENSJONER<br \/>\nBorde<br \/>\nH\u00f8yde: ~6 tommer<br \/>\nLengde: ~10 tommer<br \/>\nBretttykkelse: ~0,6 tommer<\/p>\n<p>Tall<br \/>\nH\u00f8yde: ~2,7 tommer<br \/>\nTykkelse: ~0,6 tommer<\/p>\n<p>FARGER OG MATERIALE<br \/>\nFarge: m\u00f8rkebrun eller naturlig oljet.<br \/>\nLeket\u00f8yet er laget av NATURLIG MASSIVT TRE og milj\u00f8vennlig maling\/olje.<br \/>\nV\u00e6r oppmerksom p\u00e5 at farger kan variere p\u00e5 grunn av innstillinger for dataskjerm og lys.<\/p>\n<p>For flere ideer, f\u00f8lg oss p\u00e5 <a href=\"https:\/\/www.instagram.com\/woodinout\/\">INSTAGRAM<\/a> &amp; <a href=\"https:\/\/www.facebook.com\/Woodinout.net\">FACEBOOK<\/a><\/p>\n","protected":false},"excerpt":{"rendered":"<p>Tallpuslespill i tre laget for at barn skal l\u00e6re p\u00e5 en morsom m\u00e5te. V\u00e5rt Montessori-inspirerte matematikkpuslespill er en annerledes m\u00e5te \u00e5 l\u00e6re tall og telling p\u00e5. Tretall er en fantastisk gave til barn. Vi vil gravere \u00f8nsket budskap p\u00e5 baksiden, hvis du \u00f8nsker \u00e5 gj\u00f8re det til en personlig gave. Dette trepuslespillet er ogs\u00e5 et [&hellip;]<\/p>\n","protected":false},"featured_media":17075,"template":"","meta":{"_monsterinsights_skip_tracking":false,"_monsterinsights_sitenote_active":false,"_monsterinsights_sitenote_note":"","_monsterinsights_sitenote_category":0},"product_cat":[1559,1477],"product_tag":[1505,1511,1532,1500,1540,1561,1541,1494,1542,1536,1484,1489,1480],"yoast_head":"<!-- This site is optimized with the Yoast SEO plugin v22.1 - https:\/\/yoast.com\/wordpress\/plugins\/seo\/ -->\n<title>Tre tall puslespill - Woodinout \u00a9 matematiske materialer<\/title>\n<meta name=\"description\" content=\"L\u00e6r tall og telling p\u00e5 en morsom m\u00e5te med dette naturlige tallpuslespillet. Montessori matematisk materiale for verdifull familietid.\" \/>\n<meta name=\"robots\" content=\"index, follow, max-snippet:-1, max-image-preview:large, max-video-preview:-1\" \/>\n<link rel=\"canonical\" href=\"https:\/\/woodinout.net\/no\/product\/tre-puslespill-for-tall-og-telling\/\" \/>\n<meta property=\"og:locale\" content=\"nb_NO\" \/>\n<meta property=\"og:type\" content=\"article\" \/>\n<meta property=\"og:title\" content=\"Tre tall puslespill - Woodinout \u00a9 matematiske materialer\" \/>\n<meta property=\"og:description\" content=\"L\u00e6r tall og telling p\u00e5 en morsom m\u00e5te med dette naturlige tallpuslespillet. Montessori matematisk materiale for verdifull familietid.\" \/>\n<meta property=\"og:url\" content=\"https:\/\/woodinout.net\/no\/product\/tre-puslespill-for-tall-og-telling\/\" \/>\n<meta property=\"og:site_name\" content=\"Woodinout \u00a9\" \/>\n<meta property=\"article:modified_time\" content=\"2022-04-28T08:30:08+00:00\" \/>\n<meta property=\"og:image\" content=\"https:\/\/woodinout.net\/wp-content\/uploads\/2020\/06\/Wooden-puzzle-for-numbers-and-counting-3.jpg\" \/>\n\t<meta property=\"og:image:width\" content=\"853\" \/>\n\t<meta property=\"og:image:height\" content=\"1280\" \/>\n\t<meta property=\"og:image:type\" content=\"image\/jpeg\" \/>\n<meta name=\"twitter:card\" content=\"summary_large_image\" \/>\n<meta name=\"twitter:label1\" content=\"Ansl. lesetid\" \/>\n\t<meta name=\"twitter:data1\" content=\"1 minutt\" \/>\n<script type=\"application\/ld+json\" class=\"yoast-schema-graph\">{\"@context\":\"https:\/\/schema.org\",\"@graph\":[{\"@type\":\"WebPage\",\"@id\":\"https:\/\/woodinout.net\/no\/product\/tre-puslespill-for-tall-og-telling\/\",\"url\":\"https:\/\/woodinout.net\/no\/product\/tre-puslespill-for-tall-og-telling\/\",\"name\":\"Tre tall puslespill - Woodinout \u00a9 matematiske materialer\",\"isPartOf\":{\"@id\":\"https:\/\/woodinout.net\/no\/#website\"},\"datePublished\":\"2020-06-20T19:50:21+00:00\",\"dateModified\":\"2022-04-28T08:30:08+00:00\",\"description\":\"L\u00e6r tall og telling p\u00e5 en morsom m\u00e5te med dette naturlige tallpuslespillet. Montessori matematisk materiale for verdifull familietid.\",\"breadcrumb\":{\"@id\":\"https:\/\/woodinout.net\/no\/product\/tre-puslespill-for-tall-og-telling\/#breadcrumb\"},\"inLanguage\":\"nb-NO\",\"potentialAction\":[{\"@type\":\"ReadAction\",\"target\":[\"https:\/\/woodinout.net\/no\/product\/tre-puslespill-for-tall-og-telling\/\"]}]},{\"@type\":\"BreadcrumbList\",\"@id\":\"https:\/\/woodinout.net\/no\/product\/tre-puslespill-for-tall-og-telling\/#breadcrumb\",\"itemListElement\":[{\"@type\":\"ListItem\",\"position\":1,\"name\":\"Home\",\"item\":\"https:\/\/woodinout.net\/no\/\"},{\"@type\":\"ListItem\",\"position\":2,\"name\":\"Shop\",\"item\":\"https:\/\/woodinout.net\/shop\/\"},{\"@type\":\"ListItem\",\"position\":3,\"name\":\"Tre tall puslespill\"}]},{\"@type\":\"WebSite\",\"@id\":\"https:\/\/woodinout.net\/no\/#website\",\"url\":\"https:\/\/woodinout.net\/no\/\",\"name\":\"Woodinout \u00a9\",\"description\":\"Wooden Montessori toys, gifts, home and events decor details\",\"potentialAction\":[{\"@type\":\"SearchAction\",\"target\":{\"@type\":\"EntryPoint\",\"urlTemplate\":\"https:\/\/woodinout.net\/no\/?s={search_term_string}\"},\"query-input\":\"required name=search_term_string\"}],\"inLanguage\":\"nb-NO\"}]}<\/script>\n<!-- \/ Yoast SEO plugin. -->","yoast_head_json":{"title":"Tre tall puslespill - Woodinout \u00a9 matematiske materialer","description":"L\u00e6r tall og telling p\u00e5 en morsom m\u00e5te med dette naturlige tallpuslespillet. Montessori matematisk materiale for verdifull familietid.","robots":{"index":"index","follow":"follow","max-snippet":"max-snippet:-1","max-image-preview":"max-image-preview:large","max-video-preview":"max-video-preview:-1"},"canonical":"https:\/\/woodinout.net\/no\/product\/tre-puslespill-for-tall-og-telling\/","og_locale":"nb_NO","og_type":"article","og_title":"Tre tall puslespill - Woodinout \u00a9 matematiske materialer","og_description":"L\u00e6r tall og telling p\u00e5 en morsom m\u00e5te med dette naturlige tallpuslespillet. Montessori matematisk materiale for verdifull familietid.","og_url":"https:\/\/woodinout.net\/no\/product\/tre-puslespill-for-tall-og-telling\/","og_site_name":"Woodinout \u00a9","article_modified_time":"2022-04-28T08:30:08+00:00","og_image":[{"width":853,"height":1280,"url":"https:\/\/woodinout.net\/wp-content\/uploads\/2020\/06\/Wooden-puzzle-for-numbers-and-counting-3.jpg","type":"image\/jpeg"}],"twitter_card":"summary_large_image","twitter_misc":{"Ansl. lesetid":"1 minutt"},"schema":{"@context":"https:\/\/schema.org","@graph":[{"@type":"WebPage","@id":"https:\/\/woodinout.net\/no\/product\/tre-puslespill-for-tall-og-telling\/","url":"https:\/\/woodinout.net\/no\/product\/tre-puslespill-for-tall-og-telling\/","name":"Tre tall puslespill - Woodinout \u00a9 matematiske materialer","isPartOf":{"@id":"https:\/\/woodinout.net\/no\/#website"},"datePublished":"2020-06-20T19:50:21+00:00","dateModified":"2022-04-28T08:30:08+00:00","description":"L\u00e6r tall og telling p\u00e5 en morsom m\u00e5te med dette naturlige tallpuslespillet. Montessori matematisk materiale for verdifull familietid.","breadcrumb":{"@id":"https:\/\/woodinout.net\/no\/product\/tre-puslespill-for-tall-og-telling\/#breadcrumb"},"inLanguage":"nb-NO","potentialAction":[{"@type":"ReadAction","target":["https:\/\/woodinout.net\/no\/product\/tre-puslespill-for-tall-og-telling\/"]}]},{"@type":"BreadcrumbList","@id":"https:\/\/woodinout.net\/no\/product\/tre-puslespill-for-tall-og-telling\/#breadcrumb","itemListElement":[{"@type":"ListItem","position":1,"name":"Home","item":"https:\/\/woodinout.net\/no\/"},{"@type":"ListItem","position":2,"name":"Shop","item":"https:\/\/woodinout.net\/shop\/"},{"@type":"ListItem","position":3,"name":"Tre tall puslespill"}]},{"@type":"WebSite","@id":"https:\/\/woodinout.net\/no\/#website","url":"https:\/\/woodinout.net\/no\/","name":"Woodinout \u00a9","description":"Wooden Montessori toys, gifts, home and events decor details","potentialAction":[{"@type":"SearchAction","target":{"@type":"EntryPoint","urlTemplate":"https:\/\/woodinout.net\/no\/?s={search_term_string}"},"query-input":"required name=search_term_string"}],"inLanguage":"nb-NO"}]}},"_links":{"self":[{"href":"https:\/\/woodinout.net\/no\/wp-json\/wp\/v2\/product\/20813"}],"collection":[{"href":"https:\/\/woodinout.net\/no\/wp-json\/wp\/v2\/product"}],"about":[{"href":"https:\/\/woodinout.net\/no\/wp-json\/wp\/v2\/types\/product"}],"wp:featuredmedia":[{"embeddable":true,"href":"https:\/\/woodinout.net\/no\/wp-json\/wp\/v2\/media\/17075"}],"wp:attachment":[{"href":"https:\/\/woodinout.net\/no\/wp-json\/wp\/v2\/media?parent=20813"}],"wp:term":[{"taxonomy":"product_cat","embeddable":true,"href":"https:\/\/woodinout.net\/no\/wp-json\/wp\/v2\/product_cat?post=20813"},{"taxonomy":"product_tag","embeddable":true,"href":"https:\/\/woodinout.net\/no\/wp-json\/wp\/v2\/product_tag?post=20813"}],"curies":[{"name":"wp","href":"https:\/\/api.w.org\/{rel}","templated":true}]}}