{"id":20811,"date":"2020-06-20T22:14:57","date_gmt":"2020-06-20T19:14:57","guid":{"rendered":"https:\/\/woodinout.net\/product\/navneskilt-for-sporingstavle-av-tre\/"},"modified":"2022-04-28T09:33:23","modified_gmt":"2022-04-28T06:33:23","slug":"tre-spor-tavle-navn-skilt","status":"publish","type":"product","link":"https:\/\/woodinout.net\/no\/product\/tre-spor-tavle-navn-skilt\/","title":{"rendered":"Navneskilt for sporingstavle av tre"},"content":{"rendered":"<p>Navnetavlen av tre er en unik personlig gave. Verdenskjente Waldorf &amp; Montessori-leker er en enkel og morsom m\u00e5te \u00e5 l\u00e6re og utdanne barn i f\u00f8rskolen. Dette navneskiltet i tre med ideen om \u00e5 spore bokstaver er en av s\u00f8te og morsomme m\u00e5ter \u00e5 l\u00e6re \u00e5 skrive navnet ditt p\u00e5. Stol p\u00e5 meg, barn elsker det. Du trenger ikke flere hundrevis av navnesporingsark!<br \/>\nPedagogiske leker er fortsatt LEKER i et barns \u00f8yne. V\u00e5re h\u00e5ndlagde treleker er ikke bare laget for \u00e5 v\u00e6re en morsom m\u00e5te \u00e5 l\u00e6re p\u00e5, men ogs\u00e5 veldig flotte. Derfor kan denne personlige gaven v\u00e6re stilig barneromsdekor &#8211; hengende p\u00e5 veggen eller brukt som navneskilt p\u00e5 skrivebordet &#8211; bruk fantasien her.<\/p>\n<p>I tillegg kan du f\u00e5 sporingstavle for bokstaver, du finner den p\u00e5 etsy.com\/shop\/woodinout<\/p>\n<p>Settet inneholder:<br \/>\nTracing board med navnet<br \/>\nTrepenn<\/p>\n<p>Vil forbedre motoriske ferdigheter<br \/>\nSkal pr\u00f8ve \u00e5 stave navnet hans\/hennes. Selvf\u00f8lgelig med din hjelp<\/p>\n<p>DIMENSJONER<br \/>\nH\u00f8yde &#8211; ~5 tommer<br \/>\nBretttykkelse: ~0,6 tommer<br \/>\nLengde &#8211; avhenger av antall bokstaver<\/p>\n<p>FARGER OG MATERIALE<br \/>\nBakgrunn: m\u00f8rkebrun eller naturlig oljet.<br \/>\nLeket\u00f8yet er laget av NATURLIG MASSIVT TRE og milj\u00f8vennlig maling\/olje.<br \/>\nV\u00e6r oppmerksom p\u00e5 at farger kan variere p\u00e5 grunn av innstillinger for dataskjerm og lys.<\/p>\n","protected":false},"excerpt":{"rendered":"<p>Navnetavlen av tre er en unik personlig gave. Verdenskjente Waldorf &amp; Montessori-leker er en enkel og morsom m\u00e5te \u00e5 l\u00e6re og utdanne barn i f\u00f8rskolen. Dette navneskiltet i tre med ideen om \u00e5 spore bokstaver er en av s\u00f8te og morsomme m\u00e5ter \u00e5 l\u00e6re \u00e5 skrive navnet ditt p\u00e5. Stol p\u00e5 meg, barn elsker det. [&hellip;]<\/p>\n","protected":false},"featured_media":16915,"template":"","meta":{"_monsterinsights_skip_tracking":false,"_monsterinsights_sitenote_active":false,"_monsterinsights_sitenote_note":"","_monsterinsights_sitenote_category":0},"product_cat":[1478,1477],"product_tag":[1505,1511,1530,1500,1494,1484,1489,1528,1524,1526,1533,1518,1480],"yoast_head":"<!-- This site is optimized with the Yoast SEO plugin v22.1 - https:\/\/yoast.com\/wordpress\/plugins\/seo\/ -->\n<title>Navneskilt for sporingstavle av tre - Woodinout \u00a9<\/title>\n<meta name=\"description\" content=\"Personlig sporing av navnebrettet ditt - ikke flere papirark - Bruk denne treplaten s\u00e5 mange ganger du vil.\" \/>\n<meta name=\"robots\" content=\"index, follow, max-snippet:-1, max-image-preview:large, max-video-preview:-1\" \/>\n<link rel=\"canonical\" href=\"https:\/\/woodinout.net\/no\/product\/tre-spor-tavle-navn-skilt\/\" \/>\n<meta property=\"og:locale\" content=\"nb_NO\" \/>\n<meta property=\"og:type\" content=\"article\" \/>\n<meta property=\"og:title\" content=\"Navneskilt for sporingstavle av tre - Woodinout \u00a9\" \/>\n<meta property=\"og:description\" content=\"Personlig sporing av navnebrettet ditt - ikke flere papirark - Bruk denne treplaten s\u00e5 mange ganger du vil.\" \/>\n<meta property=\"og:url\" content=\"https:\/\/woodinout.net\/no\/product\/tre-spor-tavle-navn-skilt\/\" \/>\n<meta property=\"og:site_name\" content=\"Woodinout \u00a9\" \/>\n<meta property=\"article:modified_time\" content=\"2022-04-28T06:33:23+00:00\" \/>\n<meta property=\"og:image\" content=\"https:\/\/woodinout.net\/wp-content\/uploads\/2020\/06\/Wooden-Tracing-board-name-sign-2.jpg\" \/>\n\t<meta property=\"og:image:width\" content=\"580\" \/>\n\t<meta property=\"og:image:height\" content=\"768\" \/>\n\t<meta property=\"og:image:type\" content=\"image\/jpeg\" \/>\n<meta name=\"twitter:card\" content=\"summary_large_image\" \/>\n<meta name=\"twitter:label1\" content=\"Ansl. lesetid\" \/>\n\t<meta name=\"twitter:data1\" content=\"1 minutt\" \/>\n<script type=\"application\/ld+json\" class=\"yoast-schema-graph\">{\"@context\":\"https:\/\/schema.org\",\"@graph\":[{\"@type\":\"WebPage\",\"@id\":\"https:\/\/woodinout.net\/no\/product\/tre-spor-tavle-navn-skilt\/\",\"url\":\"https:\/\/woodinout.net\/no\/product\/tre-spor-tavle-navn-skilt\/\",\"name\":\"Navneskilt for sporingstavle av tre - Woodinout \u00a9\",\"isPartOf\":{\"@id\":\"https:\/\/woodinout.net\/no\/#website\"},\"datePublished\":\"2020-06-20T19:14:57+00:00\",\"dateModified\":\"2022-04-28T06:33:23+00:00\",\"description\":\"Personlig sporing av navnebrettet ditt - ikke flere papirark - Bruk denne treplaten s\u00e5 mange ganger du vil.\",\"breadcrumb\":{\"@id\":\"https:\/\/woodinout.net\/no\/product\/tre-spor-tavle-navn-skilt\/#breadcrumb\"},\"inLanguage\":\"nb-NO\",\"potentialAction\":[{\"@type\":\"ReadAction\",\"target\":[\"https:\/\/woodinout.net\/no\/product\/tre-spor-tavle-navn-skilt\/\"]}]},{\"@type\":\"BreadcrumbList\",\"@id\":\"https:\/\/woodinout.net\/no\/product\/tre-spor-tavle-navn-skilt\/#breadcrumb\",\"itemListElement\":[{\"@type\":\"ListItem\",\"position\":1,\"name\":\"Home\",\"item\":\"https:\/\/woodinout.net\/no\/\"},{\"@type\":\"ListItem\",\"position\":2,\"name\":\"Shop\",\"item\":\"https:\/\/woodinout.net\/shop\/\"},{\"@type\":\"ListItem\",\"position\":3,\"name\":\"Navneskilt for sporingstavle av tre\"}]},{\"@type\":\"WebSite\",\"@id\":\"https:\/\/woodinout.net\/no\/#website\",\"url\":\"https:\/\/woodinout.net\/no\/\",\"name\":\"Woodinout \u00a9\",\"description\":\"Wooden Montessori toys, gifts, home and events decor details\",\"potentialAction\":[{\"@type\":\"SearchAction\",\"target\":{\"@type\":\"EntryPoint\",\"urlTemplate\":\"https:\/\/woodinout.net\/no\/?s={search_term_string}\"},\"query-input\":\"required name=search_term_string\"}],\"inLanguage\":\"nb-NO\"}]}<\/script>\n<!-- \/ Yoast SEO plugin. -->","yoast_head_json":{"title":"Navneskilt for sporingstavle av tre - Woodinout \u00a9","description":"Personlig sporing av navnebrettet ditt - ikke flere papirark - Bruk denne treplaten s\u00e5 mange ganger du vil.","robots":{"index":"index","follow":"follow","max-snippet":"max-snippet:-1","max-image-preview":"max-image-preview:large","max-video-preview":"max-video-preview:-1"},"canonical":"https:\/\/woodinout.net\/no\/product\/tre-spor-tavle-navn-skilt\/","og_locale":"nb_NO","og_type":"article","og_title":"Navneskilt for sporingstavle av tre - Woodinout \u00a9","og_description":"Personlig sporing av navnebrettet ditt - ikke flere papirark - Bruk denne treplaten s\u00e5 mange ganger du vil.","og_url":"https:\/\/woodinout.net\/no\/product\/tre-spor-tavle-navn-skilt\/","og_site_name":"Woodinout \u00a9","article_modified_time":"2022-04-28T06:33:23+00:00","og_image":[{"width":580,"height":768,"url":"https:\/\/woodinout.net\/wp-content\/uploads\/2020\/06\/Wooden-Tracing-board-name-sign-2.jpg","type":"image\/jpeg"}],"twitter_card":"summary_large_image","twitter_misc":{"Ansl. lesetid":"1 minutt"},"schema":{"@context":"https:\/\/schema.org","@graph":[{"@type":"WebPage","@id":"https:\/\/woodinout.net\/no\/product\/tre-spor-tavle-navn-skilt\/","url":"https:\/\/woodinout.net\/no\/product\/tre-spor-tavle-navn-skilt\/","name":"Navneskilt for sporingstavle av tre - Woodinout \u00a9","isPartOf":{"@id":"https:\/\/woodinout.net\/no\/#website"},"datePublished":"2020-06-20T19:14:57+00:00","dateModified":"2022-04-28T06:33:23+00:00","description":"Personlig sporing av navnebrettet ditt - ikke flere papirark - Bruk denne treplaten s\u00e5 mange ganger du vil.","breadcrumb":{"@id":"https:\/\/woodinout.net\/no\/product\/tre-spor-tavle-navn-skilt\/#breadcrumb"},"inLanguage":"nb-NO","potentialAction":[{"@type":"ReadAction","target":["https:\/\/woodinout.net\/no\/product\/tre-spor-tavle-navn-skilt\/"]}]},{"@type":"BreadcrumbList","@id":"https:\/\/woodinout.net\/no\/product\/tre-spor-tavle-navn-skilt\/#breadcrumb","itemListElement":[{"@type":"ListItem","position":1,"name":"Home","item":"https:\/\/woodinout.net\/no\/"},{"@type":"ListItem","position":2,"name":"Shop","item":"https:\/\/woodinout.net\/shop\/"},{"@type":"ListItem","position":3,"name":"Navneskilt for sporingstavle av tre"}]},{"@type":"WebSite","@id":"https:\/\/woodinout.net\/no\/#website","url":"https:\/\/woodinout.net\/no\/","name":"Woodinout \u00a9","description":"Wooden Montessori toys, gifts, home and events decor details","potentialAction":[{"@type":"SearchAction","target":{"@type":"EntryPoint","urlTemplate":"https:\/\/woodinout.net\/no\/?s={search_term_string}"},"query-input":"required name=search_term_string"}],"inLanguage":"nb-NO"}]}},"_links":{"self":[{"href":"https:\/\/woodinout.net\/no\/wp-json\/wp\/v2\/product\/20811"}],"collection":[{"href":"https:\/\/woodinout.net\/no\/wp-json\/wp\/v2\/product"}],"about":[{"href":"https:\/\/woodinout.net\/no\/wp-json\/wp\/v2\/types\/product"}],"wp:featuredmedia":[{"embeddable":true,"href":"https:\/\/woodinout.net\/no\/wp-json\/wp\/v2\/media\/16915"}],"wp:attachment":[{"href":"https:\/\/woodinout.net\/no\/wp-json\/wp\/v2\/media?parent=20811"}],"wp:term":[{"taxonomy":"product_cat","embeddable":true,"href":"https:\/\/woodinout.net\/no\/wp-json\/wp\/v2\/product_cat?post=20811"},{"taxonomy":"product_tag","embeddable":true,"href":"https:\/\/woodinout.net\/no\/wp-json\/wp\/v2\/product_tag?post=20811"}],"curies":[{"name":"wp","href":"https:\/\/api.w.org\/{rel}","templated":true}]}}