{"id":20806,"date":"2020-06-20T22:55:58","date_gmt":"2020-06-20T19:55:58","guid":{"rendered":"https:\/\/woodinout.net\/product\/tall-av-tre\/"},"modified":"2022-04-22T12:35:27","modified_gmt":"2022-04-22T09:35:27","slug":"ved-tall-og-telle-laere-leker","status":"publish","type":"product","link":"https:\/\/woodinout.net\/no\/product\/ved-tall-og-telle-laere-leker\/","title":{"rendered":"Tall av tre"},"content":{"rendered":"<p>Sm\u00e5 trenummer som l\u00e6releker er det vi kan best. Vil du gj\u00f8re foreldre glade? L\u00e6releker som trenummer er fantastiske gaver til barn og godt verdsatt av foreldre. V\u00e5re Waldorf-sm\u00e5barnsleker er en morsom m\u00e5te \u00e5 l\u00e6re tall og telling p\u00e5. Disse tretallene er svaret p\u00e5 nyttig og verdifull babygave. Montessori babyleker er ogs\u00e5 kjent for langvarig bruk, etter sm\u00e5barns\u00e5r kan det bli stilig Montessori-matematikkinnredning p\u00e5 f\u00f8rskolen.<br \/>\nFinn flere treleker i butikken v\u00e5r: etsy.com\/shop\/woodinout<\/p>\n<p>Settet inneholder:<br \/>\nTall fra 1 til 10<\/p>\n<p>Vil forbedre motoriske ferdigheter<\/p>\n<p>DIMENSJONER<\/p>\n<p>Tall<br \/>\nH\u00f8yde: ~2,7 tommer<br \/>\nTykkelse: ~0,6 tommer<\/p>\n<p>FARGER OG MATERIALE<br \/>\nFarge: m\u00f8rkebrun eller naturlig oljet.<br \/>\nLeket\u00f8yet er laget av NATURLIG MASSIVT TRE og milj\u00f8vennlig maling\/olje.<br \/>\nV\u00e6r oppmerksom p\u00e5 at farger kan variere p\u00e5 grunn av innstillinger for dataskjerm og lys.<\/p>\n","protected":false},"excerpt":{"rendered":"<p>Sm\u00e5 trenummer som l\u00e6releker er det vi kan best. Vil du gj\u00f8re foreldre glade? L\u00e6releker som trenummer er fantastiske gaver til barn og godt verdsatt av foreldre. V\u00e5re Waldorf-sm\u00e5barnsleker er en morsom m\u00e5te \u00e5 l\u00e6re tall og telling p\u00e5. Disse tretallene er svaret p\u00e5 nyttig og verdifull babygave. Montessori babyleker er ogs\u00e5 kjent for langvarig [&hellip;]<\/p>\n","protected":false},"featured_media":17107,"template":"","meta":{"_monsterinsights_skip_tracking":false,"_monsterinsights_sitenote_active":false,"_monsterinsights_sitenote_note":"","_monsterinsights_sitenote_category":0},"product_cat":[1523,1477],"product_tag":[1505,1511,1532,1500,1540,1541,1494,1542,1536,1484,1489,1543,1480],"yoast_head":"<!-- This site is optimized with the Yoast SEO plugin v22.1 - https:\/\/yoast.com\/wordpress\/plugins\/seo\/ -->\n<title>Tall av tre - Woodinout \u00a9 -leker i tre<\/title>\n<meta name=\"description\" content=\"Sm\u00e5 tretall - beste Montessori-matematikkmateriale for sm\u00e5barn og f\u00f8rskolebarn. Verdifull familietidsgaranti.\" \/>\n<meta name=\"robots\" content=\"index, follow, max-snippet:-1, max-image-preview:large, max-video-preview:-1\" \/>\n<link rel=\"canonical\" href=\"https:\/\/woodinout.net\/no\/product\/ved-tall-og-telle-laere-leker\/\" \/>\n<meta property=\"og:locale\" content=\"nb_NO\" \/>\n<meta property=\"og:type\" content=\"article\" \/>\n<meta property=\"og:title\" content=\"Tall av tre - Woodinout \u00a9 -leker i tre\" \/>\n<meta property=\"og:description\" content=\"Sm\u00e5 tretall - beste Montessori-matematikkmateriale for sm\u00e5barn og f\u00f8rskolebarn. Verdifull familietidsgaranti.\" \/>\n<meta property=\"og:url\" content=\"https:\/\/woodinout.net\/no\/product\/ved-tall-og-telle-laere-leker\/\" \/>\n<meta property=\"og:site_name\" content=\"Woodinout \u00a9\" \/>\n<meta property=\"article:modified_time\" content=\"2022-04-22T09:35:27+00:00\" \/>\n<meta property=\"og:image\" content=\"https:\/\/woodinout.net\/wp-content\/uploads\/2020\/06\/Wood-numbers-and-counting-learning-toys-1.jpg\" \/>\n\t<meta property=\"og:image:width\" content=\"853\" \/>\n\t<meta property=\"og:image:height\" content=\"1280\" \/>\n\t<meta property=\"og:image:type\" content=\"image\/jpeg\" \/>\n<meta name=\"twitter:card\" content=\"summary_large_image\" \/>\n<meta name=\"twitter:label1\" content=\"Ansl. lesetid\" \/>\n\t<meta name=\"twitter:data1\" content=\"1 minutt\" \/>\n<script type=\"application\/ld+json\" class=\"yoast-schema-graph\">{\"@context\":\"https:\/\/schema.org\",\"@graph\":[{\"@type\":\"WebPage\",\"@id\":\"https:\/\/woodinout.net\/no\/product\/ved-tall-og-telle-laere-leker\/\",\"url\":\"https:\/\/woodinout.net\/no\/product\/ved-tall-og-telle-laere-leker\/\",\"name\":\"Tall av tre - Woodinout \u00a9 -leker i tre\",\"isPartOf\":{\"@id\":\"https:\/\/woodinout.net\/no\/#website\"},\"datePublished\":\"2020-06-20T19:55:58+00:00\",\"dateModified\":\"2022-04-22T09:35:27+00:00\",\"description\":\"Sm\u00e5 tretall - beste Montessori-matematikkmateriale for sm\u00e5barn og f\u00f8rskolebarn. Verdifull familietidsgaranti.\",\"breadcrumb\":{\"@id\":\"https:\/\/woodinout.net\/no\/product\/ved-tall-og-telle-laere-leker\/#breadcrumb\"},\"inLanguage\":\"nb-NO\",\"potentialAction\":[{\"@type\":\"ReadAction\",\"target\":[\"https:\/\/woodinout.net\/no\/product\/ved-tall-og-telle-laere-leker\/\"]}]},{\"@type\":\"BreadcrumbList\",\"@id\":\"https:\/\/woodinout.net\/no\/product\/ved-tall-og-telle-laere-leker\/#breadcrumb\",\"itemListElement\":[{\"@type\":\"ListItem\",\"position\":1,\"name\":\"Home\",\"item\":\"https:\/\/woodinout.net\/no\/\"},{\"@type\":\"ListItem\",\"position\":2,\"name\":\"Shop\",\"item\":\"https:\/\/woodinout.net\/shop\/\"},{\"@type\":\"ListItem\",\"position\":3,\"name\":\"Tall av tre\"}]},{\"@type\":\"WebSite\",\"@id\":\"https:\/\/woodinout.net\/no\/#website\",\"url\":\"https:\/\/woodinout.net\/no\/\",\"name\":\"Woodinout \u00a9\",\"description\":\"Wooden Montessori toys, gifts, home and events decor details\",\"potentialAction\":[{\"@type\":\"SearchAction\",\"target\":{\"@type\":\"EntryPoint\",\"urlTemplate\":\"https:\/\/woodinout.net\/no\/?s={search_term_string}\"},\"query-input\":\"required name=search_term_string\"}],\"inLanguage\":\"nb-NO\"}]}<\/script>\n<!-- \/ Yoast SEO plugin. -->","yoast_head_json":{"title":"Tall av tre - Woodinout \u00a9 -leker i tre","description":"Sm\u00e5 tretall - beste Montessori-matematikkmateriale for sm\u00e5barn og f\u00f8rskolebarn. Verdifull familietidsgaranti.","robots":{"index":"index","follow":"follow","max-snippet":"max-snippet:-1","max-image-preview":"max-image-preview:large","max-video-preview":"max-video-preview:-1"},"canonical":"https:\/\/woodinout.net\/no\/product\/ved-tall-og-telle-laere-leker\/","og_locale":"nb_NO","og_type":"article","og_title":"Tall av tre - Woodinout \u00a9 -leker i tre","og_description":"Sm\u00e5 tretall - beste Montessori-matematikkmateriale for sm\u00e5barn og f\u00f8rskolebarn. Verdifull familietidsgaranti.","og_url":"https:\/\/woodinout.net\/no\/product\/ved-tall-og-telle-laere-leker\/","og_site_name":"Woodinout \u00a9","article_modified_time":"2022-04-22T09:35:27+00:00","og_image":[{"width":853,"height":1280,"url":"https:\/\/woodinout.net\/wp-content\/uploads\/2020\/06\/Wood-numbers-and-counting-learning-toys-1.jpg","type":"image\/jpeg"}],"twitter_card":"summary_large_image","twitter_misc":{"Ansl. lesetid":"1 minutt"},"schema":{"@context":"https:\/\/schema.org","@graph":[{"@type":"WebPage","@id":"https:\/\/woodinout.net\/no\/product\/ved-tall-og-telle-laere-leker\/","url":"https:\/\/woodinout.net\/no\/product\/ved-tall-og-telle-laere-leker\/","name":"Tall av tre - Woodinout \u00a9 -leker i tre","isPartOf":{"@id":"https:\/\/woodinout.net\/no\/#website"},"datePublished":"2020-06-20T19:55:58+00:00","dateModified":"2022-04-22T09:35:27+00:00","description":"Sm\u00e5 tretall - beste Montessori-matematikkmateriale for sm\u00e5barn og f\u00f8rskolebarn. Verdifull familietidsgaranti.","breadcrumb":{"@id":"https:\/\/woodinout.net\/no\/product\/ved-tall-og-telle-laere-leker\/#breadcrumb"},"inLanguage":"nb-NO","potentialAction":[{"@type":"ReadAction","target":["https:\/\/woodinout.net\/no\/product\/ved-tall-og-telle-laere-leker\/"]}]},{"@type":"BreadcrumbList","@id":"https:\/\/woodinout.net\/no\/product\/ved-tall-og-telle-laere-leker\/#breadcrumb","itemListElement":[{"@type":"ListItem","position":1,"name":"Home","item":"https:\/\/woodinout.net\/no\/"},{"@type":"ListItem","position":2,"name":"Shop","item":"https:\/\/woodinout.net\/shop\/"},{"@type":"ListItem","position":3,"name":"Tall av tre"}]},{"@type":"WebSite","@id":"https:\/\/woodinout.net\/no\/#website","url":"https:\/\/woodinout.net\/no\/","name":"Woodinout \u00a9","description":"Wooden Montessori toys, gifts, home and events decor details","potentialAction":[{"@type":"SearchAction","target":{"@type":"EntryPoint","urlTemplate":"https:\/\/woodinout.net\/no\/?s={search_term_string}"},"query-input":"required name=search_term_string"}],"inLanguage":"nb-NO"}]}},"_links":{"self":[{"href":"https:\/\/woodinout.net\/no\/wp-json\/wp\/v2\/product\/20806"}],"collection":[{"href":"https:\/\/woodinout.net\/no\/wp-json\/wp\/v2\/product"}],"about":[{"href":"https:\/\/woodinout.net\/no\/wp-json\/wp\/v2\/types\/product"}],"wp:featuredmedia":[{"embeddable":true,"href":"https:\/\/woodinout.net\/no\/wp-json\/wp\/v2\/media\/17107"}],"wp:attachment":[{"href":"https:\/\/woodinout.net\/no\/wp-json\/wp\/v2\/media?parent=20806"}],"wp:term":[{"taxonomy":"product_cat","embeddable":true,"href":"https:\/\/woodinout.net\/no\/wp-json\/wp\/v2\/product_cat?post=20806"},{"taxonomy":"product_tag","embeddable":true,"href":"https:\/\/woodinout.net\/no\/wp-json\/wp\/v2\/product_tag?post=20806"}],"curies":[{"name":"wp","href":"https:\/\/api.w.org\/{rel}","templated":true}]}}