{"id":20787,"date":"2017-09-22T20:37:19","date_gmt":"2017-09-22T17:37:19","guid":{"rendered":"https:\/\/woodinout.net\/vilkar-og-betingelser\/"},"modified":"2022-03-13T16:45:58","modified_gmt":"2022-03-13T14:45:58","slug":"vilkar-og-betingelser","status":"publish","type":"page","link":"https:\/\/woodinout.net\/no\/vilkar-og-betingelser\/","title":{"rendered":"Vilk\u00e5r og betingelser"},"content":{"rendered":"<p><strong>Beregnet leveringstid<\/strong><\/p>\n<p>WOODINOUT-skip fra Litauen (Europa).<\/p>\n<p>Verdensomspennende frakt!<\/p>\n<p>Via nasjonalt registrert posttjeneste.<\/p>\n<ul>\n<li>Frakt tar 10-25 virkedager (avhengig av leveringsadressen din)\n<ul>\n<li>USA: 2-4 uker<\/li>\n<li>Nord-Amerika: 2-4 uker<\/li>\n<li>Europa:&nbsp; 1-2 uker<\/li>\n<li>Australia, New Zealand og Oceania: 3-4 uker<\/li>\n<\/ul>\n<\/li>\n<\/ul>\n<ul>\n<li>Varer sendes som prioritert registrert luftpost.<\/li>\n<\/ul>\n<p>Via UPS Express:<\/p>\n<ul>\n<li>Frakt tar 2-5 virkedager (avhenger av leveringsadressen din)<\/li>\n<\/ul>\n<p>Vi gj\u00f8r v\u00e5rt beste for \u00e5 oppfylle disse fraktestimatene, men kan ikke garantere dem. Faktisk leveringstid vil avhenge av fraktmetoden du velger.<\/p>\n<p><strong>Toll og importavgifter<\/strong><\/p>\n<p>Kj\u00f8pere er ansvarlige for eventuelle toll- og importavgifter som kan p\u00e5l\u00f8pe. Jeg er ikke ansvarlig for forsinkelser p\u00e5 grunn av tollen.<\/p>\n<p><em>Vi tar gjerne imot retur og bytte<\/em><\/p>\n<p>Kontakt oss innen:&nbsp; 14 dager etter levering<\/p>\n<p>Send varer tilbake innen:&nbsp; 45 dager etter levering<\/p>\n<p><em>Vi aksepterer ikke kanselleringer<\/em><\/p>\n<p>Men vennligst kontakt meg hvis du har problemer med bestillingen din.<\/p>\n<p><em><strong>F\u00f8lgende varer kan ikke returneres eller byttes<\/strong><\/em><\/p>\n<p>P\u00e5 grunn av arten av disse varene, med mindre de kommer skadet eller defekte, kan jeg ikke godta retur for:<\/p>\n<ul>\n<li>Tilpassede eller personlige bestillinger<\/li>\n<li><strong>SALGSVARER &#8211;<\/strong>&nbsp; Salgsvarer kan ikke refunderes.<\/li>\n<\/ul>\n<p><strong>Vilk\u00e5r for retur<\/strong><\/p>\n<p>Kj\u00f8pere er ansvarlige for returfraktkostnader. Hvis varen ikke returneres i original stand, er kj\u00f8per ansvarlig for verditap.<\/p>\n<p><strong>TILPASSET PRODUKTER<\/strong><\/p>\n<p>Vi refunderer ikke tilpassede eller personlige bestillinger: spesielle lengder, tilpassede st\u00f8rrelser og farger.<\/p>\n<p>Hvis fargen du velger ikke er tilgjengelig, kan den ikke refunderes, returneres eller byttes.<\/p>\n<p><strong>Woodinout &#8211; et varemerke som eies av SISTEMIS, LLC<\/strong><\/p>\n<p>Sistemis, UAB<br \/>\nkorp. id. 303003620<br \/>\nMVA-kode LT100007986218<br \/>\nRaudondvario pl. 76-2A, 201 kab., Kaunas, Litauen, LT47182<\/p>\n<p>Luminor bank<br \/>\nA\/S LT30 4010 0510 0420 7813<\/p>\n","protected":false},"excerpt":{"rendered":"<p>Beregnet leveringstid WOODINOUT-skip fra Litauen (Europa). Verdensomspennende frakt! Via nasjonalt registrert posttjeneste. Frakt tar 10-25 virkedager (avhengig av leveringsadressen din) USA: 2-4 uker Nord-Amerika: 2-4 uker Europa:&nbsp; 1-2 uker Australia, New Zealand og Oceania: 3-4 uker Varer sendes som prioritert registrert luftpost. Via UPS Express: Frakt tar 2-5 virkedager (avhenger av leveringsadressen din) Vi gj\u00f8r [&hellip;]<\/p>\n","protected":false},"author":1,"featured_media":0,"parent":0,"menu_order":0,"comment_status":"closed","ping_status":"closed","template":"","meta":{"_monsterinsights_skip_tracking":false,"_monsterinsights_sitenote_active":false,"_monsterinsights_sitenote_note":"","_monsterinsights_sitenote_category":0,"footnotes":""},"yoast_head":"<!-- This site is optimized with the Yoast SEO plugin v22.1 - https:\/\/yoast.com\/wordpress\/plugins\/seo\/ -->\n<title>Vilk\u00e5r og betingelser - Treleker Woodinout \u00a9<\/title>\n<meta name=\"description\" content=\"Treleker inspirert av Montessori for tidlig utvikling gjennom verdifull familietid. H\u00e5ndlaget av massivt tre av h\u00f8y kvalitet.\" \/>\n<meta name=\"robots\" content=\"index, follow, max-snippet:-1, max-image-preview:large, max-video-preview:-1\" \/>\n<link rel=\"canonical\" href=\"https:\/\/woodinout.net\/no\/vilkar-og-betingelser\/\" \/>\n<meta property=\"og:locale\" content=\"nb_NO\" \/>\n<meta property=\"og:type\" content=\"article\" \/>\n<meta property=\"og:title\" content=\"Vilk\u00e5r og betingelser - Treleker Woodinout \u00a9\" \/>\n<meta property=\"og:description\" content=\"Treleker inspirert av Montessori for tidlig utvikling gjennom verdifull familietid. H\u00e5ndlaget av massivt tre av h\u00f8y kvalitet.\" \/>\n<meta property=\"og:url\" content=\"https:\/\/woodinout.net\/no\/vilkar-og-betingelser\/\" \/>\n<meta property=\"og:site_name\" content=\"Woodinout \u00a9\" \/>\n<meta property=\"article:modified_time\" content=\"2022-03-13T14:45:58+00:00\" \/>\n<meta name=\"twitter:card\" content=\"summary_large_image\" \/>\n<meta name=\"twitter:label1\" content=\"Ansl. lesetid\" \/>\n\t<meta name=\"twitter:data1\" content=\"1 minutt\" \/>\n<script type=\"application\/ld+json\" class=\"yoast-schema-graph\">{\"@context\":\"https:\/\/schema.org\",\"@graph\":[{\"@type\":\"WebPage\",\"@id\":\"https:\/\/woodinout.net\/no\/vilkar-og-betingelser\/\",\"url\":\"https:\/\/woodinout.net\/no\/vilkar-og-betingelser\/\",\"name\":\"Vilk\u00e5r og betingelser - Treleker Woodinout \u00a9\",\"isPartOf\":{\"@id\":\"https:\/\/woodinout.net\/no\/#website\"},\"datePublished\":\"2017-09-22T17:37:19+00:00\",\"dateModified\":\"2022-03-13T14:45:58+00:00\",\"description\":\"Treleker inspirert av Montessori for tidlig utvikling gjennom verdifull familietid. H\u00e5ndlaget av massivt tre av h\u00f8y kvalitet.\",\"breadcrumb\":{\"@id\":\"https:\/\/woodinout.net\/no\/vilkar-og-betingelser\/#breadcrumb\"},\"inLanguage\":\"nb-NO\",\"potentialAction\":[{\"@type\":\"ReadAction\",\"target\":[\"https:\/\/woodinout.net\/no\/vilkar-og-betingelser\/\"]}]},{\"@type\":\"BreadcrumbList\",\"@id\":\"https:\/\/woodinout.net\/no\/vilkar-og-betingelser\/#breadcrumb\",\"itemListElement\":[{\"@type\":\"ListItem\",\"position\":1,\"name\":\"Home\",\"item\":\"https:\/\/woodinout.net\/no\/\"},{\"@type\":\"ListItem\",\"position\":2,\"name\":\"Vilk\u00e5r og betingelser\"}]},{\"@type\":\"WebSite\",\"@id\":\"https:\/\/woodinout.net\/no\/#website\",\"url\":\"https:\/\/woodinout.net\/no\/\",\"name\":\"Woodinout \u00a9\",\"description\":\"Wooden Montessori toys, gifts, home and events decor details\",\"potentialAction\":[{\"@type\":\"SearchAction\",\"target\":{\"@type\":\"EntryPoint\",\"urlTemplate\":\"https:\/\/woodinout.net\/no\/?s={search_term_string}\"},\"query-input\":\"required name=search_term_string\"}],\"inLanguage\":\"nb-NO\"}]}<\/script>\n<!-- \/ Yoast SEO plugin. -->","yoast_head_json":{"title":"Vilk\u00e5r og betingelser - Treleker Woodinout \u00a9","description":"Treleker inspirert av Montessori for tidlig utvikling gjennom verdifull familietid. H\u00e5ndlaget av massivt tre av h\u00f8y kvalitet.","robots":{"index":"index","follow":"follow","max-snippet":"max-snippet:-1","max-image-preview":"max-image-preview:large","max-video-preview":"max-video-preview:-1"},"canonical":"https:\/\/woodinout.net\/no\/vilkar-og-betingelser\/","og_locale":"nb_NO","og_type":"article","og_title":"Vilk\u00e5r og betingelser - Treleker Woodinout \u00a9","og_description":"Treleker inspirert av Montessori for tidlig utvikling gjennom verdifull familietid. H\u00e5ndlaget av massivt tre av h\u00f8y kvalitet.","og_url":"https:\/\/woodinout.net\/no\/vilkar-og-betingelser\/","og_site_name":"Woodinout \u00a9","article_modified_time":"2022-03-13T14:45:58+00:00","twitter_card":"summary_large_image","twitter_misc":{"Ansl. lesetid":"1 minutt"},"schema":{"@context":"https:\/\/schema.org","@graph":[{"@type":"WebPage","@id":"https:\/\/woodinout.net\/no\/vilkar-og-betingelser\/","url":"https:\/\/woodinout.net\/no\/vilkar-og-betingelser\/","name":"Vilk\u00e5r og betingelser - Treleker Woodinout \u00a9","isPartOf":{"@id":"https:\/\/woodinout.net\/no\/#website"},"datePublished":"2017-09-22T17:37:19+00:00","dateModified":"2022-03-13T14:45:58+00:00","description":"Treleker inspirert av Montessori for tidlig utvikling gjennom verdifull familietid. H\u00e5ndlaget av massivt tre av h\u00f8y kvalitet.","breadcrumb":{"@id":"https:\/\/woodinout.net\/no\/vilkar-og-betingelser\/#breadcrumb"},"inLanguage":"nb-NO","potentialAction":[{"@type":"ReadAction","target":["https:\/\/woodinout.net\/no\/vilkar-og-betingelser\/"]}]},{"@type":"BreadcrumbList","@id":"https:\/\/woodinout.net\/no\/vilkar-og-betingelser\/#breadcrumb","itemListElement":[{"@type":"ListItem","position":1,"name":"Home","item":"https:\/\/woodinout.net\/no\/"},{"@type":"ListItem","position":2,"name":"Vilk\u00e5r og betingelser"}]},{"@type":"WebSite","@id":"https:\/\/woodinout.net\/no\/#website","url":"https:\/\/woodinout.net\/no\/","name":"Woodinout \u00a9","description":"Wooden Montessori toys, gifts, home and events decor details","potentialAction":[{"@type":"SearchAction","target":{"@type":"EntryPoint","urlTemplate":"https:\/\/woodinout.net\/no\/?s={search_term_string}"},"query-input":"required name=search_term_string"}],"inLanguage":"nb-NO"}]}},"_links":{"self":[{"href":"https:\/\/woodinout.net\/no\/wp-json\/wp\/v2\/pages\/20787"}],"collection":[{"href":"https:\/\/woodinout.net\/no\/wp-json\/wp\/v2\/pages"}],"about":[{"href":"https:\/\/woodinout.net\/no\/wp-json\/wp\/v2\/types\/page"}],"author":[{"embeddable":true,"href":"https:\/\/woodinout.net\/no\/wp-json\/wp\/v2\/users\/1"}],"replies":[{"embeddable":true,"href":"https:\/\/woodinout.net\/no\/wp-json\/wp\/v2\/comments?post=20787"}],"version-history":[{"count":1,"href":"https:\/\/woodinout.net\/no\/wp-json\/wp\/v2\/pages\/20787\/revisions"}],"predecessor-version":[{"id":21184,"href":"https:\/\/woodinout.net\/no\/wp-json\/wp\/v2\/pages\/20787\/revisions\/21184"}],"wp:attachment":[{"href":"https:\/\/woodinout.net\/no\/wp-json\/wp\/v2\/media?parent=20787"}],"curies":[{"name":"wp","href":"https:\/\/api.w.org\/{rel}","templated":true}]}}