{"id":20779,"date":"2017-09-22T20:55:50","date_gmt":"2017-09-22T17:55:50","guid":{"rendered":"https:\/\/woodinout.net\/faq\/"},"modified":"2022-03-13T16:46:00","modified_gmt":"2022-03-13T14:46:00","slug":"faq","status":"publish","type":"page","link":"https:\/\/woodinout.net\/no\/faq\/","title":{"rendered":"FAQ"},"content":{"rendered":"<p>Her finner du de mest popul\u00e6re sp\u00f8rsm\u00e5lene vi f\u00e5r. Hvis du ikke fant svaret du \u00f8nsket, vennligst kontakt oss. Vi hjelper deg.<\/p>\n<p><strong>Hvor lenge lager du produkter?<\/strong><\/p>\n<p>Vanligvis er bestilte produkter laget innen 5-10 virkedager etter betaling. Er det en individuell bestilling kan produksjonen vare lenger \u2013 7-10 virkedager. Hvis du trenger \u00e5 f\u00e5 produktet raskere, kontakt de angitte kontaktene. Vi er fleksible og om n\u00f8dvendig kan vi lage produktet innen 1 dag.<\/p>\n<p><b>Leveringsinformasjon <\/b><\/p>\n<p>WOODINOUT-skip fra Litauen (Europa).<\/p>\n<p>Verdensomspennende frakt!<\/p>\n<p>Via nasjonalt registrert posttjeneste.<\/p>\n<ul>\n<li>Frakt tar 10-25 virkedager (avhengig av leveringsadressen din)\n<ul>\n<li>USA: 2-4 uker<\/li>\n<li>Nord-Amerika: 2-4 uker<\/li>\n<li>Europa: 1-2 uker<\/li>\n<li>Australia, New Zealand og Oceania: 3-4 uker<\/li>\n<\/ul>\n<\/li>\n<\/ul>\n<ul>\n<li>Varer sendes som prioritert registrert luftpost.<\/li>\n<\/ul>\n<p>Via Fedex Express:<\/p>\n<ul>\n<li>Frakt tar 2-5 virkedager (avhenger av leveringsadressen din)<\/li>\n<\/ul>\n<p>Vi gj\u00f8r v\u00e5rt beste for \u00e5 oppfylle disse fraktestimatene, men kan ikke garantere dem. Faktisk leveringstid vil avhenge av fraktmetoden du velger.<\/p>\n<p><strong>Betalingsmetoder?<\/strong><\/p>\n<ul>\n<li>Debet- eller kredittkort<\/li>\n<li>Paypal-betalinger<\/li>\n<\/ul>\n<p><strong>Betalingsmetoder vi aksepterer<\/strong><\/p>\n<p>\u2022 Debet- eller kredittkort<br \/>\n\u2022 PayPal-betalinger<\/p>\n<p><strong>Kan jeg returnere produktene?<\/strong><\/p>\n<p>Returer godtas etter disse vilk\u00e5rene:<\/p>\n<ul>\n<li>Kj\u00f8per kan returnere varene innen 14 (fjorten) dager fra leveringsdagen informere selgeren via e-post<\/li>\n<li>Spesielt returskjema skal fylles ut og sendes sammen med pakken. Skjemaet skal inneholde ordrenummer og annen kontaktinformasjon det som ble angitt i kassen<\/li>\n<li>Returvarer m\u00e5 v\u00e6re i original stand, ubrukt og uskadet<\/li>\n<li>Varene m\u00e5 inneholde alle delene av det originale settet\/pakken<\/li>\n<li>Varene m\u00e5 v\u00e6re i original form og dimensjoner \u2013 ingen tilpasning<\/li>\n<\/ul>\n<p><strong>VIKTIGE UNNTAK:<\/strong><\/p>\n<ul>\n<li>Returer godtas ikke for tilpassede og personlige varer<\/li>\n<li>Frakt\/returutgifter og gebyrer dekkes av kj\u00f8per. Denne delen refunderes ikke<\/li>\n<\/ul>\n<p><strong>REFUSJON<\/strong><\/p>\n<ul>\n<li>Tilbakebetaling skjer innen 14 dager etter at pakken er returnert<\/li>\n<\/ul>\n<p><strong>UTVEKSLING<\/strong><\/p>\n<ul>\n<li>Bytter er not akseptert. I s\u00e5 fall b\u00f8r du legge inn en ny bestilling<\/li>\n<\/ul>\n<p>Penger for returnerte varer overf\u00f8res kun til betalers bankkonto.<\/p>\n<p><strong>Jeg vil ha individuelle produkter, lager du slike?<\/strong><\/p>\n<p>Ja, stort sett produserer vi individuelle bestillinger etter ditt \u00f8nske. Hvis du har noen ide, kontakt oss.<\/p>\n","protected":false},"excerpt":{"rendered":"<p>Her finner du de mest popul\u00e6re sp\u00f8rsm\u00e5lene vi f\u00e5r. Hvis du ikke fant svaret du \u00f8nsket, vennligst kontakt oss. Vi hjelper deg. Hvor lenge lager du produkter? Vanligvis er bestilte produkter laget innen 5-10 virkedager etter betaling. Er det en individuell bestilling kan produksjonen vare lenger \u2013 7-10 virkedager. Hvis du trenger \u00e5 f\u00e5 produktet [&hellip;]<\/p>\n","protected":false},"author":1,"featured_media":0,"parent":0,"menu_order":0,"comment_status":"closed","ping_status":"closed","template":"","meta":{"_monsterinsights_skip_tracking":false,"_monsterinsights_sitenote_active":false,"_monsterinsights_sitenote_note":"","_monsterinsights_sitenote_category":0,"footnotes":""},"yoast_head":"<!-- This site is optimized with the Yoast SEO plugin v22.1 - https:\/\/yoast.com\/wordpress\/plugins\/seo\/ -->\n<title>FAQ - Montessori-leker tre Butikk Woodinout \u00a9<\/title>\n<meta name=\"description\" content=\"Milj\u00f8vennlig, h\u00e5ndlaget av h\u00f8ykvalitets l\u00e6ringsleker i massivt tre. F\u00e5 dem og bli med i den store familien av forn\u00f8yde kunder her p\u00e5 Woodinout-butikken.\" \/>\n<meta name=\"robots\" content=\"index, follow, max-snippet:-1, max-image-preview:large, max-video-preview:-1\" \/>\n<link rel=\"canonical\" href=\"https:\/\/woodinout.net\/no\/faq\/\" \/>\n<meta property=\"og:locale\" content=\"nb_NO\" \/>\n<meta property=\"og:type\" content=\"article\" \/>\n<meta property=\"og:title\" content=\"FAQ - Montessori-leker tre Butikk Woodinout \u00a9\" \/>\n<meta property=\"og:description\" content=\"Milj\u00f8vennlig, h\u00e5ndlaget av h\u00f8ykvalitets l\u00e6ringsleker i massivt tre. F\u00e5 dem og bli med i den store familien av forn\u00f8yde kunder her p\u00e5 Woodinout-butikken.\" \/>\n<meta property=\"og:url\" content=\"https:\/\/woodinout.net\/no\/faq\/\" \/>\n<meta property=\"og:site_name\" content=\"Woodinout \u00a9\" \/>\n<meta property=\"article:modified_time\" content=\"2022-03-13T14:46:00+00:00\" \/>\n<meta name=\"twitter:card\" content=\"summary_large_image\" \/>\n<meta name=\"twitter:label1\" content=\"Ansl. lesetid\" \/>\n\t<meta name=\"twitter:data1\" content=\"2 minutter\" \/>\n<script type=\"application\/ld+json\" class=\"yoast-schema-graph\">{\"@context\":\"https:\/\/schema.org\",\"@graph\":[{\"@type\":\"WebPage\",\"@id\":\"https:\/\/woodinout.net\/no\/faq\/\",\"url\":\"https:\/\/woodinout.net\/no\/faq\/\",\"name\":\"FAQ - Montessori-leker tre Butikk Woodinout \u00a9\",\"isPartOf\":{\"@id\":\"https:\/\/woodinout.net\/no\/#website\"},\"datePublished\":\"2017-09-22T17:55:50+00:00\",\"dateModified\":\"2022-03-13T14:46:00+00:00\",\"description\":\"Milj\u00f8vennlig, h\u00e5ndlaget av h\u00f8ykvalitets l\u00e6ringsleker i massivt tre. F\u00e5 dem og bli med i den store familien av forn\u00f8yde kunder her p\u00e5 Woodinout-butikken.\",\"breadcrumb\":{\"@id\":\"https:\/\/woodinout.net\/no\/faq\/#breadcrumb\"},\"inLanguage\":\"nb-NO\",\"potentialAction\":[{\"@type\":\"ReadAction\",\"target\":[\"https:\/\/woodinout.net\/no\/faq\/\"]}]},{\"@type\":\"BreadcrumbList\",\"@id\":\"https:\/\/woodinout.net\/no\/faq\/#breadcrumb\",\"itemListElement\":[{\"@type\":\"ListItem\",\"position\":1,\"name\":\"Home\",\"item\":\"https:\/\/woodinout.net\/no\/\"},{\"@type\":\"ListItem\",\"position\":2,\"name\":\"FAQ\"}]},{\"@type\":\"WebSite\",\"@id\":\"https:\/\/woodinout.net\/no\/#website\",\"url\":\"https:\/\/woodinout.net\/no\/\",\"name\":\"Woodinout \u00a9\",\"description\":\"Wooden Montessori toys, gifts, home and events decor details\",\"potentialAction\":[{\"@type\":\"SearchAction\",\"target\":{\"@type\":\"EntryPoint\",\"urlTemplate\":\"https:\/\/woodinout.net\/no\/?s={search_term_string}\"},\"query-input\":\"required name=search_term_string\"}],\"inLanguage\":\"nb-NO\"}]}<\/script>\n<!-- \/ Yoast SEO plugin. -->","yoast_head_json":{"title":"FAQ - Montessori-leker tre Butikk Woodinout \u00a9","description":"Milj\u00f8vennlig, h\u00e5ndlaget av h\u00f8ykvalitets l\u00e6ringsleker i massivt tre. F\u00e5 dem og bli med i den store familien av forn\u00f8yde kunder her p\u00e5 Woodinout-butikken.","robots":{"index":"index","follow":"follow","max-snippet":"max-snippet:-1","max-image-preview":"max-image-preview:large","max-video-preview":"max-video-preview:-1"},"canonical":"https:\/\/woodinout.net\/no\/faq\/","og_locale":"nb_NO","og_type":"article","og_title":"FAQ - Montessori-leker tre Butikk Woodinout \u00a9","og_description":"Milj\u00f8vennlig, h\u00e5ndlaget av h\u00f8ykvalitets l\u00e6ringsleker i massivt tre. F\u00e5 dem og bli med i den store familien av forn\u00f8yde kunder her p\u00e5 Woodinout-butikken.","og_url":"https:\/\/woodinout.net\/no\/faq\/","og_site_name":"Woodinout \u00a9","article_modified_time":"2022-03-13T14:46:00+00:00","twitter_card":"summary_large_image","twitter_misc":{"Ansl. lesetid":"2 minutter"},"schema":{"@context":"https:\/\/schema.org","@graph":[{"@type":"WebPage","@id":"https:\/\/woodinout.net\/no\/faq\/","url":"https:\/\/woodinout.net\/no\/faq\/","name":"FAQ - Montessori-leker tre Butikk Woodinout \u00a9","isPartOf":{"@id":"https:\/\/woodinout.net\/no\/#website"},"datePublished":"2017-09-22T17:55:50+00:00","dateModified":"2022-03-13T14:46:00+00:00","description":"Milj\u00f8vennlig, h\u00e5ndlaget av h\u00f8ykvalitets l\u00e6ringsleker i massivt tre. F\u00e5 dem og bli med i den store familien av forn\u00f8yde kunder her p\u00e5 Woodinout-butikken.","breadcrumb":{"@id":"https:\/\/woodinout.net\/no\/faq\/#breadcrumb"},"inLanguage":"nb-NO","potentialAction":[{"@type":"ReadAction","target":["https:\/\/woodinout.net\/no\/faq\/"]}]},{"@type":"BreadcrumbList","@id":"https:\/\/woodinout.net\/no\/faq\/#breadcrumb","itemListElement":[{"@type":"ListItem","position":1,"name":"Home","item":"https:\/\/woodinout.net\/no\/"},{"@type":"ListItem","position":2,"name":"FAQ"}]},{"@type":"WebSite","@id":"https:\/\/woodinout.net\/no\/#website","url":"https:\/\/woodinout.net\/no\/","name":"Woodinout \u00a9","description":"Wooden Montessori toys, gifts, home and events decor details","potentialAction":[{"@type":"SearchAction","target":{"@type":"EntryPoint","urlTemplate":"https:\/\/woodinout.net\/no\/?s={search_term_string}"},"query-input":"required name=search_term_string"}],"inLanguage":"nb-NO"}]}},"_links":{"self":[{"href":"https:\/\/woodinout.net\/no\/wp-json\/wp\/v2\/pages\/20779"}],"collection":[{"href":"https:\/\/woodinout.net\/no\/wp-json\/wp\/v2\/pages"}],"about":[{"href":"https:\/\/woodinout.net\/no\/wp-json\/wp\/v2\/types\/page"}],"author":[{"embeddable":true,"href":"https:\/\/woodinout.net\/no\/wp-json\/wp\/v2\/users\/1"}],"replies":[{"embeddable":true,"href":"https:\/\/woodinout.net\/no\/wp-json\/wp\/v2\/comments?post=20779"}],"version-history":[{"count":1,"href":"https:\/\/woodinout.net\/no\/wp-json\/wp\/v2\/pages\/20779\/revisions"}],"predecessor-version":[{"id":21190,"href":"https:\/\/woodinout.net\/no\/wp-json\/wp\/v2\/pages\/20779\/revisions\/21190"}],"wp:attachment":[{"href":"https:\/\/woodinout.net\/no\/wp-json\/wp\/v2\/media?parent=20779"}],"curies":[{"name":"wp","href":"https:\/\/api.w.org\/{rel}","templated":true}]}}