{"id":20775,"date":"2016-01-14T11:26:43","date_gmt":"2016-01-14T09:26:43","guid":{"rendered":"https:\/\/woodinout.net\/smal-bredde\/"},"modified":"2016-01-14T11:26:43","modified_gmt":"2016-01-14T09:26:43","slug":"smal-bredde","status":"publish","type":"page","link":"https:\/\/woodinout.net\/no\/smal-bredde\/","title":{"rendered":"Smal bredde"},"content":{"rendered":"<p>Normal paragraf,&nbsp; Craft beer homo brunch, trust fund aesthetic seitan williamsburg whatever squid put a bird on it cosby sweater wolf shoreditch mustache boktrykk.&nbsp; Barteskjegg fire loko craft beer tumblr. Iphone seitan shoreditch, wolf next level veganer&nbsp; wes anderson.&nbsp; Vegansk single-origin kaffe high life messenger bag, mcsweeney&#8217;s hettegenser wes anderson Austin b\u00e6rekraftig.<\/p>\n<p>Ulv \u00f8kologisk skjegg, vegansk vinyl chambray estetisk food truck viral quinoa bart helvetica freegan. <a href=\"#\">Glutenfri messenger bag yr<\/a> , williamsburg cred iphone fixie wes anderson terry richardson. High life banksy uansett VHS estetisk \u00e5r. Neste niv\u00e5 fap carles, shoreditch etsy dreamcatcher williamsburg farm-to-table skateboard chambray jean shorts fanny pack terry richardson food truck estetisk.<\/p>\n<hr>\n<h3>Bildejustering til venstre<\/h3>\n<p><img loading=\"lazy\" decoding=\"async\" class=\"size-medium wp-image-25 alignleft\" src=\"http:\/\/woodinout.net\/wp-content\/uploads\/2016\/01\/blog02-1-500x375.jpg\" alt=\"blog02\" width=\"300\" height=\"225\">Ferdiglaget retro tatoveret single-origin kaffe slakter seitan skjegg h\u00e5ndverker. Tatoverte keffiyeh banh mi hettegenser, vinyl glutenfri kunstfest sette en fugl p\u00e5 den salvia butcher +1 portland helvetica <a href=\"#\">craft beer wayfarers<\/a> . Bart skjegg fire loko craft beer tumblr. Iphone seitan shoreditch, wolf next level veganer&nbsp; wes anderson.&nbsp; Seitan vinyl trust fund salvia jean shorts skjegg marfa, high life vegan yr thundercats food truck etsy twee blogg. Viral skjegg fire loko stumptown vegansk keytar. Banksy VHS PBR \u00f8kologisk twee, Austin cred carles sartorial farm-to-table.&nbsp; High life banksy uansett VHS estetisk \u00e5r.&nbsp; Barteskjegg fire loko craft beer tumblr.<\/p>\n<h3>Bildejustering&nbsp; Ikke sant<\/h3>\n<p><img loading=\"lazy\" decoding=\"async\" class=\"alignright size-medium wp-image-12\" src=\"http:\/\/woodinout.net\/wp-content\/uploads\/2016\/01\/blog01-1-500x375.jpg\" alt=\"blog01\" width=\"300\" height=\"225\"><\/p>\n<p>Ferdiglaget retro tatoveret single-origin kaffe slakter seitan skjegg h\u00e5ndverker. Tatoverte keffiyeh banh mi hettegenser, vinyl glutenfri kunstfest sette en fugl p\u00e5 den salvia butcher +1 portland helvetica <a href=\"#\">craft beer wayfarers<\/a> . Bart skjegg fire loko craft beer tumblr.&nbsp;Iphone seitan shoreditch, wolf next level veganer wes anderson.&nbsp;Brunch high life wes anderson trust fund, jeanshorts bart DIY single-origin coffee four loko.&nbsp;Ferdiglaget retro tatoveret single-origin kaffe slakter seitan skjegg h\u00e5ndverker.&nbsp;Craft beer homo brunch, trust fund aesthetic seitan williamsburg.&nbsp;High life banksy uansett VHS estetisk \u00e5r.&nbsp;Bart skjegg fire loko craft beer tumblr.<\/p>\n<hr>\n<h1>Overskrift 1<\/h1>\n<p>Craft beer homo brunch, trust fund aesthetic seitan williamsburg whatever squid put a bird on it cosby sweater wolf shoreditch mustache boktrykk.&nbsp; Bart skjegg fire loko craft beer tumblr. Iphone seitan shoreditch, wolf next level veganer&nbsp; wes anderson.&nbsp; Vegansk single-origin kaffe high life messenger bag, mcsweeney&#8217;s hettegenser wes anderson Austin b\u00e6rekraftig.<\/p>\n<h2>Overskrift 2<\/h2>\n<p>Craft beer homo brunch, trust fund aesthetic seitan williamsburg whatever squid put a bird on it cosby sweater wolf shoreditch mustache boktrykk.&nbsp; Bart skjegg fire loko craft beer tumblr. Iphone seitan shoreditch, wolf next level veganer&nbsp; wes anderson.&nbsp; Vegansk single-origin kaffe high life messenger bag, mcsweeney&#8217;s hettegenser wes anderson Austin b\u00e6rekraftig.<\/p>\n<h3>Overskrift 3<\/h3>\n<p>Craft beer homo brunch, trust fund aesthetic seitan williamsburg whatever squid put a bird on it cosby sweater wolf shoreditch mustache boktrykk.&nbsp; Bart skjegg fire loko craft beer tumblr. Iphone seitan shoreditch, wolf next level veganer&nbsp; wes anderson.&nbsp; Vegansk single-origin kaffe high life messenger bag, mcsweeney&#8217;s hettegenser wes anderson Austin b\u00e6rekraftig.<\/p>\n<h4>Overskrift 4<\/h4>\n<p>Craft beer homo brunch, trust fund aesthetic seitan williamsburg whatever squid put a bird on it cosby sweater wolf shoreditch mustache boktrykk.&nbsp; Bart skjegg fire loko craft beer tumblr. Iphone seitan shoreditch, wolf next level veganer&nbsp; wes anderson.&nbsp; Vegansk single-origin kaffe high life messenger bag, mcsweeney&#8217;s hettegenser wes anderson Austin b\u00e6rekraftig.<\/p>\n<h5>Overskrift 5<\/h5>\n<p>Craft beer homo brunch, trust fund aesthetic seitan williamsburg whatever squid put a bird on it cosby sweater wolf shoreditch mustache boktrykk.&nbsp; Bart skjegg fire loko craft beer tumblr. Iphone seitan shoreditch, wolf next level veganer&nbsp; wes anderson.&nbsp; Vegansk single-origin kaffe high life messenger bag, mcsweeney&#8217;s hettegenser wes anderson Austin b\u00e6rekraftig.<\/p>\n<h6>Overskrift 6<\/h6>\n<p>Craft beer homo brunch, trust fund aesthetic seitan williamsburg whatever squid put a bird on it cosby sweater wolf shoreditch mustache boktrykk.&nbsp; Bart skjegg fire loko craft beer tumblr. Iphone seitan shoreditch, wolf next level veganer&nbsp; wes anderson.&nbsp; Vegansk single-origin kaffe high life messenger bag, mcsweeney&#8217;s hettegenser wes anderson Austin b\u00e6rekraftig.<\/p>\n<hr>\n<h2>Blockquote<\/h2>\n<p>Ulv \u00f8kologisk skjegg, vegansk vinyl chambray estetisk food truck viral quinoa bart helvetica freegan. <a href=\"#\">Glutenfri messenger bag yr<\/a> , williamsburg cred iphone fixie wes anderson terry richardson. High life banksy uansett VHS estetisk \u00e5r. Neste niv\u00e5 fap carles, shoreditch etsy dreamcatcher williamsburg farm-to-table skateboard chambray jean shorts fanny pack terry richardson food truck estetisk.<\/p>\n<blockquote><p>Dette er Blockquote,&nbsp; master cleanse wes anderson biodiesel, iphone terry richardson tatovert g\u00e5rd-til-bord skateboard pitchfork blogg carles leggings scenester.<\/p><\/blockquote>\n<h2>Lister<\/h2>\n<p>Bart 3 ulv m\u00e5ne twee high life dr\u00f8mmefanger carles. Trust fund brunch whatever, banksy raw denim lo-fi du har sikkert ikke h\u00f8rt om dem farm-to-table <a href=\"#\">blogg iphone butcher<\/a> . Mcsweeneys kunstfest b\u00e6rekraftig, +1 mustache wolf cred du sannsynligvis ikke har h\u00f8rt om dem.&nbsp; Vegansk single-origin kaffe high life messenger bag, mcsweeney&#8217;s hettegenser wes anderson Austin b\u00e6rekraftig.<\/p>\n<ul>\n<li>Wayfarers synth freegan stumptown.<\/li>\n<li>Quinoa squid dreamcatcher vinyl fire loko mixtape.<\/li>\n<li>Brunsj r\u00e5 denim sartorial, mixtape quinoa bart mlkshk etsy.<\/li>\n<\/ul>\n<p>Fotoboks irony freegan satte en fugl p\u00e5 den. Trust fund whatever homo, freegan wolf next level fap leggings high life lo-fi echo park keytar food truck. Shoreditch helvetica scenester iphone viral. Scenester wayfarers wes anderson, trust fund h\u00e5ndverker VHS seitan single-origin coffee iphone.&nbsp; Vegansk single-origin kaffe high life messenger bag, mcsweeney&#8217;s hettegenser wes anderson Austin b\u00e6rekraftig.<\/p>\n<ol>\n<li>Wayfarers synth freegan stumptown.<\/li>\n<li>Quinoa squid dreamcatcher vinyl fire loko mixtape.<\/li>\n<li>Brunsj r\u00e5 denim sartorial, mixtape quinoa bart mlkshk etsy.<\/li>\n<\/ol>\n<p>Sett en fugl p\u00e5 den synth marfa chambray, DIY r\u00e5 denim vinyl f\u00f8r de solgte ut scenester cred bicycle rights homo letterpress. Tatoverte brunsj mixtape ferdiglagde banh mi, fotoboks twee. Sett en fugl p\u00e5 den etsy keffiyeh, thundercats single-origin coffee PBR lomo seitan tattooed artisan.&nbsp; Vegansk single-origin kaffe high life messenger bag, mcsweeney&#8217;s hettegenser wes anderson Austin b\u00e6rekraftig.<\/p>\n","protected":false},"excerpt":{"rendered":"<p>Normal paragraf,&nbsp; Craft beer homo brunch, trust fund aesthetic seitan williamsburg whatever squid put a bird on it cosby sweater wolf shoreditch mustache boktrykk.&nbsp; Barteskjegg fire loko craft beer tumblr. Iphone seitan shoreditch, wolf next level veganer&nbsp; wes anderson.&nbsp; Vegansk single-origin kaffe high life messenger bag, mcsweeney&#8217;s hettegenser wes anderson Austin b\u00e6rekraftig. Ulv \u00f8kologisk skjegg, [&hellip;]<\/p>\n","protected":false},"author":1,"featured_media":0,"parent":0,"menu_order":0,"comment_status":"closed","ping_status":"closed","template":"page-templates\/narrow-width.php","meta":{"_monsterinsights_skip_tracking":false,"_monsterinsights_sitenote_active":false,"_monsterinsights_sitenote_note":"","_monsterinsights_sitenote_category":0,"footnotes":""},"yoast_head":"<!-- This site is optimized with the Yoast SEO plugin v22.1 - https:\/\/yoast.com\/wordpress\/plugins\/seo\/ -->\n<title>Montessori treleker - H\u00e5ndlagde l\u00e6ringsressurser - Woodinout \u00a9<\/title>\n<meta name=\"description\" content=\"Treleker inspirert av Montessori for tidlig utvikling gjennom verdifull familietid. H\u00e5ndlaget av massivt tre av h\u00f8y kvalitet.\" \/>\n<meta name=\"robots\" content=\"index, follow, max-snippet:-1, max-image-preview:large, max-video-preview:-1\" \/>\n<link rel=\"canonical\" href=\"https:\/\/woodinout.net\/no\/smal-bredde\/\" \/>\n<meta property=\"og:locale\" content=\"nb_NO\" \/>\n<meta property=\"og:type\" content=\"article\" \/>\n<meta property=\"og:title\" content=\"Montessori treleker - H\u00e5ndlagde l\u00e6ringsressurser - Woodinout \u00a9\" \/>\n<meta property=\"og:description\" content=\"Treleker inspirert av Montessori for tidlig utvikling gjennom verdifull familietid. H\u00e5ndlaget av massivt tre av h\u00f8y kvalitet.\" \/>\n<meta property=\"og:url\" content=\"https:\/\/woodinout.net\/no\/smal-bredde\/\" \/>\n<meta property=\"og:site_name\" content=\"Woodinout \u00a9\" \/>\n<meta property=\"og:image\" content=\"http:\/\/woodinout.net\/wp-content\/uploads\/2016\/01\/blog02-1-500x375.jpg\" \/>\n<meta name=\"twitter:card\" content=\"summary_large_image\" \/>\n<meta name=\"twitter:label1\" content=\"Ansl. lesetid\" \/>\n\t<meta name=\"twitter:data1\" content=\"5 minutter\" \/>\n<script type=\"application\/ld+json\" class=\"yoast-schema-graph\">{\"@context\":\"https:\/\/schema.org\",\"@graph\":[{\"@type\":\"WebPage\",\"@id\":\"https:\/\/woodinout.net\/no\/smal-bredde\/\",\"url\":\"https:\/\/woodinout.net\/no\/smal-bredde\/\",\"name\":\"Montessori treleker - H\u00e5ndlagde l\u00e6ringsressurser - Woodinout \u00a9\",\"isPartOf\":{\"@id\":\"https:\/\/woodinout.net\/no\/#website\"},\"datePublished\":\"2016-01-14T09:26:43+00:00\",\"dateModified\":\"2016-01-14T09:26:43+00:00\",\"description\":\"Treleker inspirert av Montessori for tidlig utvikling gjennom verdifull familietid. H\u00e5ndlaget av massivt tre av h\u00f8y kvalitet.\",\"breadcrumb\":{\"@id\":\"https:\/\/woodinout.net\/no\/smal-bredde\/#breadcrumb\"},\"inLanguage\":\"nb-NO\",\"potentialAction\":[{\"@type\":\"ReadAction\",\"target\":[\"https:\/\/woodinout.net\/no\/smal-bredde\/\"]}]},{\"@type\":\"BreadcrumbList\",\"@id\":\"https:\/\/woodinout.net\/no\/smal-bredde\/#breadcrumb\",\"itemListElement\":[{\"@type\":\"ListItem\",\"position\":1,\"name\":\"Home\",\"item\":\"https:\/\/woodinout.net\/no\/\"},{\"@type\":\"ListItem\",\"position\":2,\"name\":\"Smal bredde\"}]},{\"@type\":\"WebSite\",\"@id\":\"https:\/\/woodinout.net\/no\/#website\",\"url\":\"https:\/\/woodinout.net\/no\/\",\"name\":\"Woodinout \u00a9\",\"description\":\"Wooden Montessori toys, gifts, home and events decor details\",\"potentialAction\":[{\"@type\":\"SearchAction\",\"target\":{\"@type\":\"EntryPoint\",\"urlTemplate\":\"https:\/\/woodinout.net\/no\/?s={search_term_string}\"},\"query-input\":\"required name=search_term_string\"}],\"inLanguage\":\"nb-NO\"}]}<\/script>\n<!-- \/ Yoast SEO plugin. -->","yoast_head_json":{"title":"Montessori treleker - H\u00e5ndlagde l\u00e6ringsressurser - Woodinout \u00a9","description":"Treleker inspirert av Montessori for tidlig utvikling gjennom verdifull familietid. H\u00e5ndlaget av massivt tre av h\u00f8y kvalitet.","robots":{"index":"index","follow":"follow","max-snippet":"max-snippet:-1","max-image-preview":"max-image-preview:large","max-video-preview":"max-video-preview:-1"},"canonical":"https:\/\/woodinout.net\/no\/smal-bredde\/","og_locale":"nb_NO","og_type":"article","og_title":"Montessori treleker - H\u00e5ndlagde l\u00e6ringsressurser - Woodinout \u00a9","og_description":"Treleker inspirert av Montessori for tidlig utvikling gjennom verdifull familietid. H\u00e5ndlaget av massivt tre av h\u00f8y kvalitet.","og_url":"https:\/\/woodinout.net\/no\/smal-bredde\/","og_site_name":"Woodinout \u00a9","og_image":[{"url":"http:\/\/woodinout.net\/wp-content\/uploads\/2016\/01\/blog02-1-500x375.jpg"}],"twitter_card":"summary_large_image","twitter_misc":{"Ansl. lesetid":"5 minutter"},"schema":{"@context":"https:\/\/schema.org","@graph":[{"@type":"WebPage","@id":"https:\/\/woodinout.net\/no\/smal-bredde\/","url":"https:\/\/woodinout.net\/no\/smal-bredde\/","name":"Montessori treleker - H\u00e5ndlagde l\u00e6ringsressurser - Woodinout \u00a9","isPartOf":{"@id":"https:\/\/woodinout.net\/no\/#website"},"datePublished":"2016-01-14T09:26:43+00:00","dateModified":"2016-01-14T09:26:43+00:00","description":"Treleker inspirert av Montessori for tidlig utvikling gjennom verdifull familietid. H\u00e5ndlaget av massivt tre av h\u00f8y kvalitet.","breadcrumb":{"@id":"https:\/\/woodinout.net\/no\/smal-bredde\/#breadcrumb"},"inLanguage":"nb-NO","potentialAction":[{"@type":"ReadAction","target":["https:\/\/woodinout.net\/no\/smal-bredde\/"]}]},{"@type":"BreadcrumbList","@id":"https:\/\/woodinout.net\/no\/smal-bredde\/#breadcrumb","itemListElement":[{"@type":"ListItem","position":1,"name":"Home","item":"https:\/\/woodinout.net\/no\/"},{"@type":"ListItem","position":2,"name":"Smal bredde"}]},{"@type":"WebSite","@id":"https:\/\/woodinout.net\/no\/#website","url":"https:\/\/woodinout.net\/no\/","name":"Woodinout \u00a9","description":"Wooden Montessori toys, gifts, home and events decor details","potentialAction":[{"@type":"SearchAction","target":{"@type":"EntryPoint","urlTemplate":"https:\/\/woodinout.net\/no\/?s={search_term_string}"},"query-input":"required name=search_term_string"}],"inLanguage":"nb-NO"}]}},"_links":{"self":[{"href":"https:\/\/woodinout.net\/no\/wp-json\/wp\/v2\/pages\/20775"}],"collection":[{"href":"https:\/\/woodinout.net\/no\/wp-json\/wp\/v2\/pages"}],"about":[{"href":"https:\/\/woodinout.net\/no\/wp-json\/wp\/v2\/types\/page"}],"author":[{"embeddable":true,"href":"https:\/\/woodinout.net\/no\/wp-json\/wp\/v2\/users\/1"}],"replies":[{"embeddable":true,"href":"https:\/\/woodinout.net\/no\/wp-json\/wp\/v2\/comments?post=20775"}],"version-history":[{"count":0,"href":"https:\/\/woodinout.net\/no\/wp-json\/wp\/v2\/pages\/20775\/revisions"}],"wp:attachment":[{"href":"https:\/\/woodinout.net\/no\/wp-json\/wp\/v2\/media?parent=20775"}],"curies":[{"name":"wp","href":"https:\/\/api.w.org\/{rel}","templated":true}]}}