{"id":20767,"date":"2020-02-06T11:54:36","date_gmt":"2020-02-06T09:54:36","guid":{"rendered":"https:\/\/woodinout.net\/engroshandel\/"},"modified":"2022-03-13T16:46:03","modified_gmt":"2022-03-13T14:46:03","slug":"engroshandel","status":"publish","type":"page","link":"https:\/\/woodinout.net\/no\/engroshandel\/","title":{"rendered":"ENGROSHANDEL"},"content":{"rendered":"<p>ENGROSHANDEL<\/p>\n\n<p>\u00c5 ja! Det ser ut til at du er veldig interessert i produktene v\u00e5re og \u00f8nsker \u00e5 legge til Woodinout-leker i butikken din. Send oss en melding s\u00e5 tar vi kontakt med deg innen kort tid.<\/p>\n\n<p>dalius@sistemis.lt<\/p>\n","protected":false},"excerpt":{"rendered":"<p>ENGROSHANDEL \u00c5 ja! Det ser ut til at du er veldig interessert i produktene v\u00e5re og \u00f8nsker \u00e5 legge til Woodinout-leker i butikken din. Send oss en melding s\u00e5 tar vi kontakt med deg innen kort tid. dalius@sistemis.lt<\/p>\n","protected":false},"author":1,"featured_media":0,"parent":0,"menu_order":0,"comment_status":"closed","ping_status":"closed","template":"","meta":{"_monsterinsights_skip_tracking":false,"_monsterinsights_sitenote_active":false,"_monsterinsights_sitenote_note":"","_monsterinsights_sitenote_category":0,"footnotes":""},"yoast_head":"<!-- This site is optimized with the Yoast SEO plugin v22.1 - https:\/\/yoast.com\/wordpress\/plugins\/seo\/ -->\n<title>ENGROSHANDEL - Treleker Woodinout \u00a9<\/title>\n<meta name=\"description\" content=\"Treleker som l\u00e6ringsressurser inspirert av Montessori. Laget av Woodinout-familien, h\u00e5ndlaget av massivt tre - milj\u00f8vennlige leker.\" \/>\n<meta name=\"robots\" content=\"index, follow, max-snippet:-1, max-image-preview:large, max-video-preview:-1\" \/>\n<link rel=\"canonical\" href=\"https:\/\/woodinout.net\/no\/engroshandel\/\" \/>\n<meta property=\"og:locale\" content=\"nb_NO\" \/>\n<meta property=\"og:type\" content=\"article\" \/>\n<meta property=\"og:title\" content=\"ENGROSHANDEL - Treleker Woodinout \u00a9\" \/>\n<meta property=\"og:description\" content=\"Treleker som l\u00e6ringsressurser inspirert av Montessori. Laget av Woodinout-familien, h\u00e5ndlaget av massivt tre - milj\u00f8vennlige leker.\" \/>\n<meta property=\"og:url\" content=\"https:\/\/woodinout.net\/no\/engroshandel\/\" \/>\n<meta property=\"og:site_name\" content=\"Woodinout \u00a9\" \/>\n<meta property=\"article:modified_time\" content=\"2022-03-13T14:46:03+00:00\" \/>\n<meta name=\"twitter:card\" content=\"summary_large_image\" \/>\n<script type=\"application\/ld+json\" class=\"yoast-schema-graph\">{\"@context\":\"https:\/\/schema.org\",\"@graph\":[{\"@type\":\"WebPage\",\"@id\":\"https:\/\/woodinout.net\/no\/engroshandel\/\",\"url\":\"https:\/\/woodinout.net\/no\/engroshandel\/\",\"name\":\"ENGROSHANDEL - Treleker Woodinout \u00a9\",\"isPartOf\":{\"@id\":\"https:\/\/woodinout.net\/no\/#website\"},\"datePublished\":\"2020-02-06T09:54:36+00:00\",\"dateModified\":\"2022-03-13T14:46:03+00:00\",\"description\":\"Treleker som l\u00e6ringsressurser inspirert av Montessori. Laget av Woodinout-familien, h\u00e5ndlaget av massivt tre - milj\u00f8vennlige leker.\",\"breadcrumb\":{\"@id\":\"https:\/\/woodinout.net\/no\/engroshandel\/#breadcrumb\"},\"inLanguage\":\"nb-NO\",\"potentialAction\":[{\"@type\":\"ReadAction\",\"target\":[\"https:\/\/woodinout.net\/no\/engroshandel\/\"]}]},{\"@type\":\"BreadcrumbList\",\"@id\":\"https:\/\/woodinout.net\/no\/engroshandel\/#breadcrumb\",\"itemListElement\":[{\"@type\":\"ListItem\",\"position\":1,\"name\":\"Home\",\"item\":\"https:\/\/woodinout.net\/no\/\"},{\"@type\":\"ListItem\",\"position\":2,\"name\":\"ENGROSHANDEL\"}]},{\"@type\":\"WebSite\",\"@id\":\"https:\/\/woodinout.net\/no\/#website\",\"url\":\"https:\/\/woodinout.net\/no\/\",\"name\":\"Woodinout \u00a9\",\"description\":\"Wooden Montessori toys, gifts, home and events decor details\",\"potentialAction\":[{\"@type\":\"SearchAction\",\"target\":{\"@type\":\"EntryPoint\",\"urlTemplate\":\"https:\/\/woodinout.net\/no\/?s={search_term_string}\"},\"query-input\":\"required name=search_term_string\"}],\"inLanguage\":\"nb-NO\"}]}<\/script>\n<!-- \/ Yoast SEO plugin. -->","yoast_head_json":{"title":"ENGROSHANDEL - Treleker Woodinout \u00a9","description":"Treleker som l\u00e6ringsressurser inspirert av Montessori. Laget av Woodinout-familien, h\u00e5ndlaget av massivt tre - milj\u00f8vennlige leker.","robots":{"index":"index","follow":"follow","max-snippet":"max-snippet:-1","max-image-preview":"max-image-preview:large","max-video-preview":"max-video-preview:-1"},"canonical":"https:\/\/woodinout.net\/no\/engroshandel\/","og_locale":"nb_NO","og_type":"article","og_title":"ENGROSHANDEL - Treleker Woodinout \u00a9","og_description":"Treleker som l\u00e6ringsressurser inspirert av Montessori. Laget av Woodinout-familien, h\u00e5ndlaget av massivt tre - milj\u00f8vennlige leker.","og_url":"https:\/\/woodinout.net\/no\/engroshandel\/","og_site_name":"Woodinout \u00a9","article_modified_time":"2022-03-13T14:46:03+00:00","twitter_card":"summary_large_image","schema":{"@context":"https:\/\/schema.org","@graph":[{"@type":"WebPage","@id":"https:\/\/woodinout.net\/no\/engroshandel\/","url":"https:\/\/woodinout.net\/no\/engroshandel\/","name":"ENGROSHANDEL - Treleker Woodinout \u00a9","isPartOf":{"@id":"https:\/\/woodinout.net\/no\/#website"},"datePublished":"2020-02-06T09:54:36+00:00","dateModified":"2022-03-13T14:46:03+00:00","description":"Treleker som l\u00e6ringsressurser inspirert av Montessori. Laget av Woodinout-familien, h\u00e5ndlaget av massivt tre - milj\u00f8vennlige leker.","breadcrumb":{"@id":"https:\/\/woodinout.net\/no\/engroshandel\/#breadcrumb"},"inLanguage":"nb-NO","potentialAction":[{"@type":"ReadAction","target":["https:\/\/woodinout.net\/no\/engroshandel\/"]}]},{"@type":"BreadcrumbList","@id":"https:\/\/woodinout.net\/no\/engroshandel\/#breadcrumb","itemListElement":[{"@type":"ListItem","position":1,"name":"Home","item":"https:\/\/woodinout.net\/no\/"},{"@type":"ListItem","position":2,"name":"ENGROSHANDEL"}]},{"@type":"WebSite","@id":"https:\/\/woodinout.net\/no\/#website","url":"https:\/\/woodinout.net\/no\/","name":"Woodinout \u00a9","description":"Wooden Montessori toys, gifts, home and events decor details","potentialAction":[{"@type":"SearchAction","target":{"@type":"EntryPoint","urlTemplate":"https:\/\/woodinout.net\/no\/?s={search_term_string}"},"query-input":"required name=search_term_string"}],"inLanguage":"nb-NO"}]}},"_links":{"self":[{"href":"https:\/\/woodinout.net\/no\/wp-json\/wp\/v2\/pages\/20767"}],"collection":[{"href":"https:\/\/woodinout.net\/no\/wp-json\/wp\/v2\/pages"}],"about":[{"href":"https:\/\/woodinout.net\/no\/wp-json\/wp\/v2\/types\/page"}],"author":[{"embeddable":true,"href":"https:\/\/woodinout.net\/no\/wp-json\/wp\/v2\/users\/1"}],"replies":[{"embeddable":true,"href":"https:\/\/woodinout.net\/no\/wp-json\/wp\/v2\/comments?post=20767"}],"version-history":[{"count":1,"href":"https:\/\/woodinout.net\/no\/wp-json\/wp\/v2\/pages\/20767\/revisions"}],"predecessor-version":[{"id":20768,"href":"https:\/\/woodinout.net\/no\/wp-json\/wp\/v2\/pages\/20767\/revisions\/20768"}],"wp:attachment":[{"href":"https:\/\/woodinout.net\/no\/wp-json\/wp\/v2\/media?parent=20767"}],"curies":[{"name":"wp","href":"https:\/\/api.w.org\/{rel}","templated":true}]}}