{"id":20749,"date":"2016-08-04T09:36:11","date_gmt":"2016-08-04T06:36:11","guid":{"rendered":"https:\/\/woodinout.net\/tjenester\/"},"modified":"2022-03-13T16:46:10","modified_gmt":"2022-03-13T14:46:10","slug":"tjenester","status":"publish","type":"page","link":"https:\/\/woodinout.net\/no\/tjenester\/","title":{"rendered":"Tjenester"},"content":{"rendered":"<p><strong>Lasergravering<\/strong><\/p>\n<p>Lasergravering p\u00e5 tre, kryssfiner, akryl\/organisk glass, l\u00e6r, er utf\u00f8rt ved bruk av utstyr av h\u00f8y kvalitet med CO2 laserkilde. Graverte objekter kan v\u00e6re i forskjellige st\u00f8rrelser: fra de minste til 600mm*900mm. H\u00f8yden p\u00e5 et objekt kan v\u00e6re opptil 300 mm.<\/p>\n<p><strong>Laserskj\u00e6ring<\/strong><\/p>\n<p>Laserskj\u00e6ring av tre, kryssfiner, akrylglass, l\u00e6r, papir, kartong, gj\u00f8res med h\u00f8ykvalitetsutstyr med CO2-laserkilde. Ulike skj\u00e6redybder er mulig.<\/p>\n<p>&nbsp;<\/p>\n<p><strong>CNC fresing<\/strong><\/p>\n<p>Vi tilbyr CNC-fresing av hardtre, kryssfiner, MDF, akryl\/organisk glass. Arbeidsomr\u00e5det er 1500mm*3000mm, luftkj\u00f8lt 6kW HSD (Italia) spindel er installert i denne maskinen. Fylling er ogs\u00e5 mulig. Vi designer 3D-relieffer som kan freses med CNC-maskin senere.<\/p>\n<p>&nbsp;<\/p>\n<p>&nbsp;<\/p>\n<p><strong>Bearbeiding av hardved<\/strong><\/p>\n<p>Vi er i stand til \u00e5 behandle hardtreplater. V\u00e5re tilbudte tjenester dekker tverrkapping, fresing, sliping, h\u00f8vling, etc. Vennligst kontakt oss p\u00e5 e-post eller telefon for mer detaljert informasjon.<\/p>\n<p><strong>&nbsp;<\/strong><\/p>\n<p><strong>Spesial-\/tilpassede bestillinger<\/strong><\/p>\n<p>Hvis du har en ide du \u00f8nsker \u00e5 realisere \u2013 ta kontakt med oss s\u00e5 skal vi lage den. Vi designer og produserer personlige gaver, forretningsgaver, interi\u00f8rdekorasjoner, m\u00f8bler, etc. Vi tilbyr deg full pakke \u2013 fra design til sluttproduksjon.<\/p>\n","protected":false},"excerpt":{"rendered":"<p>Lasergravering Lasergravering p\u00e5 tre, kryssfiner, akryl\/organisk glass, l\u00e6r, er utf\u00f8rt ved bruk av utstyr av h\u00f8y kvalitet med CO2 laserkilde. Graverte objekter kan v\u00e6re i forskjellige st\u00f8rrelser: fra de minste til 600mm*900mm. H\u00f8yden p\u00e5 et objekt kan v\u00e6re opptil 300 mm. Laserskj\u00e6ring Laserskj\u00e6ring av tre, kryssfiner, akrylglass, l\u00e6r, papir, kartong, gj\u00f8res med h\u00f8ykvalitetsutstyr med CO2-laserkilde. [&hellip;]<\/p>\n","protected":false},"author":1,"featured_media":0,"parent":0,"menu_order":0,"comment_status":"closed","ping_status":"closed","template":"","meta":{"_monsterinsights_skip_tracking":false,"_monsterinsights_sitenote_active":false,"_monsterinsights_sitenote_note":"","_monsterinsights_sitenote_category":0,"footnotes":""},"yoast_head":"<!-- This site is optimized with the Yoast SEO plugin v22.1 - https:\/\/yoast.com\/wordpress\/plugins\/seo\/ -->\n<title>Tjenester - Montessori-leker tre - Butikk Woodinout \u00a9<\/title>\n<meta name=\"description\" content=\"Milj\u00f8vennlig, h\u00e5ndlaget av h\u00f8ykvalitets l\u00e6ringsleker i massivt tre. F\u00e5 dem og bli med i den store familien av forn\u00f8yde kunder her p\u00e5 Woodinout-butikken.\" \/>\n<meta name=\"robots\" content=\"index, follow, max-snippet:-1, max-image-preview:large, max-video-preview:-1\" \/>\n<link rel=\"canonical\" href=\"https:\/\/woodinout.net\/no\/tjenester\/\" \/>\n<meta property=\"og:locale\" content=\"nb_NO\" \/>\n<meta property=\"og:type\" content=\"article\" \/>\n<meta property=\"og:title\" content=\"Tjenester - Montessori-leker tre - Butikk Woodinout \u00a9\" \/>\n<meta property=\"og:description\" content=\"Milj\u00f8vennlig, h\u00e5ndlaget av h\u00f8ykvalitets l\u00e6ringsleker i massivt tre. F\u00e5 dem og bli med i den store familien av forn\u00f8yde kunder her p\u00e5 Woodinout-butikken.\" \/>\n<meta property=\"og:url\" content=\"https:\/\/woodinout.net\/no\/tjenester\/\" \/>\n<meta property=\"og:site_name\" content=\"Woodinout \u00a9\" \/>\n<meta property=\"article:modified_time\" content=\"2022-03-13T14:46:10+00:00\" \/>\n<meta name=\"twitter:card\" content=\"summary_large_image\" \/>\n<meta name=\"twitter:label1\" content=\"Ansl. lesetid\" \/>\n\t<meta name=\"twitter:data1\" content=\"1 minutt\" \/>\n<script type=\"application\/ld+json\" class=\"yoast-schema-graph\">{\"@context\":\"https:\/\/schema.org\",\"@graph\":[{\"@type\":\"WebPage\",\"@id\":\"https:\/\/woodinout.net\/no\/tjenester\/\",\"url\":\"https:\/\/woodinout.net\/no\/tjenester\/\",\"name\":\"Tjenester - Montessori-leker tre - Butikk Woodinout \u00a9\",\"isPartOf\":{\"@id\":\"https:\/\/woodinout.net\/no\/#website\"},\"datePublished\":\"2016-08-04T06:36:11+00:00\",\"dateModified\":\"2022-03-13T14:46:10+00:00\",\"description\":\"Milj\u00f8vennlig, h\u00e5ndlaget av h\u00f8ykvalitets l\u00e6ringsleker i massivt tre. F\u00e5 dem og bli med i den store familien av forn\u00f8yde kunder her p\u00e5 Woodinout-butikken.\",\"breadcrumb\":{\"@id\":\"https:\/\/woodinout.net\/no\/tjenester\/#breadcrumb\"},\"inLanguage\":\"nb-NO\",\"potentialAction\":[{\"@type\":\"ReadAction\",\"target\":[\"https:\/\/woodinout.net\/no\/tjenester\/\"]}]},{\"@type\":\"BreadcrumbList\",\"@id\":\"https:\/\/woodinout.net\/no\/tjenester\/#breadcrumb\",\"itemListElement\":[{\"@type\":\"ListItem\",\"position\":1,\"name\":\"Home\",\"item\":\"https:\/\/woodinout.net\/no\/\"},{\"@type\":\"ListItem\",\"position\":2,\"name\":\"Tjenester\"}]},{\"@type\":\"WebSite\",\"@id\":\"https:\/\/woodinout.net\/no\/#website\",\"url\":\"https:\/\/woodinout.net\/no\/\",\"name\":\"Woodinout \u00a9\",\"description\":\"Wooden Montessori toys, gifts, home and events decor details\",\"potentialAction\":[{\"@type\":\"SearchAction\",\"target\":{\"@type\":\"EntryPoint\",\"urlTemplate\":\"https:\/\/woodinout.net\/no\/?s={search_term_string}\"},\"query-input\":\"required name=search_term_string\"}],\"inLanguage\":\"nb-NO\"}]}<\/script>\n<!-- \/ Yoast SEO plugin. -->","yoast_head_json":{"title":"Tjenester - Montessori-leker tre - Butikk Woodinout \u00a9","description":"Milj\u00f8vennlig, h\u00e5ndlaget av h\u00f8ykvalitets l\u00e6ringsleker i massivt tre. F\u00e5 dem og bli med i den store familien av forn\u00f8yde kunder her p\u00e5 Woodinout-butikken.","robots":{"index":"index","follow":"follow","max-snippet":"max-snippet:-1","max-image-preview":"max-image-preview:large","max-video-preview":"max-video-preview:-1"},"canonical":"https:\/\/woodinout.net\/no\/tjenester\/","og_locale":"nb_NO","og_type":"article","og_title":"Tjenester - Montessori-leker tre - Butikk Woodinout \u00a9","og_description":"Milj\u00f8vennlig, h\u00e5ndlaget av h\u00f8ykvalitets l\u00e6ringsleker i massivt tre. F\u00e5 dem og bli med i den store familien av forn\u00f8yde kunder her p\u00e5 Woodinout-butikken.","og_url":"https:\/\/woodinout.net\/no\/tjenester\/","og_site_name":"Woodinout \u00a9","article_modified_time":"2022-03-13T14:46:10+00:00","twitter_card":"summary_large_image","twitter_misc":{"Ansl. lesetid":"1 minutt"},"schema":{"@context":"https:\/\/schema.org","@graph":[{"@type":"WebPage","@id":"https:\/\/woodinout.net\/no\/tjenester\/","url":"https:\/\/woodinout.net\/no\/tjenester\/","name":"Tjenester - Montessori-leker tre - Butikk Woodinout \u00a9","isPartOf":{"@id":"https:\/\/woodinout.net\/no\/#website"},"datePublished":"2016-08-04T06:36:11+00:00","dateModified":"2022-03-13T14:46:10+00:00","description":"Milj\u00f8vennlig, h\u00e5ndlaget av h\u00f8ykvalitets l\u00e6ringsleker i massivt tre. F\u00e5 dem og bli med i den store familien av forn\u00f8yde kunder her p\u00e5 Woodinout-butikken.","breadcrumb":{"@id":"https:\/\/woodinout.net\/no\/tjenester\/#breadcrumb"},"inLanguage":"nb-NO","potentialAction":[{"@type":"ReadAction","target":["https:\/\/woodinout.net\/no\/tjenester\/"]}]},{"@type":"BreadcrumbList","@id":"https:\/\/woodinout.net\/no\/tjenester\/#breadcrumb","itemListElement":[{"@type":"ListItem","position":1,"name":"Home","item":"https:\/\/woodinout.net\/no\/"},{"@type":"ListItem","position":2,"name":"Tjenester"}]},{"@type":"WebSite","@id":"https:\/\/woodinout.net\/no\/#website","url":"https:\/\/woodinout.net\/no\/","name":"Woodinout \u00a9","description":"Wooden Montessori toys, gifts, home and events decor details","potentialAction":[{"@type":"SearchAction","target":{"@type":"EntryPoint","urlTemplate":"https:\/\/woodinout.net\/no\/?s={search_term_string}"},"query-input":"required name=search_term_string"}],"inLanguage":"nb-NO"}]}},"_links":{"self":[{"href":"https:\/\/woodinout.net\/no\/wp-json\/wp\/v2\/pages\/20749"}],"collection":[{"href":"https:\/\/woodinout.net\/no\/wp-json\/wp\/v2\/pages"}],"about":[{"href":"https:\/\/woodinout.net\/no\/wp-json\/wp\/v2\/types\/page"}],"author":[{"embeddable":true,"href":"https:\/\/woodinout.net\/no\/wp-json\/wp\/v2\/users\/1"}],"replies":[{"embeddable":true,"href":"https:\/\/woodinout.net\/no\/wp-json\/wp\/v2\/comments?post=20749"}],"version-history":[{"count":1,"href":"https:\/\/woodinout.net\/no\/wp-json\/wp\/v2\/pages\/20749\/revisions"}],"predecessor-version":[{"id":21197,"href":"https:\/\/woodinout.net\/no\/wp-json\/wp\/v2\/pages\/20749\/revisions\/21197"}],"wp:attachment":[{"href":"https:\/\/woodinout.net\/no\/wp-json\/wp\/v2\/media?parent=20749"}],"curies":[{"name":"wp","href":"https:\/\/api.w.org\/{rel}","templated":true}]}}