{"id":20552,"date":"2016-01-25T02:53:27","date_gmt":"2016-01-25T00:53:27","guid":{"rendered":"https:\/\/woodinout.net\/om-oss\/"},"modified":"2022-03-13T16:45:58","modified_gmt":"2022-03-13T14:45:58","slug":"om-oss","status":"publish","type":"page","link":"https:\/\/woodinout.net\/no\/om-oss\/","title":{"rendered":"Om oss"},"content":{"rendered":"<div id=\"pl-20552\"  class=\"panel-layout\" ><div id=\"pg-20552-0\"  class=\"panel-grid panel-has-style\" ><div class=\"panel-row-style panel-row-style-for-20552-0\" ><div id=\"pgc-20552-0-0\"  class=\"panel-grid-cell\" ><div id=\"panel-20552-0-0-0\" class=\"so-panel widget widget_primrose-sow-heading panel-first-child\" data-index=\"0\" ><div\n\t\t\t\n\t\t\tclass=\"so-widget-primrose-sow-heading so-widget-primrose-sow-heading-default-d75171398898-20552\"\n\t\t\t\n\t\t><h2 class=\"primrose-sow-heading primrose-sow-alignment-left\">Hi, We are Woodinout<\/h2><\/div><\/div><div id=\"panel-20552-0-0-1\" class=\"so-panel widget widget_sow-editor panel-last-child\" data-index=\"1\" ><div\n\t\t\t\n\t\t\tclass=\"so-widget-sow-editor so-widget-sow-editor-base\"\n\t\t\t\n\t\t>\n<div class=\"siteorigin-widget-tinymce textwidget\">\n\t<p>Smilet ditt inspirerer oss til \u00e5 skape noe flott, noe du gjerne vil ta p\u00e5 og spille.<br \/>\nDette er en historie uten introduksjon, fordi alle store ting ikke har en eksakt startlinje. Det er bare lidenskap og vennskap. Og dette er n\u00f8kkelen til v\u00e5r historie.<br \/>\nHelt i starten var vi to familier med fire sm\u00e5barn. N\u00e5r du blir forelder, begynner du \u00e5 forst\u00e5 hvor mange leker som omgir barnet. Mengden er generelt sett ikke d\u00e5rlig. Vi var imidlertid bekymret for form\u00e5let med hver leke. Mange gjenstander virket verdil\u00f8se. Det var \u00f8yeblikket da vi inns\u00e5 at vi m\u00e5tte gj\u00f8re noe.<br \/>\nEn id\u00e9 vi startet med var personlige treleker med l\u00e6ringsform\u00e5l. Siden vi var gale etter milj\u00f8vennlige leker, pr\u00f8vde vi \u00e5 forbedre hver prosess i verkstedet v\u00e5rt for \u00e5 f\u00e5 det beste resultatet.<br \/>\nEndelig var vi heldige! Navneoppgavene v\u00e5re ble veldig popul\u00e6re over hele verden.<br \/>\nDet var f\u00f8rste skritt. N\u00e5 utvidet vi portef\u00f8ljen v\u00e5r med lekene basert p\u00e5 Montessori- og Waldorf-metoder. Barn kan forbedre sine finmotoriske ferdigheter, l\u00e6re \u00e5 telle, lese, sortere og spore.<br \/>\nSom nevnt ovenfor er det ingen introduksjon \u2013 alle historiene v\u00e5re er lekene vi produserer med kj\u00e6rlighet og lidenskap.<br \/>\nVelkommen!<\/p>\n<\/div>\n<\/div><\/div><\/div><div id=\"pgc-20552-0-1\"  class=\"panel-grid-cell\" ><div id=\"panel-20552-0-1-0\" class=\"so-panel widget widget_sow-image panel-first-child\" data-index=\"2\" ><div\n\t\t\t\n\t\t\tclass=\"so-widget-sow-image so-widget-sow-image-default-dbf295114b96-20552\"\n\t\t\t\n\t\t>\n\n<div class=\"sow-image-container\">\n\t\t<img decoding=\"async\" src=\"https:\/\/woodinout.net\/wp-content\/uploads\/2020\/06\/MG_6204-NXPowerLite-Copy.jpg\" width=\"1706\" height=\"2560\" srcset=\"https:\/\/woodinout.net\/wp-content\/uploads\/2020\/06\/MG_6204-NXPowerLite-Copy.jpg 1706w, https:\/\/woodinout.net\/wp-content\/uploads\/2020\/06\/MG_6204-NXPowerLite-Copy-480x720.jpg 480w, https:\/\/woodinout.net\/wp-content\/uploads\/2020\/06\/MG_6204-NXPowerLite-Copy-1080x1621.jpg 1080w, https:\/\/woodinout.net\/wp-content\/uploads\/2020\/06\/MG_6204-NXPowerLite-Copy-333x500.jpg 333w, https:\/\/woodinout.net\/wp-content\/uploads\/2020\/06\/MG_6204-NXPowerLite-Copy-533x800.jpg 533w, https:\/\/woodinout.net\/wp-content\/uploads\/2020\/06\/MG_6204-NXPowerLite-Copy-1024x1536.jpg 1024w, https:\/\/woodinout.net\/wp-content\/uploads\/2020\/06\/MG_6204-NXPowerLite-Copy-1365x2048.jpg 1365w\" sizes=\"(max-width: 1706px) 100vw, 1706px\" title=\"_MG_6204 (NXPowerLite Copy)\" alt=\"Wooden Rainbow toy - sorting colors game\" loading=\"lazy\" \t\tclass=\"so-widget-image\"\/>\n\t<\/div>\n\n<\/div><\/div><div id=\"panel-20552-0-1-1\" class=\"so-panel widget widget_sow-image\" data-index=\"3\" ><div\n\t\t\t\n\t\t\tclass=\"so-widget-sow-image so-widget-sow-image-default-dbf295114b96-20552\"\n\t\t\t\n\t\t>\n\n<div class=\"sow-image-container\">\n\t\t<img decoding=\"async\" src=\"https:\/\/woodinout.net\/wp-content\/uploads\/2020\/06\/MG_6565-NXPowerLite-Copy.jpg\" width=\"853\" height=\"1280\" srcset=\"https:\/\/woodinout.net\/wp-content\/uploads\/2020\/06\/MG_6565-NXPowerLite-Copy.jpg 853w, https:\/\/woodinout.net\/wp-content\/uploads\/2020\/06\/MG_6565-NXPowerLite-Copy-480x720.jpg 480w, https:\/\/woodinout.net\/wp-content\/uploads\/2020\/06\/MG_6565-NXPowerLite-Copy-800x1200.jpg 800w, https:\/\/woodinout.net\/wp-content\/uploads\/2020\/06\/MG_6565-NXPowerLite-Copy-333x500.jpg 333w, https:\/\/woodinout.net\/wp-content\/uploads\/2020\/06\/MG_6565-NXPowerLite-Copy-533x800.jpg 533w\" sizes=\"(max-width: 853px) 100vw, 853px\" title=\"_MG_6565 (NXPowerLite Copy)\" alt=\"Woodinout Montessori toys team\" loading=\"lazy\" \t\tclass=\"so-widget-image\"\/>\n\t<\/div>\n\n<\/div><\/div><\/div><\/div><\/div><div id=\"pg-20552-1\"  class=\"panel-grid panel-no-style\" ><div id=\"pgc-20552-1-0\"  class=\"panel-grid-cell\" ><div id=\"panel-20552-1-0-0\" class=\"so-panel widget widget_primrose-sow-divider panel-first-child panel-last-child\" data-index=\"5\" ><div\n\t\t\t\n\t\t\tclass=\"so-widget-primrose-sow-divider so-widget-primrose-sow-divider-default-d75171398898-20552\"\n\t\t\t\n\t\t><hr class=\"primrose-sow-divider\"><\/hr><\/div><\/div><\/div><\/div><div id=\"pg-20552-2\"  class=\"panel-grid panel-no-style\" ><div id=\"pgc-20552-2-0\"  class=\"panel-grid-cell\" ><div id=\"panel-20552-2-0-0\" class=\"so-panel widget widget_primrose-sow-counter panel-first-child panel-last-child\" data-index=\"6\" ><div\n\t\t\t\n\t\t\tclass=\"so-widget-primrose-sow-counter so-widget-primrose-sow-counter-default-d75171398898-20552\"\n\t\t\t\n\t\t>\t<div class=\"primrose-sow-counter primrose-sow-alignment-center\" data-duration=\"1000\">\r\n\t\t<div class=\"primrose-sow-counter-number\" style=\"color: #666666\">\r\n\t\t\t<span class=\"counter-up\">24000<\/span>\t\t<\/div><!-- .primrose-sow-counter-number -->\r\n\t\t<div class=\"primrose-sow-counter-caption\">produced more then<\/div>\r\n\t<\/div><!-- .primrose-sow-counter -->\r\n<\/div><\/div><\/div><div id=\"pgc-20552-2-1\"  class=\"panel-grid-cell\" ><div id=\"panel-20552-2-1-0\" class=\"so-panel widget widget_primrose-sow-counter panel-first-child panel-last-child\" data-index=\"7\" ><div\n\t\t\t\n\t\t\tclass=\"so-widget-primrose-sow-counter so-widget-primrose-sow-counter-default-d75171398898-20552\"\n\t\t\t\n\t\t>\t<div class=\"primrose-sow-counter primrose-sow-alignment-center\" data-duration=\"1000\">\r\n\t\t<div class=\"primrose-sow-counter-number\" style=\"color: #666666\">\r\n\t\t\t<span class=\"counter-up\">46.5<\/span>k\t\t<\/div><!-- .primrose-sow-counter-number -->\r\n\t\t<div class=\"primrose-sow-counter-caption\">Facebook followers<\/div>\r\n\t<\/div><!-- .primrose-sow-counter -->\r\n<\/div><\/div><\/div><div id=\"pgc-20552-2-2\"  class=\"panel-grid-cell\" ><div id=\"panel-20552-2-2-0\" class=\"so-panel widget widget_primrose-sow-counter panel-first-child panel-last-child\" data-index=\"8\" ><div\n\t\t\t\n\t\t\tclass=\"so-widget-primrose-sow-counter so-widget-primrose-sow-counter-default-d75171398898-20552\"\n\t\t\t\n\t\t>\t<div class=\"primrose-sow-counter primrose-sow-alignment-center\" data-duration=\"1000\">\r\n\t\t<div class=\"primrose-sow-counter-number\" style=\"color: #666666\">\r\n\t\t\t<span class=\"counter-up\">11000<\/span>\t\t<\/div><!-- .primrose-sow-counter-number -->\r\n\t\t<div class=\"primrose-sow-counter-caption\">subscribers<\/div>\r\n\t<\/div><!-- .primrose-sow-counter -->\r\n<\/div><\/div><\/div><\/div><div id=\"pg-20552-3\"  class=\"panel-grid panel-no-style\" ><div id=\"pgc-20552-3-0\"  class=\"panel-grid-cell\" ><div id=\"panel-20552-3-0-0\" class=\"so-panel widget widget_primrose-sow-divider panel-first-child panel-last-child\" data-index=\"9\" ><div\n\t\t\t\n\t\t\tclass=\"so-widget-primrose-sow-divider so-widget-primrose-sow-divider-default-d75171398898-20552\"\n\t\t\t\n\t\t><hr class=\"primrose-sow-divider\"><\/hr><\/div><\/div><\/div><\/div><div id=\"pg-20552-4\"  class=\"panel-grid panel-no-style\" ><div id=\"pgc-20552-4-0\"  class=\"panel-grid-cell\" ><div id=\"panel-20552-4-0-0\" class=\"so-panel widget widget_primrose-sow-heading panel-first-child panel-last-child\" data-index=\"10\" ><div\n\t\t\t\n\t\t\tclass=\"so-widget-primrose-sow-heading so-widget-primrose-sow-heading-default-d75171398898-20552\"\n\t\t\t\n\t\t><h2 class=\"primrose-sow-heading primrose-sow-alignment-left\">Our Story<\/h2><\/div><\/div><\/div><div id=\"pgc-20552-4-1\"  class=\"panel-grid-cell\" ><div id=\"panel-20552-4-1-0\" class=\"so-panel widget widget_sow-editor panel-first-child panel-last-child\" data-index=\"11\" ><div\n\t\t\t\n\t\t\tclass=\"so-widget-sow-editor so-widget-sow-editor-base\"\n\t\t\t\n\t\t>\n<div class=\"siteorigin-widget-tinymce textwidget\">\n\t<p><strong>Begynnelsen (2013)<\/strong><\/p>\n<p>Selskapet startet i 2013. Vi er spesialister p\u00e5 produksjon av ulike treleker, suvenirer, forretningsgaver, m\u00f8bler og andre on-demand produkter. Mer enn 60 % av produktene v\u00e5re eksporteres til skandinaviske land og USA.<br \/>\nVi er sterke p\u00e5 utvikling og realisering av sm\u00e5 treprodukter. Vi er i stand til \u00e5 lage nye konseptuelle modeller fra id\u00e9 til sluttprodukt.<\/p>\n<\/div>\n<\/div><\/div><\/div><div id=\"pgc-20552-4-2\"  class=\"panel-grid-cell\" ><div id=\"panel-20552-4-2-0\" class=\"so-panel widget widget_sow-editor panel-first-child\" data-index=\"12\" ><div class=\"panel-widget-style panel-widget-style-for-20552-4-2-0\" ><div\n\t\t\t\n\t\t\tclass=\"so-widget-sow-editor so-widget-sow-editor-base\"\n\t\t\t\n\t\t>\n<div class=\"siteorigin-widget-tinymce textwidget\">\n\t<p><strong>Fra 2013 til i dag<\/strong><\/p>\n<p>V\u00e5rt firma vokser hvert \u00e5r mer enn 25%.<\/p>\n<\/div>\n<\/div><\/div><\/div><div id=\"panel-20552-4-2-1\" class=\"so-panel widget widget_primrose-sow-progress-bars panel-last-child\" data-index=\"13\" ><div\n\t\t\t\n\t\t\tclass=\"so-widget-primrose-sow-progress-bars so-widget-primrose-sow-progress-bars-default-d75171398898-20552\"\n\t\t\t\n\t\t>\t<div class=\"primrose-sow-progress-bars \">\r\n\t\t\t\t\t<div class=\"primrose-sow-progress-bar\" data-progress-value=\"100\">\r\n\r\n\t\t\t\t\t\t\t\t\t<div class=\"primrose-sow-progress-bar-title\">2019<\/div>\r\n\t\t\t\t\r\n\t\t\t\t<div class=\"primrose-sow-progress-bar-track\" style=\"background-color: ;\">\r\n\t\t\t\t\t<div class=\"primrose-sow-progress-bar-block\" style=\"width: 0%; background-color: #d2bea0;\">\r\n\t\t\t\t\t\t<div class=\"primrose-sow-progress-bar-percentage\">100<\/div>\r\n\t\t\t\t\t<\/div>\r\n\t\t\t\t<\/div>\r\n\t\t\t<\/div>\r\n\t\t\t\t\t<div class=\"primrose-sow-progress-bar\" data-progress-value=\"67\">\r\n\r\n\t\t\t\t\t\t\t\t\t<div class=\"primrose-sow-progress-bar-title\">2018<\/div>\r\n\t\t\t\t\r\n\t\t\t\t<div class=\"primrose-sow-progress-bar-track\" style=\"background-color: ;\">\r\n\t\t\t\t\t<div class=\"primrose-sow-progress-bar-block\" style=\"width: 0%; background-color: #e5e5e5;\">\r\n\t\t\t\t\t\t<div class=\"primrose-sow-progress-bar-percentage\">67<\/div>\r\n\t\t\t\t\t<\/div>\r\n\t\t\t\t<\/div>\r\n\t\t\t<\/div>\r\n\t\t\t\t\t<div class=\"primrose-sow-progress-bar\" data-progress-value=\"40\">\r\n\r\n\t\t\t\t\t\t\t\t\t<div class=\"primrose-sow-progress-bar-title\">2017<\/div>\r\n\t\t\t\t\r\n\t\t\t\t<div class=\"primrose-sow-progress-bar-track\" style=\"background-color: ;\">\r\n\t\t\t\t\t<div class=\"primrose-sow-progress-bar-block\" style=\"width: 0%; background-color: #e5e5e5;\">\r\n\t\t\t\t\t\t<div class=\"primrose-sow-progress-bar-percentage\">40<\/div>\r\n\t\t\t\t\t<\/div>\r\n\t\t\t\t<\/div>\r\n\t\t\t<\/div>\r\n\t\t\t<\/div>\r\n<\/div><\/div><\/div><\/div><div id=\"pg-20552-5\"  class=\"panel-grid panel-no-style\" ><div id=\"pgc-20552-5-0\"  class=\"panel-grid-cell\" ><div id=\"panel-20552-5-0-0\" class=\"so-panel widget widget_primrose-sow-divider panel-first-child panel-last-child\" data-index=\"14\" ><div\n\t\t\t\n\t\t\tclass=\"so-widget-primrose-sow-divider so-widget-primrose-sow-divider-default-d75171398898-20552\"\n\t\t\t\n\t\t><hr class=\"primrose-sow-divider\"><\/hr><\/div><\/div><\/div><\/div><div id=\"pg-20552-6\"  class=\"panel-grid panel-has-style\" ><div class=\"panel-row-style panel-row-style-for-20552-6\" ><div id=\"pgc-20552-6-0\"  class=\"panel-grid-cell panel-grid-cell-empty\" ><\/div><div id=\"pgc-20552-6-1\"  class=\"panel-grid-cell panel-grid-cell-mobile-last\" ><div id=\"panel-20552-6-1-0\" class=\"so-panel widget widget_primrose-sow-quotes panel-first-child panel-last-child\" data-index=\"15\" ><div\n\t\t\t\n\t\t\tclass=\"so-widget-primrose-sow-quotes so-widget-primrose-sow-quotes-default-d75171398898-20552\"\n\t\t\t\n\t\t>\t<div class=\"primrose-sow-quotes align-center slick\">\r\n\t\t\t\t\t<div class=\"primrose-sow-quote\">\r\n\t\t\t\t<div class=\"primrose-sow-quote-text\">I'm so pleased with how my name puzzles turned out! They are exactly as pictured, and they were so helpful when I asked questions before I placed my order. They're worth more than five stars, can't recommend them as much as they deserve.<\/div>\r\n\t\t\t\t\t\t\t\t\t<div class=\"primrose-sow-quote-name\">Jeanette <\/div>\r\n\t\t\t\t\t\t\t<\/div><!-- .primrose-sow-quotes-item -->\r\n\t\t\t\t\t<div class=\"primrose-sow-quote\">\r\n\t\t\t\t<div class=\"primrose-sow-quote-text\">Beyond my imagination! I absolutely love it. Great communication, beautifully crafted, careful and fast shipping (even internationally). Every detail is flawless. Thank you so so much!!<\/div>\r\n\t\t\t\t\t\t\t\t\t<div class=\"primrose-sow-quote-name\">Meagan<\/div>\r\n\t\t\t\t\t\t\t<\/div><!-- .primrose-sow-quotes-item -->\r\n\t\t\t\t\t<div class=\"primrose-sow-quote\">\r\n\t\t\t\t<div class=\"primrose-sow-quote-text\">Beautifully made! Absolutely gorgeous! The international shipping took a while but that was as expected and we weren't in a hurry to receive it. Would definitely recommend!<\/div>\r\n\t\t\t\t\t\t\t\t\t<div class=\"primrose-sow-quote-name\">Kimberly <\/div>\r\n\t\t\t\t\t\t\t<\/div><!-- .primrose-sow-quotes-item -->\r\n\t\t\t<\/div><!-- .primrose-sow-quotes -->\r\n<\/div><\/div><\/div><div id=\"pgc-20552-6-2\"  class=\"panel-grid-cell panel-grid-cell-empty\" ><\/div><\/div><\/div><\/div>","protected":false},"excerpt":{"rendered":"<p>Smilet ditt inspirerer oss til \u00e5 skape noe flott, noe du gjerne vil ta p\u00e5 og spille. Dette er en historie uten introduksjon, fordi alle store ting ikke har en eksakt startlinje. Det er bare lidenskap og vennskap. Og dette er n\u00f8kkelen til v\u00e5r historie. Helt i starten var vi to familier med fire sm\u00e5barn. [&hellip;]<\/p>\n","protected":false},"author":1,"featured_media":0,"parent":0,"menu_order":0,"comment_status":"closed","ping_status":"closed","template":"page-templates\/blank.php","meta":{"_monsterinsights_skip_tracking":false,"_monsterinsights_sitenote_active":false,"_monsterinsights_sitenote_note":"","_monsterinsights_sitenote_category":0,"footnotes":""},"yoast_head":"<!-- This site is optimized with the Yoast SEO plugin v22.1 - https:\/\/yoast.com\/wordpress\/plugins\/seo\/ -->\n<title>Om oss - Montessori-leker tre Butikk Woodinout \u00a9<\/title>\n<meta name=\"description\" content=\"Milj\u00f8vennlig, h\u00e5ndlaget av h\u00f8ykvalitets l\u00e6ringsleker i massivt tre. F\u00e5 dem og bli med i den store familien av forn\u00f8yde kunder her p\u00e5 Woodinout-butikken.\" \/>\n<meta name=\"robots\" content=\"index, follow, max-snippet:-1, max-image-preview:large, max-video-preview:-1\" \/>\n<link rel=\"canonical\" href=\"https:\/\/woodinout.net\/no\/om-oss\/\" \/>\n<meta property=\"og:locale\" content=\"nb_NO\" \/>\n<meta property=\"og:type\" content=\"article\" \/>\n<meta property=\"og:title\" content=\"Om oss - Montessori-leker tre Butikk Woodinout \u00a9\" \/>\n<meta property=\"og:description\" content=\"Milj\u00f8vennlig, h\u00e5ndlaget av h\u00f8ykvalitets l\u00e6ringsleker i massivt tre. F\u00e5 dem og bli med i den store familien av forn\u00f8yde kunder her p\u00e5 Woodinout-butikken.\" \/>\n<meta property=\"og:url\" content=\"https:\/\/woodinout.net\/no\/om-oss\/\" \/>\n<meta property=\"og:site_name\" content=\"Woodinout \u00a9\" \/>\n<meta property=\"article:modified_time\" content=\"2022-03-13T14:45:58+00:00\" \/>\n<meta name=\"twitter:card\" content=\"summary_large_image\" \/>\n<script type=\"application\/ld+json\" class=\"yoast-schema-graph\">{\"@context\":\"https:\/\/schema.org\",\"@graph\":[{\"@type\":\"WebPage\",\"@id\":\"https:\/\/woodinout.net\/no\/om-oss\/\",\"url\":\"https:\/\/woodinout.net\/no\/om-oss\/\",\"name\":\"Om oss - Montessori-leker tre Butikk Woodinout \u00a9\",\"isPartOf\":{\"@id\":\"https:\/\/woodinout.net\/no\/#website\"},\"datePublished\":\"2016-01-25T00:53:27+00:00\",\"dateModified\":\"2022-03-13T14:45:58+00:00\",\"description\":\"Milj\u00f8vennlig, h\u00e5ndlaget av h\u00f8ykvalitets l\u00e6ringsleker i massivt tre. F\u00e5 dem og bli med i den store familien av forn\u00f8yde kunder her p\u00e5 Woodinout-butikken.\",\"breadcrumb\":{\"@id\":\"https:\/\/woodinout.net\/no\/om-oss\/#breadcrumb\"},\"inLanguage\":\"nb-NO\",\"potentialAction\":[{\"@type\":\"ReadAction\",\"target\":[\"https:\/\/woodinout.net\/no\/om-oss\/\"]}]},{\"@type\":\"BreadcrumbList\",\"@id\":\"https:\/\/woodinout.net\/no\/om-oss\/#breadcrumb\",\"itemListElement\":[{\"@type\":\"ListItem\",\"position\":1,\"name\":\"Home\",\"item\":\"https:\/\/woodinout.net\/no\/\"},{\"@type\":\"ListItem\",\"position\":2,\"name\":\"Om oss\"}]},{\"@type\":\"WebSite\",\"@id\":\"https:\/\/woodinout.net\/no\/#website\",\"url\":\"https:\/\/woodinout.net\/no\/\",\"name\":\"Woodinout \u00a9\",\"description\":\"Wooden Montessori toys, gifts, home and events decor details\",\"potentialAction\":[{\"@type\":\"SearchAction\",\"target\":{\"@type\":\"EntryPoint\",\"urlTemplate\":\"https:\/\/woodinout.net\/no\/?s={search_term_string}\"},\"query-input\":\"required name=search_term_string\"}],\"inLanguage\":\"nb-NO\"}]}<\/script>\n<!-- \/ Yoast SEO plugin. -->","yoast_head_json":{"title":"Om oss - Montessori-leker tre Butikk Woodinout \u00a9","description":"Milj\u00f8vennlig, h\u00e5ndlaget av h\u00f8ykvalitets l\u00e6ringsleker i massivt tre. F\u00e5 dem og bli med i den store familien av forn\u00f8yde kunder her p\u00e5 Woodinout-butikken.","robots":{"index":"index","follow":"follow","max-snippet":"max-snippet:-1","max-image-preview":"max-image-preview:large","max-video-preview":"max-video-preview:-1"},"canonical":"https:\/\/woodinout.net\/no\/om-oss\/","og_locale":"nb_NO","og_type":"article","og_title":"Om oss - Montessori-leker tre Butikk Woodinout \u00a9","og_description":"Milj\u00f8vennlig, h\u00e5ndlaget av h\u00f8ykvalitets l\u00e6ringsleker i massivt tre. F\u00e5 dem og bli med i den store familien av forn\u00f8yde kunder her p\u00e5 Woodinout-butikken.","og_url":"https:\/\/woodinout.net\/no\/om-oss\/","og_site_name":"Woodinout \u00a9","article_modified_time":"2022-03-13T14:45:58+00:00","twitter_card":"summary_large_image","schema":{"@context":"https:\/\/schema.org","@graph":[{"@type":"WebPage","@id":"https:\/\/woodinout.net\/no\/om-oss\/","url":"https:\/\/woodinout.net\/no\/om-oss\/","name":"Om oss - Montessori-leker tre Butikk Woodinout \u00a9","isPartOf":{"@id":"https:\/\/woodinout.net\/no\/#website"},"datePublished":"2016-01-25T00:53:27+00:00","dateModified":"2022-03-13T14:45:58+00:00","description":"Milj\u00f8vennlig, h\u00e5ndlaget av h\u00f8ykvalitets l\u00e6ringsleker i massivt tre. F\u00e5 dem og bli med i den store familien av forn\u00f8yde kunder her p\u00e5 Woodinout-butikken.","breadcrumb":{"@id":"https:\/\/woodinout.net\/no\/om-oss\/#breadcrumb"},"inLanguage":"nb-NO","potentialAction":[{"@type":"ReadAction","target":["https:\/\/woodinout.net\/no\/om-oss\/"]}]},{"@type":"BreadcrumbList","@id":"https:\/\/woodinout.net\/no\/om-oss\/#breadcrumb","itemListElement":[{"@type":"ListItem","position":1,"name":"Home","item":"https:\/\/woodinout.net\/no\/"},{"@type":"ListItem","position":2,"name":"Om oss"}]},{"@type":"WebSite","@id":"https:\/\/woodinout.net\/no\/#website","url":"https:\/\/woodinout.net\/no\/","name":"Woodinout \u00a9","description":"Wooden Montessori toys, gifts, home and events decor details","potentialAction":[{"@type":"SearchAction","target":{"@type":"EntryPoint","urlTemplate":"https:\/\/woodinout.net\/no\/?s={search_term_string}"},"query-input":"required name=search_term_string"}],"inLanguage":"nb-NO"}]}},"_links":{"self":[{"href":"https:\/\/woodinout.net\/no\/wp-json\/wp\/v2\/pages\/20552"}],"collection":[{"href":"https:\/\/woodinout.net\/no\/wp-json\/wp\/v2\/pages"}],"about":[{"href":"https:\/\/woodinout.net\/no\/wp-json\/wp\/v2\/types\/page"}],"author":[{"embeddable":true,"href":"https:\/\/woodinout.net\/no\/wp-json\/wp\/v2\/users\/1"}],"replies":[{"embeddable":true,"href":"https:\/\/woodinout.net\/no\/wp-json\/wp\/v2\/comments?post=20552"}],"version-history":[{"count":1,"href":"https:\/\/woodinout.net\/no\/wp-json\/wp\/v2\/pages\/20552\/revisions"}],"predecessor-version":[{"id":20562,"href":"https:\/\/woodinout.net\/no\/wp-json\/wp\/v2\/pages\/20552\/revisions\/20562"}],"wp:attachment":[{"href":"https:\/\/woodinout.net\/no\/wp-json\/wp\/v2\/media?parent=20552"}],"curies":[{"name":"wp","href":"https:\/\/api.w.org\/{rel}","templated":true}]}}