{"id":20478,"date":"2016-01-13T05:12:32","date_gmt":"2016-01-13T03:12:32","guid":{"rendered":"https:\/\/woodinout.net\/min-konto\/"},"modified":"2022-03-12T17:15:36","modified_gmt":"2022-03-12T15:15:36","slug":"min-konto","status":"publish","type":"page","link":"https:\/\/woodinout.net\/no\/min-konto\/","title":{"rendered":"Min konto"},"content":{"rendered":"<div class=\"woocommerce\"><\/div>\n","protected":false},"excerpt":{"rendered":"","protected":false},"author":1,"featured_media":0,"parent":0,"menu_order":0,"comment_status":"closed","ping_status":"closed","template":"page-templates\/narrow-width.php","meta":{"_monsterinsights_skip_tracking":false,"_monsterinsights_sitenote_active":false,"_monsterinsights_sitenote_note":"","_monsterinsights_sitenote_category":0,"footnotes":""},"yoast_head":"<!-- This site is optimized with the Yoast SEO plugin v22.1 - https:\/\/yoast.com\/wordpress\/plugins\/seo\/ -->\n<title>Min konto - Montessori-leker tre - Butikk Woodinout \u00a9<\/title>\n<meta name=\"description\" content=\"Milj\u00f8vennlig, h\u00e5ndlaget av h\u00f8ykvalitets l\u00e6ringsleker i massivt tre. F\u00e5 dem og bli med i den store familien av forn\u00f8yde kunder her p\u00e5 Woodinout-butikken.\" \/>\n<meta name=\"robots\" content=\"index, follow, max-snippet:-1, max-image-preview:large, max-video-preview:-1\" \/>\n<link rel=\"canonical\" href=\"https:\/\/woodinout.net\/no\/min-konto\/\" \/>\n<meta property=\"og:locale\" content=\"nb_NO\" \/>\n<meta property=\"og:type\" content=\"article\" \/>\n<meta property=\"og:title\" content=\"Min konto - Montessori-leker tre - Butikk Woodinout \u00a9\" \/>\n<meta property=\"og:description\" content=\"Milj\u00f8vennlig, h\u00e5ndlaget av h\u00f8ykvalitets l\u00e6ringsleker i massivt tre. F\u00e5 dem og bli med i den store familien av forn\u00f8yde kunder her p\u00e5 Woodinout-butikken.\" \/>\n<meta property=\"og:url\" content=\"https:\/\/woodinout.net\/no\/min-konto\/\" \/>\n<meta property=\"og:site_name\" content=\"Woodinout \u00a9\" \/>\n<meta property=\"article:modified_time\" content=\"2022-03-12T15:15:36+00:00\" \/>\n<meta name=\"twitter:card\" content=\"summary_large_image\" \/>\n<script type=\"application\/ld+json\" class=\"yoast-schema-graph\">{\"@context\":\"https:\/\/schema.org\",\"@graph\":[{\"@type\":\"WebPage\",\"@id\":\"https:\/\/woodinout.net\/no\/min-konto\/\",\"url\":\"https:\/\/woodinout.net\/no\/min-konto\/\",\"name\":\"Min konto - Montessori-leker tre - Butikk Woodinout \u00a9\",\"isPartOf\":{\"@id\":\"https:\/\/woodinout.net\/no\/#website\"},\"datePublished\":\"2016-01-13T03:12:32+00:00\",\"dateModified\":\"2022-03-12T15:15:36+00:00\",\"description\":\"Milj\u00f8vennlig, h\u00e5ndlaget av h\u00f8ykvalitets l\u00e6ringsleker i massivt tre. F\u00e5 dem og bli med i den store familien av forn\u00f8yde kunder her p\u00e5 Woodinout-butikken.\",\"breadcrumb\":{\"@id\":\"https:\/\/woodinout.net\/no\/min-konto\/#breadcrumb\"},\"inLanguage\":\"nb-NO\",\"potentialAction\":[{\"@type\":\"ReadAction\",\"target\":[\"https:\/\/woodinout.net\/no\/min-konto\/\"]}]},{\"@type\":\"BreadcrumbList\",\"@id\":\"https:\/\/woodinout.net\/no\/min-konto\/#breadcrumb\",\"itemListElement\":[{\"@type\":\"ListItem\",\"position\":1,\"name\":\"Home\",\"item\":\"https:\/\/woodinout.net\/no\/\"},{\"@type\":\"ListItem\",\"position\":2,\"name\":\"Min konto\"}]},{\"@type\":\"WebSite\",\"@id\":\"https:\/\/woodinout.net\/no\/#website\",\"url\":\"https:\/\/woodinout.net\/no\/\",\"name\":\"Woodinout \u00a9\",\"description\":\"Wooden Montessori toys, gifts, home and events decor details\",\"potentialAction\":[{\"@type\":\"SearchAction\",\"target\":{\"@type\":\"EntryPoint\",\"urlTemplate\":\"https:\/\/woodinout.net\/no\/?s={search_term_string}\"},\"query-input\":\"required name=search_term_string\"}],\"inLanguage\":\"nb-NO\"}]}<\/script>\n<!-- \/ Yoast SEO plugin. -->","yoast_head_json":{"title":"Min konto - Montessori-leker tre - Butikk Woodinout \u00a9","description":"Milj\u00f8vennlig, h\u00e5ndlaget av h\u00f8ykvalitets l\u00e6ringsleker i massivt tre. F\u00e5 dem og bli med i den store familien av forn\u00f8yde kunder her p\u00e5 Woodinout-butikken.","robots":{"index":"index","follow":"follow","max-snippet":"max-snippet:-1","max-image-preview":"max-image-preview:large","max-video-preview":"max-video-preview:-1"},"canonical":"https:\/\/woodinout.net\/no\/min-konto\/","og_locale":"nb_NO","og_type":"article","og_title":"Min konto - Montessori-leker tre - Butikk Woodinout \u00a9","og_description":"Milj\u00f8vennlig, h\u00e5ndlaget av h\u00f8ykvalitets l\u00e6ringsleker i massivt tre. F\u00e5 dem og bli med i den store familien av forn\u00f8yde kunder her p\u00e5 Woodinout-butikken.","og_url":"https:\/\/woodinout.net\/no\/min-konto\/","og_site_name":"Woodinout \u00a9","article_modified_time":"2022-03-12T15:15:36+00:00","twitter_card":"summary_large_image","schema":{"@context":"https:\/\/schema.org","@graph":[{"@type":"WebPage","@id":"https:\/\/woodinout.net\/no\/min-konto\/","url":"https:\/\/woodinout.net\/no\/min-konto\/","name":"Min konto - Montessori-leker tre - Butikk Woodinout \u00a9","isPartOf":{"@id":"https:\/\/woodinout.net\/no\/#website"},"datePublished":"2016-01-13T03:12:32+00:00","dateModified":"2022-03-12T15:15:36+00:00","description":"Milj\u00f8vennlig, h\u00e5ndlaget av h\u00f8ykvalitets l\u00e6ringsleker i massivt tre. F\u00e5 dem og bli med i den store familien av forn\u00f8yde kunder her p\u00e5 Woodinout-butikken.","breadcrumb":{"@id":"https:\/\/woodinout.net\/no\/min-konto\/#breadcrumb"},"inLanguage":"nb-NO","potentialAction":[{"@type":"ReadAction","target":["https:\/\/woodinout.net\/no\/min-konto\/"]}]},{"@type":"BreadcrumbList","@id":"https:\/\/woodinout.net\/no\/min-konto\/#breadcrumb","itemListElement":[{"@type":"ListItem","position":1,"name":"Home","item":"https:\/\/woodinout.net\/no\/"},{"@type":"ListItem","position":2,"name":"Min konto"}]},{"@type":"WebSite","@id":"https:\/\/woodinout.net\/no\/#website","url":"https:\/\/woodinout.net\/no\/","name":"Woodinout \u00a9","description":"Wooden Montessori toys, gifts, home and events decor details","potentialAction":[{"@type":"SearchAction","target":{"@type":"EntryPoint","urlTemplate":"https:\/\/woodinout.net\/no\/?s={search_term_string}"},"query-input":"required name=search_term_string"}],"inLanguage":"nb-NO"}]}},"_links":{"self":[{"href":"https:\/\/woodinout.net\/no\/wp-json\/wp\/v2\/pages\/20478"}],"collection":[{"href":"https:\/\/woodinout.net\/no\/wp-json\/wp\/v2\/pages"}],"about":[{"href":"https:\/\/woodinout.net\/no\/wp-json\/wp\/v2\/types\/page"}],"author":[{"embeddable":true,"href":"https:\/\/woodinout.net\/no\/wp-json\/wp\/v2\/users\/1"}],"replies":[{"embeddable":true,"href":"https:\/\/woodinout.net\/no\/wp-json\/wp\/v2\/comments?post=20478"}],"version-history":[{"count":1,"href":"https:\/\/woodinout.net\/no\/wp-json\/wp\/v2\/pages\/20478\/revisions"}],"predecessor-version":[{"id":20484,"href":"https:\/\/woodinout.net\/no\/wp-json\/wp\/v2\/pages\/20478\/revisions\/20484"}],"wp:attachment":[{"href":"https:\/\/woodinout.net\/no\/wp-json\/wp\/v2\/media?parent=20478"}],"curies":[{"name":"wp","href":"https:\/\/api.w.org\/{rel}","templated":true}]}}