{"id":22097,"date":"2020-06-20T23:45:09","date_gmt":"2020-06-20T20:45:09","guid":{"rendered":"https:\/\/woodinout.net\/product\/houten-boogschietspeelgoed-pijl-en-boog\/"},"modified":"2022-04-28T10:25:31","modified_gmt":"2022-04-28T07:25:31","slug":"houten-boogschieten-pijl-en-boog","status":"publish","type":"product","link":"https:\/\/woodinout.net\/nl\/product\/houten-boogschieten-pijl-en-boog\/","title":{"rendered":"Houten boogschietspeelgoed, pijl en boog"},"content":{"rendered":"<p>Houten boogschietspeelgoed met boog en kleurrijke pijlen gemaakt om waardevol gepersonaliseerd peutercadeau te zijn. Waldorf speelgoed is nummer \u00e9\u00e9n bekend om hun doen alsof spelen &amp; outdoor games. Deze houten pijl en boog zijn erop ge\u00efnspireerd. Leuk leren is precies het doel van deze boogschietspeelgoedset. Houten speelgoed is tegenwoordig het antwoord op unieke jongens- en meisjescadeaus. Duurzaam, stijlvol en milieuvriendelijk. Houten boogschieten pijl en boog zijn niet alleen een van de leukste fantasierijke spelen, maar ook stijlvolle kinderkamer inrichting toevoeging.<\/p>\n<p>Vind <a href=\"https:\/\/woodinout.net\/product-tag\/gifts-for-18-month-old\/\">hier<\/a> meer peutercadeau-idee\u00ebn.<\/p>\n<p>Kit bevat van:<br \/>\nHouten strik<br \/>\n5 stuks van houten pijlen<\/p>\n<p>DIMENSIES:<\/p>\n<p>Hoogte: ~ 18 inch (45cm)<br \/>\nDikte: ~ 0,6 inch (1,5 cm)<\/p>\n<p>KLEUREN EN MATERIALEN:<br \/>\nKleur: natuurlijk of bruin geolied.<br \/>\nMateriaal: Speelgoed is gemaakt van NATUURLIJK MASSIEF HARDHOUT.<br \/>\nHoud er rekening mee dat kleuren kunnen vari\u00ebren als gevolg van de instellingen van het computerscherm en de verlichting.<\/p>\n<p>Voor meer idee\u00ebn, volg ons op <a href=\"https:\/\/www.instagram.com\/woodinout\/\">INSTAGRAM<\/a> &amp; <a href=\"https:\/\/www.facebook.com\/Woodinout.net\">FACEBOOK<\/a><\/p>\n","protected":false},"excerpt":{"rendered":"<p>Houten boogschietspeelgoed met boog en kleurrijke pijlen gemaakt om waardevol gepersonaliseerd peutercadeau te zijn. Waldorf speelgoed is nummer \u00e9\u00e9n bekend om hun doen alsof spelen &amp; outdoor games. Deze houten pijl en boog zijn erop ge\u00efnspireerd. Leuk leren is precies het doel van deze boogschietspeelgoedset. Houten speelgoed is tegenwoordig het antwoord op unieke jongens- en [&hellip;]<\/p>\n","protected":false},"featured_media":17438,"template":"","meta":{"_monsterinsights_skip_tracking":false,"_monsterinsights_sitenote_active":false,"_monsterinsights_sitenote_note":"","_monsterinsights_sitenote_category":0},"product_cat":[2508,1737],"product_tag":[2511,1755,2428,1742,1744,2427,1740,1754,1748,2509,2510,1752],"yoast_head":"<!-- This site is optimized with the Yoast SEO plugin v22.1 - https:\/\/yoast.com\/wordpress\/plugins\/seo\/ -->\n<title>Houten boogschietspeelgoed, pijl en boog - Woodinout \u00a9<\/title>\n<meta name=\"description\" content=\"Houten boog en pijlen - kinderen boogschieten speelgoed set voor doen alsof spelen. Gepersonaliseerd cadeau voor peuters. Natuurlijk, duurzaam, waldorf ge\u00efnspireerd speelgoed.\" \/>\n<meta name=\"robots\" content=\"index, follow, max-snippet:-1, max-image-preview:large, max-video-preview:-1\" \/>\n<link rel=\"canonical\" href=\"https:\/\/woodinout.net\/nl\/product\/houten-boogschieten-pijl-en-boog\/\" \/>\n<meta property=\"og:locale\" content=\"nl_NL\" \/>\n<meta property=\"og:type\" content=\"article\" \/>\n<meta property=\"og:title\" content=\"Houten boogschietspeelgoed, pijl en boog - Woodinout \u00a9\" \/>\n<meta property=\"og:description\" content=\"Houten boog en pijlen - kinderen boogschieten speelgoed set voor doen alsof spelen. Gepersonaliseerd cadeau voor peuters. Natuurlijk, duurzaam, waldorf ge\u00efnspireerd speelgoed.\" \/>\n<meta property=\"og:url\" content=\"https:\/\/woodinout.net\/nl\/product\/houten-boogschieten-pijl-en-boog\/\" \/>\n<meta property=\"og:site_name\" content=\"Woodinout \u00a9\" \/>\n<meta property=\"article:modified_time\" content=\"2022-04-28T07:25:31+00:00\" \/>\n<meta property=\"og:image\" content=\"https:\/\/woodinout.net\/wp-content\/uploads\/2020\/06\/Wooden-archery-bow-and-arrows-3.jpg\" \/>\n\t<meta property=\"og:image:width\" content=\"853\" \/>\n\t<meta property=\"og:image:height\" content=\"1280\" \/>\n\t<meta property=\"og:image:type\" content=\"image\/jpeg\" \/>\n<meta name=\"twitter:card\" content=\"summary_large_image\" \/>\n<meta name=\"twitter:label1\" content=\"Geschatte leestijd\" \/>\n\t<meta name=\"twitter:data1\" content=\"1 minuut\" \/>\n<script type=\"application\/ld+json\" class=\"yoast-schema-graph\">{\"@context\":\"https:\/\/schema.org\",\"@graph\":[{\"@type\":\"WebPage\",\"@id\":\"https:\/\/woodinout.net\/nl\/product\/houten-boogschieten-pijl-en-boog\/\",\"url\":\"https:\/\/woodinout.net\/nl\/product\/houten-boogschieten-pijl-en-boog\/\",\"name\":\"Houten boogschietspeelgoed, pijl en boog - Woodinout \u00a9\",\"isPartOf\":{\"@id\":\"https:\/\/woodinout.net\/nl\/#website\"},\"datePublished\":\"2020-06-20T20:45:09+00:00\",\"dateModified\":\"2022-04-28T07:25:31+00:00\",\"description\":\"Houten boog en pijlen - kinderen boogschieten speelgoed set voor doen alsof spelen. Gepersonaliseerd cadeau voor peuters. Natuurlijk, duurzaam, waldorf ge\u00efnspireerd speelgoed.\",\"breadcrumb\":{\"@id\":\"https:\/\/woodinout.net\/nl\/product\/houten-boogschieten-pijl-en-boog\/#breadcrumb\"},\"inLanguage\":\"nl-NL\",\"potentialAction\":[{\"@type\":\"ReadAction\",\"target\":[\"https:\/\/woodinout.net\/nl\/product\/houten-boogschieten-pijl-en-boog\/\"]}]},{\"@type\":\"BreadcrumbList\",\"@id\":\"https:\/\/woodinout.net\/nl\/product\/houten-boogschieten-pijl-en-boog\/#breadcrumb\",\"itemListElement\":[{\"@type\":\"ListItem\",\"position\":1,\"name\":\"Home\",\"item\":\"https:\/\/woodinout.net\/nl\/\"},{\"@type\":\"ListItem\",\"position\":2,\"name\":\"Shop\",\"item\":\"https:\/\/woodinout.net\/shop\/\"},{\"@type\":\"ListItem\",\"position\":3,\"name\":\"Houten boogschietspeelgoed, pijl en boog\"}]},{\"@type\":\"WebSite\",\"@id\":\"https:\/\/woodinout.net\/nl\/#website\",\"url\":\"https:\/\/woodinout.net\/nl\/\",\"name\":\"Woodinout \u00a9\",\"description\":\"Wooden Montessori toys, gifts, home and events decor details\",\"potentialAction\":[{\"@type\":\"SearchAction\",\"target\":{\"@type\":\"EntryPoint\",\"urlTemplate\":\"https:\/\/woodinout.net\/nl\/?s={search_term_string}\"},\"query-input\":\"required name=search_term_string\"}],\"inLanguage\":\"nl-NL\"}]}<\/script>\n<!-- \/ Yoast SEO plugin. -->","yoast_head_json":{"title":"Houten boogschietspeelgoed, pijl en boog - Woodinout \u00a9","description":"Houten boog en pijlen - kinderen boogschieten speelgoed set voor doen alsof spelen. Gepersonaliseerd cadeau voor peuters. Natuurlijk, duurzaam, waldorf ge\u00efnspireerd speelgoed.","robots":{"index":"index","follow":"follow","max-snippet":"max-snippet:-1","max-image-preview":"max-image-preview:large","max-video-preview":"max-video-preview:-1"},"canonical":"https:\/\/woodinout.net\/nl\/product\/houten-boogschieten-pijl-en-boog\/","og_locale":"nl_NL","og_type":"article","og_title":"Houten boogschietspeelgoed, pijl en boog - Woodinout \u00a9","og_description":"Houten boog en pijlen - kinderen boogschieten speelgoed set voor doen alsof spelen. Gepersonaliseerd cadeau voor peuters. Natuurlijk, duurzaam, waldorf ge\u00efnspireerd speelgoed.","og_url":"https:\/\/woodinout.net\/nl\/product\/houten-boogschieten-pijl-en-boog\/","og_site_name":"Woodinout \u00a9","article_modified_time":"2022-04-28T07:25:31+00:00","og_image":[{"width":853,"height":1280,"url":"https:\/\/woodinout.net\/wp-content\/uploads\/2020\/06\/Wooden-archery-bow-and-arrows-3.jpg","type":"image\/jpeg"}],"twitter_card":"summary_large_image","twitter_misc":{"Geschatte leestijd":"1 minuut"},"schema":{"@context":"https:\/\/schema.org","@graph":[{"@type":"WebPage","@id":"https:\/\/woodinout.net\/nl\/product\/houten-boogschieten-pijl-en-boog\/","url":"https:\/\/woodinout.net\/nl\/product\/houten-boogschieten-pijl-en-boog\/","name":"Houten boogschietspeelgoed, pijl en boog - Woodinout \u00a9","isPartOf":{"@id":"https:\/\/woodinout.net\/nl\/#website"},"datePublished":"2020-06-20T20:45:09+00:00","dateModified":"2022-04-28T07:25:31+00:00","description":"Houten boog en pijlen - kinderen boogschieten speelgoed set voor doen alsof spelen. Gepersonaliseerd cadeau voor peuters. Natuurlijk, duurzaam, waldorf ge\u00efnspireerd speelgoed.","breadcrumb":{"@id":"https:\/\/woodinout.net\/nl\/product\/houten-boogschieten-pijl-en-boog\/#breadcrumb"},"inLanguage":"nl-NL","potentialAction":[{"@type":"ReadAction","target":["https:\/\/woodinout.net\/nl\/product\/houten-boogschieten-pijl-en-boog\/"]}]},{"@type":"BreadcrumbList","@id":"https:\/\/woodinout.net\/nl\/product\/houten-boogschieten-pijl-en-boog\/#breadcrumb","itemListElement":[{"@type":"ListItem","position":1,"name":"Home","item":"https:\/\/woodinout.net\/nl\/"},{"@type":"ListItem","position":2,"name":"Shop","item":"https:\/\/woodinout.net\/shop\/"},{"@type":"ListItem","position":3,"name":"Houten boogschietspeelgoed, pijl en boog"}]},{"@type":"WebSite","@id":"https:\/\/woodinout.net\/nl\/#website","url":"https:\/\/woodinout.net\/nl\/","name":"Woodinout \u00a9","description":"Wooden Montessori toys, gifts, home and events decor details","potentialAction":[{"@type":"SearchAction","target":{"@type":"EntryPoint","urlTemplate":"https:\/\/woodinout.net\/nl\/?s={search_term_string}"},"query-input":"required name=search_term_string"}],"inLanguage":"nl-NL"}]}},"_links":{"self":[{"href":"https:\/\/woodinout.net\/nl\/wp-json\/wp\/v2\/product\/22097"}],"collection":[{"href":"https:\/\/woodinout.net\/nl\/wp-json\/wp\/v2\/product"}],"about":[{"href":"https:\/\/woodinout.net\/nl\/wp-json\/wp\/v2\/types\/product"}],"wp:featuredmedia":[{"embeddable":true,"href":"https:\/\/woodinout.net\/nl\/wp-json\/wp\/v2\/media\/17438"}],"wp:attachment":[{"href":"https:\/\/woodinout.net\/nl\/wp-json\/wp\/v2\/media?parent=22097"}],"wp:term":[{"taxonomy":"product_cat","embeddable":true,"href":"https:\/\/woodinout.net\/nl\/wp-json\/wp\/v2\/product_cat?post=22097"},{"taxonomy":"product_tag","embeddable":true,"href":"https:\/\/woodinout.net\/nl\/wp-json\/wp\/v2\/product_tag?post=22097"}],"curies":[{"name":"wp","href":"https:\/\/api.w.org\/{rel}","templated":true}]}}