{"id":21959,"date":"2020-06-30T22:51:44","date_gmt":"2020-06-30T19:51:44","guid":{"rendered":"https:\/\/woodinout.net\/product\/wiskundige-cirkel-houten-wiskundige-manipulatieven\/"},"modified":"2022-04-22T12:29:58","modified_gmt":"2022-04-22T09:29:58","slug":"wiskunde-ring-voor-getallen-en-tellen","status":"publish","type":"product","link":"https:\/\/woodinout.net\/nl\/product\/wiskunde-ring-voor-getallen-en-tellen\/","title":{"rendered":"Wiskundige cirkel (houten wiskundige manipulatieven)"},"content":{"rendered":"<p>Montessori wiskundige manipulatieven inspireerden ons om deze houten wiskundige ring \/ cirkel te maken. Leerspeelgoed is altijd de beste handgemaakte cadeaus voor kinderen. Op zoek naar wiskundecadeaus &#8211; krijg dit vermenigvuldigingsbord en PLEZIER SPELEN met getallen en tellen is gegarandeerd! Een.. Twee.. TIEN tellen met VREUGDE! Optellen, aftrekken, vermenigvuldigen &#8211; alles op \u00e9\u00e9n houten wiel. Handgemaakt en zorgvuldig beschilderd met milieuvriendelijke verf &#8211; veilig om te spelen. Montessori-leerspeelgoed is onze passie &#8211; dit is wat we het beste doen. Sluit je aan bij de familie van tevreden klanten bij Woodinout.<\/p>\n<p>Kit bevat van:<br \/>\nHouten vermenigvuldigingsplank<br \/>\nHouten cirkel met wiskundige symbolen<br \/>\n12 Houten cirkelblokken met cijfers van 1 tot 12<br \/>\n144 eenheden houten munten met nummers van 1 tot 144<\/p>\n<p>DIMENSIES<\/p>\n<p>Hoofdbord<br \/>\nDiameter: ~ 6,7 inch<br \/>\nDikte: ~0.6 inches<\/p>\n<p>KLEUREN EN MATERIAAL<br \/>\nKleur: donkerbruin en natuurlijk geolied.<br \/>\nSpeelgoed is gemaakt van NATUURLIJK MASSIEF HOUT en multiplex.<br \/>\nHoud er rekening mee dat kleuren kunnen vari\u00ebren als gevolg van de instellingen van het computerscherm en de verlichting.<\/p>\n<div style=\"width: 1080px;\" class=\"wp-video\"><!--[if lt IE 9]><script>document.createElement('video');<\/script><![endif]-->\n<video class=\"wp-video-shortcode\" id=\"video-21959-1\" width=\"1080\" height=\"810\" preload=\"metadata\" controls=\"controls\"><source type=\"video\/mp4\" src=\"http:\/\/woodinout.net\/wp-content\/uploads\/2020\/06\/MEDINIS_19.mp4?_=1\" \/><a href=\"http:\/\/woodinout.net\/wp-content\/uploads\/2020\/06\/MEDINIS_19.mp4\">http:\/\/woodinout.net\/wp-content\/uploads\/2020\/06\/MEDINIS_19.mp4<\/a><\/video><\/div>\n","protected":false},"excerpt":{"rendered":"<p>Montessori wiskundige manipulatieven inspireerden ons om deze houten wiskundige ring \/ cirkel te maken. Leerspeelgoed is altijd de beste handgemaakte cadeaus voor kinderen. Op zoek naar wiskundecadeaus &#8211; krijg dit vermenigvuldigingsbord en PLEZIER SPELEN met getallen en tellen is gegarandeerd! Een.. Twee.. TIEN tellen met VREUGDE! Optellen, aftrekken, vermenigvuldigen &#8211; alles op \u00e9\u00e9n houten wiel. [&hellip;]<\/p>\n","protected":false},"featured_media":18270,"template":"","meta":{"_monsterinsights_skip_tracking":false,"_monsterinsights_sitenote_active":false,"_monsterinsights_sitenote_note":"","_monsterinsights_sitenote_category":0},"product_cat":[1737,1794],"product_tag":[1755,1742,1744,1740,1754,1762,1748,1752,1760,1761,2445,1759,2449],"yoast_head":"<!-- This site is optimized with the Yoast SEO plugin v22.1 - https:\/\/yoast.com\/wordpress\/plugins\/seo\/ -->\n<title>Wiskundige cirkel (houten wiskundige manipulatieven) - Woodinout \u00a9<\/title>\n<meta name=\"description\" content=\"Wiskunde cirkel handgemaakt van massief hout voor Joyfull wiskunde leren. Optellen, afdalen, vermenigvuldigen, delen - alles in \u00e9\u00e9n Montessori ge\u00efnspireerd speelgoed.\" \/>\n<meta name=\"robots\" content=\"index, follow, max-snippet:-1, max-image-preview:large, max-video-preview:-1\" \/>\n<link rel=\"canonical\" href=\"https:\/\/woodinout.net\/nl\/product\/wiskunde-ring-voor-getallen-en-tellen\/\" \/>\n<meta property=\"og:locale\" content=\"nl_NL\" \/>\n<meta property=\"og:type\" content=\"article\" \/>\n<meta property=\"og:title\" content=\"Wiskundige cirkel (houten wiskundige manipulatieven) - Woodinout \u00a9\" \/>\n<meta property=\"og:description\" content=\"Wiskunde cirkel handgemaakt van massief hout voor Joyfull wiskunde leren. Optellen, afdalen, vermenigvuldigen, delen - alles in \u00e9\u00e9n Montessori ge\u00efnspireerd speelgoed.\" \/>\n<meta property=\"og:url\" content=\"https:\/\/woodinout.net\/nl\/product\/wiskunde-ring-voor-getallen-en-tellen\/\" \/>\n<meta property=\"og:site_name\" content=\"Woodinout \u00a9\" \/>\n<meta property=\"article:modified_time\" content=\"2022-04-22T09:29:58+00:00\" \/>\n<meta property=\"og:image\" content=\"https:\/\/woodinout.net\/wp-content\/uploads\/2020\/06\/Math-ring-for-numbers-and-counting-1.jpg\" \/>\n\t<meta property=\"og:image:width\" content=\"853\" \/>\n\t<meta property=\"og:image:height\" content=\"1280\" \/>\n\t<meta property=\"og:image:type\" content=\"image\/jpeg\" \/>\n<meta name=\"twitter:card\" content=\"summary_large_image\" \/>\n<meta name=\"twitter:label1\" content=\"Geschatte leestijd\" \/>\n\t<meta name=\"twitter:data1\" content=\"1 minuut\" \/>\n<script type=\"application\/ld+json\" class=\"yoast-schema-graph\">{\"@context\":\"https:\/\/schema.org\",\"@graph\":[{\"@type\":\"WebPage\",\"@id\":\"https:\/\/woodinout.net\/nl\/product\/wiskunde-ring-voor-getallen-en-tellen\/\",\"url\":\"https:\/\/woodinout.net\/nl\/product\/wiskunde-ring-voor-getallen-en-tellen\/\",\"name\":\"Wiskundige cirkel (houten wiskundige manipulatieven) - Woodinout \u00a9\",\"isPartOf\":{\"@id\":\"https:\/\/woodinout.net\/nl\/#website\"},\"datePublished\":\"2020-06-30T19:51:44+00:00\",\"dateModified\":\"2022-04-22T09:29:58+00:00\",\"description\":\"Wiskunde cirkel handgemaakt van massief hout voor Joyfull wiskunde leren. Optellen, afdalen, vermenigvuldigen, delen - alles in \u00e9\u00e9n Montessori ge\u00efnspireerd speelgoed.\",\"breadcrumb\":{\"@id\":\"https:\/\/woodinout.net\/nl\/product\/wiskunde-ring-voor-getallen-en-tellen\/#breadcrumb\"},\"inLanguage\":\"nl-NL\",\"potentialAction\":[{\"@type\":\"ReadAction\",\"target\":[\"https:\/\/woodinout.net\/nl\/product\/wiskunde-ring-voor-getallen-en-tellen\/\"]}]},{\"@type\":\"BreadcrumbList\",\"@id\":\"https:\/\/woodinout.net\/nl\/product\/wiskunde-ring-voor-getallen-en-tellen\/#breadcrumb\",\"itemListElement\":[{\"@type\":\"ListItem\",\"position\":1,\"name\":\"Home\",\"item\":\"https:\/\/woodinout.net\/nl\/\"},{\"@type\":\"ListItem\",\"position\":2,\"name\":\"Shop\",\"item\":\"https:\/\/woodinout.net\/shop\/\"},{\"@type\":\"ListItem\",\"position\":3,\"name\":\"Wiskundige cirkel (houten wiskundige manipulatieven)\"}]},{\"@type\":\"WebSite\",\"@id\":\"https:\/\/woodinout.net\/nl\/#website\",\"url\":\"https:\/\/woodinout.net\/nl\/\",\"name\":\"Woodinout \u00a9\",\"description\":\"Wooden Montessori toys, gifts, home and events decor details\",\"potentialAction\":[{\"@type\":\"SearchAction\",\"target\":{\"@type\":\"EntryPoint\",\"urlTemplate\":\"https:\/\/woodinout.net\/nl\/?s={search_term_string}\"},\"query-input\":\"required name=search_term_string\"}],\"inLanguage\":\"nl-NL\"}]}<\/script>\n<!-- \/ Yoast SEO plugin. -->","yoast_head_json":{"title":"Wiskundige cirkel (houten wiskundige manipulatieven) - Woodinout \u00a9","description":"Wiskunde cirkel handgemaakt van massief hout voor Joyfull wiskunde leren. Optellen, afdalen, vermenigvuldigen, delen - alles in \u00e9\u00e9n Montessori ge\u00efnspireerd speelgoed.","robots":{"index":"index","follow":"follow","max-snippet":"max-snippet:-1","max-image-preview":"max-image-preview:large","max-video-preview":"max-video-preview:-1"},"canonical":"https:\/\/woodinout.net\/nl\/product\/wiskunde-ring-voor-getallen-en-tellen\/","og_locale":"nl_NL","og_type":"article","og_title":"Wiskundige cirkel (houten wiskundige manipulatieven) - Woodinout \u00a9","og_description":"Wiskunde cirkel handgemaakt van massief hout voor Joyfull wiskunde leren. Optellen, afdalen, vermenigvuldigen, delen - alles in \u00e9\u00e9n Montessori ge\u00efnspireerd speelgoed.","og_url":"https:\/\/woodinout.net\/nl\/product\/wiskunde-ring-voor-getallen-en-tellen\/","og_site_name":"Woodinout \u00a9","article_modified_time":"2022-04-22T09:29:58+00:00","og_image":[{"width":853,"height":1280,"url":"https:\/\/woodinout.net\/wp-content\/uploads\/2020\/06\/Math-ring-for-numbers-and-counting-1.jpg","type":"image\/jpeg"}],"twitter_card":"summary_large_image","twitter_misc":{"Geschatte leestijd":"1 minuut"},"schema":{"@context":"https:\/\/schema.org","@graph":[{"@type":"WebPage","@id":"https:\/\/woodinout.net\/nl\/product\/wiskunde-ring-voor-getallen-en-tellen\/","url":"https:\/\/woodinout.net\/nl\/product\/wiskunde-ring-voor-getallen-en-tellen\/","name":"Wiskundige cirkel (houten wiskundige manipulatieven) - Woodinout \u00a9","isPartOf":{"@id":"https:\/\/woodinout.net\/nl\/#website"},"datePublished":"2020-06-30T19:51:44+00:00","dateModified":"2022-04-22T09:29:58+00:00","description":"Wiskunde cirkel handgemaakt van massief hout voor Joyfull wiskunde leren. Optellen, afdalen, vermenigvuldigen, delen - alles in \u00e9\u00e9n Montessori ge\u00efnspireerd speelgoed.","breadcrumb":{"@id":"https:\/\/woodinout.net\/nl\/product\/wiskunde-ring-voor-getallen-en-tellen\/#breadcrumb"},"inLanguage":"nl-NL","potentialAction":[{"@type":"ReadAction","target":["https:\/\/woodinout.net\/nl\/product\/wiskunde-ring-voor-getallen-en-tellen\/"]}]},{"@type":"BreadcrumbList","@id":"https:\/\/woodinout.net\/nl\/product\/wiskunde-ring-voor-getallen-en-tellen\/#breadcrumb","itemListElement":[{"@type":"ListItem","position":1,"name":"Home","item":"https:\/\/woodinout.net\/nl\/"},{"@type":"ListItem","position":2,"name":"Shop","item":"https:\/\/woodinout.net\/shop\/"},{"@type":"ListItem","position":3,"name":"Wiskundige cirkel (houten wiskundige manipulatieven)"}]},{"@type":"WebSite","@id":"https:\/\/woodinout.net\/nl\/#website","url":"https:\/\/woodinout.net\/nl\/","name":"Woodinout \u00a9","description":"Wooden Montessori toys, gifts, home and events decor details","potentialAction":[{"@type":"SearchAction","target":{"@type":"EntryPoint","urlTemplate":"https:\/\/woodinout.net\/nl\/?s={search_term_string}"},"query-input":"required name=search_term_string"}],"inLanguage":"nl-NL"}]}},"_links":{"self":[{"href":"https:\/\/woodinout.net\/nl\/wp-json\/wp\/v2\/product\/21959"}],"collection":[{"href":"https:\/\/woodinout.net\/nl\/wp-json\/wp\/v2\/product"}],"about":[{"href":"https:\/\/woodinout.net\/nl\/wp-json\/wp\/v2\/types\/product"}],"wp:featuredmedia":[{"embeddable":true,"href":"https:\/\/woodinout.net\/nl\/wp-json\/wp\/v2\/media\/18270"}],"wp:attachment":[{"href":"https:\/\/woodinout.net\/nl\/wp-json\/wp\/v2\/media?parent=21959"}],"wp:term":[{"taxonomy":"product_cat","embeddable":true,"href":"https:\/\/woodinout.net\/nl\/wp-json\/wp\/v2\/product_cat?post=21959"},{"taxonomy":"product_tag","embeddable":true,"href":"https:\/\/woodinout.net\/nl\/wp-json\/wp\/v2\/product_tag?post=21959"}],"curies":[{"name":"wp","href":"https:\/\/api.w.org\/{rel}","templated":true}]}}