{"id":20976,"date":"2016-08-04T09:36:11","date_gmt":"2016-08-04T06:36:11","guid":{"rendered":"https:\/\/woodinout.net\/diensten\/"},"modified":"2016-08-04T09:36:11","modified_gmt":"2016-08-04T06:36:11","slug":"diensten","status":"publish","type":"page","link":"https:\/\/woodinout.net\/nl\/diensten\/","title":{"rendered":"Diensten"},"content":{"rendered":"<p><strong>Lasergraveren<\/strong><\/p>\n<p>Lasergraveren op hout, multiplex, acryl \/ organisch glas, leer, wordt gedaan met behulp van hoogwaardige apparatuur met CO2-laserbron. Gegraveerde objecten kunnen in verschillende maten zijn: van de kleinste tot 600mm * 900mm. De hoogte van een object kan oplopen tot 300 mm.<\/p>\n<p><strong>Lasersnijden<\/strong><\/p>\n<p>Lasersnijden van hout, multiplex, acrylglas, leer, papier, karton, wordt gedaan met behulp van hoogwaardige apparatuur met CO2-laserbron. Verschillende snijdieptes zijn mogelijk.<\/p>\n<p>&nbsp;<\/p>\n<p><strong>CNC frezen<\/strong><\/p>\n<p>Wij bieden CNC frezen van hardhout, multiplex, MDF, acryl \/ organisch glas. Werkgebied is 1500mm * 3000mm, luchtgekoelde 6kW HSD (Itali\u00eb) spindel is ge\u00efnstalleerd in deze machine. Vullen is ook mogelijk. We ontwerpen 3D-reli\u00ebfs die later door een CNC-machine kunnen worden gefreesd.<\/p>\n<p>&nbsp;<\/p>\n<p>&nbsp;<\/p>\n<p><strong>Hardhoutverwerking<\/strong><\/p>\n<p>Wij zijn in staat om hardhouten platen te verwerken. Onze aangeboden diensten omvatten dwarssnijden, frezen, slijpen, schaven, enz. Neem contact met ons op via e-mail of telefoon voor meer gedetailleerde informatie.<\/p>\n<p><strong>&nbsp;<\/strong><\/p>\n<p><strong>Speciale\/aangepaste bestellingen<\/strong><\/p>\n<p>Als u een idee heeft dat u wilt realiseren , neem dan contact met ons op en wij zullen het produceren. Wij ontwerpen en produceren gepersonaliseerde geschenken, relatiegeschenken, interieurdecoraties, meubels, enz. Wij bieden u een volledig pakket \u2013 van het ontwerp tot de uiteindelijke productie.<\/p>\n","protected":false},"excerpt":{"rendered":"<p>Lasergraveren Lasergraveren op hout, multiplex, acryl \/ organisch glas, leer, wordt gedaan met behulp van hoogwaardige apparatuur met CO2-laserbron. Gegraveerde objecten kunnen in verschillende maten zijn: van de kleinste tot 600mm * 900mm. De hoogte van een object kan oplopen tot 300 mm. Lasersnijden Lasersnijden van hout, multiplex, acrylglas, leer, papier, karton, wordt gedaan met [&hellip;]<\/p>\n","protected":false},"author":1,"featured_media":0,"parent":0,"menu_order":0,"comment_status":"closed","ping_status":"closed","template":"","meta":{"_monsterinsights_skip_tracking":false,"_monsterinsights_sitenote_active":false,"_monsterinsights_sitenote_note":"","_monsterinsights_sitenote_category":0,"footnotes":""},"yoast_head":"<!-- This site is optimized with the Yoast SEO plugin v22.1 - https:\/\/yoast.com\/wordpress\/plugins\/seo\/ -->\n<title>Diensten Houten Montessori speelgoed - Woodinout \u00a9 -<\/title>\n<meta name=\"description\" content=\"Milieuvriendelijk, handgemaakt van hoogwaardig massief houten leerspeelgoed. Koop ze en sluit je aan bij de grote familie van tevreden klanten hier bij Woodinout shop.\" \/>\n<meta name=\"robots\" content=\"index, follow, max-snippet:-1, max-image-preview:large, max-video-preview:-1\" \/>\n<link rel=\"canonical\" href=\"https:\/\/woodinout.net\/nl\/diensten\/\" \/>\n<meta property=\"og:locale\" content=\"nl_NL\" \/>\n<meta property=\"og:type\" content=\"article\" \/>\n<meta property=\"og:title\" content=\"Diensten Houten Montessori speelgoed - Woodinout \u00a9 -\" \/>\n<meta property=\"og:description\" content=\"Milieuvriendelijk, handgemaakt van hoogwaardig massief houten leerspeelgoed. Koop ze en sluit je aan bij de grote familie van tevreden klanten hier bij Woodinout shop.\" \/>\n<meta property=\"og:url\" content=\"https:\/\/woodinout.net\/nl\/diensten\/\" \/>\n<meta property=\"og:site_name\" content=\"Woodinout \u00a9\" \/>\n<meta name=\"twitter:card\" content=\"summary_large_image\" \/>\n<meta name=\"twitter:label1\" content=\"Geschatte leestijd\" \/>\n\t<meta name=\"twitter:data1\" content=\"1 minuut\" \/>\n<script type=\"application\/ld+json\" class=\"yoast-schema-graph\">{\"@context\":\"https:\/\/schema.org\",\"@graph\":[{\"@type\":\"WebPage\",\"@id\":\"https:\/\/woodinout.net\/nl\/diensten\/\",\"url\":\"https:\/\/woodinout.net\/nl\/diensten\/\",\"name\":\"Diensten Houten Montessori speelgoed - Woodinout \u00a9 -\",\"isPartOf\":{\"@id\":\"https:\/\/woodinout.net\/nl\/#website\"},\"datePublished\":\"2016-08-04T06:36:11+00:00\",\"dateModified\":\"2016-08-04T06:36:11+00:00\",\"description\":\"Milieuvriendelijk, handgemaakt van hoogwaardig massief houten leerspeelgoed. Koop ze en sluit je aan bij de grote familie van tevreden klanten hier bij Woodinout shop.\",\"breadcrumb\":{\"@id\":\"https:\/\/woodinout.net\/nl\/diensten\/#breadcrumb\"},\"inLanguage\":\"nl-NL\",\"potentialAction\":[{\"@type\":\"ReadAction\",\"target\":[\"https:\/\/woodinout.net\/nl\/diensten\/\"]}]},{\"@type\":\"BreadcrumbList\",\"@id\":\"https:\/\/woodinout.net\/nl\/diensten\/#breadcrumb\",\"itemListElement\":[{\"@type\":\"ListItem\",\"position\":1,\"name\":\"Home\",\"item\":\"https:\/\/woodinout.net\/nl\/\"},{\"@type\":\"ListItem\",\"position\":2,\"name\":\"Diensten\"}]},{\"@type\":\"WebSite\",\"@id\":\"https:\/\/woodinout.net\/nl\/#website\",\"url\":\"https:\/\/woodinout.net\/nl\/\",\"name\":\"Woodinout \u00a9\",\"description\":\"Wooden Montessori toys, gifts, home and events decor details\",\"potentialAction\":[{\"@type\":\"SearchAction\",\"target\":{\"@type\":\"EntryPoint\",\"urlTemplate\":\"https:\/\/woodinout.net\/nl\/?s={search_term_string}\"},\"query-input\":\"required name=search_term_string\"}],\"inLanguage\":\"nl-NL\"}]}<\/script>\n<!-- \/ Yoast SEO plugin. -->","yoast_head_json":{"title":"Diensten Houten Montessori speelgoed - Woodinout \u00a9 -","description":"Milieuvriendelijk, handgemaakt van hoogwaardig massief houten leerspeelgoed. Koop ze en sluit je aan bij de grote familie van tevreden klanten hier bij Woodinout shop.","robots":{"index":"index","follow":"follow","max-snippet":"max-snippet:-1","max-image-preview":"max-image-preview:large","max-video-preview":"max-video-preview:-1"},"canonical":"https:\/\/woodinout.net\/nl\/diensten\/","og_locale":"nl_NL","og_type":"article","og_title":"Diensten Houten Montessori speelgoed - Woodinout \u00a9 -","og_description":"Milieuvriendelijk, handgemaakt van hoogwaardig massief houten leerspeelgoed. Koop ze en sluit je aan bij de grote familie van tevreden klanten hier bij Woodinout shop.","og_url":"https:\/\/woodinout.net\/nl\/diensten\/","og_site_name":"Woodinout \u00a9","twitter_card":"summary_large_image","twitter_misc":{"Geschatte leestijd":"1 minuut"},"schema":{"@context":"https:\/\/schema.org","@graph":[{"@type":"WebPage","@id":"https:\/\/woodinout.net\/nl\/diensten\/","url":"https:\/\/woodinout.net\/nl\/diensten\/","name":"Diensten Houten Montessori speelgoed - Woodinout \u00a9 -","isPartOf":{"@id":"https:\/\/woodinout.net\/nl\/#website"},"datePublished":"2016-08-04T06:36:11+00:00","dateModified":"2016-08-04T06:36:11+00:00","description":"Milieuvriendelijk, handgemaakt van hoogwaardig massief houten leerspeelgoed. Koop ze en sluit je aan bij de grote familie van tevreden klanten hier bij Woodinout shop.","breadcrumb":{"@id":"https:\/\/woodinout.net\/nl\/diensten\/#breadcrumb"},"inLanguage":"nl-NL","potentialAction":[{"@type":"ReadAction","target":["https:\/\/woodinout.net\/nl\/diensten\/"]}]},{"@type":"BreadcrumbList","@id":"https:\/\/woodinout.net\/nl\/diensten\/#breadcrumb","itemListElement":[{"@type":"ListItem","position":1,"name":"Home","item":"https:\/\/woodinout.net\/nl\/"},{"@type":"ListItem","position":2,"name":"Diensten"}]},{"@type":"WebSite","@id":"https:\/\/woodinout.net\/nl\/#website","url":"https:\/\/woodinout.net\/nl\/","name":"Woodinout \u00a9","description":"Wooden Montessori toys, gifts, home and events decor details","potentialAction":[{"@type":"SearchAction","target":{"@type":"EntryPoint","urlTemplate":"https:\/\/woodinout.net\/nl\/?s={search_term_string}"},"query-input":"required name=search_term_string"}],"inLanguage":"nl-NL"}]}},"_links":{"self":[{"href":"https:\/\/woodinout.net\/nl\/wp-json\/wp\/v2\/pages\/20976"}],"collection":[{"href":"https:\/\/woodinout.net\/nl\/wp-json\/wp\/v2\/pages"}],"about":[{"href":"https:\/\/woodinout.net\/nl\/wp-json\/wp\/v2\/types\/page"}],"author":[{"embeddable":true,"href":"https:\/\/woodinout.net\/nl\/wp-json\/wp\/v2\/users\/1"}],"replies":[{"embeddable":true,"href":"https:\/\/woodinout.net\/nl\/wp-json\/wp\/v2\/comments?post=20976"}],"version-history":[{"count":0,"href":"https:\/\/woodinout.net\/nl\/wp-json\/wp\/v2\/pages\/20976\/revisions"}],"wp:attachment":[{"href":"https:\/\/woodinout.net\/nl\/wp-json\/wp\/v2\/media?parent=20976"}],"curies":[{"name":"wp","href":"https:\/\/api.w.org\/{rel}","templated":true}]}}