{"id":20732,"date":"2015-12-03T10:34:31","date_gmt":"2015-12-03T08:34:31","guid":{"rendered":"https:\/\/woodinout.net\/%ea%b8%b0%ec%97%85%ec%9a%a9\/"},"modified":"2015-12-03T10:34:31","modified_gmt":"2015-12-03T08:34:31","slug":"%ea%b8%b0%ec%97%85%ec%9a%a9","status":"publish","type":"page","link":"https:\/\/woodinout.net\/ko\/%ea%b8%b0%ec%97%85%ec%9a%a9\/","title":{"rendered":"\uae30\uc5c5\uc6a9"},"content":{"rendered":"<p>Kvie\u010diame \ubca4\ub4dc\ub77c\ube44\uc544\uc6b0\ud2f0 interjero dizainerius, \u0161ven\u010di\u0173 \ub370\ucf54\ub77c\ud1a0\ub808\uc2a4, planuotojas, kitas\u00e9mones. \uc81c\uc774 \ud29c\ub9ac\ud14c \uc544\uc774\ub514\uc5d0\uc774\ub4dc &#8211; mes j\u00fd galime \u015fgyvendinti! \uc218\uc9c0\uce74\uc774\ud2b8!<\/p>\n<p>&nbsp;<\/p>\n<h4>\ubca0\ub974\uc2ac\ub85c dovan\u0173 \uac8c\uc774\ubc14<\/h4>\n<p>\ucfe0\ub9ac\uc544\uba54, \uac00\ubbf8\ub124\uc784 \ubca0\ub974\uc2ac\ub85c \ub3c4\ubc14\ub098\uc2a4 \uc774\uc2dc \uba54\uc9c0\uc624 ir kit\u0173 med\u017eiag\u0173. Galime sukurti pagal J\u016bs\u0173 veiklos srit\u015f, verslo \uc9c0\uc815. \uadf8\ub77c\ube44\ub8e8\uc790\uba54, \ud504\ub808\uc8fc\uc790\uba54 \ub85c\uace0\ud301\uc5b4 \ub974 \ud0a4\uc5d0\uc774\ubaac<\/p>\n<p>&nbsp;<\/p>\n<h4>Dekoracij\u0173 \uc288\ubca4\ud2b8\uc5d0\uc784 \uac00\ubbf8\ubc14<\/h4>\n<p>\uac00\ubbf8\ub124\uc784\uc5d4\ubc14\uc774\ub77c\uc6b0\uc2a4 \u0161ven\u010di\u0173 \ub370\ucf54\ub77c\uc2dc\ud558\uc2a4<\/p>\n<h4><\/h4>\n<h4>\u012e\u0161kab\u0173, logotip\u0173, \u017eenkl\u0173<\/h4>\n<p>&nbsp;<\/p>\n<h4>Apdovanojim\u0173 \ucfe0\ub9ac\ub9c8\uc2a4 \uc774\ub974 \uac8c\ubbf8\ubc14<\/h4>\n<p>\ucfe0\ub9ac\uc544\uba54 \uc774\ub974 \uac00\ubbf8\ub124\uc784 \uc544\ud504\ub3c4\ubc14\ub178\uc9c0\ubb34\uc2a4\ubc14\uc774\ub9ac\uc624\ub984 \u012fmoni\u0173, organizacij\u0173.<\/p>\n<h4><\/h4>\n<h4>\uc778\ud130\uc81c\ub85c \uc624\uc138\ub77c\uc774<\/h4>\n<p>\uac00\ubbf8\ub124\uc784 interjero \ub370\ucf54\ub85c \uc5d8\ub9ac\uba3c\ud2b8, \uc544\uc8fc\ub9b0<\/p>\n<h4><\/h4>\n<h4>Bald\u0173 \uac8c\uc774\ubc14<\/h4>\n<p>\ucfe0\ub9ac\uc544\uba54 \uc774\ub974 \uac00\ubbf8\ub124\uc774\ub124\uc774\uc800\ube44\ub124\ud2f0\ub204\uc2a4 \ub300\ub450\uc2a4.<\/p>\n","protected":false},"excerpt":{"rendered":"<p>Kvie\u010diame \ubca4\ub4dc\ub77c\ube44\uc544\uc6b0\ud2f0 interjero dizainerius, \u0161ven\u010di\u0173 \ub370\ucf54\ub77c\ud1a0\ub808\uc2a4, planuotojas, kitas\u00e9mones. \uc81c\uc774 \ud29c\ub9ac\ud14c \uc544\uc774\ub514\uc5d0\uc774\ub4dc &#8211; mes j\u00fd galime \u015fgyvendinti! \uc218\uc9c0\uce74\uc774\ud2b8! &nbsp; \ubca0\ub974\uc2ac\ub85c dovan\u0173 \uac8c\uc774\ubc14 \ucfe0\ub9ac\uc544\uba54, \uac00\ubbf8\ub124\uc784 \ubca0\ub974\uc2ac\ub85c \ub3c4\ubc14\ub098\uc2a4 \uc774\uc2dc \uba54\uc9c0\uc624 ir kit\u0173 med\u017eiag\u0173. Galime sukurti pagal J\u016bs\u0173 veiklos srit\u015f, verslo \uc9c0\uc815. \uadf8\ub77c\ube44\ub8e8\uc790\uba54, \ud504\ub808\uc8fc\uc790\uba54 \ub85c\uace0\ud301\uc5b4 \ub974 \ud0a4\uc5d0\uc774\ubaac &nbsp; Dekoracij\u0173 \uc288\ubca4\ud2b8\uc5d0\uc784 \uac00\ubbf8\ubc14 \uac00\ubbf8\ub124\uc784\uc5d4\ubc14\uc774\ub77c\uc6b0\uc2a4 \u0161ven\u010di\u0173 \ub370\ucf54\ub77c\uc2dc\ud558\uc2a4 \u012e\u0161kab\u0173, logotip\u0173, \u017eenkl\u0173 &nbsp; Apdovanojim\u0173 [&hellip;]<\/p>\n","protected":false},"author":1,"featured_media":0,"parent":0,"menu_order":0,"comment_status":"closed","ping_status":"closed","template":"","meta":{"_monsterinsights_skip_tracking":false,"_monsterinsights_sitenote_active":false,"_monsterinsights_sitenote_note":"","_monsterinsights_sitenote_category":0,"footnotes":""},"yoast_head":"<!-- This site is optimized with the Yoast SEO plugin v22.1 - https:\/\/yoast.com\/wordpress\/plugins\/seo\/ -->\n<title>\uae30\uc5c5\uc6a9 - \ub098\ubb34 \uc7a5\ub09c\uac10 \ud559\uc2b5 \uc790\ub8cc Woodinout \u00a9<\/title>\n<meta name=\"description\" content=\"\ubaac\ud14c\uc18c\ub9ac\uc5d0\uc11c \uc601\uac10\uc744 \ubc1b\uc740 \ud559\uc2b5 \uc790\ub8cc\uc778 \ub098\ubb34 \uc7a5\ub09c\uac10. Woodinout \uac00\uc871\uc774 \ub9cc\ub4e0 \ub2e8\ub2e8\ud55c \ub098\ubb34\ub85c \ub9cc\ub4e0 Handmade - \ud658\uacbd \uce5c\ud654\uc801 \uc778 \uc7a5\ub09c\uac10.\" \/>\n<meta name=\"robots\" content=\"index, follow, max-snippet:-1, max-image-preview:large, max-video-preview:-1\" \/>\n<link rel=\"canonical\" href=\"https:\/\/woodinout.net\/ko\/%ea%b8%b0%ec%97%85%ec%9a%a9\/\" \/>\n<meta property=\"og:locale\" content=\"ko_KR\" \/>\n<meta property=\"og:type\" content=\"article\" \/>\n<meta property=\"og:title\" content=\"\uae30\uc5c5\uc6a9 - \ub098\ubb34 \uc7a5\ub09c\uac10 \ud559\uc2b5 \uc790\ub8cc Woodinout \u00a9\" \/>\n<meta property=\"og:description\" content=\"\ubaac\ud14c\uc18c\ub9ac\uc5d0\uc11c \uc601\uac10\uc744 \ubc1b\uc740 \ud559\uc2b5 \uc790\ub8cc\uc778 \ub098\ubb34 \uc7a5\ub09c\uac10. Woodinout \uac00\uc871\uc774 \ub9cc\ub4e0 \ub2e8\ub2e8\ud55c \ub098\ubb34\ub85c \ub9cc\ub4e0 Handmade - \ud658\uacbd \uce5c\ud654\uc801 \uc778 \uc7a5\ub09c\uac10.\" \/>\n<meta property=\"og:url\" content=\"https:\/\/woodinout.net\/ko\/%ea%b8%b0%ec%97%85%ec%9a%a9\/\" \/>\n<meta property=\"og:site_name\" content=\"Woodinout \u00a9\" \/>\n<meta name=\"twitter:card\" content=\"summary_large_image\" \/>\n<script type=\"application\/ld+json\" class=\"yoast-schema-graph\">{\"@context\":\"https:\/\/schema.org\",\"@graph\":[{\"@type\":\"WebPage\",\"@id\":\"https:\/\/woodinout.net\/ko\/%ea%b8%b0%ec%97%85%ec%9a%a9\/\",\"url\":\"https:\/\/woodinout.net\/ko\/%ea%b8%b0%ec%97%85%ec%9a%a9\/\",\"name\":\"\uae30\uc5c5\uc6a9 - \ub098\ubb34 \uc7a5\ub09c\uac10 \ud559\uc2b5 \uc790\ub8cc Woodinout \u00a9\",\"isPartOf\":{\"@id\":\"https:\/\/woodinout.net\/ko\/#website\"},\"datePublished\":\"2015-12-03T08:34:31+00:00\",\"dateModified\":\"2015-12-03T08:34:31+00:00\",\"description\":\"\ubaac\ud14c\uc18c\ub9ac\uc5d0\uc11c \uc601\uac10\uc744 \ubc1b\uc740 \ud559\uc2b5 \uc790\ub8cc\uc778 \ub098\ubb34 \uc7a5\ub09c\uac10. Woodinout \uac00\uc871\uc774 \ub9cc\ub4e0 \ub2e8\ub2e8\ud55c \ub098\ubb34\ub85c \ub9cc\ub4e0 Handmade - \ud658\uacbd \uce5c\ud654\uc801 \uc778 \uc7a5\ub09c\uac10.\",\"breadcrumb\":{\"@id\":\"https:\/\/woodinout.net\/ko\/%ea%b8%b0%ec%97%85%ec%9a%a9\/#breadcrumb\"},\"inLanguage\":\"ko-KR\",\"potentialAction\":[{\"@type\":\"ReadAction\",\"target\":[\"https:\/\/woodinout.net\/ko\/%ea%b8%b0%ec%97%85%ec%9a%a9\/\"]}]},{\"@type\":\"BreadcrumbList\",\"@id\":\"https:\/\/woodinout.net\/ko\/%ea%b8%b0%ec%97%85%ec%9a%a9\/#breadcrumb\",\"itemListElement\":[{\"@type\":\"ListItem\",\"position\":1,\"name\":\"Home\",\"item\":\"https:\/\/woodinout.net\/ko\/\"},{\"@type\":\"ListItem\",\"position\":2,\"name\":\"\uae30\uc5c5\uc6a9\"}]},{\"@type\":\"WebSite\",\"@id\":\"https:\/\/woodinout.net\/ko\/#website\",\"url\":\"https:\/\/woodinout.net\/ko\/\",\"name\":\"Woodinout \u00a9\",\"description\":\"Wooden Montessori toys, gifts, home and events decor details\",\"potentialAction\":[{\"@type\":\"SearchAction\",\"target\":{\"@type\":\"EntryPoint\",\"urlTemplate\":\"https:\/\/woodinout.net\/ko\/?s={search_term_string}\"},\"query-input\":\"required name=search_term_string\"}],\"inLanguage\":\"ko-KR\"}]}<\/script>\n<!-- \/ Yoast SEO plugin. -->","yoast_head_json":{"title":"\uae30\uc5c5\uc6a9 - \ub098\ubb34 \uc7a5\ub09c\uac10 \ud559\uc2b5 \uc790\ub8cc Woodinout \u00a9","description":"\ubaac\ud14c\uc18c\ub9ac\uc5d0\uc11c \uc601\uac10\uc744 \ubc1b\uc740 \ud559\uc2b5 \uc790\ub8cc\uc778 \ub098\ubb34 \uc7a5\ub09c\uac10. Woodinout \uac00\uc871\uc774 \ub9cc\ub4e0 \ub2e8\ub2e8\ud55c \ub098\ubb34\ub85c \ub9cc\ub4e0 Handmade - \ud658\uacbd \uce5c\ud654\uc801 \uc778 \uc7a5\ub09c\uac10.","robots":{"index":"index","follow":"follow","max-snippet":"max-snippet:-1","max-image-preview":"max-image-preview:large","max-video-preview":"max-video-preview:-1"},"canonical":"https:\/\/woodinout.net\/ko\/%ea%b8%b0%ec%97%85%ec%9a%a9\/","og_locale":"ko_KR","og_type":"article","og_title":"\uae30\uc5c5\uc6a9 - \ub098\ubb34 \uc7a5\ub09c\uac10 \ud559\uc2b5 \uc790\ub8cc Woodinout \u00a9","og_description":"\ubaac\ud14c\uc18c\ub9ac\uc5d0\uc11c \uc601\uac10\uc744 \ubc1b\uc740 \ud559\uc2b5 \uc790\ub8cc\uc778 \ub098\ubb34 \uc7a5\ub09c\uac10. Woodinout \uac00\uc871\uc774 \ub9cc\ub4e0 \ub2e8\ub2e8\ud55c \ub098\ubb34\ub85c \ub9cc\ub4e0 Handmade - \ud658\uacbd \uce5c\ud654\uc801 \uc778 \uc7a5\ub09c\uac10.","og_url":"https:\/\/woodinout.net\/ko\/%ea%b8%b0%ec%97%85%ec%9a%a9\/","og_site_name":"Woodinout \u00a9","twitter_card":"summary_large_image","schema":{"@context":"https:\/\/schema.org","@graph":[{"@type":"WebPage","@id":"https:\/\/woodinout.net\/ko\/%ea%b8%b0%ec%97%85%ec%9a%a9\/","url":"https:\/\/woodinout.net\/ko\/%ea%b8%b0%ec%97%85%ec%9a%a9\/","name":"\uae30\uc5c5\uc6a9 - \ub098\ubb34 \uc7a5\ub09c\uac10 \ud559\uc2b5 \uc790\ub8cc Woodinout \u00a9","isPartOf":{"@id":"https:\/\/woodinout.net\/ko\/#website"},"datePublished":"2015-12-03T08:34:31+00:00","dateModified":"2015-12-03T08:34:31+00:00","description":"\ubaac\ud14c\uc18c\ub9ac\uc5d0\uc11c \uc601\uac10\uc744 \ubc1b\uc740 \ud559\uc2b5 \uc790\ub8cc\uc778 \ub098\ubb34 \uc7a5\ub09c\uac10. Woodinout \uac00\uc871\uc774 \ub9cc\ub4e0 \ub2e8\ub2e8\ud55c \ub098\ubb34\ub85c \ub9cc\ub4e0 Handmade - \ud658\uacbd \uce5c\ud654\uc801 \uc778 \uc7a5\ub09c\uac10.","breadcrumb":{"@id":"https:\/\/woodinout.net\/ko\/%ea%b8%b0%ec%97%85%ec%9a%a9\/#breadcrumb"},"inLanguage":"ko-KR","potentialAction":[{"@type":"ReadAction","target":["https:\/\/woodinout.net\/ko\/%ea%b8%b0%ec%97%85%ec%9a%a9\/"]}]},{"@type":"BreadcrumbList","@id":"https:\/\/woodinout.net\/ko\/%ea%b8%b0%ec%97%85%ec%9a%a9\/#breadcrumb","itemListElement":[{"@type":"ListItem","position":1,"name":"Home","item":"https:\/\/woodinout.net\/ko\/"},{"@type":"ListItem","position":2,"name":"\uae30\uc5c5\uc6a9"}]},{"@type":"WebSite","@id":"https:\/\/woodinout.net\/ko\/#website","url":"https:\/\/woodinout.net\/ko\/","name":"Woodinout \u00a9","description":"Wooden Montessori toys, gifts, home and events decor details","potentialAction":[{"@type":"SearchAction","target":{"@type":"EntryPoint","urlTemplate":"https:\/\/woodinout.net\/ko\/?s={search_term_string}"},"query-input":"required name=search_term_string"}],"inLanguage":"ko-KR"}]}},"_links":{"self":[{"href":"https:\/\/woodinout.net\/ko\/wp-json\/wp\/v2\/pages\/20732"}],"collection":[{"href":"https:\/\/woodinout.net\/ko\/wp-json\/wp\/v2\/pages"}],"about":[{"href":"https:\/\/woodinout.net\/ko\/wp-json\/wp\/v2\/types\/page"}],"author":[{"embeddable":true,"href":"https:\/\/woodinout.net\/ko\/wp-json\/wp\/v2\/users\/1"}],"replies":[{"embeddable":true,"href":"https:\/\/woodinout.net\/ko\/wp-json\/wp\/v2\/comments?post=20732"}],"version-history":[{"count":0,"href":"https:\/\/woodinout.net\/ko\/wp-json\/wp\/v2\/pages\/20732\/revisions"}],"wp:attachment":[{"href":"https:\/\/woodinout.net\/ko\/wp-json\/wp\/v2\/media?parent=20732"}],"curies":[{"name":"wp","href":"https:\/\/api.w.org\/{rel}","templated":true}]}}