{"id":20961,"date":"2015-12-03T10:34:31","date_gmt":"2015-12-03T08:34:31","guid":{"rendered":"https:\/\/woodinout.net\/%e4%bc%81%e6%a5%ad%e5%90%91%e3%81%91\/"},"modified":"2015-12-03T10:34:31","modified_gmt":"2015-12-03T08:34:31","slug":"%e4%bc%81%e6%a5%ad%e5%90%91%e3%81%91","status":"publish","type":"page","link":"https:\/\/woodinout.net\/ja\/%e4%bc%81%e6%a5%ad%e5%90%91%e3%81%91\/","title":{"rendered":"\u4f01\u696d\u5411\u3051"},"content":{"rendered":"<p>\u30af\u30f4\u30a3\u30a8\u30c1\u30a2\u30e1\u30fb\u30d9\u30f3\u30c0\u30ec\u30fc\u30c0\u30d3\u30aa\u30fc\u30c6\u30a3\u30fb\u30a4\u30f3\u30bf\u30fc\u30b8\u30a7\u30ed\u30fb\u30c7\u30a3\u30b6\u30a4\u30cd\u30ea\u30a6\u30b9\u3001\u0161ven\u010di\u0173\u30c7\u30b3\u30e9\u30c8\u30fc\u30ec\u3001\u30d7\u30e9\u30cc\u30aa\u30c8\u30cf\u30b9\u3001\u30ad\u30bf\u30b9\u30fb\u012fmones\u3002 \u30b8\u30a7\u30a4\u30fb\u30c8\u30a5\u30e9\u30a4\u30c8\u30fb\u30a4\u30c7\u30e8\u30f3 &#8211; \u30e1\u30b9\u30fb\u30e8\u30f3\u30b9\u30fb\u30ac\u30ea\u30e1\u012fgyvendinti! \u30b9\u30fc\u30b8\u30fc\u30ab\u30a4\u30c8!<\/p>\n<p>&nbsp;<\/p>\n<h4>\u30f4\u30a7\u30eb\u30b9\u30ed\u30fbdovan\u0173\u30ac\u30df\u30fc\u30d0<\/h4>\n<p>\u30af\u30ea\u30a2\u30e1\u3001\u30ac\u30df\u540d\u30f4\u30a7\u30eb\u30b9\u30ed\u30fb\u30c9\u30f4\u30a1\u30ca\u30b9\u30fb\u30a4\u30b7\u30e5\u30fb\u30e1\u30b8\u30a7\u30b7\u30aa\u30fb\u30a4\u30eb\u30fbkit\u0173 med\u017eiag\u0173\u3002 \u30ac\u30e9\u30a4\u30e0\u30fb\u30b9\u30af\u30eb\u30c6\u30a3\u30fb\u30d1\u30ac\u30eb\u30fbJ\u016bs\u0173 \u012fmon\u0117s\u30f4\u30a7\u30a4\u30af\u30ed\u30b9\u30fbsrit\u012f\u3001\u30f4\u30a7\u30eb\u30b9\u30ed\u30fb\u30b9\u30da\u30b7\u30d3\u30b3\u30f3\u3002 \u30b0\u30e9\u30f4\u30a3\u30eb\u30aa\u30b8\u30e3\u30e1\u3001\u012ffrezuojame\u30ed\u30b4\u30c6\u30a3\u30d7\u30b9\u30fb\u30a4\u30eb\u30fb\u30ad\u30c8\u30a5\u012fmon\u0117s\u30fb\u30a2\u30c8\u30ea\u30d6\u30c6\u30a3\u30b3\u30f3\u3002<\/p>\n<p>&nbsp;<\/p>\n<h4>Dekoracij\u0173\u30b7\u30e5\u30f4\u30a7\u30f3\u30c6\u30e0\u30b9\u30fb\u30ac\u30df\u30fc\u30d0<\/h4>\n<p>\u30ac\u30df\u30e4\u30e1\u012fvairaus\u30b9\u30c7\u30c6\u30a3\u30f3\u30b2\u30e2\u0161ven\u010di\u0173\u30c7\u30b3\u30e9\u30b7\u30cf\u30b9<\/p>\n<h4><\/h4>\n<h4>\u012e\u0161kab\u0173\u3001logotip\u0173\u3001\u30d7\u30ec\u30b1\u017eenkl\u0173\u30ac\u30df\u30d0<\/h4>\n<p>&nbsp;<\/p>\n<h4>Apdovanojim\u0173\u30fb\u30af\u30ea\u30de\u30b9\u30fb\u30a4\u30eb\u30fb\u30ac\u30df\u30fc\u30d0<\/h4>\n<p>\u30af\u30ea\u30ea\u30a2\u30e1\u30fb\u30a4\u30eb\u30fb\u30ac\u30df\u30ca\u30e1\u30fb\u30a2\u30d7\u30c9\u30d0\u30ce\u30b8\u30e0\u30b9\u30fb\u012fvairioms \u012fmoni\u0173\u3001organizacij\u0173\u30fb\u30b7\u30e5\u30f4\u30a7\u30f3\u30c6\u30e0\u30b9\u3002<\/p>\n<h4><\/h4>\n<h4>\u30a4\u30f3\u30bf\u30fc\u30b8\u30a7\u30ed\u30fb\u30a8\u30ec\u30e1\u30f3\u30bf\u30a4<\/h4>\n<p>\u30ac\u30df\u30e4\u30e1\u30fb\u30a4\u30f3\u30bf\u30fc\u30b8\u30a7\u30ed\u30fb\u30c7\u30b3\u30ed\u30fb\u30a8\u30ec\u30e1\u30f3\u30c8\u30b9\u3001\u30a2\u30b8\u30e5\u30ea\u30f3\u30fb\u30c7\u30bf\u30ec\u30b9<\/p>\n<h4><\/h4>\n<h4>Bald\u0173\u30ac\u30df\u30d0<\/h4>\n<p>\u30af\u30ea\u30a2\u30ea\u30e1\u30fb\u30a4\u30eb\u30fb\u30ac\u30df\u30ca\u30e1\u30fb\u30f4\u30a3\u30a8\u30cd\u30c6\u30a3\u30cb\u30a6\u30b9\u30fb\u30d0\u30eb\u30c9\u30a5\u30b9<\/p>\n","protected":false},"excerpt":{"rendered":"<p>\u30af\u30f4\u30a3\u30a8\u30c1\u30a2\u30e1\u30fb\u30d9\u30f3\u30c0\u30ec\u30fc\u30c0\u30d3\u30aa\u30fc\u30c6\u30a3\u30fb\u30a4\u30f3\u30bf\u30fc\u30b8\u30a7\u30ed\u30fb\u30c7\u30a3\u30b6\u30a4\u30cd\u30ea\u30a6\u30b9\u3001\u0161ven\u010di\u0173\u30c7\u30b3\u30e9\u30c8\u30fc\u30ec\u3001\u30d7\u30e9\u30cc\u30aa\u30c8\u30cf\u30b9\u3001\u30ad\u30bf\u30b9\u30fb\u012fmones\u3002 \u30b8\u30a7\u30a4\u30fb\u30c8\u30a5\u30e9\u30a4\u30c8\u30fb\u30a4\u30c7\u30e8\u30f3 &#8211; \u30e1\u30b9\u30fb\u30e8\u30f3\u30b9\u30fb\u30ac\u30ea\u30e1\u012fgyven [&hellip;]<\/p>\n","protected":false},"author":1,"featured_media":0,"parent":0,"menu_order":0,"comment_status":"closed","ping_status":"closed","template":"","meta":{"_monsterinsights_skip_tracking":false,"_monsterinsights_sitenote_active":false,"_monsterinsights_sitenote_note":"","_monsterinsights_sitenote_category":0,"footnotes":""},"yoast_head":"<!-- This site is optimized with the Yoast SEO plugin v22.1 - https:\/\/yoast.com\/wordpress\/plugins\/seo\/ -->\n<title>\u4f01\u696d\u5411\u30519\u6708\u6728\u306e-\u5b66\u7fd2\u30ea\u30bd\u30fc\u30b9Woodinout \u00a9<\/title>\n<meta name=\"description\" content=\"\u30e2\u30f3\u30c6\u30c3\u30bd\u30fc\u30ea\u306b\u89e6\u767a\u3055\u308c\u305f\u5b66\u7fd2\u30ea\u30bd\u30fc\u30b9\u3068\u3057\u3066\u306e\u6728\u306e\u304a\u3082\u3061\u3083\u3002 Woodinout\u30d5\u30a1\u30df\u30ea\u30fc\u306b\u3088\u3063\u3066\u4f5c\u6210\u3055\u308c\u3001\u7121\u57a2\u6750\u304b\u3089\u624b\u4f5c\u308a-\u74b0\u5883\u306b\u512a\u3057\u3044\u304a\u3082\u3061\u3083\u3002\" \/>\n<meta name=\"robots\" content=\"index, follow, max-snippet:-1, max-image-preview:large, max-video-preview:-1\" \/>\n<link rel=\"canonical\" href=\"https:\/\/woodinout.net\/ja\/%e4%bc%81%e6%a5%ad%e5%90%91%e3%81%91\/\" \/>\n<meta property=\"og:locale\" content=\"ja_JP\" \/>\n<meta property=\"og:type\" content=\"article\" \/>\n<meta property=\"og:title\" content=\"\u4f01\u696d\u5411\u30519\u6708\u6728\u306e-\u5b66\u7fd2\u30ea\u30bd\u30fc\u30b9Woodinout \u00a9\" \/>\n<meta property=\"og:description\" content=\"\u30e2\u30f3\u30c6\u30c3\u30bd\u30fc\u30ea\u306b\u89e6\u767a\u3055\u308c\u305f\u5b66\u7fd2\u30ea\u30bd\u30fc\u30b9\u3068\u3057\u3066\u306e\u6728\u306e\u304a\u3082\u3061\u3083\u3002 Woodinout\u30d5\u30a1\u30df\u30ea\u30fc\u306b\u3088\u3063\u3066\u4f5c\u6210\u3055\u308c\u3001\u7121\u57a2\u6750\u304b\u3089\u624b\u4f5c\u308a-\u74b0\u5883\u306b\u512a\u3057\u3044\u304a\u3082\u3061\u3083\u3002\" \/>\n<meta property=\"og:url\" content=\"https:\/\/woodinout.net\/ja\/%e4%bc%81%e6%a5%ad%e5%90%91%e3%81%91\/\" \/>\n<meta property=\"og:site_name\" content=\"Woodinout \u00a9\" \/>\n<meta name=\"twitter:card\" content=\"summary_large_image\" \/>\n<script type=\"application\/ld+json\" class=\"yoast-schema-graph\">{\"@context\":\"https:\/\/schema.org\",\"@graph\":[{\"@type\":\"WebPage\",\"@id\":\"https:\/\/woodinout.net\/ja\/%e4%bc%81%e6%a5%ad%e5%90%91%e3%81%91\/\",\"url\":\"https:\/\/woodinout.net\/ja\/%e4%bc%81%e6%a5%ad%e5%90%91%e3%81%91\/\",\"name\":\"\u4f01\u696d\u5411\u30519\u6708\u6728\u306e-\u5b66\u7fd2\u30ea\u30bd\u30fc\u30b9Woodinout \u00a9\",\"isPartOf\":{\"@id\":\"https:\/\/woodinout.net\/ja\/#website\"},\"datePublished\":\"2015-12-03T08:34:31+00:00\",\"dateModified\":\"2015-12-03T08:34:31+00:00\",\"description\":\"\u30e2\u30f3\u30c6\u30c3\u30bd\u30fc\u30ea\u306b\u89e6\u767a\u3055\u308c\u305f\u5b66\u7fd2\u30ea\u30bd\u30fc\u30b9\u3068\u3057\u3066\u306e\u6728\u306e\u304a\u3082\u3061\u3083\u3002 Woodinout\u30d5\u30a1\u30df\u30ea\u30fc\u306b\u3088\u3063\u3066\u4f5c\u6210\u3055\u308c\u3001\u7121\u57a2\u6750\u304b\u3089\u624b\u4f5c\u308a-\u74b0\u5883\u306b\u512a\u3057\u3044\u304a\u3082\u3061\u3083\u3002\",\"breadcrumb\":{\"@id\":\"https:\/\/woodinout.net\/ja\/%e4%bc%81%e6%a5%ad%e5%90%91%e3%81%91\/#breadcrumb\"},\"inLanguage\":\"ja\",\"potentialAction\":[{\"@type\":\"ReadAction\",\"target\":[\"https:\/\/woodinout.net\/ja\/%e4%bc%81%e6%a5%ad%e5%90%91%e3%81%91\/\"]}]},{\"@type\":\"BreadcrumbList\",\"@id\":\"https:\/\/woodinout.net\/ja\/%e4%bc%81%e6%a5%ad%e5%90%91%e3%81%91\/#breadcrumb\",\"itemListElement\":[{\"@type\":\"ListItem\",\"position\":1,\"name\":\"Home\",\"item\":\"https:\/\/woodinout.net\/ja\/\"},{\"@type\":\"ListItem\",\"position\":2,\"name\":\"\u4f01\u696d\u5411\u3051\"}]},{\"@type\":\"WebSite\",\"@id\":\"https:\/\/woodinout.net\/ja\/#website\",\"url\":\"https:\/\/woodinout.net\/ja\/\",\"name\":\"Woodinout \u00a9\",\"description\":\"Wooden Montessori toys, gifts, home and events decor details\",\"potentialAction\":[{\"@type\":\"SearchAction\",\"target\":{\"@type\":\"EntryPoint\",\"urlTemplate\":\"https:\/\/woodinout.net\/ja\/?s={search_term_string}\"},\"query-input\":\"required name=search_term_string\"}],\"inLanguage\":\"ja\"}]}<\/script>\n<!-- \/ Yoast SEO plugin. -->","yoast_head_json":{"title":"\u4f01\u696d\u5411\u30519\u6708\u6728\u306e-\u5b66\u7fd2\u30ea\u30bd\u30fc\u30b9Woodinout \u00a9","description":"\u30e2\u30f3\u30c6\u30c3\u30bd\u30fc\u30ea\u306b\u89e6\u767a\u3055\u308c\u305f\u5b66\u7fd2\u30ea\u30bd\u30fc\u30b9\u3068\u3057\u3066\u306e\u6728\u306e\u304a\u3082\u3061\u3083\u3002 Woodinout\u30d5\u30a1\u30df\u30ea\u30fc\u306b\u3088\u3063\u3066\u4f5c\u6210\u3055\u308c\u3001\u7121\u57a2\u6750\u304b\u3089\u624b\u4f5c\u308a-\u74b0\u5883\u306b\u512a\u3057\u3044\u304a\u3082\u3061\u3083\u3002","robots":{"index":"index","follow":"follow","max-snippet":"max-snippet:-1","max-image-preview":"max-image-preview:large","max-video-preview":"max-video-preview:-1"},"canonical":"https:\/\/woodinout.net\/ja\/%e4%bc%81%e6%a5%ad%e5%90%91%e3%81%91\/","og_locale":"ja_JP","og_type":"article","og_title":"\u4f01\u696d\u5411\u30519\u6708\u6728\u306e-\u5b66\u7fd2\u30ea\u30bd\u30fc\u30b9Woodinout \u00a9","og_description":"\u30e2\u30f3\u30c6\u30c3\u30bd\u30fc\u30ea\u306b\u89e6\u767a\u3055\u308c\u305f\u5b66\u7fd2\u30ea\u30bd\u30fc\u30b9\u3068\u3057\u3066\u306e\u6728\u306e\u304a\u3082\u3061\u3083\u3002 Woodinout\u30d5\u30a1\u30df\u30ea\u30fc\u306b\u3088\u3063\u3066\u4f5c\u6210\u3055\u308c\u3001\u7121\u57a2\u6750\u304b\u3089\u624b\u4f5c\u308a-\u74b0\u5883\u306b\u512a\u3057\u3044\u304a\u3082\u3061\u3083\u3002","og_url":"https:\/\/woodinout.net\/ja\/%e4%bc%81%e6%a5%ad%e5%90%91%e3%81%91\/","og_site_name":"Woodinout \u00a9","twitter_card":"summary_large_image","schema":{"@context":"https:\/\/schema.org","@graph":[{"@type":"WebPage","@id":"https:\/\/woodinout.net\/ja\/%e4%bc%81%e6%a5%ad%e5%90%91%e3%81%91\/","url":"https:\/\/woodinout.net\/ja\/%e4%bc%81%e6%a5%ad%e5%90%91%e3%81%91\/","name":"\u4f01\u696d\u5411\u30519\u6708\u6728\u306e-\u5b66\u7fd2\u30ea\u30bd\u30fc\u30b9Woodinout \u00a9","isPartOf":{"@id":"https:\/\/woodinout.net\/ja\/#website"},"datePublished":"2015-12-03T08:34:31+00:00","dateModified":"2015-12-03T08:34:31+00:00","description":"\u30e2\u30f3\u30c6\u30c3\u30bd\u30fc\u30ea\u306b\u89e6\u767a\u3055\u308c\u305f\u5b66\u7fd2\u30ea\u30bd\u30fc\u30b9\u3068\u3057\u3066\u306e\u6728\u306e\u304a\u3082\u3061\u3083\u3002 Woodinout\u30d5\u30a1\u30df\u30ea\u30fc\u306b\u3088\u3063\u3066\u4f5c\u6210\u3055\u308c\u3001\u7121\u57a2\u6750\u304b\u3089\u624b\u4f5c\u308a-\u74b0\u5883\u306b\u512a\u3057\u3044\u304a\u3082\u3061\u3083\u3002","breadcrumb":{"@id":"https:\/\/woodinout.net\/ja\/%e4%bc%81%e6%a5%ad%e5%90%91%e3%81%91\/#breadcrumb"},"inLanguage":"ja","potentialAction":[{"@type":"ReadAction","target":["https:\/\/woodinout.net\/ja\/%e4%bc%81%e6%a5%ad%e5%90%91%e3%81%91\/"]}]},{"@type":"BreadcrumbList","@id":"https:\/\/woodinout.net\/ja\/%e4%bc%81%e6%a5%ad%e5%90%91%e3%81%91\/#breadcrumb","itemListElement":[{"@type":"ListItem","position":1,"name":"Home","item":"https:\/\/woodinout.net\/ja\/"},{"@type":"ListItem","position":2,"name":"\u4f01\u696d\u5411\u3051"}]},{"@type":"WebSite","@id":"https:\/\/woodinout.net\/ja\/#website","url":"https:\/\/woodinout.net\/ja\/","name":"Woodinout \u00a9","description":"Wooden Montessori toys, gifts, home and events decor details","potentialAction":[{"@type":"SearchAction","target":{"@type":"EntryPoint","urlTemplate":"https:\/\/woodinout.net\/ja\/?s={search_term_string}"},"query-input":"required name=search_term_string"}],"inLanguage":"ja"}]}},"_links":{"self":[{"href":"https:\/\/woodinout.net\/ja\/wp-json\/wp\/v2\/pages\/20961"}],"collection":[{"href":"https:\/\/woodinout.net\/ja\/wp-json\/wp\/v2\/pages"}],"about":[{"href":"https:\/\/woodinout.net\/ja\/wp-json\/wp\/v2\/types\/page"}],"author":[{"embeddable":true,"href":"https:\/\/woodinout.net\/ja\/wp-json\/wp\/v2\/users\/1"}],"replies":[{"embeddable":true,"href":"https:\/\/woodinout.net\/ja\/wp-json\/wp\/v2\/comments?post=20961"}],"version-history":[{"count":0,"href":"https:\/\/woodinout.net\/ja\/wp-json\/wp\/v2\/pages\/20961\/revisions"}],"wp:attachment":[{"href":"https:\/\/woodinout.net\/ja\/wp-json\/wp\/v2\/media?parent=20961"}],"curies":[{"name":"wp","href":"https:\/\/api.w.org\/{rel}","templated":true}]}}