{"id":21788,"date":"2020-06-23T20:48:29","date_gmt":"2020-06-23T17:48:29","guid":{"rendered":"https:\/\/woodinout.net\/product\/horloge-en-bois-2\/"},"modified":"2022-04-28T11:21:07","modified_gmt":"2022-04-28T08:21:07","slug":"bois-horloge-lecture-heure","status":"publish","type":"product","link":"https:\/\/woodinout.net\/fr\/product\/bois-horloge-lecture-heure\/","title":{"rendered":"Horloge en bois"},"content":{"rendered":"<p>L\u2019horloge en bois pour dire l\u2019heure pour les enfants est l\u2019un des jouets d\u2019apprentissage les plus int\u00e9ressants parmi nos tout-petits. L\u2019horloge pendulaire pour enfants inspir\u00e9e montessori mondialement connue est un moyen FACILE et amusant d\u2019apprendre les nombres d\u2019horloge, les fractions, les minutes et les heures, de r\u00e9gler l\u2019heure avec des fl\u00e8ches et simplement de s\u2019amuser beaucoup. Les jouets et les jeux en bois sont ce que nous faisons de mieux chez Woodinout, soigneusement faits \u00e0 la main et joli look &#8211; pourraient \u00eatre des cadeaux parfaits pour les tout-petits. Les <a href=\"https:\/\/woodinout.net\/product-tag\/educational-toys\/\">jouets et jeux pr\u00e9scolaires<\/a> Waldorf sont tr\u00e8s appr\u00e9ci\u00e9s dans le monde entier pour leur syst\u00e8me d\u2019apprentissage par le jeu. Les jouets d\u2019apprentissage sont toujours des JOUETS aux yeux des enfants. Profitez de votre temps avec cette horloge en bois MAINTENANT et rejoignez la famille de clients heureux ici \u00e0 Woodinout.<\/p>\n<p>Le kit contient :<br \/>\nPlanche d\u2019horloge en bois<br \/>\n12 blocs avec les num\u00e9ros d\u2019horloge 1-12<br \/>\nBlocs triangulaires en bois: 2 pcs. &#8211; 30 min., 4 pi\u00e8ces. &#8211; 15 min., 12 pi\u00e8ces. &#8211; 5 min.<br \/>\n2 fl\u00e8ches<\/p>\n<p>TAILLE<\/p>\n<p>Tableau d\u2019horloge<br \/>\nDiam\u00e8tre: ~ 6. Pouces<br \/>\n\u00c9paisseur: ~ 0,6 pouces<\/p>\n<p>COULEURS ET MAT\u00c9RIAUX<br \/>\nCouleur: brun fonc\u00e9 et huil\u00e9 naturel.<br \/>\nLe jouet est fait de BOIS MASSIF NATUREL et de contreplaqu\u00e9.<br \/>\nVeuillez noter que les couleurs peuvent varier en raison des param\u00e8tres de l\u2019\u00e9cran de l\u2019ordinateur et de l\u2019\u00e9claircissement.<\/p>\n<p>Pour plus d\u2019id\u00e9es, suivez-nous sur <a href=\"https:\/\/www.instagram.com\/woodinout\/\">INSTAGRAM<\/a> &amp; <a href=\"https:\/\/www.facebook.com\/Woodinout.net\">FACEBOOK<\/a><\/p>\n","protected":false},"excerpt":{"rendered":"<p>L\u2019horloge en bois pour dire l\u2019heure pour les enfants est l\u2019un des jouets d\u2019apprentissage les plus int\u00e9ressants parmi nos tout-petits. L\u2019horloge pendulaire pour enfants inspir\u00e9e montessori mondialement connue est un moyen FACILE et amusant d\u2019apprendre les nombres d\u2019horloge, les fractions, les minutes et les heures, de r\u00e9gler l\u2019heure avec des fl\u00e8ches et simplement de s\u2019amuser [&hellip;]<\/p>\n","protected":false},"featured_media":17655,"template":"","meta":{"_monsterinsights_skip_tracking":false,"_monsterinsights_sitenote_active":false,"_monsterinsights_sitenote_note":"","_monsterinsights_sitenote_category":0},"product_cat":[1723,1758],"product_tag":[1841,1736,1738,2311,1735,1729,1728,1726,1842,1734,1791,2242,1843,2312],"yoast_head":"<!-- This site is optimized with the Yoast SEO plugin v22.1 - https:\/\/yoast.com\/wordpress\/plugins\/seo\/ -->\n<title>Horloge en bois - Woodinout \u00a9 Jouets d\u2019apprentissage Montessori<\/title>\n<meta name=\"description\" content=\"Apprenez \u00e0 dire l\u2019heure pour les enfants avec cette horloge en bois super cool. Materilas naturels, artisanaux et \u00e9ducatifs - Jouets Montessori inspir\u00e9s.\" \/>\n<meta name=\"robots\" content=\"index, follow, max-snippet:-1, max-image-preview:large, max-video-preview:-1\" \/>\n<link rel=\"canonical\" href=\"https:\/\/woodinout.net\/fr\/product\/bois-horloge-lecture-heure\/\" \/>\n<meta property=\"og:locale\" content=\"fr_FR\" \/>\n<meta property=\"og:type\" content=\"article\" \/>\n<meta property=\"og:title\" content=\"Horloge en bois - Woodinout \u00a9 Jouets d\u2019apprentissage Montessori\" \/>\n<meta property=\"og:description\" content=\"Apprenez \u00e0 dire l\u2019heure pour les enfants avec cette horloge en bois super cool. Materilas naturels, artisanaux et \u00e9ducatifs - Jouets Montessori inspir\u00e9s.\" \/>\n<meta property=\"og:url\" content=\"https:\/\/woodinout.net\/fr\/product\/bois-horloge-lecture-heure\/\" \/>\n<meta property=\"og:site_name\" content=\"Woodinout \u00a9\" \/>\n<meta property=\"article:modified_time\" content=\"2022-04-28T08:21:07+00:00\" \/>\n<meta property=\"og:image\" content=\"https:\/\/woodinout.net\/wp-content\/uploads\/2020\/06\/Wood-clock-telling-time-4.jpg\" \/>\n\t<meta property=\"og:image:width\" content=\"853\" \/>\n\t<meta property=\"og:image:height\" content=\"1280\" \/>\n\t<meta property=\"og:image:type\" content=\"image\/jpeg\" \/>\n<meta name=\"twitter:card\" content=\"summary_large_image\" \/>\n<meta name=\"twitter:label1\" content=\"Dur\u00e9e de lecture estim\u00e9e\" \/>\n\t<meta name=\"twitter:data1\" content=\"1 minute\" \/>\n<script type=\"application\/ld+json\" class=\"yoast-schema-graph\">{\"@context\":\"https:\/\/schema.org\",\"@graph\":[{\"@type\":\"WebPage\",\"@id\":\"https:\/\/woodinout.net\/fr\/product\/bois-horloge-lecture-heure\/\",\"url\":\"https:\/\/woodinout.net\/fr\/product\/bois-horloge-lecture-heure\/\",\"name\":\"Horloge en bois - Woodinout \u00a9 Jouets d\u2019apprentissage Montessori\",\"isPartOf\":{\"@id\":\"https:\/\/woodinout.net\/fr\/#website\"},\"datePublished\":\"2020-06-23T17:48:29+00:00\",\"dateModified\":\"2022-04-28T08:21:07+00:00\",\"description\":\"Apprenez \u00e0 dire l\u2019heure pour les enfants avec cette horloge en bois super cool. Materilas naturels, artisanaux et \u00e9ducatifs - Jouets Montessori inspir\u00e9s.\",\"breadcrumb\":{\"@id\":\"https:\/\/woodinout.net\/fr\/product\/bois-horloge-lecture-heure\/#breadcrumb\"},\"inLanguage\":\"fr-FR\",\"potentialAction\":[{\"@type\":\"ReadAction\",\"target\":[\"https:\/\/woodinout.net\/fr\/product\/bois-horloge-lecture-heure\/\"]}]},{\"@type\":\"BreadcrumbList\",\"@id\":\"https:\/\/woodinout.net\/fr\/product\/bois-horloge-lecture-heure\/#breadcrumb\",\"itemListElement\":[{\"@type\":\"ListItem\",\"position\":1,\"name\":\"Home\",\"item\":\"https:\/\/woodinout.net\/fr\/\"},{\"@type\":\"ListItem\",\"position\":2,\"name\":\"Shop\",\"item\":\"https:\/\/woodinout.net\/shop\/\"},{\"@type\":\"ListItem\",\"position\":3,\"name\":\"Horloge en bois\"}]},{\"@type\":\"WebSite\",\"@id\":\"https:\/\/woodinout.net\/fr\/#website\",\"url\":\"https:\/\/woodinout.net\/fr\/\",\"name\":\"Woodinout \u00a9\",\"description\":\"Wooden Montessori toys, gifts, home and events decor details\",\"potentialAction\":[{\"@type\":\"SearchAction\",\"target\":{\"@type\":\"EntryPoint\",\"urlTemplate\":\"https:\/\/woodinout.net\/fr\/?s={search_term_string}\"},\"query-input\":\"required name=search_term_string\"}],\"inLanguage\":\"fr-FR\"}]}<\/script>\n<!-- \/ Yoast SEO plugin. -->","yoast_head_json":{"title":"Horloge en bois - Woodinout \u00a9 Jouets d\u2019apprentissage Montessori","description":"Apprenez \u00e0 dire l\u2019heure pour les enfants avec cette horloge en bois super cool. Materilas naturels, artisanaux et \u00e9ducatifs - Jouets Montessori inspir\u00e9s.","robots":{"index":"index","follow":"follow","max-snippet":"max-snippet:-1","max-image-preview":"max-image-preview:large","max-video-preview":"max-video-preview:-1"},"canonical":"https:\/\/woodinout.net\/fr\/product\/bois-horloge-lecture-heure\/","og_locale":"fr_FR","og_type":"article","og_title":"Horloge en bois - Woodinout \u00a9 Jouets d\u2019apprentissage Montessori","og_description":"Apprenez \u00e0 dire l\u2019heure pour les enfants avec cette horloge en bois super cool. Materilas naturels, artisanaux et \u00e9ducatifs - Jouets Montessori inspir\u00e9s.","og_url":"https:\/\/woodinout.net\/fr\/product\/bois-horloge-lecture-heure\/","og_site_name":"Woodinout \u00a9","article_modified_time":"2022-04-28T08:21:07+00:00","og_image":[{"width":853,"height":1280,"url":"https:\/\/woodinout.net\/wp-content\/uploads\/2020\/06\/Wood-clock-telling-time-4.jpg","type":"image\/jpeg"}],"twitter_card":"summary_large_image","twitter_misc":{"Dur\u00e9e de lecture estim\u00e9e":"1 minute"},"schema":{"@context":"https:\/\/schema.org","@graph":[{"@type":"WebPage","@id":"https:\/\/woodinout.net\/fr\/product\/bois-horloge-lecture-heure\/","url":"https:\/\/woodinout.net\/fr\/product\/bois-horloge-lecture-heure\/","name":"Horloge en bois - Woodinout \u00a9 Jouets d\u2019apprentissage Montessori","isPartOf":{"@id":"https:\/\/woodinout.net\/fr\/#website"},"datePublished":"2020-06-23T17:48:29+00:00","dateModified":"2022-04-28T08:21:07+00:00","description":"Apprenez \u00e0 dire l\u2019heure pour les enfants avec cette horloge en bois super cool. Materilas naturels, artisanaux et \u00e9ducatifs - Jouets Montessori inspir\u00e9s.","breadcrumb":{"@id":"https:\/\/woodinout.net\/fr\/product\/bois-horloge-lecture-heure\/#breadcrumb"},"inLanguage":"fr-FR","potentialAction":[{"@type":"ReadAction","target":["https:\/\/woodinout.net\/fr\/product\/bois-horloge-lecture-heure\/"]}]},{"@type":"BreadcrumbList","@id":"https:\/\/woodinout.net\/fr\/product\/bois-horloge-lecture-heure\/#breadcrumb","itemListElement":[{"@type":"ListItem","position":1,"name":"Home","item":"https:\/\/woodinout.net\/fr\/"},{"@type":"ListItem","position":2,"name":"Shop","item":"https:\/\/woodinout.net\/shop\/"},{"@type":"ListItem","position":3,"name":"Horloge en bois"}]},{"@type":"WebSite","@id":"https:\/\/woodinout.net\/fr\/#website","url":"https:\/\/woodinout.net\/fr\/","name":"Woodinout \u00a9","description":"Wooden Montessori toys, gifts, home and events decor details","potentialAction":[{"@type":"SearchAction","target":{"@type":"EntryPoint","urlTemplate":"https:\/\/woodinout.net\/fr\/?s={search_term_string}"},"query-input":"required name=search_term_string"}],"inLanguage":"fr-FR"}]}},"_links":{"self":[{"href":"https:\/\/woodinout.net\/fr\/wp-json\/wp\/v2\/product\/21788"}],"collection":[{"href":"https:\/\/woodinout.net\/fr\/wp-json\/wp\/v2\/product"}],"about":[{"href":"https:\/\/woodinout.net\/fr\/wp-json\/wp\/v2\/types\/product"}],"wp:featuredmedia":[{"embeddable":true,"href":"https:\/\/woodinout.net\/fr\/wp-json\/wp\/v2\/media\/17655"}],"wp:attachment":[{"href":"https:\/\/woodinout.net\/fr\/wp-json\/wp\/v2\/media?parent=21788"}],"wp:term":[{"taxonomy":"product_cat","embeddable":true,"href":"https:\/\/woodinout.net\/fr\/wp-json\/wp\/v2\/product_cat?post=21788"},{"taxonomy":"product_tag","embeddable":true,"href":"https:\/\/woodinout.net\/fr\/wp-json\/wp\/v2\/product_tag?post=21788"}],"curies":[{"name":"wp","href":"https:\/\/api.w.org\/{rel}","templated":true}]}}