{"id":21784,"date":"2020-06-20T23:42:48","date_gmt":"2020-06-20T20:42:48","guid":{"rendered":"https:\/\/woodinout.net\/product\/blocs-dalphabet-en-bois-contreplaque\/"},"modified":"2022-04-25T09:44:25","modified_gmt":"2022-04-25T06:44:25","slug":"bois-lettres-alphabet-blocs","status":"publish","type":"product","link":"https:\/\/woodinout.net\/fr\/product\/bois-lettres-alphabet-blocs\/","title":{"rendered":"Blocs d\u2019alphabet en bois (contreplaqu\u00e9)"},"content":{"rendered":"<p>Les blocs d\u2019alphabet en bois sont assembl\u00e9s pour devenir des mots en bois. Magie! C\u2019est ce qu\u2019est le jouet d\u2019apprentissage, comme les lettres d\u00e9coup\u00e9es au laser. Ce jouet Montessori en bois est tr\u00e8s appr\u00e9ci\u00e9 dans le monde entier et est l\u2019un des cadeaux les plus recherch\u00e9s pour les tout-petits. Abc bois bloc par bloc les enfants apprendront l\u2019orthographe et l\u2019\u00e9criture de la mani\u00e8re facile et amusante. Alphabet puzzle vous fera passer un bon moment des ann\u00e9es de tout-petit \u00e0 l\u2019\u00e2ge adulte. Les carreaux de Scrabble sont fabriqu\u00e9s \u00e0 partir de contreplaqu\u00e9 mince, ce qui est tr\u00e8s beau&#8230; Jouets Montessori &#8211; Les jouets d\u2019apprentissage sont ce que nous faisons le mieux, rejoignez notre famille de clients heureux Maintenant avec cet incroyable ensemble de lettres en bois.<\/p>\n<p>Le kit contient :<br \/>\n26 pi\u00e8ces. Blocs de lettres PLYWOOD<\/p>\n<p>TAILLE<\/p>\n<p>Hauteur: ~ 1,8 pouces<br \/>\nLongueur: ~ 1,8 pouces<br \/>\n\u00c9paisseur: ~ 0,12 pouces<\/p>\n<p>COULEURS ET MAT\u00c9RIAUX<br \/>\nCouleur: naturel.<br \/>\nLe jouet est en contreplaqu\u00e9.<br \/>\nVeuillez noter que les couleurs peuvent varier en raison des param\u00e8tres de l\u2019\u00e9cran de l\u2019ordinateur et de l\u2019\u00e9claircissement.<\/p>\n","protected":false},"excerpt":{"rendered":"<p>Les blocs d\u2019alphabet en bois sont assembl\u00e9s pour devenir des mots en bois. Magie! C\u2019est ce qu\u2019est le jouet d\u2019apprentissage, comme les lettres d\u00e9coup\u00e9es au laser. Ce jouet Montessori en bois est tr\u00e8s appr\u00e9ci\u00e9 dans le monde entier et est l\u2019un des cadeaux les plus recherch\u00e9s pour les tout-petits. Abc bois bloc par bloc les [&hellip;]<\/p>\n","protected":false},"featured_media":17415,"template":"","meta":{"_monsterinsights_skip_tracking":false,"_monsterinsights_sitenote_active":false,"_monsterinsights_sitenote_note":"","_monsterinsights_sitenote_category":0},"product_cat":[1789,1723],"product_tag":[2324,1736,1738,1735,1741,1729,1728,1726,1734,2325,1743],"yoast_head":"<!-- This site is optimized with the Yoast SEO plugin v22.1 - https:\/\/yoast.com\/wordpress\/plugins\/seo\/ -->\n<title>Blocs d\u2019alphabet en bois (contreplaqu\u00e9) - Woodinout \u00a9 d\u2019apprentissage<\/title>\n<meta name=\"description\" content=\"Approuv\u00e9 Montessori - Respectueux de l\u2019environnement - S\u00e9curis\u00e9 - Fait \u00e0 la main. Ces blocs d\u2019alphabet sont un jouet d\u2019apprentissage parfait pour les tout-petits et les enfants d\u2019\u00e2ge pr\u00e9scolaire.\" \/>\n<meta name=\"robots\" content=\"index, follow, max-snippet:-1, max-image-preview:large, max-video-preview:-1\" \/>\n<link rel=\"canonical\" href=\"https:\/\/woodinout.net\/fr\/product\/bois-lettres-alphabet-blocs\/\" \/>\n<meta property=\"og:locale\" content=\"fr_FR\" \/>\n<meta property=\"og:type\" content=\"article\" \/>\n<meta property=\"og:title\" content=\"Blocs d\u2019alphabet en bois (contreplaqu\u00e9) - Woodinout \u00a9 d\u2019apprentissage\" \/>\n<meta property=\"og:description\" content=\"Approuv\u00e9 Montessori - Respectueux de l\u2019environnement - S\u00e9curis\u00e9 - Fait \u00e0 la main. Ces blocs d\u2019alphabet sont un jouet d\u2019apprentissage parfait pour les tout-petits et les enfants d\u2019\u00e2ge pr\u00e9scolaire.\" \/>\n<meta property=\"og:url\" content=\"https:\/\/woodinout.net\/fr\/product\/bois-lettres-alphabet-blocs\/\" \/>\n<meta property=\"og:site_name\" content=\"Woodinout \u00a9\" \/>\n<meta property=\"article:modified_time\" content=\"2022-04-25T06:44:25+00:00\" \/>\n<meta property=\"og:image\" content=\"https:\/\/woodinout.net\/wp-content\/uploads\/2020\/06\/Wooden-letters-alphabet-blocks-plywood.jpg\" \/>\n\t<meta property=\"og:image:width\" content=\"853\" \/>\n\t<meta property=\"og:image:height\" content=\"1280\" \/>\n\t<meta property=\"og:image:type\" content=\"image\/jpeg\" \/>\n<meta name=\"twitter:card\" content=\"summary_large_image\" \/>\n<meta name=\"twitter:label1\" content=\"Dur\u00e9e de lecture estim\u00e9e\" \/>\n\t<meta name=\"twitter:data1\" content=\"1 minute\" \/>\n<script type=\"application\/ld+json\" class=\"yoast-schema-graph\">{\"@context\":\"https:\/\/schema.org\",\"@graph\":[{\"@type\":\"WebPage\",\"@id\":\"https:\/\/woodinout.net\/fr\/product\/bois-lettres-alphabet-blocs\/\",\"url\":\"https:\/\/woodinout.net\/fr\/product\/bois-lettres-alphabet-blocs\/\",\"name\":\"Blocs d\u2019alphabet en bois (contreplaqu\u00e9) - Woodinout \u00a9 d\u2019apprentissage\",\"isPartOf\":{\"@id\":\"https:\/\/woodinout.net\/fr\/#website\"},\"datePublished\":\"2020-06-20T20:42:48+00:00\",\"dateModified\":\"2022-04-25T06:44:25+00:00\",\"description\":\"Approuv\u00e9 Montessori - Respectueux de l\u2019environnement - S\u00e9curis\u00e9 - Fait \u00e0 la main. Ces blocs d\u2019alphabet sont un jouet d\u2019apprentissage parfait pour les tout-petits et les enfants d\u2019\u00e2ge pr\u00e9scolaire.\",\"breadcrumb\":{\"@id\":\"https:\/\/woodinout.net\/fr\/product\/bois-lettres-alphabet-blocs\/#breadcrumb\"},\"inLanguage\":\"fr-FR\",\"potentialAction\":[{\"@type\":\"ReadAction\",\"target\":[\"https:\/\/woodinout.net\/fr\/product\/bois-lettres-alphabet-blocs\/\"]}]},{\"@type\":\"BreadcrumbList\",\"@id\":\"https:\/\/woodinout.net\/fr\/product\/bois-lettres-alphabet-blocs\/#breadcrumb\",\"itemListElement\":[{\"@type\":\"ListItem\",\"position\":1,\"name\":\"Home\",\"item\":\"https:\/\/woodinout.net\/fr\/\"},{\"@type\":\"ListItem\",\"position\":2,\"name\":\"Shop\",\"item\":\"https:\/\/woodinout.net\/shop\/\"},{\"@type\":\"ListItem\",\"position\":3,\"name\":\"Blocs d\u2019alphabet en bois (contreplaqu\u00e9)\"}]},{\"@type\":\"WebSite\",\"@id\":\"https:\/\/woodinout.net\/fr\/#website\",\"url\":\"https:\/\/woodinout.net\/fr\/\",\"name\":\"Woodinout \u00a9\",\"description\":\"Wooden Montessori toys, gifts, home and events decor details\",\"potentialAction\":[{\"@type\":\"SearchAction\",\"target\":{\"@type\":\"EntryPoint\",\"urlTemplate\":\"https:\/\/woodinout.net\/fr\/?s={search_term_string}\"},\"query-input\":\"required name=search_term_string\"}],\"inLanguage\":\"fr-FR\"}]}<\/script>\n<!-- \/ Yoast SEO plugin. -->","yoast_head_json":{"title":"Blocs d\u2019alphabet en bois (contreplaqu\u00e9) - Woodinout \u00a9 d\u2019apprentissage","description":"Approuv\u00e9 Montessori - Respectueux de l\u2019environnement - S\u00e9curis\u00e9 - Fait \u00e0 la main. Ces blocs d\u2019alphabet sont un jouet d\u2019apprentissage parfait pour les tout-petits et les enfants d\u2019\u00e2ge pr\u00e9scolaire.","robots":{"index":"index","follow":"follow","max-snippet":"max-snippet:-1","max-image-preview":"max-image-preview:large","max-video-preview":"max-video-preview:-1"},"canonical":"https:\/\/woodinout.net\/fr\/product\/bois-lettres-alphabet-blocs\/","og_locale":"fr_FR","og_type":"article","og_title":"Blocs d\u2019alphabet en bois (contreplaqu\u00e9) - Woodinout \u00a9 d\u2019apprentissage","og_description":"Approuv\u00e9 Montessori - Respectueux de l\u2019environnement - S\u00e9curis\u00e9 - Fait \u00e0 la main. Ces blocs d\u2019alphabet sont un jouet d\u2019apprentissage parfait pour les tout-petits et les enfants d\u2019\u00e2ge pr\u00e9scolaire.","og_url":"https:\/\/woodinout.net\/fr\/product\/bois-lettres-alphabet-blocs\/","og_site_name":"Woodinout \u00a9","article_modified_time":"2022-04-25T06:44:25+00:00","og_image":[{"width":853,"height":1280,"url":"https:\/\/woodinout.net\/wp-content\/uploads\/2020\/06\/Wooden-letters-alphabet-blocks-plywood.jpg","type":"image\/jpeg"}],"twitter_card":"summary_large_image","twitter_misc":{"Dur\u00e9e de lecture estim\u00e9e":"1 minute"},"schema":{"@context":"https:\/\/schema.org","@graph":[{"@type":"WebPage","@id":"https:\/\/woodinout.net\/fr\/product\/bois-lettres-alphabet-blocs\/","url":"https:\/\/woodinout.net\/fr\/product\/bois-lettres-alphabet-blocs\/","name":"Blocs d\u2019alphabet en bois (contreplaqu\u00e9) - Woodinout \u00a9 d\u2019apprentissage","isPartOf":{"@id":"https:\/\/woodinout.net\/fr\/#website"},"datePublished":"2020-06-20T20:42:48+00:00","dateModified":"2022-04-25T06:44:25+00:00","description":"Approuv\u00e9 Montessori - Respectueux de l\u2019environnement - S\u00e9curis\u00e9 - Fait \u00e0 la main. Ces blocs d\u2019alphabet sont un jouet d\u2019apprentissage parfait pour les tout-petits et les enfants d\u2019\u00e2ge pr\u00e9scolaire.","breadcrumb":{"@id":"https:\/\/woodinout.net\/fr\/product\/bois-lettres-alphabet-blocs\/#breadcrumb"},"inLanguage":"fr-FR","potentialAction":[{"@type":"ReadAction","target":["https:\/\/woodinout.net\/fr\/product\/bois-lettres-alphabet-blocs\/"]}]},{"@type":"BreadcrumbList","@id":"https:\/\/woodinout.net\/fr\/product\/bois-lettres-alphabet-blocs\/#breadcrumb","itemListElement":[{"@type":"ListItem","position":1,"name":"Home","item":"https:\/\/woodinout.net\/fr\/"},{"@type":"ListItem","position":2,"name":"Shop","item":"https:\/\/woodinout.net\/shop\/"},{"@type":"ListItem","position":3,"name":"Blocs d\u2019alphabet en bois (contreplaqu\u00e9)"}]},{"@type":"WebSite","@id":"https:\/\/woodinout.net\/fr\/#website","url":"https:\/\/woodinout.net\/fr\/","name":"Woodinout \u00a9","description":"Wooden Montessori toys, gifts, home and events decor details","potentialAction":[{"@type":"SearchAction","target":{"@type":"EntryPoint","urlTemplate":"https:\/\/woodinout.net\/fr\/?s={search_term_string}"},"query-input":"required name=search_term_string"}],"inLanguage":"fr-FR"}]}},"_links":{"self":[{"href":"https:\/\/woodinout.net\/fr\/wp-json\/wp\/v2\/product\/21784"}],"collection":[{"href":"https:\/\/woodinout.net\/fr\/wp-json\/wp\/v2\/product"}],"about":[{"href":"https:\/\/woodinout.net\/fr\/wp-json\/wp\/v2\/types\/product"}],"wp:featuredmedia":[{"embeddable":true,"href":"https:\/\/woodinout.net\/fr\/wp-json\/wp\/v2\/media\/17415"}],"wp:attachment":[{"href":"https:\/\/woodinout.net\/fr\/wp-json\/wp\/v2\/media?parent=21784"}],"wp:term":[{"taxonomy":"product_cat","embeddable":true,"href":"https:\/\/woodinout.net\/fr\/wp-json\/wp\/v2\/product_cat?post=21784"},{"taxonomy":"product_tag","embeddable":true,"href":"https:\/\/woodinout.net\/fr\/wp-json\/wp\/v2\/product_tag?post=21784"}],"curies":[{"name":"wp","href":"https:\/\/api.w.org\/{rel}","templated":true}]}}