{"id":21783,"date":"2020-06-20T23:23:11","date_gmt":"2020-06-20T20:23:11","guid":{"rendered":"https:\/\/woodinout.net\/product\/1-10-tableau-de-manipulation-mathematique\/"},"modified":"2022-04-22T12:36:07","modified_gmt":"2022-04-22T09:36:07","slug":"montessori-math-manipulateurs","status":"publish","type":"product","link":"https:\/\/woodinout.net\/fr\/product\/montessori-math-manipulateurs\/","title":{"rendered":"1-10 Tableau de manipulation math\u00e9matique"},"content":{"rendered":"<p>Des manipulateurs de math\u00e9matiques Montessori cr\u00e9\u00e9s pour permettre aux enfants d\u2019apprendre plus facilement les nombres et de compter de 1 \u00e0 10. Les jouets d\u2019apprentissage sont toujours des JOUETS pour les enfants, et les jouets Waldorf sont les meilleurs aides \u00e0 l\u2019\u00e9cole \u00e0 la maison. Num\u00e9ros de bois grav\u00e9s sur le fond et sur le dessus d\u2019eux, nous avons de beaux endroits pour mettre des perles de num\u00e9ros en bois.<br \/>\nLe kit contient :<br \/>\nPlateau de comptage en bois<br \/>\n60 pi\u00e8ces. de perles de comptage (0,05 pouce de diam\u00e8tre)<br \/>\nCrayon en bois<\/p>\n<p>Nous avons plus de cadeaux pour les enfants \u00e0 l\u2019\u00e9cole maternelle, consultez notre boutique \u00e0 etsy.com\/shop\/woodinout<\/p>\n<p>TAILLE<br \/>\nHauteur: ~ 7,9 pouces<br \/>\nLongueur: ~ 13 pouces<br \/>\n\u00c9paisseur: ~ 0,6 pouces<\/p>\n<p>COULEURS ET MAT\u00c9RIAUX<br \/>\nCouleur: naturel ou brun huil\u00e9.<br \/>\nLe jouet est en BOIS MASSIF NATUREL.<br \/>\nVeuillez noter que les couleurs peuvent varier en raison des param\u00e8tres de l\u2019\u00e9cran de l\u2019ordinateur et de l\u2019\u00e9claircissement.<\/p>\n","protected":false},"excerpt":{"rendered":"<p>Des manipulateurs de math\u00e9matiques Montessori cr\u00e9\u00e9s pour permettre aux enfants d\u2019apprendre plus facilement les nombres et de compter de 1 \u00e0 10. Les jouets d\u2019apprentissage sont toujours des JOUETS pour les enfants, et les jouets Waldorf sont les meilleurs aides \u00e0 l\u2019\u00e9cole \u00e0 la maison. Num\u00e9ros de bois grav\u00e9s sur le fond et sur le [&hellip;]<\/p>\n","protected":false},"featured_media":17287,"template":"","meta":{"_monsterinsights_skip_tracking":false,"_monsterinsights_sitenote_active":false,"_monsterinsights_sitenote_note":"","_monsterinsights_sitenote_category":0},"product_cat":[1834,1723],"product_tag":[1841,1736,1738,2297,1735,1729,1728,1726,1842,1734,1904,1843,1905,2298],"yoast_head":"<!-- This site is optimized with the Yoast SEO plugin v22.1 - https:\/\/yoast.com\/wordpress\/plugins\/seo\/ -->\n<title>1-10 Tableau de manipulation math\u00e9matique - Woodinout \u00a9 Jouets Montessori<\/title>\n<meta name=\"description\" content=\"Le tableau \u00e0 dix cadres, fabriqu\u00e9 \u00e0 la main \u00e0 partir de bois, est une r\u00e9ponse \u00e0 l\u2019apprentissage amusant des math\u00e9matiques. Manipulateurs de math\u00e9matiques Montessori cr\u00e9\u00e9s comme jouet pour l\u2019\u00e9ducation amusante des enfants.\" \/>\n<meta name=\"robots\" content=\"index, follow, max-snippet:-1, max-image-preview:large, max-video-preview:-1\" \/>\n<link rel=\"canonical\" href=\"https:\/\/woodinout.net\/fr\/product\/montessori-math-manipulateurs\/\" \/>\n<meta property=\"og:locale\" content=\"fr_FR\" \/>\n<meta property=\"og:type\" content=\"article\" \/>\n<meta property=\"og:title\" content=\"1-10 Tableau de manipulation math\u00e9matique - Woodinout \u00a9 Jouets Montessori\" \/>\n<meta property=\"og:description\" content=\"Le tableau \u00e0 dix cadres, fabriqu\u00e9 \u00e0 la main \u00e0 partir de bois, est une r\u00e9ponse \u00e0 l\u2019apprentissage amusant des math\u00e9matiques. Manipulateurs de math\u00e9matiques Montessori cr\u00e9\u00e9s comme jouet pour l\u2019\u00e9ducation amusante des enfants.\" \/>\n<meta property=\"og:url\" content=\"https:\/\/woodinout.net\/fr\/product\/montessori-math-manipulateurs\/\" \/>\n<meta property=\"og:site_name\" content=\"Woodinout \u00a9\" \/>\n<meta property=\"article:modified_time\" content=\"2022-04-22T09:36:07+00:00\" \/>\n<meta property=\"og:image\" content=\"https:\/\/woodinout.net\/wp-content\/uploads\/2020\/06\/Montessori-math-manipulatives-1.jpg\" \/>\n\t<meta property=\"og:image:width\" content=\"853\" \/>\n\t<meta property=\"og:image:height\" content=\"1280\" \/>\n\t<meta property=\"og:image:type\" content=\"image\/jpeg\" \/>\n<meta name=\"twitter:card\" content=\"summary_large_image\" \/>\n<meta name=\"twitter:label1\" content=\"Dur\u00e9e de lecture estim\u00e9e\" \/>\n\t<meta name=\"twitter:data1\" content=\"1 minute\" \/>\n<script type=\"application\/ld+json\" class=\"yoast-schema-graph\">{\"@context\":\"https:\/\/schema.org\",\"@graph\":[{\"@type\":\"WebPage\",\"@id\":\"https:\/\/woodinout.net\/fr\/product\/montessori-math-manipulateurs\/\",\"url\":\"https:\/\/woodinout.net\/fr\/product\/montessori-math-manipulateurs\/\",\"name\":\"1-10 Tableau de manipulation math\u00e9matique - Woodinout \u00a9 Jouets Montessori\",\"isPartOf\":{\"@id\":\"https:\/\/woodinout.net\/fr\/#website\"},\"datePublished\":\"2020-06-20T20:23:11+00:00\",\"dateModified\":\"2022-04-22T09:36:07+00:00\",\"description\":\"Le tableau \u00e0 dix cadres, fabriqu\u00e9 \u00e0 la main \u00e0 partir de bois, est une r\u00e9ponse \u00e0 l\u2019apprentissage amusant des math\u00e9matiques. Manipulateurs de math\u00e9matiques Montessori cr\u00e9\u00e9s comme jouet pour l\u2019\u00e9ducation amusante des enfants.\",\"breadcrumb\":{\"@id\":\"https:\/\/woodinout.net\/fr\/product\/montessori-math-manipulateurs\/#breadcrumb\"},\"inLanguage\":\"fr-FR\",\"potentialAction\":[{\"@type\":\"ReadAction\",\"target\":[\"https:\/\/woodinout.net\/fr\/product\/montessori-math-manipulateurs\/\"]}]},{\"@type\":\"BreadcrumbList\",\"@id\":\"https:\/\/woodinout.net\/fr\/product\/montessori-math-manipulateurs\/#breadcrumb\",\"itemListElement\":[{\"@type\":\"ListItem\",\"position\":1,\"name\":\"Home\",\"item\":\"https:\/\/woodinout.net\/fr\/\"},{\"@type\":\"ListItem\",\"position\":2,\"name\":\"Shop\",\"item\":\"https:\/\/woodinout.net\/shop\/\"},{\"@type\":\"ListItem\",\"position\":3,\"name\":\"1-10 Tableau de manipulation math\u00e9matique\"}]},{\"@type\":\"WebSite\",\"@id\":\"https:\/\/woodinout.net\/fr\/#website\",\"url\":\"https:\/\/woodinout.net\/fr\/\",\"name\":\"Woodinout \u00a9\",\"description\":\"Wooden Montessori toys, gifts, home and events decor details\",\"potentialAction\":[{\"@type\":\"SearchAction\",\"target\":{\"@type\":\"EntryPoint\",\"urlTemplate\":\"https:\/\/woodinout.net\/fr\/?s={search_term_string}\"},\"query-input\":\"required name=search_term_string\"}],\"inLanguage\":\"fr-FR\"}]}<\/script>\n<!-- \/ Yoast SEO plugin. -->","yoast_head_json":{"title":"1-10 Tableau de manipulation math\u00e9matique - Woodinout \u00a9 Jouets Montessori","description":"Le tableau \u00e0 dix cadres, fabriqu\u00e9 \u00e0 la main \u00e0 partir de bois, est une r\u00e9ponse \u00e0 l\u2019apprentissage amusant des math\u00e9matiques. Manipulateurs de math\u00e9matiques Montessori cr\u00e9\u00e9s comme jouet pour l\u2019\u00e9ducation amusante des enfants.","robots":{"index":"index","follow":"follow","max-snippet":"max-snippet:-1","max-image-preview":"max-image-preview:large","max-video-preview":"max-video-preview:-1"},"canonical":"https:\/\/woodinout.net\/fr\/product\/montessori-math-manipulateurs\/","og_locale":"fr_FR","og_type":"article","og_title":"1-10 Tableau de manipulation math\u00e9matique - Woodinout \u00a9 Jouets Montessori","og_description":"Le tableau \u00e0 dix cadres, fabriqu\u00e9 \u00e0 la main \u00e0 partir de bois, est une r\u00e9ponse \u00e0 l\u2019apprentissage amusant des math\u00e9matiques. Manipulateurs de math\u00e9matiques Montessori cr\u00e9\u00e9s comme jouet pour l\u2019\u00e9ducation amusante des enfants.","og_url":"https:\/\/woodinout.net\/fr\/product\/montessori-math-manipulateurs\/","og_site_name":"Woodinout \u00a9","article_modified_time":"2022-04-22T09:36:07+00:00","og_image":[{"width":853,"height":1280,"url":"https:\/\/woodinout.net\/wp-content\/uploads\/2020\/06\/Montessori-math-manipulatives-1.jpg","type":"image\/jpeg"}],"twitter_card":"summary_large_image","twitter_misc":{"Dur\u00e9e de lecture estim\u00e9e":"1 minute"},"schema":{"@context":"https:\/\/schema.org","@graph":[{"@type":"WebPage","@id":"https:\/\/woodinout.net\/fr\/product\/montessori-math-manipulateurs\/","url":"https:\/\/woodinout.net\/fr\/product\/montessori-math-manipulateurs\/","name":"1-10 Tableau de manipulation math\u00e9matique - Woodinout \u00a9 Jouets Montessori","isPartOf":{"@id":"https:\/\/woodinout.net\/fr\/#website"},"datePublished":"2020-06-20T20:23:11+00:00","dateModified":"2022-04-22T09:36:07+00:00","description":"Le tableau \u00e0 dix cadres, fabriqu\u00e9 \u00e0 la main \u00e0 partir de bois, est une r\u00e9ponse \u00e0 l\u2019apprentissage amusant des math\u00e9matiques. Manipulateurs de math\u00e9matiques Montessori cr\u00e9\u00e9s comme jouet pour l\u2019\u00e9ducation amusante des enfants.","breadcrumb":{"@id":"https:\/\/woodinout.net\/fr\/product\/montessori-math-manipulateurs\/#breadcrumb"},"inLanguage":"fr-FR","potentialAction":[{"@type":"ReadAction","target":["https:\/\/woodinout.net\/fr\/product\/montessori-math-manipulateurs\/"]}]},{"@type":"BreadcrumbList","@id":"https:\/\/woodinout.net\/fr\/product\/montessori-math-manipulateurs\/#breadcrumb","itemListElement":[{"@type":"ListItem","position":1,"name":"Home","item":"https:\/\/woodinout.net\/fr\/"},{"@type":"ListItem","position":2,"name":"Shop","item":"https:\/\/woodinout.net\/shop\/"},{"@type":"ListItem","position":3,"name":"1-10 Tableau de manipulation math\u00e9matique"}]},{"@type":"WebSite","@id":"https:\/\/woodinout.net\/fr\/#website","url":"https:\/\/woodinout.net\/fr\/","name":"Woodinout \u00a9","description":"Wooden Montessori toys, gifts, home and events decor details","potentialAction":[{"@type":"SearchAction","target":{"@type":"EntryPoint","urlTemplate":"https:\/\/woodinout.net\/fr\/?s={search_term_string}"},"query-input":"required name=search_term_string"}],"inLanguage":"fr-FR"}]}},"_links":{"self":[{"href":"https:\/\/woodinout.net\/fr\/wp-json\/wp\/v2\/product\/21783"}],"collection":[{"href":"https:\/\/woodinout.net\/fr\/wp-json\/wp\/v2\/product"}],"about":[{"href":"https:\/\/woodinout.net\/fr\/wp-json\/wp\/v2\/types\/product"}],"wp:featuredmedia":[{"embeddable":true,"href":"https:\/\/woodinout.net\/fr\/wp-json\/wp\/v2\/media\/17287"}],"wp:attachment":[{"href":"https:\/\/woodinout.net\/fr\/wp-json\/wp\/v2\/media?parent=21783"}],"wp:term":[{"taxonomy":"product_cat","embeddable":true,"href":"https:\/\/woodinout.net\/fr\/wp-json\/wp\/v2\/product_cat?post=21783"},{"taxonomy":"product_tag","embeddable":true,"href":"https:\/\/woodinout.net\/fr\/wp-json\/wp\/v2\/product_tag?post=21783"}],"curies":[{"name":"wp","href":"https:\/\/api.w.org\/{rel}","templated":true}]}}