{"id":21780,"date":"2020-06-20T23:45:09","date_gmt":"2020-06-20T20:45:09","guid":{"rendered":"https:\/\/woodinout.net\/product\/jouet-de-tir-a-larc-en-bois-arc-et-fleches\/"},"modified":"2022-04-28T10:25:48","modified_gmt":"2022-04-28T07:25:48","slug":"arc-a-larc-en-bois-et-fleches","status":"publish","type":"product","link":"https:\/\/woodinout.net\/fr\/product\/arc-a-larc-en-bois-et-fleches\/","title":{"rendered":"Jouet de tir \u00e0 l\u2019arc en bois, arc et fl\u00e8ches"},"content":{"rendered":"<p>Jouet de tir \u00e0 l\u2019arc en bois avec arc et fl\u00e8ches color\u00e9es cr\u00e9\u00e9 pour \u00eatre un pr\u00e9cieux cadeau personnalis\u00e9 pour tout-petits. Les jouets Waldorf sont le num\u00e9ro un connu pour leur jeu de faux-semblant et leurs jeux de plein air. Cet arc et ces fl\u00e8ches en bois s\u2019en inspirent. L\u2019apprentissage amusant est le but exact de cet ensemble de jouets de tir \u00e0 l\u2019arc. Les jouets en bois sont de nos jours la r\u00e9ponse \u00e0 des cadeaux uniques pour gar\u00e7ons et filles. Durable, \u00e9l\u00e9gant et respectueux de la terre. L\u2019arc et la fl\u00e8che de tir \u00e0 l\u2019arc en bois ne sont pas seulement l\u2019un des jeux imaginatifs les plus amusants, mais aussi un ajout \u00e9l\u00e9gant \u00e0 la d\u00e9coration de la chambre des enfants.<\/p>\n<p>Trouvez plus d\u2019id\u00e9es de cadeaux pour tout-petits <a href=\"https:\/\/woodinout.net\/product-tag\/gifts-for-18-month-old\/\">ici<\/a>.<\/p>\n<p>Le kit contient :<br \/>\nArc en bois<br \/>\n5 pi\u00e8ces. de fl\u00e8ches en bois<\/p>\n<p>TAILLE:<\/p>\n<p>Hauteur: ~ 18 pouces (45cm)<br \/>\n\u00c9paisseur: ~ 0,6 pouces (1,5 cm)<\/p>\n<p>COULEURS ET MAT\u00c9RIAUX:<br \/>\nCouleur: naturel ou brun huil\u00e9.<br \/>\nMat\u00e9riel: Le jouet est fait de BOIS DUR SOLIDE NATUREL.<br \/>\nVeuillez noter que les couleurs peuvent varier en raison des param\u00e8tres de l\u2019\u00e9cran de l\u2019ordinateur et de l\u2019\u00e9claircissement.<\/p>\n<p>Pour plus d\u2019id\u00e9es, suivez-nous sur <a href=\"https:\/\/www.instagram.com\/woodinout\/\">INSTAGRAM<\/a> &amp; <a href=\"https:\/\/www.facebook.com\/Woodinout.net\">FACEBOOK<\/a><\/p>\n","protected":false},"excerpt":{"rendered":"<p>Jouet de tir \u00e0 l\u2019arc en bois avec arc et fl\u00e8ches color\u00e9es cr\u00e9\u00e9 pour \u00eatre un pr\u00e9cieux cadeau personnalis\u00e9 pour tout-petits. Les jouets Waldorf sont le num\u00e9ro un connu pour leur jeu de faux-semblant et leurs jeux de plein air. Cet arc et ces fl\u00e8ches en bois s\u2019en inspirent. L\u2019apprentissage amusant est le but exact [&hellip;]<\/p>\n","protected":false},"featured_media":17439,"template":"","meta":{"_monsterinsights_skip_tracking":false,"_monsterinsights_sitenote_active":false,"_monsterinsights_sitenote_note":"","_monsterinsights_sitenote_category":0},"product_cat":[2320,1723],"product_tag":[2321,1736,1738,2323,1952,1951,1735,1729,2322,1728,1726,1734],"yoast_head":"<!-- This site is optimized with the Yoast SEO plugin v22.1 - https:\/\/yoast.com\/wordpress\/plugins\/seo\/ -->\n<title>Jouet de tir \u00e0 l\u2019arc en bois, arc et fl\u00e8ches - Woodinout \u00a9<\/title>\n<meta name=\"description\" content=\"Arc et fl\u00e8ches en bois - ensemble de jouets de tir \u00e0 l\u2019arc pour enfants pour faire semblant. Cadeau personnalis\u00e9 pour les tout-petits. Des jouets naturels, durables, inspir\u00e9s de Waldorf.\" \/>\n<meta name=\"robots\" content=\"index, follow, max-snippet:-1, max-image-preview:large, max-video-preview:-1\" \/>\n<link rel=\"canonical\" href=\"https:\/\/woodinout.net\/fr\/product\/arc-a-larc-en-bois-et-fleches\/\" \/>\n<meta property=\"og:locale\" content=\"fr_FR\" \/>\n<meta property=\"og:type\" content=\"article\" \/>\n<meta property=\"og:title\" content=\"Jouet de tir \u00e0 l\u2019arc en bois, arc et fl\u00e8ches - Woodinout \u00a9\" \/>\n<meta property=\"og:description\" content=\"Arc et fl\u00e8ches en bois - ensemble de jouets de tir \u00e0 l\u2019arc pour enfants pour faire semblant. Cadeau personnalis\u00e9 pour les tout-petits. Des jouets naturels, durables, inspir\u00e9s de Waldorf.\" \/>\n<meta property=\"og:url\" content=\"https:\/\/woodinout.net\/fr\/product\/arc-a-larc-en-bois-et-fleches\/\" \/>\n<meta property=\"og:site_name\" content=\"Woodinout \u00a9\" \/>\n<meta property=\"article:modified_time\" content=\"2022-04-28T07:25:48+00:00\" \/>\n<meta property=\"og:image\" content=\"https:\/\/woodinout.net\/wp-content\/uploads\/2020\/06\/Wooden-archery-bow-and-arrows-3.jpg\" \/>\n\t<meta property=\"og:image:width\" content=\"853\" \/>\n\t<meta property=\"og:image:height\" content=\"1280\" \/>\n\t<meta property=\"og:image:type\" content=\"image\/jpeg\" \/>\n<meta name=\"twitter:card\" content=\"summary_large_image\" \/>\n<meta name=\"twitter:label1\" content=\"Dur\u00e9e de lecture estim\u00e9e\" \/>\n\t<meta name=\"twitter:data1\" content=\"1 minute\" \/>\n<script type=\"application\/ld+json\" class=\"yoast-schema-graph\">{\"@context\":\"https:\/\/schema.org\",\"@graph\":[{\"@type\":\"WebPage\",\"@id\":\"https:\/\/woodinout.net\/fr\/product\/arc-a-larc-en-bois-et-fleches\/\",\"url\":\"https:\/\/woodinout.net\/fr\/product\/arc-a-larc-en-bois-et-fleches\/\",\"name\":\"Jouet de tir \u00e0 l\u2019arc en bois, arc et fl\u00e8ches - Woodinout \u00a9\",\"isPartOf\":{\"@id\":\"https:\/\/woodinout.net\/fr\/#website\"},\"datePublished\":\"2020-06-20T20:45:09+00:00\",\"dateModified\":\"2022-04-28T07:25:48+00:00\",\"description\":\"Arc et fl\u00e8ches en bois - ensemble de jouets de tir \u00e0 l\u2019arc pour enfants pour faire semblant. Cadeau personnalis\u00e9 pour les tout-petits. Des jouets naturels, durables, inspir\u00e9s de Waldorf.\",\"breadcrumb\":{\"@id\":\"https:\/\/woodinout.net\/fr\/product\/arc-a-larc-en-bois-et-fleches\/#breadcrumb\"},\"inLanguage\":\"fr-FR\",\"potentialAction\":[{\"@type\":\"ReadAction\",\"target\":[\"https:\/\/woodinout.net\/fr\/product\/arc-a-larc-en-bois-et-fleches\/\"]}]},{\"@type\":\"BreadcrumbList\",\"@id\":\"https:\/\/woodinout.net\/fr\/product\/arc-a-larc-en-bois-et-fleches\/#breadcrumb\",\"itemListElement\":[{\"@type\":\"ListItem\",\"position\":1,\"name\":\"Home\",\"item\":\"https:\/\/woodinout.net\/fr\/\"},{\"@type\":\"ListItem\",\"position\":2,\"name\":\"Shop\",\"item\":\"https:\/\/woodinout.net\/shop\/\"},{\"@type\":\"ListItem\",\"position\":3,\"name\":\"Jouet de tir \u00e0 l\u2019arc en bois, arc et fl\u00e8ches\"}]},{\"@type\":\"WebSite\",\"@id\":\"https:\/\/woodinout.net\/fr\/#website\",\"url\":\"https:\/\/woodinout.net\/fr\/\",\"name\":\"Woodinout \u00a9\",\"description\":\"Wooden Montessori toys, gifts, home and events decor details\",\"potentialAction\":[{\"@type\":\"SearchAction\",\"target\":{\"@type\":\"EntryPoint\",\"urlTemplate\":\"https:\/\/woodinout.net\/fr\/?s={search_term_string}\"},\"query-input\":\"required name=search_term_string\"}],\"inLanguage\":\"fr-FR\"}]}<\/script>\n<!-- \/ Yoast SEO plugin. -->","yoast_head_json":{"title":"Jouet de tir \u00e0 l\u2019arc en bois, arc et fl\u00e8ches - Woodinout \u00a9","description":"Arc et fl\u00e8ches en bois - ensemble de jouets de tir \u00e0 l\u2019arc pour enfants pour faire semblant. Cadeau personnalis\u00e9 pour les tout-petits. Des jouets naturels, durables, inspir\u00e9s de Waldorf.","robots":{"index":"index","follow":"follow","max-snippet":"max-snippet:-1","max-image-preview":"max-image-preview:large","max-video-preview":"max-video-preview:-1"},"canonical":"https:\/\/woodinout.net\/fr\/product\/arc-a-larc-en-bois-et-fleches\/","og_locale":"fr_FR","og_type":"article","og_title":"Jouet de tir \u00e0 l\u2019arc en bois, arc et fl\u00e8ches - Woodinout \u00a9","og_description":"Arc et fl\u00e8ches en bois - ensemble de jouets de tir \u00e0 l\u2019arc pour enfants pour faire semblant. Cadeau personnalis\u00e9 pour les tout-petits. Des jouets naturels, durables, inspir\u00e9s de Waldorf.","og_url":"https:\/\/woodinout.net\/fr\/product\/arc-a-larc-en-bois-et-fleches\/","og_site_name":"Woodinout \u00a9","article_modified_time":"2022-04-28T07:25:48+00:00","og_image":[{"width":853,"height":1280,"url":"https:\/\/woodinout.net\/wp-content\/uploads\/2020\/06\/Wooden-archery-bow-and-arrows-3.jpg","type":"image\/jpeg"}],"twitter_card":"summary_large_image","twitter_misc":{"Dur\u00e9e de lecture estim\u00e9e":"1 minute"},"schema":{"@context":"https:\/\/schema.org","@graph":[{"@type":"WebPage","@id":"https:\/\/woodinout.net\/fr\/product\/arc-a-larc-en-bois-et-fleches\/","url":"https:\/\/woodinout.net\/fr\/product\/arc-a-larc-en-bois-et-fleches\/","name":"Jouet de tir \u00e0 l\u2019arc en bois, arc et fl\u00e8ches - Woodinout \u00a9","isPartOf":{"@id":"https:\/\/woodinout.net\/fr\/#website"},"datePublished":"2020-06-20T20:45:09+00:00","dateModified":"2022-04-28T07:25:48+00:00","description":"Arc et fl\u00e8ches en bois - ensemble de jouets de tir \u00e0 l\u2019arc pour enfants pour faire semblant. Cadeau personnalis\u00e9 pour les tout-petits. Des jouets naturels, durables, inspir\u00e9s de Waldorf.","breadcrumb":{"@id":"https:\/\/woodinout.net\/fr\/product\/arc-a-larc-en-bois-et-fleches\/#breadcrumb"},"inLanguage":"fr-FR","potentialAction":[{"@type":"ReadAction","target":["https:\/\/woodinout.net\/fr\/product\/arc-a-larc-en-bois-et-fleches\/"]}]},{"@type":"BreadcrumbList","@id":"https:\/\/woodinout.net\/fr\/product\/arc-a-larc-en-bois-et-fleches\/#breadcrumb","itemListElement":[{"@type":"ListItem","position":1,"name":"Home","item":"https:\/\/woodinout.net\/fr\/"},{"@type":"ListItem","position":2,"name":"Shop","item":"https:\/\/woodinout.net\/shop\/"},{"@type":"ListItem","position":3,"name":"Jouet de tir \u00e0 l\u2019arc en bois, arc et fl\u00e8ches"}]},{"@type":"WebSite","@id":"https:\/\/woodinout.net\/fr\/#website","url":"https:\/\/woodinout.net\/fr\/","name":"Woodinout \u00a9","description":"Wooden Montessori toys, gifts, home and events decor details","potentialAction":[{"@type":"SearchAction","target":{"@type":"EntryPoint","urlTemplate":"https:\/\/woodinout.net\/fr\/?s={search_term_string}"},"query-input":"required name=search_term_string"}],"inLanguage":"fr-FR"}]}},"_links":{"self":[{"href":"https:\/\/woodinout.net\/fr\/wp-json\/wp\/v2\/product\/21780"}],"collection":[{"href":"https:\/\/woodinout.net\/fr\/wp-json\/wp\/v2\/product"}],"about":[{"href":"https:\/\/woodinout.net\/fr\/wp-json\/wp\/v2\/types\/product"}],"wp:featuredmedia":[{"embeddable":true,"href":"https:\/\/woodinout.net\/fr\/wp-json\/wp\/v2\/media\/17439"}],"wp:attachment":[{"href":"https:\/\/woodinout.net\/fr\/wp-json\/wp\/v2\/media?parent=21780"}],"wp:term":[{"taxonomy":"product_cat","embeddable":true,"href":"https:\/\/woodinout.net\/fr\/wp-json\/wp\/v2\/product_cat?post=21780"},{"taxonomy":"product_tag","embeddable":true,"href":"https:\/\/woodinout.net\/fr\/wp-json\/wp\/v2\/product_tag?post=21780"}],"curies":[{"name":"wp","href":"https:\/\/api.w.org\/{rel}","templated":true}]}}