{"id":21779,"date":"2020-06-20T23:32:45","date_gmt":"2020-06-20T20:32:45","guid":{"rendered":"https:\/\/woodinout.net\/product\/1x5-nombres-et-bac-de-comptage\/"},"modified":"2022-04-25T09:54:37","modified_gmt":"2022-04-25T06:54:37","slug":"bac-de-nombres-et-de-comptage","status":"publish","type":"product","link":"https:\/\/woodinout.net\/fr\/product\/bac-de-nombres-et-de-comptage\/","title":{"rendered":"1&#215;5 Nombres et bac de comptage"},"content":{"rendered":"<p>Ce plateau de nombres et de comptage est cr\u00e9\u00e9 pour \u00eatre utilis\u00e9 de plusieurs fa\u00e7ons: Qu\u2019il s\u2019agisse de cadeaux uniques de professeur de math\u00e9matiques Montessori, ajoutez simplement du texte grav\u00e9 au dos et c\u2019est parti &#8211; cela devient un cadeau PERSONNALIS\u00c9.<br \/>\nLes jouets d\u2019apprentissage sont toujours des JOUETS pour les enfants, et les jouets Waldorf comme ces manipulateurs de math\u00e9matiques sont les meilleurs aides \u00e0 l\u2019\u00e9cole \u00e0 la maison. Le plateau de comptage a un endroit pour mettre des perles de comptage et sur le dessus, nous avons des num\u00e9ros de bois grav\u00e9s sur des blocs. Les perles de multiplication sont en bois, donc \u00e9cologiques et non toxiques. Ce jouet en bois est non seulement beau (il peut \u00eatre un d\u00e9cor de classe de math\u00e9matiques parfait), mais aussi tr\u00e8s pr\u00e9cieux \u00e0 la maternelle ou \u00e0 l\u2019\u00e9cole maternelle, lorsqu\u2019il est utilis\u00e9 comme l\u2019une des activit\u00e9s pour enfants. Apprendre est AMUSANT et \u00c9L\u00c9GANT avec Woodinout.<\/p>\n<p>Le kit contient :<br \/>\nBac de comptage<br \/>\n60 pi\u00e8ces. de perles de comptage (0,05 pouce de diam\u00e8tre)<\/p>\n<p>Vous pouvez choisir parmi 2 OPTIONS:<br \/>\nR: 20 pi\u00e8ces. cartes num\u00e9riques en contreplaqu\u00e9 en bois et 3 symboles (-+=), dimension: ~ 1,8 x 1,8 pouces, \u00e9paisseur ~ 0,12 pouces<br \/>\nB: 20 pi\u00e8ces. Blocs de nombres BOIS NATUREL et 3 symboles (-+=), dimension: ~ 1,8 x 1,8 pouces, \u00e9paisseur ~ 0,6 pouces<\/p>\n<p>DIMENSIONS DE LA CARTE<br \/>\nLongueur: ~ 11,4 pouces<br \/>\nHauteur: ~ 6,7 pouces<br \/>\n\u00c9paisseur: ~ 0,6 pouces<\/p>\n<p>COULEURS ET MAT\u00c9RIAUX<br \/>\nCouleur: naturel ou brun huil\u00e9.<br \/>\nLe jouet est en BOIS MASSIF NATUREL.<br \/>\nVeuillez noter que les couleurs peuvent varier en raison des param\u00e8tres de l\u2019\u00e9cran de l\u2019ordinateur et de l\u2019\u00e9claircissement.<\/p>\n","protected":false},"excerpt":{"rendered":"<p>Ce plateau de nombres et de comptage est cr\u00e9\u00e9 pour \u00eatre utilis\u00e9 de plusieurs fa\u00e7ons: Qu\u2019il s\u2019agisse de cadeaux uniques de professeur de math\u00e9matiques Montessori, ajoutez simplement du texte grav\u00e9 au dos et c\u2019est parti &#8211; cela devient un cadeau PERSONNALIS\u00c9. Les jouets d\u2019apprentissage sont toujours des JOUETS pour les enfants, et les jouets Waldorf [&hellip;]<\/p>\n","protected":false},"featured_media":17375,"template":"","meta":{"_monsterinsights_skip_tracking":false,"_monsterinsights_sitenote_active":false,"_monsterinsights_sitenote_note":"","_monsterinsights_sitenote_category":0},"product_cat":[1834,1723],"product_tag":[1841,1736,1738,1735,1729,1728,1726,1842,1734,1904,1843,1905],"yoast_head":"<!-- This site is optimized with the Yoast SEO plugin v22.1 - https:\/\/yoast.com\/wordpress\/plugins\/seo\/ -->\n<title>1x5 Nombres et bac de comptage - Woodinout \u00a9 en bois<\/title>\n<meta name=\"description\" content=\"Apprendre, jouer, trier, compter - Mat\u00e9riel math\u00e9matique Montessori Plateau de comptage en bois - Longue dur\u00e9e, Naturel, Personnalis\u00e9 - cadeaux parfaits pour les enfants.\" \/>\n<meta name=\"robots\" content=\"index, follow, max-snippet:-1, max-image-preview:large, max-video-preview:-1\" \/>\n<link rel=\"canonical\" href=\"https:\/\/woodinout.net\/fr\/product\/bac-de-nombres-et-de-comptage\/\" \/>\n<meta property=\"og:locale\" content=\"fr_FR\" \/>\n<meta property=\"og:type\" content=\"article\" \/>\n<meta property=\"og:title\" content=\"1x5 Nombres et bac de comptage - Woodinout \u00a9 en bois\" \/>\n<meta property=\"og:description\" content=\"Apprendre, jouer, trier, compter - Mat\u00e9riel math\u00e9matique Montessori Plateau de comptage en bois - Longue dur\u00e9e, Naturel, Personnalis\u00e9 - cadeaux parfaits pour les enfants.\" \/>\n<meta property=\"og:url\" content=\"https:\/\/woodinout.net\/fr\/product\/bac-de-nombres-et-de-comptage\/\" \/>\n<meta property=\"og:site_name\" content=\"Woodinout \u00a9\" \/>\n<meta property=\"article:modified_time\" content=\"2022-04-25T06:54:37+00:00\" \/>\n<meta property=\"og:image\" content=\"https:\/\/woodinout.net\/wp-content\/uploads\/2020\/06\/Numbers-and-Counting-tray-3.jpg\" \/>\n\t<meta property=\"og:image:width\" content=\"853\" \/>\n\t<meta property=\"og:image:height\" content=\"1280\" \/>\n\t<meta property=\"og:image:type\" content=\"image\/jpeg\" \/>\n<meta name=\"twitter:card\" content=\"summary_large_image\" \/>\n<meta name=\"twitter:label1\" content=\"Dur\u00e9e de lecture estim\u00e9e\" \/>\n\t<meta name=\"twitter:data1\" content=\"1 minute\" \/>\n<script type=\"application\/ld+json\" class=\"yoast-schema-graph\">{\"@context\":\"https:\/\/schema.org\",\"@graph\":[{\"@type\":\"WebPage\",\"@id\":\"https:\/\/woodinout.net\/fr\/product\/bac-de-nombres-et-de-comptage\/\",\"url\":\"https:\/\/woodinout.net\/fr\/product\/bac-de-nombres-et-de-comptage\/\",\"name\":\"1x5 Nombres et bac de comptage - Woodinout \u00a9 en bois\",\"isPartOf\":{\"@id\":\"https:\/\/woodinout.net\/fr\/#website\"},\"datePublished\":\"2020-06-20T20:32:45+00:00\",\"dateModified\":\"2022-04-25T06:54:37+00:00\",\"description\":\"Apprendre, jouer, trier, compter - Mat\u00e9riel math\u00e9matique Montessori Plateau de comptage en bois - Longue dur\u00e9e, Naturel, Personnalis\u00e9 - cadeaux parfaits pour les enfants.\",\"breadcrumb\":{\"@id\":\"https:\/\/woodinout.net\/fr\/product\/bac-de-nombres-et-de-comptage\/#breadcrumb\"},\"inLanguage\":\"fr-FR\",\"potentialAction\":[{\"@type\":\"ReadAction\",\"target\":[\"https:\/\/woodinout.net\/fr\/product\/bac-de-nombres-et-de-comptage\/\"]}]},{\"@type\":\"BreadcrumbList\",\"@id\":\"https:\/\/woodinout.net\/fr\/product\/bac-de-nombres-et-de-comptage\/#breadcrumb\",\"itemListElement\":[{\"@type\":\"ListItem\",\"position\":1,\"name\":\"Home\",\"item\":\"https:\/\/woodinout.net\/fr\/\"},{\"@type\":\"ListItem\",\"position\":2,\"name\":\"Shop\",\"item\":\"https:\/\/woodinout.net\/shop\/\"},{\"@type\":\"ListItem\",\"position\":3,\"name\":\"1&#215;5 Nombres et bac de comptage\"}]},{\"@type\":\"WebSite\",\"@id\":\"https:\/\/woodinout.net\/fr\/#website\",\"url\":\"https:\/\/woodinout.net\/fr\/\",\"name\":\"Woodinout \u00a9\",\"description\":\"Wooden Montessori toys, gifts, home and events decor details\",\"potentialAction\":[{\"@type\":\"SearchAction\",\"target\":{\"@type\":\"EntryPoint\",\"urlTemplate\":\"https:\/\/woodinout.net\/fr\/?s={search_term_string}\"},\"query-input\":\"required name=search_term_string\"}],\"inLanguage\":\"fr-FR\"}]}<\/script>\n<!-- \/ Yoast SEO plugin. -->","yoast_head_json":{"title":"1x5 Nombres et bac de comptage - Woodinout \u00a9 en bois","description":"Apprendre, jouer, trier, compter - Mat\u00e9riel math\u00e9matique Montessori Plateau de comptage en bois - Longue dur\u00e9e, Naturel, Personnalis\u00e9 - cadeaux parfaits pour les enfants.","robots":{"index":"index","follow":"follow","max-snippet":"max-snippet:-1","max-image-preview":"max-image-preview:large","max-video-preview":"max-video-preview:-1"},"canonical":"https:\/\/woodinout.net\/fr\/product\/bac-de-nombres-et-de-comptage\/","og_locale":"fr_FR","og_type":"article","og_title":"1x5 Nombres et bac de comptage - Woodinout \u00a9 en bois","og_description":"Apprendre, jouer, trier, compter - Mat\u00e9riel math\u00e9matique Montessori Plateau de comptage en bois - Longue dur\u00e9e, Naturel, Personnalis\u00e9 - cadeaux parfaits pour les enfants.","og_url":"https:\/\/woodinout.net\/fr\/product\/bac-de-nombres-et-de-comptage\/","og_site_name":"Woodinout \u00a9","article_modified_time":"2022-04-25T06:54:37+00:00","og_image":[{"width":853,"height":1280,"url":"https:\/\/woodinout.net\/wp-content\/uploads\/2020\/06\/Numbers-and-Counting-tray-3.jpg","type":"image\/jpeg"}],"twitter_card":"summary_large_image","twitter_misc":{"Dur\u00e9e de lecture estim\u00e9e":"1 minute"},"schema":{"@context":"https:\/\/schema.org","@graph":[{"@type":"WebPage","@id":"https:\/\/woodinout.net\/fr\/product\/bac-de-nombres-et-de-comptage\/","url":"https:\/\/woodinout.net\/fr\/product\/bac-de-nombres-et-de-comptage\/","name":"1x5 Nombres et bac de comptage - Woodinout \u00a9 en bois","isPartOf":{"@id":"https:\/\/woodinout.net\/fr\/#website"},"datePublished":"2020-06-20T20:32:45+00:00","dateModified":"2022-04-25T06:54:37+00:00","description":"Apprendre, jouer, trier, compter - Mat\u00e9riel math\u00e9matique Montessori Plateau de comptage en bois - Longue dur\u00e9e, Naturel, Personnalis\u00e9 - cadeaux parfaits pour les enfants.","breadcrumb":{"@id":"https:\/\/woodinout.net\/fr\/product\/bac-de-nombres-et-de-comptage\/#breadcrumb"},"inLanguage":"fr-FR","potentialAction":[{"@type":"ReadAction","target":["https:\/\/woodinout.net\/fr\/product\/bac-de-nombres-et-de-comptage\/"]}]},{"@type":"BreadcrumbList","@id":"https:\/\/woodinout.net\/fr\/product\/bac-de-nombres-et-de-comptage\/#breadcrumb","itemListElement":[{"@type":"ListItem","position":1,"name":"Home","item":"https:\/\/woodinout.net\/fr\/"},{"@type":"ListItem","position":2,"name":"Shop","item":"https:\/\/woodinout.net\/shop\/"},{"@type":"ListItem","position":3,"name":"1&#215;5 Nombres et bac de comptage"}]},{"@type":"WebSite","@id":"https:\/\/woodinout.net\/fr\/#website","url":"https:\/\/woodinout.net\/fr\/","name":"Woodinout \u00a9","description":"Wooden Montessori toys, gifts, home and events decor details","potentialAction":[{"@type":"SearchAction","target":{"@type":"EntryPoint","urlTemplate":"https:\/\/woodinout.net\/fr\/?s={search_term_string}"},"query-input":"required name=search_term_string"}],"inLanguage":"fr-FR"}]}},"_links":{"self":[{"href":"https:\/\/woodinout.net\/fr\/wp-json\/wp\/v2\/product\/21779"}],"collection":[{"href":"https:\/\/woodinout.net\/fr\/wp-json\/wp\/v2\/product"}],"about":[{"href":"https:\/\/woodinout.net\/fr\/wp-json\/wp\/v2\/types\/product"}],"wp:featuredmedia":[{"embeddable":true,"href":"https:\/\/woodinout.net\/fr\/wp-json\/wp\/v2\/media\/17375"}],"wp:attachment":[{"href":"https:\/\/woodinout.net\/fr\/wp-json\/wp\/v2\/media?parent=21779"}],"wp:term":[{"taxonomy":"product_cat","embeddable":true,"href":"https:\/\/woodinout.net\/fr\/wp-json\/wp\/v2\/product_cat?post=21779"},{"taxonomy":"product_tag","embeddable":true,"href":"https:\/\/woodinout.net\/fr\/wp-json\/wp\/v2\/product_tag?post=21779"}],"curies":[{"name":"wp","href":"https:\/\/api.w.org\/{rel}","templated":true}]}}