{"id":21775,"date":"2020-06-20T23:52:42","date_gmt":"2020-06-20T20:52:42","guid":{"rendered":"https:\/\/woodinout.net\/product\/planche-de-scrabble-junior-mots-de-famille\/"},"modified":"2022-04-28T09:40:21","modified_gmt":"2022-04-28T06:40:21","slug":"scrabble-planche-avec-lettres-en-bois","status":"publish","type":"product","link":"https:\/\/woodinout.net\/fr\/product\/scrabble-planche-avec-lettres-en-bois\/","title":{"rendered":"Planche de scrabble junior. Mots de famille"},"content":{"rendered":"<p>Nous vous pr\u00e9sentons un tableau de Scrabble avec des lettres en bois. Ce jeu de scrabble est un cadeau familial parfait pour passer du temps pr\u00e9cieux en famille ensemble. Ajoutez du texte personnalis\u00e9 au dos et c\u2019est parti pour un cadeau personnalis\u00e9. Le jeu de tuiles Scrabble est l\u2019un des jouets d\u2019apprentissage de mots les plus populaires au monde. Soyez cr\u00e9atif sur le tableau de scrabble et joignez des blocs d\u2019alphabet en mots en bois. Lettres en bois abc bloc de bois vous emm\u00e8nera dans le monde des mots, allons ensemble MAINTENANT! Rejoignez la famille des clients heureux de Woodinout! Apprendre les jouets, c\u2019est ce que nous faisons!<\/p>\n<p><strong>Le kit contient :<\/strong><br \/>\nTableau de scrabble de la famille Word<br \/>\nCrayon en bois<\/p>\n<p><strong>Vous pouvez choisir parmi 2 OPTIONS:<\/strong><\/p>\n<ul>\n<li>R: 35 pi\u00e8ces. cartes de lettres en contreplaqu\u00e9 (26 pcs. + b, d, g, m, n, p, r, s, t) , dimension: ~ 1,8 x 1,8 pouces, \u00e9paisseur ~ 0,12 pouces<\/li>\n<li>B: 35 pi\u00e8ces. Blocs de lettres EN BOIS NATUREL (26 pcs. + b, d, g, m, n, p, r, s, t), dimension: ~ 1,8 x 1,8 pouces, \u00e9paisseur ~ 0,6 pouces<\/li>\n<\/ul>\n<p>DIMENSIONS DE LA CARTE<br \/>\nLongueur: ~ 6 pouces<br \/>\nHauteur: ~ 11,4 pouces<br \/>\n\u00c9paisseur: ~ 0,6 pouces<\/p>\n<p>COULEURS ET MAT\u00c9RIAUX<br \/>\nCouleur: naturel ou brun huil\u00e9.<br \/>\nLa planche est en BOIS MASSIF NATUREL.<br \/>\nVeuillez noter que les couleurs peuvent varier en raison des param\u00e8tres de l\u2019\u00e9cran de l\u2019ordinateur et de l\u2019\u00e9claircissement.<\/p>\n","protected":false},"excerpt":{"rendered":"<p>Nous vous pr\u00e9sentons un tableau de Scrabble avec des lettres en bois. Ce jeu de scrabble est un cadeau familial parfait pour passer du temps pr\u00e9cieux en famille ensemble. Ajoutez du texte personnalis\u00e9 au dos et c\u2019est parti pour un cadeau personnalis\u00e9. Le jeu de tuiles Scrabble est l\u2019un des jouets d\u2019apprentissage de mots les [&hellip;]<\/p>\n","protected":false},"featured_media":17463,"template":"","meta":{"_monsterinsights_skip_tracking":false,"_monsterinsights_sitenote_active":false,"_monsterinsights_sitenote_note":"","_monsterinsights_sitenote_category":0},"product_cat":[1789,1723],"product_tag":[1736,1738,2270,1735,1741,1729,1728,1726,1734,1743,2271],"yoast_head":"<!-- This site is optimized with the Yoast SEO plugin v22.1 - https:\/\/yoast.com\/wordpress\/plugins\/seo\/ -->\n<title>Planche de scrabble junior. Mots de famille - Woodinout \u00a9 Jeux d\u2019orthographe<\/title>\n<meta name=\"description\" content=\"Jeu d\u2019orthographe de plateau de scrabble junior - pour passer un temps pr\u00e9cieux en famille avec vos enfants. Jouets d\u2019apprentissage faits \u00e0 la main et respectueux de l\u2019environnement par Woodinout.\" \/>\n<meta name=\"robots\" content=\"index, follow, max-snippet:-1, max-image-preview:large, max-video-preview:-1\" \/>\n<link rel=\"canonical\" href=\"https:\/\/woodinout.net\/fr\/product\/scrabble-planche-avec-lettres-en-bois\/\" \/>\n<meta property=\"og:locale\" content=\"fr_FR\" \/>\n<meta property=\"og:type\" content=\"article\" \/>\n<meta property=\"og:title\" content=\"Planche de scrabble junior. Mots de famille - Woodinout \u00a9 Jeux d\u2019orthographe\" \/>\n<meta property=\"og:description\" content=\"Jeu d\u2019orthographe de plateau de scrabble junior - pour passer un temps pr\u00e9cieux en famille avec vos enfants. Jouets d\u2019apprentissage faits \u00e0 la main et respectueux de l\u2019environnement par Woodinout.\" \/>\n<meta property=\"og:url\" content=\"https:\/\/woodinout.net\/fr\/product\/scrabble-planche-avec-lettres-en-bois\/\" \/>\n<meta property=\"og:site_name\" content=\"Woodinout \u00a9\" \/>\n<meta property=\"article:modified_time\" content=\"2022-04-28T06:40:21+00:00\" \/>\n<meta property=\"og:image\" content=\"https:\/\/woodinout.net\/wp-content\/uploads\/2020\/06\/Scrabble-board-with-wooden-letters-1.jpg\" \/>\n\t<meta property=\"og:image:width\" content=\"853\" \/>\n\t<meta property=\"og:image:height\" content=\"1280\" \/>\n\t<meta property=\"og:image:type\" content=\"image\/jpeg\" \/>\n<meta name=\"twitter:card\" content=\"summary_large_image\" \/>\n<meta name=\"twitter:label1\" content=\"Dur\u00e9e de lecture estim\u00e9e\" \/>\n\t<meta name=\"twitter:data1\" content=\"1 minute\" \/>\n<script type=\"application\/ld+json\" class=\"yoast-schema-graph\">{\"@context\":\"https:\/\/schema.org\",\"@graph\":[{\"@type\":\"WebPage\",\"@id\":\"https:\/\/woodinout.net\/fr\/product\/scrabble-planche-avec-lettres-en-bois\/\",\"url\":\"https:\/\/woodinout.net\/fr\/product\/scrabble-planche-avec-lettres-en-bois\/\",\"name\":\"Planche de scrabble junior. Mots de famille - Woodinout \u00a9 Jeux d\u2019orthographe\",\"isPartOf\":{\"@id\":\"https:\/\/woodinout.net\/fr\/#website\"},\"datePublished\":\"2020-06-20T20:52:42+00:00\",\"dateModified\":\"2022-04-28T06:40:21+00:00\",\"description\":\"Jeu d\u2019orthographe de plateau de scrabble junior - pour passer un temps pr\u00e9cieux en famille avec vos enfants. Jouets d\u2019apprentissage faits \u00e0 la main et respectueux de l\u2019environnement par Woodinout.\",\"breadcrumb\":{\"@id\":\"https:\/\/woodinout.net\/fr\/product\/scrabble-planche-avec-lettres-en-bois\/#breadcrumb\"},\"inLanguage\":\"fr-FR\",\"potentialAction\":[{\"@type\":\"ReadAction\",\"target\":[\"https:\/\/woodinout.net\/fr\/product\/scrabble-planche-avec-lettres-en-bois\/\"]}]},{\"@type\":\"BreadcrumbList\",\"@id\":\"https:\/\/woodinout.net\/fr\/product\/scrabble-planche-avec-lettres-en-bois\/#breadcrumb\",\"itemListElement\":[{\"@type\":\"ListItem\",\"position\":1,\"name\":\"Home\",\"item\":\"https:\/\/woodinout.net\/fr\/\"},{\"@type\":\"ListItem\",\"position\":2,\"name\":\"Shop\",\"item\":\"https:\/\/woodinout.net\/shop\/\"},{\"@type\":\"ListItem\",\"position\":3,\"name\":\"Planche de scrabble junior. Mots de famille\"}]},{\"@type\":\"WebSite\",\"@id\":\"https:\/\/woodinout.net\/fr\/#website\",\"url\":\"https:\/\/woodinout.net\/fr\/\",\"name\":\"Woodinout \u00a9\",\"description\":\"Wooden Montessori toys, gifts, home and events decor details\",\"potentialAction\":[{\"@type\":\"SearchAction\",\"target\":{\"@type\":\"EntryPoint\",\"urlTemplate\":\"https:\/\/woodinout.net\/fr\/?s={search_term_string}\"},\"query-input\":\"required name=search_term_string\"}],\"inLanguage\":\"fr-FR\"}]}<\/script>\n<!-- \/ Yoast SEO plugin. -->","yoast_head_json":{"title":"Planche de scrabble junior. Mots de famille - Woodinout \u00a9 Jeux d\u2019orthographe","description":"Jeu d\u2019orthographe de plateau de scrabble junior - pour passer un temps pr\u00e9cieux en famille avec vos enfants. Jouets d\u2019apprentissage faits \u00e0 la main et respectueux de l\u2019environnement par Woodinout.","robots":{"index":"index","follow":"follow","max-snippet":"max-snippet:-1","max-image-preview":"max-image-preview:large","max-video-preview":"max-video-preview:-1"},"canonical":"https:\/\/woodinout.net\/fr\/product\/scrabble-planche-avec-lettres-en-bois\/","og_locale":"fr_FR","og_type":"article","og_title":"Planche de scrabble junior. Mots de famille - Woodinout \u00a9 Jeux d\u2019orthographe","og_description":"Jeu d\u2019orthographe de plateau de scrabble junior - pour passer un temps pr\u00e9cieux en famille avec vos enfants. Jouets d\u2019apprentissage faits \u00e0 la main et respectueux de l\u2019environnement par Woodinout.","og_url":"https:\/\/woodinout.net\/fr\/product\/scrabble-planche-avec-lettres-en-bois\/","og_site_name":"Woodinout \u00a9","article_modified_time":"2022-04-28T06:40:21+00:00","og_image":[{"width":853,"height":1280,"url":"https:\/\/woodinout.net\/wp-content\/uploads\/2020\/06\/Scrabble-board-with-wooden-letters-1.jpg","type":"image\/jpeg"}],"twitter_card":"summary_large_image","twitter_misc":{"Dur\u00e9e de lecture estim\u00e9e":"1 minute"},"schema":{"@context":"https:\/\/schema.org","@graph":[{"@type":"WebPage","@id":"https:\/\/woodinout.net\/fr\/product\/scrabble-planche-avec-lettres-en-bois\/","url":"https:\/\/woodinout.net\/fr\/product\/scrabble-planche-avec-lettres-en-bois\/","name":"Planche de scrabble junior. Mots de famille - Woodinout \u00a9 Jeux d\u2019orthographe","isPartOf":{"@id":"https:\/\/woodinout.net\/fr\/#website"},"datePublished":"2020-06-20T20:52:42+00:00","dateModified":"2022-04-28T06:40:21+00:00","description":"Jeu d\u2019orthographe de plateau de scrabble junior - pour passer un temps pr\u00e9cieux en famille avec vos enfants. Jouets d\u2019apprentissage faits \u00e0 la main et respectueux de l\u2019environnement par Woodinout.","breadcrumb":{"@id":"https:\/\/woodinout.net\/fr\/product\/scrabble-planche-avec-lettres-en-bois\/#breadcrumb"},"inLanguage":"fr-FR","potentialAction":[{"@type":"ReadAction","target":["https:\/\/woodinout.net\/fr\/product\/scrabble-planche-avec-lettres-en-bois\/"]}]},{"@type":"BreadcrumbList","@id":"https:\/\/woodinout.net\/fr\/product\/scrabble-planche-avec-lettres-en-bois\/#breadcrumb","itemListElement":[{"@type":"ListItem","position":1,"name":"Home","item":"https:\/\/woodinout.net\/fr\/"},{"@type":"ListItem","position":2,"name":"Shop","item":"https:\/\/woodinout.net\/shop\/"},{"@type":"ListItem","position":3,"name":"Planche de scrabble junior. Mots de famille"}]},{"@type":"WebSite","@id":"https:\/\/woodinout.net\/fr\/#website","url":"https:\/\/woodinout.net\/fr\/","name":"Woodinout \u00a9","description":"Wooden Montessori toys, gifts, home and events decor details","potentialAction":[{"@type":"SearchAction","target":{"@type":"EntryPoint","urlTemplate":"https:\/\/woodinout.net\/fr\/?s={search_term_string}"},"query-input":"required name=search_term_string"}],"inLanguage":"fr-FR"}]}},"_links":{"self":[{"href":"https:\/\/woodinout.net\/fr\/wp-json\/wp\/v2\/product\/21775"}],"collection":[{"href":"https:\/\/woodinout.net\/fr\/wp-json\/wp\/v2\/product"}],"about":[{"href":"https:\/\/woodinout.net\/fr\/wp-json\/wp\/v2\/types\/product"}],"wp:featuredmedia":[{"embeddable":true,"href":"https:\/\/woodinout.net\/fr\/wp-json\/wp\/v2\/media\/17463"}],"wp:attachment":[{"href":"https:\/\/woodinout.net\/fr\/wp-json\/wp\/v2\/media?parent=21775"}],"wp:term":[{"taxonomy":"product_cat","embeddable":true,"href":"https:\/\/woodinout.net\/fr\/wp-json\/wp\/v2\/product_cat?post=21775"},{"taxonomy":"product_tag","embeddable":true,"href":"https:\/\/woodinout.net\/fr\/wp-json\/wp\/v2\/product_tag?post=21775"}],"curies":[{"name":"wp","href":"https:\/\/api.w.org\/{rel}","templated":true}]}}