{"id":21774,"date":"2020-06-23T20:56:14","date_gmt":"2020-06-23T17:56:14","guid":{"rendered":"https:\/\/woodinout.net\/product\/batons-de-comptage-en-bois-jouet-de-tri\/"},"modified":"2022-04-28T11:40:21","modified_gmt":"2022-04-28T08:40:21","slug":"tri-en-bois-jouets-pour-tout-petits-prescolaire-apprentissage","status":"publish","type":"product","link":"https:\/\/woodinout.net\/fr\/product\/tri-en-bois-jouets-pour-tout-petits-prescolaire-apprentissage\/","title":{"rendered":"B\u00e2tons de comptage en bois Jouet de tri"},"content":{"rendered":"<p>Vous cherchez un cadeau de d\u00e9veloppement unique pour les tout-petits? B\u00e2tons de comptage en bois Le jouet de tri est \u00e0 la fois \u00e9ducatif et \u00e9l\u00e9gant. Les jouets de math\u00e9matiques Waldorf &amp; Montessori mondialement connus sont un moyen facile et amusant d\u2019apprendre les nombres et le comptage \u00e0 l\u2019\u00e9cole maternelle. Ce cadre de tri Montessori ten en bois est l\u2019un des moyens mignons et amusants de rendre l\u2019\u00e9cole \u00e0 la maison FACILE. Apprenez LES NOMBRES ET LE COMPTAGE. Croyez-moi, les enfants adorent \u00e7a.<br \/>\nLes jouets d\u2019apprentissage sont toujours des jouets aux yeux d\u2019un enfant. Nos jouets en bois faits \u00e0 la main ne sont pas seulement des cadeaux parfaits pour les enfants, mais aussi tr\u00e8s beaux. Pour cela, ce cadeau personnalis\u00e9 pourrait \u00eatre un d\u00e9cor de chambre d\u2019enfant \u00e9l\u00e9gant &#8211; utilisez votre imagination ici.<\/p>\n<p>Le kit contient :<br \/>\nBac de tri<br \/>\n60 pi\u00e8ces. cambrousse<\/p>\n<p>TAILLE<br \/>\nLongueur: ~ 17,7 pouces<br \/>\nHauteur: ~ 2 pouces<br \/>\n\u00c9paisseur: ~ 1,6 pouces<\/p>\n<p>COULEURS ET MAT\u00c9RIAUX<br \/>\nCouleur: naturel huil\u00e9.<br \/>\nLe jouet est fait de BOIS MASSIF NATUREL et de contreplaqu\u00e9.<br \/>\nVeuillez noter que les couleurs peuvent varier en raison des param\u00e8tres de l\u2019\u00e9cran de l\u2019ordinateur et de l\u2019\u00e9claircissement.<\/p>\n<p>Pour plus d\u2019id\u00e9es, suivez-nous sur <a href=\"https:\/\/www.instagram.com\/woodinout\/\">INSTAGRAM<\/a> &amp; <a href=\"https:\/\/www.facebook.com\/Woodinout.net\">FACEBOOK<\/a><\/p>\n","protected":false},"excerpt":{"rendered":"<p>Vous cherchez un cadeau de d\u00e9veloppement unique pour les tout-petits? B\u00e2tons de comptage en bois Le jouet de tri est \u00e0 la fois \u00e9ducatif et \u00e9l\u00e9gant. Les jouets de math\u00e9matiques Waldorf &amp; Montessori mondialement connus sont un moyen facile et amusant d\u2019apprendre les nombres et le comptage \u00e0 l\u2019\u00e9cole maternelle. Ce cadre de tri Montessori [&hellip;]<\/p>\n","protected":false},"featured_media":17679,"template":"","meta":{"_monsterinsights_skip_tracking":false,"_monsterinsights_sitenote_active":false,"_monsterinsights_sitenote_note":"","_monsterinsights_sitenote_category":0},"product_cat":[1723,1941],"product_tag":[1841,1736,1738,2317,1735,1729,2316,1728,1726,1842,1734,1904,1843],"yoast_head":"<!-- This site is optimized with the Yoast SEO plugin v22.1 - https:\/\/yoast.com\/wordpress\/plugins\/seo\/ -->\n<title>B\u00e2tons de comptage en bois Jouet de tri - Woodinout \u00a9 Jouets Montessori<\/title>\n<meta name=\"description\" content=\"Jouet de tri pour compter les b\u00e2tons. Les jouets Montessori sont un moyen naturel d\u2019apprentissage AMUSANT. Manipualtives math\u00e9matiques faites \u00e0 la main \u00e0 partir de bois par Woodinout.\" \/>\n<meta name=\"robots\" content=\"index, follow, max-snippet:-1, max-image-preview:large, max-video-preview:-1\" \/>\n<link rel=\"canonical\" href=\"https:\/\/woodinout.net\/fr\/product\/tri-en-bois-jouets-pour-tout-petits-prescolaire-apprentissage\/\" \/>\n<meta property=\"og:locale\" content=\"fr_FR\" \/>\n<meta property=\"og:type\" content=\"article\" \/>\n<meta property=\"og:title\" content=\"B\u00e2tons de comptage en bois Jouet de tri - Woodinout \u00a9 Jouets Montessori\" \/>\n<meta property=\"og:description\" content=\"Jouet de tri pour compter les b\u00e2tons. Les jouets Montessori sont un moyen naturel d\u2019apprentissage AMUSANT. Manipualtives math\u00e9matiques faites \u00e0 la main \u00e0 partir de bois par Woodinout.\" \/>\n<meta property=\"og:url\" content=\"https:\/\/woodinout.net\/fr\/product\/tri-en-bois-jouets-pour-tout-petits-prescolaire-apprentissage\/\" \/>\n<meta property=\"og:site_name\" content=\"Woodinout \u00a9\" \/>\n<meta property=\"article:modified_time\" content=\"2022-04-28T08:40:21+00:00\" \/>\n<meta property=\"og:image\" content=\"https:\/\/woodinout.net\/wp-content\/uploads\/2020\/06\/Wooden-sorting-toys-for-toddler-preschool-learning-2.jpg\" \/>\n\t<meta property=\"og:image:width\" content=\"853\" \/>\n\t<meta property=\"og:image:height\" content=\"1280\" \/>\n\t<meta property=\"og:image:type\" content=\"image\/jpeg\" \/>\n<meta name=\"twitter:card\" content=\"summary_large_image\" \/>\n<meta name=\"twitter:label1\" content=\"Dur\u00e9e de lecture estim\u00e9e\" \/>\n\t<meta name=\"twitter:data1\" content=\"1 minute\" \/>\n<script type=\"application\/ld+json\" class=\"yoast-schema-graph\">{\"@context\":\"https:\/\/schema.org\",\"@graph\":[{\"@type\":\"WebPage\",\"@id\":\"https:\/\/woodinout.net\/fr\/product\/tri-en-bois-jouets-pour-tout-petits-prescolaire-apprentissage\/\",\"url\":\"https:\/\/woodinout.net\/fr\/product\/tri-en-bois-jouets-pour-tout-petits-prescolaire-apprentissage\/\",\"name\":\"B\u00e2tons de comptage en bois Jouet de tri - Woodinout \u00a9 Jouets Montessori\",\"isPartOf\":{\"@id\":\"https:\/\/woodinout.net\/fr\/#website\"},\"datePublished\":\"2020-06-23T17:56:14+00:00\",\"dateModified\":\"2022-04-28T08:40:21+00:00\",\"description\":\"Jouet de tri pour compter les b\u00e2tons. Les jouets Montessori sont un moyen naturel d\u2019apprentissage AMUSANT. Manipualtives math\u00e9matiques faites \u00e0 la main \u00e0 partir de bois par Woodinout.\",\"breadcrumb\":{\"@id\":\"https:\/\/woodinout.net\/fr\/product\/tri-en-bois-jouets-pour-tout-petits-prescolaire-apprentissage\/#breadcrumb\"},\"inLanguage\":\"fr-FR\",\"potentialAction\":[{\"@type\":\"ReadAction\",\"target\":[\"https:\/\/woodinout.net\/fr\/product\/tri-en-bois-jouets-pour-tout-petits-prescolaire-apprentissage\/\"]}]},{\"@type\":\"BreadcrumbList\",\"@id\":\"https:\/\/woodinout.net\/fr\/product\/tri-en-bois-jouets-pour-tout-petits-prescolaire-apprentissage\/#breadcrumb\",\"itemListElement\":[{\"@type\":\"ListItem\",\"position\":1,\"name\":\"Home\",\"item\":\"https:\/\/woodinout.net\/fr\/\"},{\"@type\":\"ListItem\",\"position\":2,\"name\":\"Shop\",\"item\":\"https:\/\/woodinout.net\/shop\/\"},{\"@type\":\"ListItem\",\"position\":3,\"name\":\"B\u00e2tons de comptage en bois Jouet de tri\"}]},{\"@type\":\"WebSite\",\"@id\":\"https:\/\/woodinout.net\/fr\/#website\",\"url\":\"https:\/\/woodinout.net\/fr\/\",\"name\":\"Woodinout \u00a9\",\"description\":\"Wooden Montessori toys, gifts, home and events decor details\",\"potentialAction\":[{\"@type\":\"SearchAction\",\"target\":{\"@type\":\"EntryPoint\",\"urlTemplate\":\"https:\/\/woodinout.net\/fr\/?s={search_term_string}\"},\"query-input\":\"required name=search_term_string\"}],\"inLanguage\":\"fr-FR\"}]}<\/script>\n<!-- \/ Yoast SEO plugin. -->","yoast_head_json":{"title":"B\u00e2tons de comptage en bois Jouet de tri - Woodinout \u00a9 Jouets Montessori","description":"Jouet de tri pour compter les b\u00e2tons. Les jouets Montessori sont un moyen naturel d\u2019apprentissage AMUSANT. Manipualtives math\u00e9matiques faites \u00e0 la main \u00e0 partir de bois par Woodinout.","robots":{"index":"index","follow":"follow","max-snippet":"max-snippet:-1","max-image-preview":"max-image-preview:large","max-video-preview":"max-video-preview:-1"},"canonical":"https:\/\/woodinout.net\/fr\/product\/tri-en-bois-jouets-pour-tout-petits-prescolaire-apprentissage\/","og_locale":"fr_FR","og_type":"article","og_title":"B\u00e2tons de comptage en bois Jouet de tri - Woodinout \u00a9 Jouets Montessori","og_description":"Jouet de tri pour compter les b\u00e2tons. Les jouets Montessori sont un moyen naturel d\u2019apprentissage AMUSANT. Manipualtives math\u00e9matiques faites \u00e0 la main \u00e0 partir de bois par Woodinout.","og_url":"https:\/\/woodinout.net\/fr\/product\/tri-en-bois-jouets-pour-tout-petits-prescolaire-apprentissage\/","og_site_name":"Woodinout \u00a9","article_modified_time":"2022-04-28T08:40:21+00:00","og_image":[{"width":853,"height":1280,"url":"https:\/\/woodinout.net\/wp-content\/uploads\/2020\/06\/Wooden-sorting-toys-for-toddler-preschool-learning-2.jpg","type":"image\/jpeg"}],"twitter_card":"summary_large_image","twitter_misc":{"Dur\u00e9e de lecture estim\u00e9e":"1 minute"},"schema":{"@context":"https:\/\/schema.org","@graph":[{"@type":"WebPage","@id":"https:\/\/woodinout.net\/fr\/product\/tri-en-bois-jouets-pour-tout-petits-prescolaire-apprentissage\/","url":"https:\/\/woodinout.net\/fr\/product\/tri-en-bois-jouets-pour-tout-petits-prescolaire-apprentissage\/","name":"B\u00e2tons de comptage en bois Jouet de tri - Woodinout \u00a9 Jouets Montessori","isPartOf":{"@id":"https:\/\/woodinout.net\/fr\/#website"},"datePublished":"2020-06-23T17:56:14+00:00","dateModified":"2022-04-28T08:40:21+00:00","description":"Jouet de tri pour compter les b\u00e2tons. Les jouets Montessori sont un moyen naturel d\u2019apprentissage AMUSANT. Manipualtives math\u00e9matiques faites \u00e0 la main \u00e0 partir de bois par Woodinout.","breadcrumb":{"@id":"https:\/\/woodinout.net\/fr\/product\/tri-en-bois-jouets-pour-tout-petits-prescolaire-apprentissage\/#breadcrumb"},"inLanguage":"fr-FR","potentialAction":[{"@type":"ReadAction","target":["https:\/\/woodinout.net\/fr\/product\/tri-en-bois-jouets-pour-tout-petits-prescolaire-apprentissage\/"]}]},{"@type":"BreadcrumbList","@id":"https:\/\/woodinout.net\/fr\/product\/tri-en-bois-jouets-pour-tout-petits-prescolaire-apprentissage\/#breadcrumb","itemListElement":[{"@type":"ListItem","position":1,"name":"Home","item":"https:\/\/woodinout.net\/fr\/"},{"@type":"ListItem","position":2,"name":"Shop","item":"https:\/\/woodinout.net\/shop\/"},{"@type":"ListItem","position":3,"name":"B\u00e2tons de comptage en bois Jouet de tri"}]},{"@type":"WebSite","@id":"https:\/\/woodinout.net\/fr\/#website","url":"https:\/\/woodinout.net\/fr\/","name":"Woodinout \u00a9","description":"Wooden Montessori toys, gifts, home and events decor details","potentialAction":[{"@type":"SearchAction","target":{"@type":"EntryPoint","urlTemplate":"https:\/\/woodinout.net\/fr\/?s={search_term_string}"},"query-input":"required name=search_term_string"}],"inLanguage":"fr-FR"}]}},"_links":{"self":[{"href":"https:\/\/woodinout.net\/fr\/wp-json\/wp\/v2\/product\/21774"}],"collection":[{"href":"https:\/\/woodinout.net\/fr\/wp-json\/wp\/v2\/product"}],"about":[{"href":"https:\/\/woodinout.net\/fr\/wp-json\/wp\/v2\/types\/product"}],"wp:featuredmedia":[{"embeddable":true,"href":"https:\/\/woodinout.net\/fr\/wp-json\/wp\/v2\/media\/17679"}],"wp:attachment":[{"href":"https:\/\/woodinout.net\/fr\/wp-json\/wp\/v2\/media?parent=21774"}],"wp:term":[{"taxonomy":"product_cat","embeddable":true,"href":"https:\/\/woodinout.net\/fr\/wp-json\/wp\/v2\/product_cat?post=21774"},{"taxonomy":"product_tag","embeddable":true,"href":"https:\/\/woodinout.net\/fr\/wp-json\/wp\/v2\/product_tag?post=21774"}],"curies":[{"name":"wp","href":"https:\/\/api.w.org\/{rel}","templated":true}]}}