{"id":21773,"date":"2020-06-20T23:39:42","date_gmt":"2020-06-20T20:39:42","guid":{"rendered":"https:\/\/woodinout.net\/product\/blocs-de-nombres-en-bois\/"},"modified":"2022-04-22T12:35:28","modified_gmt":"2022-04-22T09:35:28","slug":"blocs-de-numeros-en-bois","status":"publish","type":"product","link":"https:\/\/woodinout.net\/fr\/product\/blocs-de-numeros-en-bois\/","title":{"rendered":"Blocs de nombres en bois"},"content":{"rendered":"<h1>Blocs de nombres en bois<\/h1>\n<p>Vous cherchez des cadeaux uniques pour les enfants? Les blocs de num\u00e9ros en bois sont \u00e0 la fois &#8211; \u00e9ducatifs et \u00e9l\u00e9gants. Les jouets Waldorf &amp; Montessori mondialement connus sont un moyen facile et amusant d\u2019apprendre les chiffres et le comptage et pourraient \u00e9galement \u00eatre utilis\u00e9s pour de nombreuses autres activit\u00e9s pour enfants. Les jouets en bois Montessori rendent l\u2019\u00e9cole \u00e0 la maison FACILE. Croyez-moi, les enfants adorent \u00e7a.<\/p>\n<p>Compter avec des blocs de chiffres en bois est beaucoup plus excitant. Compatible avec nos jeux d\u2019apprentissage que nous pr\u00e9f\u00e9rons utiliser comme <a href=\"http:\/\/woodinout.net\/product-tag\/math-manipulatives\/\">manipulateurs math\u00e9matiques<\/a> tels que dix images 2&#215;5 ou 3&#215;5.<\/p>\n<p>Les jeux d\u2019apprentissage sont toujours des JOUETS aux yeux d\u2019un enfant. Nos jouets pr\u00e9scolaires en bois faits \u00e0 la main ne sont pas seulement des cadeaux parfaits pour les enfants, mais aussi tr\u00e8s beaux. C\u2019est pourquoi bien appr\u00e9ci\u00e9 par les parents aussi.<\/p>\n<p>Le kit contient :<br \/>\n20 pi\u00e8ces. Blocs de num\u00e9ros PLYWOOD<br \/>\n3 symboles (-+=)<\/p>\n<p>TAILLE<\/p>\n<p>Hauteur: ~ 1,8 pouces<br \/>\nLongueur: ~ 1,8 pouces<br \/>\n\u00c9paisseur: ~ 0,12 pouces<\/p>\n<p>COULEURS ET MAT\u00c9RIAUX<br \/>\nCouleur: naturel.<br \/>\nLe jouet est en contreplaqu\u00e9.<br \/>\nVeuillez noter que les couleurs peuvent varier en raison des param\u00e8tres de l\u2019\u00e9cran de l\u2019ordinateur et de l\u2019\u00e9claircissement.<\/p>\n","protected":false},"excerpt":{"rendered":"<p>Blocs de nombres en bois Vous cherchez des cadeaux uniques pour les enfants? Les blocs de num\u00e9ros en bois sont \u00e0 la fois &#8211; \u00e9ducatifs et \u00e9l\u00e9gants. Les jouets Waldorf &amp; Montessori mondialement connus sont un moyen facile et amusant d\u2019apprendre les chiffres et le comptage et pourraient \u00e9galement \u00eatre utilis\u00e9s pour de nombreuses autres [&hellip;]<\/p>\n","protected":false},"featured_media":17399,"template":"","meta":{"_monsterinsights_skip_tracking":false,"_monsterinsights_sitenote_active":false,"_monsterinsights_sitenote_note":"","_monsterinsights_sitenote_category":0},"product_cat":[1834,1723],"product_tag":[1841,2238,1736,1738,2240,1735,1729,1728,1726,1842,1734,1904,1843],"yoast_head":"<!-- This site is optimized with the Yoast SEO plugin v22.1 - https:\/\/yoast.com\/wordpress\/plugins\/seo\/ -->\n<title>Blocs de nombres en bois - Woodinout \u00a9 Jouets Montessori<\/title>\n<meta name=\"description\" content=\"Enseignez aux enfants les math\u00e9matiques, les nombres et le comptage de mani\u00e8re amusante. D\u00e9veloppez \u00e9galement la motricit\u00e9 des tout-petits et jouez avec des blocs de bois \u00e9l\u00e9gants faits \u00e0 la main.\" \/>\n<meta name=\"robots\" content=\"index, follow, max-snippet:-1, max-image-preview:large, max-video-preview:-1\" \/>\n<link rel=\"canonical\" href=\"https:\/\/woodinout.net\/fr\/product\/blocs-de-numeros-en-bois\/\" \/>\n<meta property=\"og:locale\" content=\"fr_FR\" \/>\n<meta property=\"og:type\" content=\"article\" \/>\n<meta property=\"og:title\" content=\"Blocs de nombres en bois - Woodinout \u00a9 Jouets Montessori\" \/>\n<meta property=\"og:description\" content=\"Enseignez aux enfants les math\u00e9matiques, les nombres et le comptage de mani\u00e8re amusante. D\u00e9veloppez \u00e9galement la motricit\u00e9 des tout-petits et jouez avec des blocs de bois \u00e9l\u00e9gants faits \u00e0 la main.\" \/>\n<meta property=\"og:url\" content=\"https:\/\/woodinout.net\/fr\/product\/blocs-de-numeros-en-bois\/\" \/>\n<meta property=\"og:site_name\" content=\"Woodinout \u00a9\" \/>\n<meta property=\"article:modified_time\" content=\"2022-04-22T09:35:28+00:00\" \/>\n<meta property=\"og:image\" content=\"https:\/\/woodinout.net\/wp-content\/uploads\/2020\/06\/Wood-numbers-and-counting-wood-blocks-plywood.jpg\" \/>\n\t<meta property=\"og:image:width\" content=\"853\" \/>\n\t<meta property=\"og:image:height\" content=\"1280\" \/>\n\t<meta property=\"og:image:type\" content=\"image\/jpeg\" \/>\n<meta name=\"twitter:card\" content=\"summary_large_image\" \/>\n<meta name=\"twitter:label1\" content=\"Dur\u00e9e de lecture estim\u00e9e\" \/>\n\t<meta name=\"twitter:data1\" content=\"1 minute\" \/>\n<script type=\"application\/ld+json\" class=\"yoast-schema-graph\">{\"@context\":\"https:\/\/schema.org\",\"@graph\":[{\"@type\":\"WebPage\",\"@id\":\"https:\/\/woodinout.net\/fr\/product\/blocs-de-numeros-en-bois\/\",\"url\":\"https:\/\/woodinout.net\/fr\/product\/blocs-de-numeros-en-bois\/\",\"name\":\"Blocs de nombres en bois - Woodinout \u00a9 Jouets Montessori\",\"isPartOf\":{\"@id\":\"https:\/\/woodinout.net\/fr\/#website\"},\"datePublished\":\"2020-06-20T20:39:42+00:00\",\"dateModified\":\"2022-04-22T09:35:28+00:00\",\"description\":\"Enseignez aux enfants les math\u00e9matiques, les nombres et le comptage de mani\u00e8re amusante. D\u00e9veloppez \u00e9galement la motricit\u00e9 des tout-petits et jouez avec des blocs de bois \u00e9l\u00e9gants faits \u00e0 la main.\",\"breadcrumb\":{\"@id\":\"https:\/\/woodinout.net\/fr\/product\/blocs-de-numeros-en-bois\/#breadcrumb\"},\"inLanguage\":\"fr-FR\",\"potentialAction\":[{\"@type\":\"ReadAction\",\"target\":[\"https:\/\/woodinout.net\/fr\/product\/blocs-de-numeros-en-bois\/\"]}]},{\"@type\":\"BreadcrumbList\",\"@id\":\"https:\/\/woodinout.net\/fr\/product\/blocs-de-numeros-en-bois\/#breadcrumb\",\"itemListElement\":[{\"@type\":\"ListItem\",\"position\":1,\"name\":\"Home\",\"item\":\"https:\/\/woodinout.net\/fr\/\"},{\"@type\":\"ListItem\",\"position\":2,\"name\":\"Shop\",\"item\":\"https:\/\/woodinout.net\/shop\/\"},{\"@type\":\"ListItem\",\"position\":3,\"name\":\"Blocs de nombres en bois\"}]},{\"@type\":\"WebSite\",\"@id\":\"https:\/\/woodinout.net\/fr\/#website\",\"url\":\"https:\/\/woodinout.net\/fr\/\",\"name\":\"Woodinout \u00a9\",\"description\":\"Wooden Montessori toys, gifts, home and events decor details\",\"potentialAction\":[{\"@type\":\"SearchAction\",\"target\":{\"@type\":\"EntryPoint\",\"urlTemplate\":\"https:\/\/woodinout.net\/fr\/?s={search_term_string}\"},\"query-input\":\"required name=search_term_string\"}],\"inLanguage\":\"fr-FR\"}]}<\/script>\n<!-- \/ Yoast SEO plugin. -->","yoast_head_json":{"title":"Blocs de nombres en bois - Woodinout \u00a9 Jouets Montessori","description":"Enseignez aux enfants les math\u00e9matiques, les nombres et le comptage de mani\u00e8re amusante. D\u00e9veloppez \u00e9galement la motricit\u00e9 des tout-petits et jouez avec des blocs de bois \u00e9l\u00e9gants faits \u00e0 la main.","robots":{"index":"index","follow":"follow","max-snippet":"max-snippet:-1","max-image-preview":"max-image-preview:large","max-video-preview":"max-video-preview:-1"},"canonical":"https:\/\/woodinout.net\/fr\/product\/blocs-de-numeros-en-bois\/","og_locale":"fr_FR","og_type":"article","og_title":"Blocs de nombres en bois - Woodinout \u00a9 Jouets Montessori","og_description":"Enseignez aux enfants les math\u00e9matiques, les nombres et le comptage de mani\u00e8re amusante. D\u00e9veloppez \u00e9galement la motricit\u00e9 des tout-petits et jouez avec des blocs de bois \u00e9l\u00e9gants faits \u00e0 la main.","og_url":"https:\/\/woodinout.net\/fr\/product\/blocs-de-numeros-en-bois\/","og_site_name":"Woodinout \u00a9","article_modified_time":"2022-04-22T09:35:28+00:00","og_image":[{"width":853,"height":1280,"url":"https:\/\/woodinout.net\/wp-content\/uploads\/2020\/06\/Wood-numbers-and-counting-wood-blocks-plywood.jpg","type":"image\/jpeg"}],"twitter_card":"summary_large_image","twitter_misc":{"Dur\u00e9e de lecture estim\u00e9e":"1 minute"},"schema":{"@context":"https:\/\/schema.org","@graph":[{"@type":"WebPage","@id":"https:\/\/woodinout.net\/fr\/product\/blocs-de-numeros-en-bois\/","url":"https:\/\/woodinout.net\/fr\/product\/blocs-de-numeros-en-bois\/","name":"Blocs de nombres en bois - Woodinout \u00a9 Jouets Montessori","isPartOf":{"@id":"https:\/\/woodinout.net\/fr\/#website"},"datePublished":"2020-06-20T20:39:42+00:00","dateModified":"2022-04-22T09:35:28+00:00","description":"Enseignez aux enfants les math\u00e9matiques, les nombres et le comptage de mani\u00e8re amusante. D\u00e9veloppez \u00e9galement la motricit\u00e9 des tout-petits et jouez avec des blocs de bois \u00e9l\u00e9gants faits \u00e0 la main.","breadcrumb":{"@id":"https:\/\/woodinout.net\/fr\/product\/blocs-de-numeros-en-bois\/#breadcrumb"},"inLanguage":"fr-FR","potentialAction":[{"@type":"ReadAction","target":["https:\/\/woodinout.net\/fr\/product\/blocs-de-numeros-en-bois\/"]}]},{"@type":"BreadcrumbList","@id":"https:\/\/woodinout.net\/fr\/product\/blocs-de-numeros-en-bois\/#breadcrumb","itemListElement":[{"@type":"ListItem","position":1,"name":"Home","item":"https:\/\/woodinout.net\/fr\/"},{"@type":"ListItem","position":2,"name":"Shop","item":"https:\/\/woodinout.net\/shop\/"},{"@type":"ListItem","position":3,"name":"Blocs de nombres en bois"}]},{"@type":"WebSite","@id":"https:\/\/woodinout.net\/fr\/#website","url":"https:\/\/woodinout.net\/fr\/","name":"Woodinout \u00a9","description":"Wooden Montessori toys, gifts, home and events decor details","potentialAction":[{"@type":"SearchAction","target":{"@type":"EntryPoint","urlTemplate":"https:\/\/woodinout.net\/fr\/?s={search_term_string}"},"query-input":"required name=search_term_string"}],"inLanguage":"fr-FR"}]}},"_links":{"self":[{"href":"https:\/\/woodinout.net\/fr\/wp-json\/wp\/v2\/product\/21773"}],"collection":[{"href":"https:\/\/woodinout.net\/fr\/wp-json\/wp\/v2\/product"}],"about":[{"href":"https:\/\/woodinout.net\/fr\/wp-json\/wp\/v2\/types\/product"}],"wp:featuredmedia":[{"embeddable":true,"href":"https:\/\/woodinout.net\/fr\/wp-json\/wp\/v2\/media\/17399"}],"wp:attachment":[{"href":"https:\/\/woodinout.net\/fr\/wp-json\/wp\/v2\/media?parent=21773"}],"wp:term":[{"taxonomy":"product_cat","embeddable":true,"href":"https:\/\/woodinout.net\/fr\/wp-json\/wp\/v2\/product_cat?post=21773"},{"taxonomy":"product_tag","embeddable":true,"href":"https:\/\/woodinout.net\/fr\/wp-json\/wp\/v2\/product_tag?post=21773"}],"curies":[{"name":"wp","href":"https:\/\/api.w.org\/{rel}","templated":true}]}}