{"id":21770,"date":"2020-06-23T21:09:58","date_gmt":"2020-06-23T18:09:58","guid":{"rendered":"https:\/\/woodinout.net\/product\/jouet-de-tri-arc-en-ciel-en-bois\/"},"modified":"2022-04-28T11:11:55","modified_gmt":"2022-04-28T08:11:55","slug":"arc-en-ciel-bois-tri-jouet","status":"publish","type":"product","link":"https:\/\/woodinout.net\/fr\/product\/arc-en-ciel-bois-tri-jouet\/","title":{"rendered":"Jouet de tri arc-en-ciel en bois"},"content":{"rendered":"<p>Vous cherchez un cadeau unique pour les enfants? Le jouet arc-en-ciel en bois est \u00e0 la fois \u00e9ducatif et \u00e9l\u00e9gant. Les jouets Waldorf &amp; Montessori mondialement connus nous ont inspir\u00e9s \u00e0 cr\u00e9er un moyen facile et amusant d\u2019apprendre les couleurs et le comptage. Les jouets de tri de couleur arc-en-ciel peignent l\u2019\u00e9cole \u00e0 la maison dans des couleurs joyeuses. Croyez-moi, les enfants adorent les perles arc-en-ciel color\u00e9es.<br \/>\nLes jouets d\u2019apprentissage sont toujours des jouets aux yeux d\u2019un enfant. Nos jouets en bois faits \u00e0 la main (jouets pr\u00e9scolaires) ne sont pas seulement un cadeau arc-en-ciel \u00e9ducatif parfait, mais aussi tr\u00e8s beaux. Par cons\u00e9quent bien appr\u00e9ci\u00e9 par les parents aussi. Tout le monde appr\u00e9cie la belle d\u00e9coration de la chambre des enfants.<\/p>\n<p>Le kit contient :<br \/>\nPlanche arc-en-ciel en bois<br \/>\n125 pi\u00e8ces. de boules en bois color\u00e9es (0,05 pouce de diam\u00e8tre)<\/p>\n<p>TAILLE<br \/>\nHauteur: ~ 11 pouces<br \/>\nLongueur: ~ 13,4 pouces<br \/>\n\u00c9paisseur: ~ 0,6 pouces<\/p>\n<p>COULEURS ET MAT\u00c9RIAUX<br \/>\nCouleur: naturel ou brun huil\u00e9.<br \/>\nLe jouet est en BOIS MASSIF NATUREL.<br \/>\nVeuillez noter que les couleurs peuvent varier en raison des param\u00e8tres de l\u2019\u00e9cran de l\u2019ordinateur et de l\u2019\u00e9claircissement.<\/p>\n<p>Pour plus d\u2019id\u00e9es, suivez-nous sur <a href=\"https:\/\/www.instagram.com\/woodinout\/\">INSTAGRAM<\/a> &amp; <a href=\"https:\/\/www.facebook.com\/Woodinout.net\">FACEBOOK<\/a><\/p>\n","protected":false},"excerpt":{"rendered":"<p>Vous cherchez un cadeau unique pour les enfants? Le jouet arc-en-ciel en bois est \u00e0 la fois \u00e9ducatif et \u00e9l\u00e9gant. Les jouets Waldorf &amp; Montessori mondialement connus nous ont inspir\u00e9s \u00e0 cr\u00e9er un moyen facile et amusant d\u2019apprendre les couleurs et le comptage. Les jouets de tri de couleur arc-en-ciel peignent l\u2019\u00e9cole \u00e0 la maison [&hellip;]<\/p>\n","protected":false},"featured_media":17751,"template":"","meta":{"_monsterinsights_skip_tracking":false,"_monsterinsights_sitenote_active":false,"_monsterinsights_sitenote_note":"","_monsterinsights_sitenote_category":0},"product_cat":[1723,1941],"product_tag":[2239,2314,1736,1738,1735,1729,2315,2313,1728,1726,1734],"yoast_head":"<!-- This site is optimized with the Yoast SEO plugin v22.1 - https:\/\/yoast.com\/wordpress\/plugins\/seo\/ -->\n<title>Jouet de tri arc-en-ciel en bois - Woodinout \u00a9 Jouets Montessori<\/title>\n<meta name=\"description\" content=\"Jouet arc-en-ciel en bois - Jeu de tri des couleurs. Bois naturel Cadeaux personnalis\u00e9s pour enfants - les parents adorent les jeux \u00e9ducatifs comme cadeaux.\" \/>\n<meta name=\"robots\" content=\"index, follow, max-snippet:-1, max-image-preview:large, max-video-preview:-1\" \/>\n<link rel=\"canonical\" href=\"https:\/\/woodinout.net\/fr\/product\/arc-en-ciel-bois-tri-jouet\/\" \/>\n<meta property=\"og:locale\" content=\"fr_FR\" \/>\n<meta property=\"og:type\" content=\"article\" \/>\n<meta property=\"og:title\" content=\"Jouet de tri arc-en-ciel en bois - Woodinout \u00a9 Jouets Montessori\" \/>\n<meta property=\"og:description\" content=\"Jouet arc-en-ciel en bois - Jeu de tri des couleurs. Bois naturel Cadeaux personnalis\u00e9s pour enfants - les parents adorent les jeux \u00e9ducatifs comme cadeaux.\" \/>\n<meta property=\"og:url\" content=\"https:\/\/woodinout.net\/fr\/product\/arc-en-ciel-bois-tri-jouet\/\" \/>\n<meta property=\"og:site_name\" content=\"Woodinout \u00a9\" \/>\n<meta property=\"article:modified_time\" content=\"2022-04-28T08:11:55+00:00\" \/>\n<meta property=\"og:image\" content=\"https:\/\/woodinout.net\/wp-content\/uploads\/2020\/06\/Rainbow-Wooden-sorting-toy-3.jpg\" \/>\n\t<meta property=\"og:image:width\" content=\"853\" \/>\n\t<meta property=\"og:image:height\" content=\"1280\" \/>\n\t<meta property=\"og:image:type\" content=\"image\/jpeg\" \/>\n<meta name=\"twitter:card\" content=\"summary_large_image\" \/>\n<meta name=\"twitter:label1\" content=\"Dur\u00e9e de lecture estim\u00e9e\" \/>\n\t<meta name=\"twitter:data1\" content=\"1 minute\" \/>\n<script type=\"application\/ld+json\" class=\"yoast-schema-graph\">{\"@context\":\"https:\/\/schema.org\",\"@graph\":[{\"@type\":\"WebPage\",\"@id\":\"https:\/\/woodinout.net\/fr\/product\/arc-en-ciel-bois-tri-jouet\/\",\"url\":\"https:\/\/woodinout.net\/fr\/product\/arc-en-ciel-bois-tri-jouet\/\",\"name\":\"Jouet de tri arc-en-ciel en bois - Woodinout \u00a9 Jouets Montessori\",\"isPartOf\":{\"@id\":\"https:\/\/woodinout.net\/fr\/#website\"},\"datePublished\":\"2020-06-23T18:09:58+00:00\",\"dateModified\":\"2022-04-28T08:11:55+00:00\",\"description\":\"Jouet arc-en-ciel en bois - Jeu de tri des couleurs. Bois naturel Cadeaux personnalis\u00e9s pour enfants - les parents adorent les jeux \u00e9ducatifs comme cadeaux.\",\"breadcrumb\":{\"@id\":\"https:\/\/woodinout.net\/fr\/product\/arc-en-ciel-bois-tri-jouet\/#breadcrumb\"},\"inLanguage\":\"fr-FR\",\"potentialAction\":[{\"@type\":\"ReadAction\",\"target\":[\"https:\/\/woodinout.net\/fr\/product\/arc-en-ciel-bois-tri-jouet\/\"]}]},{\"@type\":\"BreadcrumbList\",\"@id\":\"https:\/\/woodinout.net\/fr\/product\/arc-en-ciel-bois-tri-jouet\/#breadcrumb\",\"itemListElement\":[{\"@type\":\"ListItem\",\"position\":1,\"name\":\"Home\",\"item\":\"https:\/\/woodinout.net\/fr\/\"},{\"@type\":\"ListItem\",\"position\":2,\"name\":\"Shop\",\"item\":\"https:\/\/woodinout.net\/shop\/\"},{\"@type\":\"ListItem\",\"position\":3,\"name\":\"Jouet de tri arc-en-ciel en bois\"}]},{\"@type\":\"WebSite\",\"@id\":\"https:\/\/woodinout.net\/fr\/#website\",\"url\":\"https:\/\/woodinout.net\/fr\/\",\"name\":\"Woodinout \u00a9\",\"description\":\"Wooden Montessori toys, gifts, home and events decor details\",\"potentialAction\":[{\"@type\":\"SearchAction\",\"target\":{\"@type\":\"EntryPoint\",\"urlTemplate\":\"https:\/\/woodinout.net\/fr\/?s={search_term_string}\"},\"query-input\":\"required name=search_term_string\"}],\"inLanguage\":\"fr-FR\"}]}<\/script>\n<!-- \/ Yoast SEO plugin. -->","yoast_head_json":{"title":"Jouet de tri arc-en-ciel en bois - Woodinout \u00a9 Jouets Montessori","description":"Jouet arc-en-ciel en bois - Jeu de tri des couleurs. Bois naturel Cadeaux personnalis\u00e9s pour enfants - les parents adorent les jeux \u00e9ducatifs comme cadeaux.","robots":{"index":"index","follow":"follow","max-snippet":"max-snippet:-1","max-image-preview":"max-image-preview:large","max-video-preview":"max-video-preview:-1"},"canonical":"https:\/\/woodinout.net\/fr\/product\/arc-en-ciel-bois-tri-jouet\/","og_locale":"fr_FR","og_type":"article","og_title":"Jouet de tri arc-en-ciel en bois - Woodinout \u00a9 Jouets Montessori","og_description":"Jouet arc-en-ciel en bois - Jeu de tri des couleurs. Bois naturel Cadeaux personnalis\u00e9s pour enfants - les parents adorent les jeux \u00e9ducatifs comme cadeaux.","og_url":"https:\/\/woodinout.net\/fr\/product\/arc-en-ciel-bois-tri-jouet\/","og_site_name":"Woodinout \u00a9","article_modified_time":"2022-04-28T08:11:55+00:00","og_image":[{"width":853,"height":1280,"url":"https:\/\/woodinout.net\/wp-content\/uploads\/2020\/06\/Rainbow-Wooden-sorting-toy-3.jpg","type":"image\/jpeg"}],"twitter_card":"summary_large_image","twitter_misc":{"Dur\u00e9e de lecture estim\u00e9e":"1 minute"},"schema":{"@context":"https:\/\/schema.org","@graph":[{"@type":"WebPage","@id":"https:\/\/woodinout.net\/fr\/product\/arc-en-ciel-bois-tri-jouet\/","url":"https:\/\/woodinout.net\/fr\/product\/arc-en-ciel-bois-tri-jouet\/","name":"Jouet de tri arc-en-ciel en bois - Woodinout \u00a9 Jouets Montessori","isPartOf":{"@id":"https:\/\/woodinout.net\/fr\/#website"},"datePublished":"2020-06-23T18:09:58+00:00","dateModified":"2022-04-28T08:11:55+00:00","description":"Jouet arc-en-ciel en bois - Jeu de tri des couleurs. Bois naturel Cadeaux personnalis\u00e9s pour enfants - les parents adorent les jeux \u00e9ducatifs comme cadeaux.","breadcrumb":{"@id":"https:\/\/woodinout.net\/fr\/product\/arc-en-ciel-bois-tri-jouet\/#breadcrumb"},"inLanguage":"fr-FR","potentialAction":[{"@type":"ReadAction","target":["https:\/\/woodinout.net\/fr\/product\/arc-en-ciel-bois-tri-jouet\/"]}]},{"@type":"BreadcrumbList","@id":"https:\/\/woodinout.net\/fr\/product\/arc-en-ciel-bois-tri-jouet\/#breadcrumb","itemListElement":[{"@type":"ListItem","position":1,"name":"Home","item":"https:\/\/woodinout.net\/fr\/"},{"@type":"ListItem","position":2,"name":"Shop","item":"https:\/\/woodinout.net\/shop\/"},{"@type":"ListItem","position":3,"name":"Jouet de tri arc-en-ciel en bois"}]},{"@type":"WebSite","@id":"https:\/\/woodinout.net\/fr\/#website","url":"https:\/\/woodinout.net\/fr\/","name":"Woodinout \u00a9","description":"Wooden Montessori toys, gifts, home and events decor details","potentialAction":[{"@type":"SearchAction","target":{"@type":"EntryPoint","urlTemplate":"https:\/\/woodinout.net\/fr\/?s={search_term_string}"},"query-input":"required name=search_term_string"}],"inLanguage":"fr-FR"}]}},"_links":{"self":[{"href":"https:\/\/woodinout.net\/fr\/wp-json\/wp\/v2\/product\/21770"}],"collection":[{"href":"https:\/\/woodinout.net\/fr\/wp-json\/wp\/v2\/product"}],"about":[{"href":"https:\/\/woodinout.net\/fr\/wp-json\/wp\/v2\/types\/product"}],"wp:featuredmedia":[{"embeddable":true,"href":"https:\/\/woodinout.net\/fr\/wp-json\/wp\/v2\/media\/17751"}],"wp:attachment":[{"href":"https:\/\/woodinout.net\/fr\/wp-json\/wp\/v2\/media?parent=21770"}],"wp:term":[{"taxonomy":"product_cat","embeddable":true,"href":"https:\/\/woodinout.net\/fr\/wp-json\/wp\/v2\/product_cat?post=21770"},{"taxonomy":"product_tag","embeddable":true,"href":"https:\/\/woodinout.net\/fr\/wp-json\/wp\/v2\/product_tag?post=21770"}],"curies":[{"name":"wp","href":"https:\/\/api.w.org\/{rel}","templated":true}]}}