{"id":21763,"date":"2021-03-17T22:12:51","date_gmt":"2021-03-17T20:12:51","guid":{"rendered":"https:\/\/woodinout.net\/product\/horloge-en-bois\/"},"modified":"2022-04-28T11:20:08","modified_gmt":"2022-04-28T08:20:08","slug":"horloge-en-bois","status":"publish","type":"product","link":"https:\/\/woodinout.net\/fr\/product\/horloge-en-bois\/","title":{"rendered":"Horloge en bois"},"content":{"rendered":"<p>Ce jouet d\u2019horloge en bois est l\u2019ajout parfait \u00e0 votre collection de mat\u00e9riaux Montessori. Une fa\u00e7on amusante pour votre enfant d\u2019apprendre \u00e0 lire l\u2019heure et de travailler sur les premi\u00e8res comp\u00e9tences en math\u00e9matiques. Utilisez-le \u00e0 l\u2019\u00e9cole \u00e0 la maison, \u00e0 la maternelle ou \u00e0 l\u2019\u00e9cole maternelle!<\/p>\n<p>Fait \u00e0 la main en bois massif.<\/p>\n<p>Voici un jouet d\u2019horloge en bois simple et naturel que votre enfant peut manipuler pour apprendre les fonctions de lecture de l\u2019heure. Les aiguilles des heures et des minutes bougent. Les chiffres sont grav\u00e9s dans la base.<\/p>\n<p>TAILLE<br \/>\nDiam\u00e8tre: ~ 6,9 pouces (17,5 cm)<br \/>\n\u00c9paisseur: ~ 0,6 pouces (1,5 cm)<\/p>\n<p>COULEURS ET MAT\u00c9RIAUX<br \/>\nCouleur: naturel et brun huil\u00e9.<br \/>\nLe jouet est fait de BOIS MASSIF NATUREL et de contreplaqu\u00e9.<br \/>\nVeuillez noter que les couleurs peuvent varier en raison des param\u00e8tres de l\u2019\u00e9cran de l\u2019ordinateur et de l\u2019\u00e9claircissement.<\/p>\n<p>Pour plus d\u2019id\u00e9es, suivez-nous sur <a href=\"https:\/\/www.instagram.com\/woodinout\/\">INSTAGRAM<\/a> &amp; <a href=\"https:\/\/www.facebook.com\/Woodinout.net\">FACEBOOK<\/a><\/p>\n","protected":false},"excerpt":{"rendered":"<p>Ce jouet d\u2019horloge en bois est l\u2019ajout parfait \u00e0 votre collection de mat\u00e9riaux Montessori. Une fa\u00e7on amusante pour votre enfant d\u2019apprendre \u00e0 lire l\u2019heure et de travailler sur les premi\u00e8res comp\u00e9tences en math\u00e9matiques. Utilisez-le \u00e0 l\u2019\u00e9cole \u00e0 la maison, \u00e0 la maternelle ou \u00e0 l\u2019\u00e9cole maternelle! Fait \u00e0 la main en bois massif. Voici un [&hellip;]<\/p>\n","protected":false},"featured_media":19079,"template":"","meta":{"_monsterinsights_skip_tracking":false,"_monsterinsights_sitenote_active":false,"_monsterinsights_sitenote_note":"","_monsterinsights_sitenote_category":0},"product_cat":[1723,1758],"product_tag":[1841,1736,1738,2311,1735,1729,1728,1726,1842,1734,1791,2242,1843,2312],"yoast_head":"<!-- This site is optimized with the Yoast SEO plugin v22.1 - https:\/\/yoast.com\/wordpress\/plugins\/seo\/ -->\n<title>Horloge en bois - Woodinout \u00a9 Jouets d\u2019apprentissage Montessori<\/title>\n<meta name=\"description\" content=\"Apprenez \u00e0 dire l\u2019heure pour les enfants avec cette horloge en bois super cool. Materilas naturels, artisanaux et \u00e9ducatifs - Jouets Montessori inspir\u00e9s.\" \/>\n<meta name=\"robots\" content=\"index, follow, max-snippet:-1, max-image-preview:large, max-video-preview:-1\" \/>\n<link rel=\"canonical\" href=\"https:\/\/woodinout.net\/fr\/product\/horloge-en-bois\/\" \/>\n<meta property=\"og:locale\" content=\"fr_FR\" \/>\n<meta property=\"og:type\" content=\"article\" \/>\n<meta property=\"og:title\" content=\"Horloge en bois - Woodinout \u00a9 Jouets d\u2019apprentissage Montessori\" \/>\n<meta property=\"og:description\" content=\"Apprenez \u00e0 dire l\u2019heure pour les enfants avec cette horloge en bois super cool. Materilas naturels, artisanaux et \u00e9ducatifs - Jouets Montessori inspir\u00e9s.\" \/>\n<meta property=\"og:url\" content=\"https:\/\/woodinout.net\/fr\/product\/horloge-en-bois\/\" \/>\n<meta property=\"og:site_name\" content=\"Woodinout \u00a9\" \/>\n<meta property=\"article:modified_time\" content=\"2022-04-28T08:20:08+00:00\" \/>\n<meta property=\"og:image\" content=\"https:\/\/woodinout.net\/wp-content\/uploads\/2021\/03\/Wooden_clock_3.jpg\" \/>\n\t<meta property=\"og:image:width\" content=\"1706\" \/>\n\t<meta property=\"og:image:height\" content=\"2560\" \/>\n\t<meta property=\"og:image:type\" content=\"image\/jpeg\" \/>\n<meta name=\"twitter:card\" content=\"summary_large_image\" \/>\n<meta name=\"twitter:label1\" content=\"Dur\u00e9e de lecture estim\u00e9e\" \/>\n\t<meta name=\"twitter:data1\" content=\"1 minute\" \/>\n<script type=\"application\/ld+json\" class=\"yoast-schema-graph\">{\"@context\":\"https:\/\/schema.org\",\"@graph\":[{\"@type\":\"WebPage\",\"@id\":\"https:\/\/woodinout.net\/fr\/product\/horloge-en-bois\/\",\"url\":\"https:\/\/woodinout.net\/fr\/product\/horloge-en-bois\/\",\"name\":\"Horloge en bois - Woodinout \u00a9 Jouets d\u2019apprentissage Montessori\",\"isPartOf\":{\"@id\":\"https:\/\/woodinout.net\/fr\/#website\"},\"datePublished\":\"2021-03-17T20:12:51+00:00\",\"dateModified\":\"2022-04-28T08:20:08+00:00\",\"description\":\"Apprenez \u00e0 dire l\u2019heure pour les enfants avec cette horloge en bois super cool. Materilas naturels, artisanaux et \u00e9ducatifs - Jouets Montessori inspir\u00e9s.\",\"breadcrumb\":{\"@id\":\"https:\/\/woodinout.net\/fr\/product\/horloge-en-bois\/#breadcrumb\"},\"inLanguage\":\"fr-FR\",\"potentialAction\":[{\"@type\":\"ReadAction\",\"target\":[\"https:\/\/woodinout.net\/fr\/product\/horloge-en-bois\/\"]}]},{\"@type\":\"BreadcrumbList\",\"@id\":\"https:\/\/woodinout.net\/fr\/product\/horloge-en-bois\/#breadcrumb\",\"itemListElement\":[{\"@type\":\"ListItem\",\"position\":1,\"name\":\"Home\",\"item\":\"https:\/\/woodinout.net\/fr\/\"},{\"@type\":\"ListItem\",\"position\":2,\"name\":\"Shop\",\"item\":\"https:\/\/woodinout.net\/shop\/\"},{\"@type\":\"ListItem\",\"position\":3,\"name\":\"Horloge en bois\"}]},{\"@type\":\"WebSite\",\"@id\":\"https:\/\/woodinout.net\/fr\/#website\",\"url\":\"https:\/\/woodinout.net\/fr\/\",\"name\":\"Woodinout \u00a9\",\"description\":\"Wooden Montessori toys, gifts, home and events decor details\",\"potentialAction\":[{\"@type\":\"SearchAction\",\"target\":{\"@type\":\"EntryPoint\",\"urlTemplate\":\"https:\/\/woodinout.net\/fr\/?s={search_term_string}\"},\"query-input\":\"required name=search_term_string\"}],\"inLanguage\":\"fr-FR\"}]}<\/script>\n<!-- \/ Yoast SEO plugin. -->","yoast_head_json":{"title":"Horloge en bois - Woodinout \u00a9 Jouets d\u2019apprentissage Montessori","description":"Apprenez \u00e0 dire l\u2019heure pour les enfants avec cette horloge en bois super cool. Materilas naturels, artisanaux et \u00e9ducatifs - Jouets Montessori inspir\u00e9s.","robots":{"index":"index","follow":"follow","max-snippet":"max-snippet:-1","max-image-preview":"max-image-preview:large","max-video-preview":"max-video-preview:-1"},"canonical":"https:\/\/woodinout.net\/fr\/product\/horloge-en-bois\/","og_locale":"fr_FR","og_type":"article","og_title":"Horloge en bois - Woodinout \u00a9 Jouets d\u2019apprentissage Montessori","og_description":"Apprenez \u00e0 dire l\u2019heure pour les enfants avec cette horloge en bois super cool. Materilas naturels, artisanaux et \u00e9ducatifs - Jouets Montessori inspir\u00e9s.","og_url":"https:\/\/woodinout.net\/fr\/product\/horloge-en-bois\/","og_site_name":"Woodinout \u00a9","article_modified_time":"2022-04-28T08:20:08+00:00","og_image":[{"width":1706,"height":2560,"url":"https:\/\/woodinout.net\/wp-content\/uploads\/2021\/03\/Wooden_clock_3.jpg","type":"image\/jpeg"}],"twitter_card":"summary_large_image","twitter_misc":{"Dur\u00e9e de lecture estim\u00e9e":"1 minute"},"schema":{"@context":"https:\/\/schema.org","@graph":[{"@type":"WebPage","@id":"https:\/\/woodinout.net\/fr\/product\/horloge-en-bois\/","url":"https:\/\/woodinout.net\/fr\/product\/horloge-en-bois\/","name":"Horloge en bois - Woodinout \u00a9 Jouets d\u2019apprentissage Montessori","isPartOf":{"@id":"https:\/\/woodinout.net\/fr\/#website"},"datePublished":"2021-03-17T20:12:51+00:00","dateModified":"2022-04-28T08:20:08+00:00","description":"Apprenez \u00e0 dire l\u2019heure pour les enfants avec cette horloge en bois super cool. Materilas naturels, artisanaux et \u00e9ducatifs - Jouets Montessori inspir\u00e9s.","breadcrumb":{"@id":"https:\/\/woodinout.net\/fr\/product\/horloge-en-bois\/#breadcrumb"},"inLanguage":"fr-FR","potentialAction":[{"@type":"ReadAction","target":["https:\/\/woodinout.net\/fr\/product\/horloge-en-bois\/"]}]},{"@type":"BreadcrumbList","@id":"https:\/\/woodinout.net\/fr\/product\/horloge-en-bois\/#breadcrumb","itemListElement":[{"@type":"ListItem","position":1,"name":"Home","item":"https:\/\/woodinout.net\/fr\/"},{"@type":"ListItem","position":2,"name":"Shop","item":"https:\/\/woodinout.net\/shop\/"},{"@type":"ListItem","position":3,"name":"Horloge en bois"}]},{"@type":"WebSite","@id":"https:\/\/woodinout.net\/fr\/#website","url":"https:\/\/woodinout.net\/fr\/","name":"Woodinout \u00a9","description":"Wooden Montessori toys, gifts, home and events decor details","potentialAction":[{"@type":"SearchAction","target":{"@type":"EntryPoint","urlTemplate":"https:\/\/woodinout.net\/fr\/?s={search_term_string}"},"query-input":"required name=search_term_string"}],"inLanguage":"fr-FR"}]}},"_links":{"self":[{"href":"https:\/\/woodinout.net\/fr\/wp-json\/wp\/v2\/product\/21763"}],"collection":[{"href":"https:\/\/woodinout.net\/fr\/wp-json\/wp\/v2\/product"}],"about":[{"href":"https:\/\/woodinout.net\/fr\/wp-json\/wp\/v2\/types\/product"}],"wp:featuredmedia":[{"embeddable":true,"href":"https:\/\/woodinout.net\/fr\/wp-json\/wp\/v2\/media\/19079"}],"wp:attachment":[{"href":"https:\/\/woodinout.net\/fr\/wp-json\/wp\/v2\/media?parent=21763"}],"wp:term":[{"taxonomy":"product_cat","embeddable":true,"href":"https:\/\/woodinout.net\/fr\/wp-json\/wp\/v2\/product_cat?post=21763"},{"taxonomy":"product_tag","embeddable":true,"href":"https:\/\/woodinout.net\/fr\/wp-json\/wp\/v2\/product_tag?post=21763"}],"curies":[{"name":"wp","href":"https:\/\/api.w.org\/{rel}","templated":true}]}}