{"id":21744,"date":"2020-06-23T23:45:12","date_gmt":"2020-06-23T20:45:12","guid":{"rendered":"https:\/\/woodinout.net\/product\/puzzle-de-noms-en-bois\/"},"modified":"2022-04-28T11:35:46","modified_gmt":"2022-04-28T08:35:46","slug":"bois-nom-puzzle","status":"publish","type":"product","link":"https:\/\/woodinout.net\/fr\/product\/bois-nom-puzzle\/","title":{"rendered":"Puzzle de noms en bois"},"content":{"rendered":"<p>Le puzzle de noms personnalis\u00e9 est un cadeau parfait pour votre b\u00e9b\u00e9 ou votre tout-petit. Cet article est fabriqu\u00e9 UNIQUEMENT \u00c0 PARTIR DE BOIS DUR NATUREL. Le puzzle personnalis\u00e9 permettra \u00e0 votre enfant de faire les premiers pas vers l\u2019apprentissage de la lecture. Les jouets inspir\u00e9s de Montessori dureront des ann\u00e9es et apporteront beaucoup de bons souvenirs.<br \/>\nCe cadeau de b\u00e9b\u00e9 en bois pourrait \u00eatre un bel \u00e9l\u00e9ment de d\u00e9coration de chambre d\u2019enfant.<\/p>\n<p>Am\u00e9liorera la motricit\u00e9 en saisissant chaque lettre et en la mettant dans un trou appropri\u00e9.<br \/>\nEssaiera de lire et d\u2019\u00e9peler son nom. Bien s\u00fbr, avec votre aide.<\/p>\n<p>PLUS D\u2019ARTICLES PERSONNALIS\u00c9S TROUVENT <a href=\"https:\/\/woodinout.net\/product-tag\/kids-presents\/\">ICI.<\/a><\/p>\n<p>TAILLE<\/p>\n<p>Planche:<br \/>\nHauteur &#8211; ~ 4 pouces<br \/>\nLongueur &#8211; d\u00e9pend de la quantit\u00e9 de lettres, \u00e9paisseur ~ 0,6 pouces<br \/>\nProfondeur d\u2019une poche &#8211; ~0,4 pouces<\/p>\n<p>Lettres:<br \/>\nHauteur: ~ 2,7 pouces (si le puzzle ne correspond pas \u00e0 21,6 pouces, toutes les lettres seront r\u00e9duites proportionnellement)<br \/>\n\u00c9paisseur: ~ 0,6 pouces<br \/>\nLa largeur d\u00e9pend de la forme de la lettre<\/p>\n<p>COULEURS ET MAT\u00c9RIAUX<\/p>\n<p>&#x1f3a8; Contexte: naturel<br \/>\n&#x1f3a8; Lettres : brun huil\u00e9<br \/>\n&#x1f331; Le puzzle en bois est fait de BOIS MASSIF NATUREL et de peinture \u00e9cologique.<br \/>\n&#x1f3a8; Veuillez noter que les couleurs peuvent varier en raison des param\u00e8tres de l\u2019\u00e9cran de l\u2019ordinateur et de l\u2019\u00e9claircissement.<\/p>\n<p>Pour plus d\u2019id\u00e9es, suivez-nous sur <a href=\"https:\/\/www.instagram.com\/woodinout\/\">INSTAGRAM<\/a> &amp; <a href=\"https:\/\/www.facebook.com\/Woodinout.net\">FACEBOOK<\/a><\/p>\n<div style=\"width: 1080px;\" class=\"wp-video\"><!--[if lt IE 9]><script>document.createElement('video');<\/script><![endif]-->\n<video class=\"wp-video-shortcode\" id=\"video-21744-1\" width=\"1080\" height=\"810\" preload=\"metadata\" controls=\"controls\"><source type=\"video\/mp4\" src=\"http:\/\/woodinout.net\/wp-content\/uploads\/2020\/06\/MEDINIS_7-1.mp4?_=1\" \/><a href=\"http:\/\/woodinout.net\/wp-content\/uploads\/2020\/06\/MEDINIS_7-1.mp4\">http:\/\/woodinout.net\/wp-content\/uploads\/2020\/06\/MEDINIS_7-1.mp4<\/a><\/video><\/div>\n","protected":false},"excerpt":{"rendered":"<p>Le puzzle de noms personnalis\u00e9 est un cadeau parfait pour votre b\u00e9b\u00e9 ou votre tout-petit. Cet article est fabriqu\u00e9 UNIQUEMENT \u00c0 PARTIR DE BOIS DUR NATUREL. Le puzzle personnalis\u00e9 permettra \u00e0 votre enfant de faire les premiers pas vers l\u2019apprentissage de la lecture. Les jouets inspir\u00e9s de Montessori dureront des ann\u00e9es et apporteront beaucoup de [&hellip;]<\/p>\n","protected":false},"featured_media":18095,"template":"","meta":{"_monsterinsights_skip_tracking":false,"_monsterinsights_sitenote_active":false,"_monsterinsights_sitenote_note":"","_monsterinsights_sitenote_category":0},"product_cat":[1723,1725,1724],"product_tag":[1736,1738,1751,1735,1741,1729,1728,1726,1734,1749,1743,1733,1745,1747,2285],"yoast_head":"<!-- This site is optimized with the Yoast SEO plugin v22.1 - https:\/\/yoast.com\/wordpress\/plugins\/seo\/ -->\n<title>Puzzle de noms en bois - Woodinout \u00a9 Boutique de jouets Montessori<\/title>\n<meta name=\"description\" content=\"Cadeau parfait pour les enfants - Puzzle de nom personnalis\u00e9 inspir\u00e9 de Montessori. Fait \u00e0 la main, respectueux de l\u2019environnement, s\u00e9curis\u00e9 pour b\u00e9b\u00e9 et tout-petit. Fabriqu\u00e9 \u00e0 partir de bois massif.\" \/>\n<meta name=\"robots\" content=\"index, follow, max-snippet:-1, max-image-preview:large, max-video-preview:-1\" \/>\n<link rel=\"canonical\" href=\"https:\/\/woodinout.net\/fr\/product\/bois-nom-puzzle\/\" \/>\n<meta property=\"og:locale\" content=\"fr_FR\" \/>\n<meta property=\"og:type\" content=\"article\" \/>\n<meta property=\"og:title\" content=\"Puzzle de noms en bois - Woodinout \u00a9 Boutique de jouets Montessori\" \/>\n<meta property=\"og:description\" content=\"Cadeau parfait pour les enfants - Puzzle de nom personnalis\u00e9 inspir\u00e9 de Montessori. Fait \u00e0 la main, respectueux de l\u2019environnement, s\u00e9curis\u00e9 pour b\u00e9b\u00e9 et tout-petit. Fabriqu\u00e9 \u00e0 partir de bois massif.\" \/>\n<meta property=\"og:url\" content=\"https:\/\/woodinout.net\/fr\/product\/bois-nom-puzzle\/\" \/>\n<meta property=\"og:site_name\" content=\"Woodinout \u00a9\" \/>\n<meta property=\"article:modified_time\" content=\"2022-04-28T08:35:46+00:00\" \/>\n<meta property=\"og:image\" content=\"https:\/\/woodinout.net\/wp-content\/uploads\/2020\/06\/wooden-puzzle-1.jpg\" \/>\n\t<meta property=\"og:image:width\" content=\"853\" \/>\n\t<meta property=\"og:image:height\" content=\"1280\" \/>\n\t<meta property=\"og:image:type\" content=\"image\/jpeg\" \/>\n<meta name=\"twitter:card\" content=\"summary_large_image\" \/>\n<meta name=\"twitter:label1\" content=\"Dur\u00e9e de lecture estim\u00e9e\" \/>\n\t<meta name=\"twitter:data1\" content=\"1 minute\" \/>\n<script type=\"application\/ld+json\" class=\"yoast-schema-graph\">{\"@context\":\"https:\/\/schema.org\",\"@graph\":[{\"@type\":\"WebPage\",\"@id\":\"https:\/\/woodinout.net\/fr\/product\/bois-nom-puzzle\/\",\"url\":\"https:\/\/woodinout.net\/fr\/product\/bois-nom-puzzle\/\",\"name\":\"Puzzle de noms en bois - Woodinout \u00a9 Boutique de jouets Montessori\",\"isPartOf\":{\"@id\":\"https:\/\/woodinout.net\/fr\/#website\"},\"datePublished\":\"2020-06-23T20:45:12+00:00\",\"dateModified\":\"2022-04-28T08:35:46+00:00\",\"description\":\"Cadeau parfait pour les enfants - Puzzle de nom personnalis\u00e9 inspir\u00e9 de Montessori. Fait \u00e0 la main, respectueux de l\u2019environnement, s\u00e9curis\u00e9 pour b\u00e9b\u00e9 et tout-petit. Fabriqu\u00e9 \u00e0 partir de bois massif.\",\"breadcrumb\":{\"@id\":\"https:\/\/woodinout.net\/fr\/product\/bois-nom-puzzle\/#breadcrumb\"},\"inLanguage\":\"fr-FR\",\"potentialAction\":[{\"@type\":\"ReadAction\",\"target\":[\"https:\/\/woodinout.net\/fr\/product\/bois-nom-puzzle\/\"]}]},{\"@type\":\"BreadcrumbList\",\"@id\":\"https:\/\/woodinout.net\/fr\/product\/bois-nom-puzzle\/#breadcrumb\",\"itemListElement\":[{\"@type\":\"ListItem\",\"position\":1,\"name\":\"Home\",\"item\":\"https:\/\/woodinout.net\/fr\/\"},{\"@type\":\"ListItem\",\"position\":2,\"name\":\"Shop\",\"item\":\"https:\/\/woodinout.net\/shop\/\"},{\"@type\":\"ListItem\",\"position\":3,\"name\":\"Puzzle de noms en bois\"}]},{\"@type\":\"WebSite\",\"@id\":\"https:\/\/woodinout.net\/fr\/#website\",\"url\":\"https:\/\/woodinout.net\/fr\/\",\"name\":\"Woodinout \u00a9\",\"description\":\"Wooden Montessori toys, gifts, home and events decor details\",\"potentialAction\":[{\"@type\":\"SearchAction\",\"target\":{\"@type\":\"EntryPoint\",\"urlTemplate\":\"https:\/\/woodinout.net\/fr\/?s={search_term_string}\"},\"query-input\":\"required name=search_term_string\"}],\"inLanguage\":\"fr-FR\"}]}<\/script>\n<!-- \/ Yoast SEO plugin. -->","yoast_head_json":{"title":"Puzzle de noms en bois - Woodinout \u00a9 Boutique de jouets Montessori","description":"Cadeau parfait pour les enfants - Puzzle de nom personnalis\u00e9 inspir\u00e9 de Montessori. Fait \u00e0 la main, respectueux de l\u2019environnement, s\u00e9curis\u00e9 pour b\u00e9b\u00e9 et tout-petit. Fabriqu\u00e9 \u00e0 partir de bois massif.","robots":{"index":"index","follow":"follow","max-snippet":"max-snippet:-1","max-image-preview":"max-image-preview:large","max-video-preview":"max-video-preview:-1"},"canonical":"https:\/\/woodinout.net\/fr\/product\/bois-nom-puzzle\/","og_locale":"fr_FR","og_type":"article","og_title":"Puzzle de noms en bois - Woodinout \u00a9 Boutique de jouets Montessori","og_description":"Cadeau parfait pour les enfants - Puzzle de nom personnalis\u00e9 inspir\u00e9 de Montessori. Fait \u00e0 la main, respectueux de l\u2019environnement, s\u00e9curis\u00e9 pour b\u00e9b\u00e9 et tout-petit. Fabriqu\u00e9 \u00e0 partir de bois massif.","og_url":"https:\/\/woodinout.net\/fr\/product\/bois-nom-puzzle\/","og_site_name":"Woodinout \u00a9","article_modified_time":"2022-04-28T08:35:46+00:00","og_image":[{"width":853,"height":1280,"url":"https:\/\/woodinout.net\/wp-content\/uploads\/2020\/06\/wooden-puzzle-1.jpg","type":"image\/jpeg"}],"twitter_card":"summary_large_image","twitter_misc":{"Dur\u00e9e de lecture estim\u00e9e":"1 minute"},"schema":{"@context":"https:\/\/schema.org","@graph":[{"@type":"WebPage","@id":"https:\/\/woodinout.net\/fr\/product\/bois-nom-puzzle\/","url":"https:\/\/woodinout.net\/fr\/product\/bois-nom-puzzle\/","name":"Puzzle de noms en bois - Woodinout \u00a9 Boutique de jouets Montessori","isPartOf":{"@id":"https:\/\/woodinout.net\/fr\/#website"},"datePublished":"2020-06-23T20:45:12+00:00","dateModified":"2022-04-28T08:35:46+00:00","description":"Cadeau parfait pour les enfants - Puzzle de nom personnalis\u00e9 inspir\u00e9 de Montessori. Fait \u00e0 la main, respectueux de l\u2019environnement, s\u00e9curis\u00e9 pour b\u00e9b\u00e9 et tout-petit. Fabriqu\u00e9 \u00e0 partir de bois massif.","breadcrumb":{"@id":"https:\/\/woodinout.net\/fr\/product\/bois-nom-puzzle\/#breadcrumb"},"inLanguage":"fr-FR","potentialAction":[{"@type":"ReadAction","target":["https:\/\/woodinout.net\/fr\/product\/bois-nom-puzzle\/"]}]},{"@type":"BreadcrumbList","@id":"https:\/\/woodinout.net\/fr\/product\/bois-nom-puzzle\/#breadcrumb","itemListElement":[{"@type":"ListItem","position":1,"name":"Home","item":"https:\/\/woodinout.net\/fr\/"},{"@type":"ListItem","position":2,"name":"Shop","item":"https:\/\/woodinout.net\/shop\/"},{"@type":"ListItem","position":3,"name":"Puzzle de noms en bois"}]},{"@type":"WebSite","@id":"https:\/\/woodinout.net\/fr\/#website","url":"https:\/\/woodinout.net\/fr\/","name":"Woodinout \u00a9","description":"Wooden Montessori toys, gifts, home and events decor details","potentialAction":[{"@type":"SearchAction","target":{"@type":"EntryPoint","urlTemplate":"https:\/\/woodinout.net\/fr\/?s={search_term_string}"},"query-input":"required name=search_term_string"}],"inLanguage":"fr-FR"}]}},"_links":{"self":[{"href":"https:\/\/woodinout.net\/fr\/wp-json\/wp\/v2\/product\/21744"}],"collection":[{"href":"https:\/\/woodinout.net\/fr\/wp-json\/wp\/v2\/product"}],"about":[{"href":"https:\/\/woodinout.net\/fr\/wp-json\/wp\/v2\/types\/product"}],"wp:featuredmedia":[{"embeddable":true,"href":"https:\/\/woodinout.net\/fr\/wp-json\/wp\/v2\/media\/18095"}],"wp:attachment":[{"href":"https:\/\/woodinout.net\/fr\/wp-json\/wp\/v2\/media?parent=21744"}],"wp:term":[{"taxonomy":"product_cat","embeddable":true,"href":"https:\/\/woodinout.net\/fr\/wp-json\/wp\/v2\/product_cat?post=21744"},{"taxonomy":"product_tag","embeddable":true,"href":"https:\/\/woodinout.net\/fr\/wp-json\/wp\/v2\/product_tag?post=21744"}],"curies":[{"name":"wp","href":"https:\/\/api.w.org\/{rel}","templated":true}]}}