{"id":21735,"date":"2020-06-23T21:12:55","date_gmt":"2020-06-23T18:12:55","guid":{"rendered":"https:\/\/woodinout.net\/product\/montessori-100-cadre-cent-planche\/"},"modified":"2022-04-28T11:09:18","modified_gmt":"2022-04-28T08:09:18","slug":"cadeau-personnalise-montessori-100-cadre-bois-nombres-et-comptage","status":"publish","type":"product","link":"https:\/\/woodinout.net\/fr\/product\/cadeau-personnalise-montessori-100-cadre-bois-nombres-et-comptage\/","title":{"rendered":"Montessori 100 Cadre \/ Cent Planche"},"content":{"rendered":"<p>Cadeau personnalis\u00e9 Montessori 100 cadre &#8211; Je ne peux pas imaginer une meilleure fa\u00e7on d\u2019apprendre les chiffres et de compter. POURQUOI? 1. Les manipulateurs de math\u00e9matiques Montessori sont bien connus et appr\u00e9ci\u00e9s dans le monde entier. 2. Ce tableau de nombres en bois a de nombreuses utilisations &#8211; des perles de multiplication avec de minuscules nombres grav\u00e9s enseignent les math\u00e9matiques; Les perles de num\u00e9ros en bois color\u00e9es sont \u00e9galement des jouets de tri en bois parfaits; et vous ne pouvez pas discuter de la belle apparence de cette planche Montessori 100 &#8211; d\u00e9cor de chambre d\u2019enfants g\u00e9nial.<\/p>\n<p>Le kit contient :<br \/>\ncent planche de comptage<\/p>\n<p>Vous pouvez choisir parmi 7 OPTIONS:<br \/>\nR : Seulement le conseil d\u2019administration<br \/>\nB: Carte + 120 pcs. de boules en bois naturel (0,05 pouces de diam\u00e8tre)<br \/>\nC: Carte + 120 pcs. de boules en bois color\u00e9es (0,05 pouce de diam\u00e8tre)<br \/>\nD: Carte + 100 pcs. pi\u00e8ces naturelles avec des nombres de 1 \u00e0 100<br \/>\nE: Carte + 100 pcs. pi\u00e8ces color\u00e9es avec des chiffres de 1 \u00e0 100<br \/>\nF: Carte + 100 pcs. pi\u00e8ces naturelles avec des nombres de 1 \u00e0 100 + 120 pcs. de boules en bois naturel (0,05 pouces de diam\u00e8tre)<br \/>\nG: Carte + 100 pcs. pi\u00e8ces color\u00e9es avec des chiffres de 1 \u00e0 100 + 120 pcs. de boules en bois color\u00e9es (0,05 pouce de diam\u00e8tre)<\/p>\n<p>DIMENSIONS DE LA CARTE<br \/>\nLongueur: ~ 10 pouces<br \/>\nHauteur: ~ 10 pouces<br \/>\n\u00c9paisseur: ~ 0,6 pouces<\/p>\n<p>COULEURS ET MAT\u00c9RIAUX<br \/>\nCouleur: naturel ou brun huil\u00e9.<br \/>\nLa planche est en BOIS MASSIF NATUREL.<br \/>\nVeuillez noter que les couleurs peuvent varier en raison des param\u00e8tres de l\u2019\u00e9cran de l\u2019ordinateur et de l\u2019\u00e9claircissement.<\/p>\n","protected":false},"excerpt":{"rendered":"<p>Cadeau personnalis\u00e9 Montessori 100 cadre &#8211; Je ne peux pas imaginer une meilleure fa\u00e7on d\u2019apprendre les chiffres et de compter. POURQUOI? 1. Les manipulateurs de math\u00e9matiques Montessori sont bien connus et appr\u00e9ci\u00e9s dans le monde entier. 2. Ce tableau de nombres en bois a de nombreuses utilisations &#8211; des perles de multiplication avec de minuscules [&hellip;]<\/p>\n","protected":false},"featured_media":17815,"template":"","meta":{"_monsterinsights_skip_tracking":false,"_monsterinsights_sitenote_active":false,"_monsterinsights_sitenote_note":"","_monsterinsights_sitenote_category":0},"product_cat":[1834,1723],"product_tag":[2310,2309,1841,1736,1738,2308,1735,1729,1728,1726,1842,1734,1904,1843,2298],"yoast_head":"<!-- This site is optimized with the Yoast SEO plugin v22.1 - https:\/\/yoast.com\/wordpress\/plugins\/seo\/ -->\n<title>Montessori 100 Cadre \/ Cent Planche - Woodinout \u00a9 jouets en bois<\/title>\n<meta name=\"description\" content=\"Mat\u00e9riel math\u00e9matique Montessori 100 cadre pour les jeux FUN Learning. Compter - Trier - Apprendre - Jouer - Jouets en bois naturels faits \u00e0 la main.\" \/>\n<meta name=\"robots\" content=\"index, follow, max-snippet:-1, max-image-preview:large, max-video-preview:-1\" \/>\n<link rel=\"canonical\" href=\"https:\/\/woodinout.net\/fr\/product\/cadeau-personnalise-montessori-100-cadre-bois-nombres-et-comptage\/\" \/>\n<meta property=\"og:locale\" content=\"fr_FR\" \/>\n<meta property=\"og:type\" content=\"article\" \/>\n<meta property=\"og:title\" content=\"Montessori 100 Cadre \/ Cent Planche - Woodinout \u00a9 jouets en bois\" \/>\n<meta property=\"og:description\" content=\"Mat\u00e9riel math\u00e9matique Montessori 100 cadre pour les jeux FUN Learning. Compter - Trier - Apprendre - Jouer - Jouets en bois naturels faits \u00e0 la main.\" \/>\n<meta property=\"og:url\" content=\"https:\/\/woodinout.net\/fr\/product\/cadeau-personnalise-montessori-100-cadre-bois-nombres-et-comptage\/\" \/>\n<meta property=\"og:site_name\" content=\"Woodinout \u00a9\" \/>\n<meta property=\"article:modified_time\" content=\"2022-04-28T08:09:18+00:00\" \/>\n<meta property=\"og:image\" content=\"https:\/\/woodinout.net\/wp-content\/uploads\/2020\/06\/Montessori-100-frame-5.jpg\" \/>\n\t<meta property=\"og:image:width\" content=\"853\" \/>\n\t<meta property=\"og:image:height\" content=\"1280\" \/>\n\t<meta property=\"og:image:type\" content=\"image\/jpeg\" \/>\n<meta name=\"twitter:card\" content=\"summary_large_image\" \/>\n<meta name=\"twitter:label1\" content=\"Dur\u00e9e de lecture estim\u00e9e\" \/>\n\t<meta name=\"twitter:data1\" content=\"1 minute\" \/>\n<script type=\"application\/ld+json\" class=\"yoast-schema-graph\">{\"@context\":\"https:\/\/schema.org\",\"@graph\":[{\"@type\":\"WebPage\",\"@id\":\"https:\/\/woodinout.net\/fr\/product\/cadeau-personnalise-montessori-100-cadre-bois-nombres-et-comptage\/\",\"url\":\"https:\/\/woodinout.net\/fr\/product\/cadeau-personnalise-montessori-100-cadre-bois-nombres-et-comptage\/\",\"name\":\"Montessori 100 Cadre \/ Cent Planche - Woodinout \u00a9 jouets en bois\",\"isPartOf\":{\"@id\":\"https:\/\/woodinout.net\/fr\/#website\"},\"datePublished\":\"2020-06-23T18:12:55+00:00\",\"dateModified\":\"2022-04-28T08:09:18+00:00\",\"description\":\"Mat\u00e9riel math\u00e9matique Montessori 100 cadre pour les jeux FUN Learning. Compter - Trier - Apprendre - Jouer - Jouets en bois naturels faits \u00e0 la main.\",\"breadcrumb\":{\"@id\":\"https:\/\/woodinout.net\/fr\/product\/cadeau-personnalise-montessori-100-cadre-bois-nombres-et-comptage\/#breadcrumb\"},\"inLanguage\":\"fr-FR\",\"potentialAction\":[{\"@type\":\"ReadAction\",\"target\":[\"https:\/\/woodinout.net\/fr\/product\/cadeau-personnalise-montessori-100-cadre-bois-nombres-et-comptage\/\"]}]},{\"@type\":\"BreadcrumbList\",\"@id\":\"https:\/\/woodinout.net\/fr\/product\/cadeau-personnalise-montessori-100-cadre-bois-nombres-et-comptage\/#breadcrumb\",\"itemListElement\":[{\"@type\":\"ListItem\",\"position\":1,\"name\":\"Home\",\"item\":\"https:\/\/woodinout.net\/fr\/\"},{\"@type\":\"ListItem\",\"position\":2,\"name\":\"Shop\",\"item\":\"https:\/\/woodinout.net\/shop\/\"},{\"@type\":\"ListItem\",\"position\":3,\"name\":\"Montessori 100 Cadre \/ Cent Planche\"}]},{\"@type\":\"WebSite\",\"@id\":\"https:\/\/woodinout.net\/fr\/#website\",\"url\":\"https:\/\/woodinout.net\/fr\/\",\"name\":\"Woodinout \u00a9\",\"description\":\"Wooden Montessori toys, gifts, home and events decor details\",\"potentialAction\":[{\"@type\":\"SearchAction\",\"target\":{\"@type\":\"EntryPoint\",\"urlTemplate\":\"https:\/\/woodinout.net\/fr\/?s={search_term_string}\"},\"query-input\":\"required name=search_term_string\"}],\"inLanguage\":\"fr-FR\"}]}<\/script>\n<!-- \/ Yoast SEO plugin. -->","yoast_head_json":{"title":"Montessori 100 Cadre \/ Cent Planche - Woodinout \u00a9 jouets en bois","description":"Mat\u00e9riel math\u00e9matique Montessori 100 cadre pour les jeux FUN Learning. Compter - Trier - Apprendre - Jouer - Jouets en bois naturels faits \u00e0 la main.","robots":{"index":"index","follow":"follow","max-snippet":"max-snippet:-1","max-image-preview":"max-image-preview:large","max-video-preview":"max-video-preview:-1"},"canonical":"https:\/\/woodinout.net\/fr\/product\/cadeau-personnalise-montessori-100-cadre-bois-nombres-et-comptage\/","og_locale":"fr_FR","og_type":"article","og_title":"Montessori 100 Cadre \/ Cent Planche - Woodinout \u00a9 jouets en bois","og_description":"Mat\u00e9riel math\u00e9matique Montessori 100 cadre pour les jeux FUN Learning. Compter - Trier - Apprendre - Jouer - Jouets en bois naturels faits \u00e0 la main.","og_url":"https:\/\/woodinout.net\/fr\/product\/cadeau-personnalise-montessori-100-cadre-bois-nombres-et-comptage\/","og_site_name":"Woodinout \u00a9","article_modified_time":"2022-04-28T08:09:18+00:00","og_image":[{"width":853,"height":1280,"url":"https:\/\/woodinout.net\/wp-content\/uploads\/2020\/06\/Montessori-100-frame-5.jpg","type":"image\/jpeg"}],"twitter_card":"summary_large_image","twitter_misc":{"Dur\u00e9e de lecture estim\u00e9e":"1 minute"},"schema":{"@context":"https:\/\/schema.org","@graph":[{"@type":"WebPage","@id":"https:\/\/woodinout.net\/fr\/product\/cadeau-personnalise-montessori-100-cadre-bois-nombres-et-comptage\/","url":"https:\/\/woodinout.net\/fr\/product\/cadeau-personnalise-montessori-100-cadre-bois-nombres-et-comptage\/","name":"Montessori 100 Cadre \/ Cent Planche - Woodinout \u00a9 jouets en bois","isPartOf":{"@id":"https:\/\/woodinout.net\/fr\/#website"},"datePublished":"2020-06-23T18:12:55+00:00","dateModified":"2022-04-28T08:09:18+00:00","description":"Mat\u00e9riel math\u00e9matique Montessori 100 cadre pour les jeux FUN Learning. Compter - Trier - Apprendre - Jouer - Jouets en bois naturels faits \u00e0 la main.","breadcrumb":{"@id":"https:\/\/woodinout.net\/fr\/product\/cadeau-personnalise-montessori-100-cadre-bois-nombres-et-comptage\/#breadcrumb"},"inLanguage":"fr-FR","potentialAction":[{"@type":"ReadAction","target":["https:\/\/woodinout.net\/fr\/product\/cadeau-personnalise-montessori-100-cadre-bois-nombres-et-comptage\/"]}]},{"@type":"BreadcrumbList","@id":"https:\/\/woodinout.net\/fr\/product\/cadeau-personnalise-montessori-100-cadre-bois-nombres-et-comptage\/#breadcrumb","itemListElement":[{"@type":"ListItem","position":1,"name":"Home","item":"https:\/\/woodinout.net\/fr\/"},{"@type":"ListItem","position":2,"name":"Shop","item":"https:\/\/woodinout.net\/shop\/"},{"@type":"ListItem","position":3,"name":"Montessori 100 Cadre \/ Cent Planche"}]},{"@type":"WebSite","@id":"https:\/\/woodinout.net\/fr\/#website","url":"https:\/\/woodinout.net\/fr\/","name":"Woodinout \u00a9","description":"Wooden Montessori toys, gifts, home and events decor details","potentialAction":[{"@type":"SearchAction","target":{"@type":"EntryPoint","urlTemplate":"https:\/\/woodinout.net\/fr\/?s={search_term_string}"},"query-input":"required name=search_term_string"}],"inLanguage":"fr-FR"}]}},"_links":{"self":[{"href":"https:\/\/woodinout.net\/fr\/wp-json\/wp\/v2\/product\/21735"}],"collection":[{"href":"https:\/\/woodinout.net\/fr\/wp-json\/wp\/v2\/product"}],"about":[{"href":"https:\/\/woodinout.net\/fr\/wp-json\/wp\/v2\/types\/product"}],"wp:featuredmedia":[{"embeddable":true,"href":"https:\/\/woodinout.net\/fr\/wp-json\/wp\/v2\/media\/17815"}],"wp:attachment":[{"href":"https:\/\/woodinout.net\/fr\/wp-json\/wp\/v2\/media?parent=21735"}],"wp:term":[{"taxonomy":"product_cat","embeddable":true,"href":"https:\/\/woodinout.net\/fr\/wp-json\/wp\/v2\/product_cat?post=21735"},{"taxonomy":"product_tag","embeddable":true,"href":"https:\/\/woodinout.net\/fr\/wp-json\/wp\/v2\/product_tag?post=21735"}],"curies":[{"name":"wp","href":"https:\/\/api.w.org\/{rel}","templated":true}]}}