{"id":21709,"date":"2021-03-19T13:15:22","date_gmt":"2021-03-19T11:15:22","guid":{"rendered":"https:\/\/woodinout.net\/product\/tableau-de-tracage-abc-carre\/"},"modified":"2022-04-19T16:07:06","modified_gmt":"2022-04-19T13:07:06","slug":"abc-tracing-board-square","status":"publish","type":"product","link":"https:\/\/woodinout.net\/fr\/product\/abc-tracing-board-square\/","title":{"rendered":"Tableau de tra\u00e7age ABC (carr\u00e9)"},"content":{"rendered":"<p>Alphabet Montessori tracing board est un moyen intelligent d\u2019enseigner l\u2019\u00e9criture aux enfants. Les jouets d\u2019apprentissage sont toujours des jouets pour lesquels les enfants s\u2019amusent beaucoup et ils ne savent m\u00eame pas qu\u2019ils apprennent. Les jouets Waldorf sont l\u2019un des cadeaux \u00e9ducatifs les plus populaires pour les enfants pour une raison. Les feuilles de calcul de lettres de tra\u00e7age en minuscules rendront amusant et FACILE l\u2019apprentissage de l\u2019\u00e9criture et de l\u2019orthographe. Au lieu d\u2019une tonne de feuilles de travail pr\u00e9scolaires, obtenez un tableau de tra\u00e7age de l\u2019alphabet \u00e9l\u00e9gant de notre part. Soigneusement faites \u00e0 la main \u00e0 partir de bois massif, ces lettres en bois ne sont pas seulement des jouets d\u2019apprentissage parfaits, mais aussi un d\u00e9cor \u00e9l\u00e9gant pour les enfants. Faites-en un cadeau personnalis\u00e9 en laissant un message \u00e0 graver au dos.<\/p>\n<p>Le kit contient :<br \/>\nTableau de tra\u00e7age des lettres ABC<br \/>\nStylo en bois<\/p>\n<p>Am\u00e9liorera la motricit\u00e9<\/p>\n<p>TAILLE<br \/>\nHauteur: ~ 11 pouces (28cm)<br \/>\nLongueur: ~ 9,5 pouces (24 cm)<br \/>\n\u00c9paisseur de la carte: ~ 0,6 pouces (1,5 cm)<\/p>\n<p>COULEURS ET MAT\u00c9RIAUX<br \/>\nFond : brun ou naturel huil\u00e9.<br \/>\nLe jouet est fait de BOIS MASSIF NATUREL et de peintures \/ huiles respectueuses de l\u2019environnement.<br \/>\nVeuillez noter que les couleurs peuvent varier en raison des param\u00e8tres de l\u2019\u00e9cran de l\u2019ordinateur et de l\u2019\u00e9claircissement.<\/p>\n<p>Pour plus d\u2019id\u00e9es, suivez-nous sur <a href=\"https:\/\/www.instagram.com\/woodinout\/\">INSTAGRAM<\/a> &amp; <a href=\"https:\/\/www.facebook.com\/Woodinout.net\">FACEBOOK<\/a><\/p>\n","protected":false},"excerpt":{"rendered":"<p>Alphabet Montessori tracing board est un moyen intelligent d\u2019enseigner l\u2019\u00e9criture aux enfants. Les jouets d\u2019apprentissage sont toujours des jouets pour lesquels les enfants s\u2019amusent beaucoup et ils ne savent m\u00eame pas qu\u2019ils apprennent. Les jouets Waldorf sont l\u2019un des cadeaux \u00e9ducatifs les plus populaires pour les enfants pour une raison. Les feuilles de calcul de [&hellip;]<\/p>\n","protected":false},"featured_media":19511,"template":"","meta":{"_monsterinsights_skip_tracking":false,"_monsterinsights_sitenote_active":false,"_monsterinsights_sitenote_note":"","_monsterinsights_sitenote_category":0},"product_cat":[1789,1723],"product_tag":[1799,1736,1738,1735,1741,1729,1728,1726,1734,1796,1743,1801],"yoast_head":"<!-- This site is optimized with the Yoast SEO plugin v22.1 - https:\/\/yoast.com\/wordpress\/plugins\/seo\/ -->\n<title>Tableau de tra\u00e7age ABC (carr\u00e9) - Woodinout \u00a9 d\u2019apprentissage<\/title>\n<meta name=\"description\" content=\"Tableau de l\u2019alphabet de tra\u00e7age - plus de feuilles de papier. Utilisez cette planche de bois autant de fois que vous le souhaitez. Exp\u00e9dition dans le monde entier. La plus haute qualit\u00e9 premium.\" \/>\n<meta name=\"robots\" content=\"index, follow, max-snippet:-1, max-image-preview:large, max-video-preview:-1\" \/>\n<link rel=\"canonical\" href=\"https:\/\/woodinout.net\/fr\/product\/abc-tracing-board-square\/\" \/>\n<meta property=\"og:locale\" content=\"fr_FR\" \/>\n<meta property=\"og:type\" content=\"article\" \/>\n<meta property=\"og:title\" content=\"Tableau de tra\u00e7age ABC (carr\u00e9) - Woodinout \u00a9 d\u2019apprentissage\" \/>\n<meta property=\"og:description\" content=\"Tableau de l\u2019alphabet de tra\u00e7age - plus de feuilles de papier. Utilisez cette planche de bois autant de fois que vous le souhaitez. Exp\u00e9dition dans le monde entier. La plus haute qualit\u00e9 premium.\" \/>\n<meta property=\"og:url\" content=\"https:\/\/woodinout.net\/fr\/product\/abc-tracing-board-square\/\" \/>\n<meta property=\"og:site_name\" content=\"Woodinout \u00a9\" \/>\n<meta property=\"article:modified_time\" content=\"2022-04-19T13:07:06+00:00\" \/>\n<meta property=\"og:image\" content=\"https:\/\/woodinout.net\/wp-content\/uploads\/2021\/03\/ABC_tracing_board_1-\u2013-kopija.jpg\" \/>\n\t<meta property=\"og:image:width\" content=\"1706\" \/>\n\t<meta property=\"og:image:height\" content=\"2560\" \/>\n\t<meta property=\"og:image:type\" content=\"image\/jpeg\" \/>\n<meta name=\"twitter:card\" content=\"summary_large_image\" \/>\n<meta name=\"twitter:label1\" content=\"Dur\u00e9e de lecture estim\u00e9e\" \/>\n\t<meta name=\"twitter:data1\" content=\"1 minute\" \/>\n<script type=\"application\/ld+json\" class=\"yoast-schema-graph\">{\"@context\":\"https:\/\/schema.org\",\"@graph\":[{\"@type\":\"WebPage\",\"@id\":\"https:\/\/woodinout.net\/fr\/product\/abc-tracing-board-square\/\",\"url\":\"https:\/\/woodinout.net\/fr\/product\/abc-tracing-board-square\/\",\"name\":\"Tableau de tra\u00e7age ABC (carr\u00e9) - Woodinout \u00a9 d\u2019apprentissage\",\"isPartOf\":{\"@id\":\"https:\/\/woodinout.net\/fr\/#website\"},\"datePublished\":\"2021-03-19T11:15:22+00:00\",\"dateModified\":\"2022-04-19T13:07:06+00:00\",\"description\":\"Tableau de l\u2019alphabet de tra\u00e7age - plus de feuilles de papier. Utilisez cette planche de bois autant de fois que vous le souhaitez. Exp\u00e9dition dans le monde entier. La plus haute qualit\u00e9 premium.\",\"breadcrumb\":{\"@id\":\"https:\/\/woodinout.net\/fr\/product\/abc-tracing-board-square\/#breadcrumb\"},\"inLanguage\":\"fr-FR\",\"potentialAction\":[{\"@type\":\"ReadAction\",\"target\":[\"https:\/\/woodinout.net\/fr\/product\/abc-tracing-board-square\/\"]}]},{\"@type\":\"BreadcrumbList\",\"@id\":\"https:\/\/woodinout.net\/fr\/product\/abc-tracing-board-square\/#breadcrumb\",\"itemListElement\":[{\"@type\":\"ListItem\",\"position\":1,\"name\":\"Home\",\"item\":\"https:\/\/woodinout.net\/fr\/\"},{\"@type\":\"ListItem\",\"position\":2,\"name\":\"Shop\",\"item\":\"https:\/\/woodinout.net\/shop\/\"},{\"@type\":\"ListItem\",\"position\":3,\"name\":\"Tableau de tra\u00e7age ABC (carr\u00e9)\"}]},{\"@type\":\"WebSite\",\"@id\":\"https:\/\/woodinout.net\/fr\/#website\",\"url\":\"https:\/\/woodinout.net\/fr\/\",\"name\":\"Woodinout \u00a9\",\"description\":\"Wooden Montessori toys, gifts, home and events decor details\",\"potentialAction\":[{\"@type\":\"SearchAction\",\"target\":{\"@type\":\"EntryPoint\",\"urlTemplate\":\"https:\/\/woodinout.net\/fr\/?s={search_term_string}\"},\"query-input\":\"required name=search_term_string\"}],\"inLanguage\":\"fr-FR\"}]}<\/script>\n<!-- \/ Yoast SEO plugin. -->","yoast_head_json":{"title":"Tableau de tra\u00e7age ABC (carr\u00e9) - Woodinout \u00a9 d\u2019apprentissage","description":"Tableau de l\u2019alphabet de tra\u00e7age - plus de feuilles de papier. Utilisez cette planche de bois autant de fois que vous le souhaitez. Exp\u00e9dition dans le monde entier. La plus haute qualit\u00e9 premium.","robots":{"index":"index","follow":"follow","max-snippet":"max-snippet:-1","max-image-preview":"max-image-preview:large","max-video-preview":"max-video-preview:-1"},"canonical":"https:\/\/woodinout.net\/fr\/product\/abc-tracing-board-square\/","og_locale":"fr_FR","og_type":"article","og_title":"Tableau de tra\u00e7age ABC (carr\u00e9) - Woodinout \u00a9 d\u2019apprentissage","og_description":"Tableau de l\u2019alphabet de tra\u00e7age - plus de feuilles de papier. Utilisez cette planche de bois autant de fois que vous le souhaitez. Exp\u00e9dition dans le monde entier. La plus haute qualit\u00e9 premium.","og_url":"https:\/\/woodinout.net\/fr\/product\/abc-tracing-board-square\/","og_site_name":"Woodinout \u00a9","article_modified_time":"2022-04-19T13:07:06+00:00","og_image":[{"width":1706,"height":2560,"url":"https:\/\/woodinout.net\/wp-content\/uploads\/2021\/03\/ABC_tracing_board_1-\u2013-kopija.jpg","type":"image\/jpeg"}],"twitter_card":"summary_large_image","twitter_misc":{"Dur\u00e9e de lecture estim\u00e9e":"1 minute"},"schema":{"@context":"https:\/\/schema.org","@graph":[{"@type":"WebPage","@id":"https:\/\/woodinout.net\/fr\/product\/abc-tracing-board-square\/","url":"https:\/\/woodinout.net\/fr\/product\/abc-tracing-board-square\/","name":"Tableau de tra\u00e7age ABC (carr\u00e9) - Woodinout \u00a9 d\u2019apprentissage","isPartOf":{"@id":"https:\/\/woodinout.net\/fr\/#website"},"datePublished":"2021-03-19T11:15:22+00:00","dateModified":"2022-04-19T13:07:06+00:00","description":"Tableau de l\u2019alphabet de tra\u00e7age - plus de feuilles de papier. Utilisez cette planche de bois autant de fois que vous le souhaitez. Exp\u00e9dition dans le monde entier. La plus haute qualit\u00e9 premium.","breadcrumb":{"@id":"https:\/\/woodinout.net\/fr\/product\/abc-tracing-board-square\/#breadcrumb"},"inLanguage":"fr-FR","potentialAction":[{"@type":"ReadAction","target":["https:\/\/woodinout.net\/fr\/product\/abc-tracing-board-square\/"]}]},{"@type":"BreadcrumbList","@id":"https:\/\/woodinout.net\/fr\/product\/abc-tracing-board-square\/#breadcrumb","itemListElement":[{"@type":"ListItem","position":1,"name":"Home","item":"https:\/\/woodinout.net\/fr\/"},{"@type":"ListItem","position":2,"name":"Shop","item":"https:\/\/woodinout.net\/shop\/"},{"@type":"ListItem","position":3,"name":"Tableau de tra\u00e7age ABC (carr\u00e9)"}]},{"@type":"WebSite","@id":"https:\/\/woodinout.net\/fr\/#website","url":"https:\/\/woodinout.net\/fr\/","name":"Woodinout \u00a9","description":"Wooden Montessori toys, gifts, home and events decor details","potentialAction":[{"@type":"SearchAction","target":{"@type":"EntryPoint","urlTemplate":"https:\/\/woodinout.net\/fr\/?s={search_term_string}"},"query-input":"required name=search_term_string"}],"inLanguage":"fr-FR"}]}},"_links":{"self":[{"href":"https:\/\/woodinout.net\/fr\/wp-json\/wp\/v2\/product\/21709"}],"collection":[{"href":"https:\/\/woodinout.net\/fr\/wp-json\/wp\/v2\/product"}],"about":[{"href":"https:\/\/woodinout.net\/fr\/wp-json\/wp\/v2\/types\/product"}],"wp:featuredmedia":[{"embeddable":true,"href":"https:\/\/woodinout.net\/fr\/wp-json\/wp\/v2\/media\/19511"}],"wp:attachment":[{"href":"https:\/\/woodinout.net\/fr\/wp-json\/wp\/v2\/media?parent=21709"}],"wp:term":[{"taxonomy":"product_cat","embeddable":true,"href":"https:\/\/woodinout.net\/fr\/wp-json\/wp\/v2\/product_cat?post=21709"},{"taxonomy":"product_tag","embeddable":true,"href":"https:\/\/woodinout.net\/fr\/wp-json\/wp\/v2\/product_tag?post=21709"}],"curies":[{"name":"wp","href":"https:\/\/api.w.org\/{rel}","templated":true}]}}