{"id":21707,"date":"2021-03-21T14:43:45","date_gmt":"2021-03-21T12:43:45","guid":{"rendered":"https:\/\/woodinout.net\/product\/porte-crayons\/"},"modified":"2022-04-28T11:02:57","modified_gmt":"2022-04-28T08:02:57","slug":"porte-crayons","status":"publish","type":"product","link":"https:\/\/woodinout.net\/fr\/product\/porte-crayons\/","title":{"rendered":"Porte-crayons"},"content":{"rendered":"<p>Mat\u00e9riel Montessori &#8211; Le porte-crayon en bois est un MUST dans votre classe Homeschool ou sur le bureau Montessori. Solution \u00e9l\u00e9gante et confortable pour ranger des crayons en bloc ou en b\u00e2ton. Ce porte-crayons est un outil d\u2019\u00e9cole \u00e0 la maison pour ceux qui recherchent un design simple, des produits durables et respectueux de l\u2019environnement.<\/p>\n<p>Options:<br \/>\nB\u00e2tons 16;<br \/>\nBlocs 16;<br \/>\nB\u00e2tons 8 + Blocs 8;<br \/>\nB\u00e2tons 16 + Blocs 16;<\/p>\n<p>TAILLE<br \/>\nB\u00e2tons 16<br \/>\nHauteur: 2 pouces (5cm)<br \/>\nLongueur: 7,9 pouces (20 cm)<\/p>\n<p>Blocs 16<br \/>\nHauteur: 2,8 pouces (7cm)<br \/>\nLongueur: 7,9 pouces (20 cm)<\/p>\n<p>B\u00e2tons 8 + Blocs 8<br \/>\nHauteur: 2,4 pouces (6cm)<br \/>\nLongueur: 7,9 pouces (20 cm)<\/p>\n<p>B\u00e2tons 16 + Blocs 16<br \/>\nHauteur: 14,5 pouces (11,5 cm)<br \/>\nLongueur: 7,9 pouces (20 cm)<\/p>\n<p>\u00c9paisseur: 0.66 pouces (1.7cm)<\/p>\n<p>COULEURS ET MAT\u00c9RIAUX<br \/>\nCouleur: bois naturel ou brun huil\u00e9.<br \/>\nLe jouet est en BOIS MASSIF NATUREL.<br \/>\nVeuillez noter que les couleurs peuvent varier en raison des param\u00e8tres de l\u2019\u00e9cran de l\u2019ordinateur et de l\u2019\u00e9claircissement.<\/p>\n","protected":false},"excerpt":{"rendered":"<p>Mat\u00e9riel Montessori &#8211; Le porte-crayon en bois est un MUST dans votre classe Homeschool ou sur le bureau Montessori. Solution \u00e9l\u00e9gante et confortable pour ranger des crayons en bloc ou en b\u00e2ton. Ce porte-crayons est un outil d\u2019\u00e9cole \u00e0 la maison pour ceux qui recherchent un design simple, des produits durables et respectueux de l\u2019environnement. [&hellip;]<\/p>\n","protected":false},"featured_media":19999,"template":"","meta":{"_monsterinsights_skip_tracking":false,"_monsterinsights_sitenote_active":false,"_monsterinsights_sitenote_note":"","_monsterinsights_sitenote_category":0},"product_cat":[1789,1723],"product_tag":[1738,1736,1726,1734],"yoast_head":"<!-- This site is optimized with the Yoast SEO plugin v22.1 - https:\/\/yoast.com\/wordpress\/plugins\/seo\/ -->\n<title>Porte-crayons - Woodinout \u00a9 Boutique de jouets Montessori<\/title>\n<meta name=\"description\" content=\"Le porte-crayon en bois est un MUST dans votre classe Homeschool. Solution \u00e9l\u00e9gante et confortable pour ranger des crayons en bloc ou en b\u00e2ton.\" \/>\n<meta name=\"robots\" content=\"index, follow, max-snippet:-1, max-image-preview:large, max-video-preview:-1\" \/>\n<link rel=\"canonical\" href=\"https:\/\/woodinout.net\/fr\/product\/porte-crayons\/\" \/>\n<meta property=\"og:locale\" content=\"fr_FR\" \/>\n<meta property=\"og:type\" content=\"article\" \/>\n<meta property=\"og:title\" content=\"Porte-crayons - Woodinout \u00a9 Boutique de jouets Montessori\" \/>\n<meta property=\"og:description\" content=\"Le porte-crayon en bois est un MUST dans votre classe Homeschool. Solution \u00e9l\u00e9gante et confortable pour ranger des crayons en bloc ou en b\u00e2ton.\" \/>\n<meta property=\"og:url\" content=\"https:\/\/woodinout.net\/fr\/product\/porte-crayons\/\" \/>\n<meta property=\"og:site_name\" content=\"Woodinout \u00a9\" \/>\n<meta property=\"article:modified_time\" content=\"2022-04-28T08:02:57+00:00\" \/>\n<meta property=\"og:image\" content=\"https:\/\/woodinout.net\/wp-content\/uploads\/2021\/03\/Crayons_holder_Blocks_16_and_sticks_16_1.jpg\" \/>\n\t<meta property=\"og:image:width\" content=\"1706\" \/>\n\t<meta property=\"og:image:height\" content=\"2560\" \/>\n\t<meta property=\"og:image:type\" content=\"image\/jpeg\" \/>\n<meta name=\"twitter:card\" content=\"summary_large_image\" \/>\n<meta name=\"twitter:label1\" content=\"Dur\u00e9e de lecture estim\u00e9e\" \/>\n\t<meta name=\"twitter:data1\" content=\"1 minute\" \/>\n<script type=\"application\/ld+json\" class=\"yoast-schema-graph\">{\"@context\":\"https:\/\/schema.org\",\"@graph\":[{\"@type\":\"WebPage\",\"@id\":\"https:\/\/woodinout.net\/fr\/product\/porte-crayons\/\",\"url\":\"https:\/\/woodinout.net\/fr\/product\/porte-crayons\/\",\"name\":\"Porte-crayons - Woodinout \u00a9 Boutique de jouets Montessori\",\"isPartOf\":{\"@id\":\"https:\/\/woodinout.net\/fr\/#website\"},\"datePublished\":\"2021-03-21T12:43:45+00:00\",\"dateModified\":\"2022-04-28T08:02:57+00:00\",\"description\":\"Le porte-crayon en bois est un MUST dans votre classe Homeschool. Solution \u00e9l\u00e9gante et confortable pour ranger des crayons en bloc ou en b\u00e2ton.\",\"breadcrumb\":{\"@id\":\"https:\/\/woodinout.net\/fr\/product\/porte-crayons\/#breadcrumb\"},\"inLanguage\":\"fr-FR\",\"potentialAction\":[{\"@type\":\"ReadAction\",\"target\":[\"https:\/\/woodinout.net\/fr\/product\/porte-crayons\/\"]}]},{\"@type\":\"BreadcrumbList\",\"@id\":\"https:\/\/woodinout.net\/fr\/product\/porte-crayons\/#breadcrumb\",\"itemListElement\":[{\"@type\":\"ListItem\",\"position\":1,\"name\":\"Home\",\"item\":\"https:\/\/woodinout.net\/fr\/\"},{\"@type\":\"ListItem\",\"position\":2,\"name\":\"Shop\",\"item\":\"https:\/\/woodinout.net\/shop\/\"},{\"@type\":\"ListItem\",\"position\":3,\"name\":\"Porte-crayons\"}]},{\"@type\":\"WebSite\",\"@id\":\"https:\/\/woodinout.net\/fr\/#website\",\"url\":\"https:\/\/woodinout.net\/fr\/\",\"name\":\"Woodinout \u00a9\",\"description\":\"Wooden Montessori toys, gifts, home and events decor details\",\"potentialAction\":[{\"@type\":\"SearchAction\",\"target\":{\"@type\":\"EntryPoint\",\"urlTemplate\":\"https:\/\/woodinout.net\/fr\/?s={search_term_string}\"},\"query-input\":\"required name=search_term_string\"}],\"inLanguage\":\"fr-FR\"}]}<\/script>\n<!-- \/ Yoast SEO plugin. -->","yoast_head_json":{"title":"Porte-crayons - Woodinout \u00a9 Boutique de jouets Montessori","description":"Le porte-crayon en bois est un MUST dans votre classe Homeschool. Solution \u00e9l\u00e9gante et confortable pour ranger des crayons en bloc ou en b\u00e2ton.","robots":{"index":"index","follow":"follow","max-snippet":"max-snippet:-1","max-image-preview":"max-image-preview:large","max-video-preview":"max-video-preview:-1"},"canonical":"https:\/\/woodinout.net\/fr\/product\/porte-crayons\/","og_locale":"fr_FR","og_type":"article","og_title":"Porte-crayons - Woodinout \u00a9 Boutique de jouets Montessori","og_description":"Le porte-crayon en bois est un MUST dans votre classe Homeschool. Solution \u00e9l\u00e9gante et confortable pour ranger des crayons en bloc ou en b\u00e2ton.","og_url":"https:\/\/woodinout.net\/fr\/product\/porte-crayons\/","og_site_name":"Woodinout \u00a9","article_modified_time":"2022-04-28T08:02:57+00:00","og_image":[{"width":1706,"height":2560,"url":"https:\/\/woodinout.net\/wp-content\/uploads\/2021\/03\/Crayons_holder_Blocks_16_and_sticks_16_1.jpg","type":"image\/jpeg"}],"twitter_card":"summary_large_image","twitter_misc":{"Dur\u00e9e de lecture estim\u00e9e":"1 minute"},"schema":{"@context":"https:\/\/schema.org","@graph":[{"@type":"WebPage","@id":"https:\/\/woodinout.net\/fr\/product\/porte-crayons\/","url":"https:\/\/woodinout.net\/fr\/product\/porte-crayons\/","name":"Porte-crayons - Woodinout \u00a9 Boutique de jouets Montessori","isPartOf":{"@id":"https:\/\/woodinout.net\/fr\/#website"},"datePublished":"2021-03-21T12:43:45+00:00","dateModified":"2022-04-28T08:02:57+00:00","description":"Le porte-crayon en bois est un MUST dans votre classe Homeschool. Solution \u00e9l\u00e9gante et confortable pour ranger des crayons en bloc ou en b\u00e2ton.","breadcrumb":{"@id":"https:\/\/woodinout.net\/fr\/product\/porte-crayons\/#breadcrumb"},"inLanguage":"fr-FR","potentialAction":[{"@type":"ReadAction","target":["https:\/\/woodinout.net\/fr\/product\/porte-crayons\/"]}]},{"@type":"BreadcrumbList","@id":"https:\/\/woodinout.net\/fr\/product\/porte-crayons\/#breadcrumb","itemListElement":[{"@type":"ListItem","position":1,"name":"Home","item":"https:\/\/woodinout.net\/fr\/"},{"@type":"ListItem","position":2,"name":"Shop","item":"https:\/\/woodinout.net\/shop\/"},{"@type":"ListItem","position":3,"name":"Porte-crayons"}]},{"@type":"WebSite","@id":"https:\/\/woodinout.net\/fr\/#website","url":"https:\/\/woodinout.net\/fr\/","name":"Woodinout \u00a9","description":"Wooden Montessori toys, gifts, home and events decor details","potentialAction":[{"@type":"SearchAction","target":{"@type":"EntryPoint","urlTemplate":"https:\/\/woodinout.net\/fr\/?s={search_term_string}"},"query-input":"required name=search_term_string"}],"inLanguage":"fr-FR"}]}},"_links":{"self":[{"href":"https:\/\/woodinout.net\/fr\/wp-json\/wp\/v2\/product\/21707"}],"collection":[{"href":"https:\/\/woodinout.net\/fr\/wp-json\/wp\/v2\/product"}],"about":[{"href":"https:\/\/woodinout.net\/fr\/wp-json\/wp\/v2\/types\/product"}],"wp:featuredmedia":[{"embeddable":true,"href":"https:\/\/woodinout.net\/fr\/wp-json\/wp\/v2\/media\/19999"}],"wp:attachment":[{"href":"https:\/\/woodinout.net\/fr\/wp-json\/wp\/v2\/media?parent=21707"}],"wp:term":[{"taxonomy":"product_cat","embeddable":true,"href":"https:\/\/woodinout.net\/fr\/wp-json\/wp\/v2\/product_cat?post=21707"},{"taxonomy":"product_tag","embeddable":true,"href":"https:\/\/woodinout.net\/fr\/wp-json\/wp\/v2\/product_tag?post=21707"}],"curies":[{"name":"wp","href":"https:\/\/api.w.org\/{rel}","templated":true}]}}