{"id":21699,"date":"2020-06-30T23:33:45","date_gmt":"2020-06-30T20:33:45","guid":{"rendered":"https:\/\/woodinout.net\/product\/boules-colorees-en-bois\/"},"modified":"2022-03-13T21:29:47","modified_gmt":"2022-03-13T19:29:47","slug":"boules-en-bois-colorees","status":"publish","type":"product","link":"https:\/\/woodinout.net\/fr\/product\/boules-en-bois-colorees\/","title":{"rendered":"Boules color\u00e9es en bois"},"content":{"rendered":"<p>Les boules en bois color\u00e9 sont faites \u00e0 la main, soigneusement peintes avec une peinture non toxique et \u00e9cologique. Mieux utilis\u00e9 pour les jeux et jouets d\u2019apprentissage Montessori, tels que <a href=\"http:\/\/woodinout.net\/product-category\/wooden-toys\/counting-and-math-toys\/\">les manipulateurs de math\u00e9matiques ou les jouets<\/a> <a href=\"http:\/\/woodinout.net\/product-tag\/color-sorting-toys\/\">de tri de couleurs<\/a>. Ces boules color\u00e9es sont des jouets sensoriels en bois parfaits &#8211; de petites couleurs accrocheuses aident \u00e0 se d\u00e9velopper: MOTRICIT\u00c9, NOMBRES ET CAPACIT\u00c9 DE COMPTAGE, COMP\u00c9TENCES DE TRI DES COULEURS. Le point principal de nos jouets Montessori en bois naturel est d\u2019\u00c9DUQUER de la mani\u00e8re la plus amicale et naturelle. Nous sommes inspir\u00e9s par les jouets Waldorf &amp; Montessori mondialement connus. Fabriqu\u00e9es en bois, les perles color\u00e9es sont durables et s\u00fbres au toucher, \u00e0 sentir et m\u00eame au go\u00fbt! Essayez par vous-m\u00eame et nous vous garantissons la meilleure exp\u00e9rience.<\/p>\n<p>Nous cr\u00e9ons nos jeux et jouets \u00e9ducatifs avec amour et passion. Nous prenons soin d\u2019eux autant que de nos clients, soyez les bienvenus pour nous envoyer un message. Faites partie de notre famille et r\u00e9alisez votre propre r\u00eave \u00e9cologique.<\/p>\n<div style=\"width: 1080px;\" class=\"wp-video\"><!--[if lt IE 9]><script>document.createElement('video');<\/script><![endif]-->\n<video class=\"wp-video-shortcode\" id=\"video-21699-1\" width=\"1080\" height=\"810\" preload=\"metadata\" controls=\"controls\"><source type=\"video\/mp4\" src=\"http:\/\/woodinout.net\/wp-content\/uploads\/2020\/06\/MEDINIS_7.mp4?_=1\" \/><a href=\"http:\/\/woodinout.net\/wp-content\/uploads\/2020\/06\/MEDINIS_7.mp4\">http:\/\/woodinout.net\/wp-content\/uploads\/2020\/06\/MEDINIS_7.mp4<\/a><\/video><\/div>\n<h3>TAILLE:<\/h3>\n<ul>\n<li>0,05 pouces de diam\u00e8tre<\/li>\n<\/ul>\n<h3>COULEURS ET MAT\u00c9RIAUX:<\/h3>\n<ul>\n<li>Couleur: 10 couleurs diff\u00e9rentes<\/li>\n<li>Le jouet est fait de BOIS naturel.<\/li>\n<\/ul>\n<p>Veuillez noter que les couleurs peuvent varier en raison des param\u00e8tres de l\u2019\u00e9cran de l\u2019ordinateur et de l\u2019\u00e9claircissement.<\/p>\n<p>Pour plus d\u2019id\u00e9es, suivez-nous sur <a href=\"https:\/\/www.instagram.com\/woodinout\/\">INSTAGRAM<\/a> &amp; <a href=\"https:\/\/www.facebook.com\/Woodinout.net\">FACEBOOK<\/a><\/p>\n<p>\u00a9 Woodinout. Tous les droits sont r\u00e9serv\u00e9s.<\/p>\n","protected":false},"excerpt":{"rendered":"<p>Les boules en bois color\u00e9 sont faites \u00e0 la main, soigneusement peintes avec une peinture non toxique et \u00e9cologique. Mieux utilis\u00e9 pour les jeux et jouets d\u2019apprentissage Montessori, tels que les manipulateurs de math\u00e9matiques ou les jouets de tri de couleurs. Ces boules color\u00e9es sont des jouets sensoriels en bois parfaits &#8211; de petites couleurs [&hellip;]<\/p>\n","protected":false},"featured_media":17775,"template":"","meta":{"_monsterinsights_skip_tracking":false,"_monsterinsights_sitenote_active":false,"_monsterinsights_sitenote_note":"","_monsterinsights_sitenote_category":0},"product_cat":[1834,1723,1941],"product_tag":[2239,2283,2281,1736,1738,1735,1729,1728,1726,1734,2284],"yoast_head":"<!-- This site is optimized with the Yoast SEO plugin v22.1 - https:\/\/yoast.com\/wordpress\/plugins\/seo\/ -->\n<title>Boules color\u00e9es en bois - Woodinout \u00a9 Jouets Montessori<\/title>\n<meta name=\"description\" content=\"Boules de couleur en bois peintes avec de la peinture non toxique. Utilis\u00e9 pour les jeux \u00e9ducatifs et les jouets. Les perles de couleur bois sont s\u00fbres \u00e0 toucher, \u00e0 sentir, m\u00eame \u00e0 go\u00fbter!\" \/>\n<meta name=\"robots\" content=\"index, follow, max-snippet:-1, max-image-preview:large, max-video-preview:-1\" \/>\n<link rel=\"canonical\" href=\"https:\/\/woodinout.net\/fr\/product\/boules-en-bois-colorees\/\" \/>\n<meta property=\"og:locale\" content=\"fr_FR\" \/>\n<meta property=\"og:type\" content=\"article\" \/>\n<meta property=\"og:title\" content=\"Boules color\u00e9es en bois - Woodinout \u00a9 Jouets Montessori\" \/>\n<meta property=\"og:description\" content=\"Boules de couleur en bois peintes avec de la peinture non toxique. Utilis\u00e9 pour les jeux \u00e9ducatifs et les jouets. Les perles de couleur bois sont s\u00fbres \u00e0 toucher, \u00e0 sentir, m\u00eame \u00e0 go\u00fbter!\" \/>\n<meta property=\"og:url\" content=\"https:\/\/woodinout.net\/fr\/product\/boules-en-bois-colorees\/\" \/>\n<meta property=\"og:site_name\" content=\"Woodinout \u00a9\" \/>\n<meta property=\"article:modified_time\" content=\"2022-03-13T19:29:47+00:00\" \/>\n<meta property=\"og:image\" content=\"https:\/\/woodinout.net\/wp-content\/uploads\/2020\/06\/colourful_wooden_balls.jpg\" \/>\n\t<meta property=\"og:image:width\" content=\"853\" \/>\n\t<meta property=\"og:image:height\" content=\"1280\" \/>\n\t<meta property=\"og:image:type\" content=\"image\/jpeg\" \/>\n<meta name=\"twitter:card\" content=\"summary_large_image\" \/>\n<meta name=\"twitter:label1\" content=\"Dur\u00e9e de lecture estim\u00e9e\" \/>\n\t<meta name=\"twitter:data1\" content=\"1 minute\" \/>\n<script type=\"application\/ld+json\" class=\"yoast-schema-graph\">{\"@context\":\"https:\/\/schema.org\",\"@graph\":[{\"@type\":\"WebPage\",\"@id\":\"https:\/\/woodinout.net\/fr\/product\/boules-en-bois-colorees\/\",\"url\":\"https:\/\/woodinout.net\/fr\/product\/boules-en-bois-colorees\/\",\"name\":\"Boules color\u00e9es en bois - Woodinout \u00a9 Jouets Montessori\",\"isPartOf\":{\"@id\":\"https:\/\/woodinout.net\/fr\/#website\"},\"datePublished\":\"2020-06-30T20:33:45+00:00\",\"dateModified\":\"2022-03-13T19:29:47+00:00\",\"description\":\"Boules de couleur en bois peintes avec de la peinture non toxique. Utilis\u00e9 pour les jeux \u00e9ducatifs et les jouets. Les perles de couleur bois sont s\u00fbres \u00e0 toucher, \u00e0 sentir, m\u00eame \u00e0 go\u00fbter!\",\"breadcrumb\":{\"@id\":\"https:\/\/woodinout.net\/fr\/product\/boules-en-bois-colorees\/#breadcrumb\"},\"inLanguage\":\"fr-FR\",\"potentialAction\":[{\"@type\":\"ReadAction\",\"target\":[\"https:\/\/woodinout.net\/fr\/product\/boules-en-bois-colorees\/\"]}]},{\"@type\":\"BreadcrumbList\",\"@id\":\"https:\/\/woodinout.net\/fr\/product\/boules-en-bois-colorees\/#breadcrumb\",\"itemListElement\":[{\"@type\":\"ListItem\",\"position\":1,\"name\":\"Home\",\"item\":\"https:\/\/woodinout.net\/fr\/\"},{\"@type\":\"ListItem\",\"position\":2,\"name\":\"Shop\",\"item\":\"https:\/\/woodinout.net\/shop\/\"},{\"@type\":\"ListItem\",\"position\":3,\"name\":\"Boules color\u00e9es en bois\"}]},{\"@type\":\"WebSite\",\"@id\":\"https:\/\/woodinout.net\/fr\/#website\",\"url\":\"https:\/\/woodinout.net\/fr\/\",\"name\":\"Woodinout \u00a9\",\"description\":\"Wooden Montessori toys, gifts, home and events decor details\",\"potentialAction\":[{\"@type\":\"SearchAction\",\"target\":{\"@type\":\"EntryPoint\",\"urlTemplate\":\"https:\/\/woodinout.net\/fr\/?s={search_term_string}\"},\"query-input\":\"required name=search_term_string\"}],\"inLanguage\":\"fr-FR\"}]}<\/script>\n<!-- \/ Yoast SEO plugin. -->","yoast_head_json":{"title":"Boules color\u00e9es en bois - Woodinout \u00a9 Jouets Montessori","description":"Boules de couleur en bois peintes avec de la peinture non toxique. Utilis\u00e9 pour les jeux \u00e9ducatifs et les jouets. Les perles de couleur bois sont s\u00fbres \u00e0 toucher, \u00e0 sentir, m\u00eame \u00e0 go\u00fbter!","robots":{"index":"index","follow":"follow","max-snippet":"max-snippet:-1","max-image-preview":"max-image-preview:large","max-video-preview":"max-video-preview:-1"},"canonical":"https:\/\/woodinout.net\/fr\/product\/boules-en-bois-colorees\/","og_locale":"fr_FR","og_type":"article","og_title":"Boules color\u00e9es en bois - Woodinout \u00a9 Jouets Montessori","og_description":"Boules de couleur en bois peintes avec de la peinture non toxique. Utilis\u00e9 pour les jeux \u00e9ducatifs et les jouets. Les perles de couleur bois sont s\u00fbres \u00e0 toucher, \u00e0 sentir, m\u00eame \u00e0 go\u00fbter!","og_url":"https:\/\/woodinout.net\/fr\/product\/boules-en-bois-colorees\/","og_site_name":"Woodinout \u00a9","article_modified_time":"2022-03-13T19:29:47+00:00","og_image":[{"width":853,"height":1280,"url":"https:\/\/woodinout.net\/wp-content\/uploads\/2020\/06\/colourful_wooden_balls.jpg","type":"image\/jpeg"}],"twitter_card":"summary_large_image","twitter_misc":{"Dur\u00e9e de lecture estim\u00e9e":"1 minute"},"schema":{"@context":"https:\/\/schema.org","@graph":[{"@type":"WebPage","@id":"https:\/\/woodinout.net\/fr\/product\/boules-en-bois-colorees\/","url":"https:\/\/woodinout.net\/fr\/product\/boules-en-bois-colorees\/","name":"Boules color\u00e9es en bois - Woodinout \u00a9 Jouets Montessori","isPartOf":{"@id":"https:\/\/woodinout.net\/fr\/#website"},"datePublished":"2020-06-30T20:33:45+00:00","dateModified":"2022-03-13T19:29:47+00:00","description":"Boules de couleur en bois peintes avec de la peinture non toxique. Utilis\u00e9 pour les jeux \u00e9ducatifs et les jouets. Les perles de couleur bois sont s\u00fbres \u00e0 toucher, \u00e0 sentir, m\u00eame \u00e0 go\u00fbter!","breadcrumb":{"@id":"https:\/\/woodinout.net\/fr\/product\/boules-en-bois-colorees\/#breadcrumb"},"inLanguage":"fr-FR","potentialAction":[{"@type":"ReadAction","target":["https:\/\/woodinout.net\/fr\/product\/boules-en-bois-colorees\/"]}]},{"@type":"BreadcrumbList","@id":"https:\/\/woodinout.net\/fr\/product\/boules-en-bois-colorees\/#breadcrumb","itemListElement":[{"@type":"ListItem","position":1,"name":"Home","item":"https:\/\/woodinout.net\/fr\/"},{"@type":"ListItem","position":2,"name":"Shop","item":"https:\/\/woodinout.net\/shop\/"},{"@type":"ListItem","position":3,"name":"Boules color\u00e9es en bois"}]},{"@type":"WebSite","@id":"https:\/\/woodinout.net\/fr\/#website","url":"https:\/\/woodinout.net\/fr\/","name":"Woodinout \u00a9","description":"Wooden Montessori toys, gifts, home and events decor details","potentialAction":[{"@type":"SearchAction","target":{"@type":"EntryPoint","urlTemplate":"https:\/\/woodinout.net\/fr\/?s={search_term_string}"},"query-input":"required name=search_term_string"}],"inLanguage":"fr-FR"}]}},"_links":{"self":[{"href":"https:\/\/woodinout.net\/fr\/wp-json\/wp\/v2\/product\/21699"}],"collection":[{"href":"https:\/\/woodinout.net\/fr\/wp-json\/wp\/v2\/product"}],"about":[{"href":"https:\/\/woodinout.net\/fr\/wp-json\/wp\/v2\/types\/product"}],"wp:featuredmedia":[{"embeddable":true,"href":"https:\/\/woodinout.net\/fr\/wp-json\/wp\/v2\/media\/17775"}],"wp:attachment":[{"href":"https:\/\/woodinout.net\/fr\/wp-json\/wp\/v2\/media?parent=21699"}],"wp:term":[{"taxonomy":"product_cat","embeddable":true,"href":"https:\/\/woodinout.net\/fr\/wp-json\/wp\/v2\/product_cat?post=21699"},{"taxonomy":"product_tag","embeddable":true,"href":"https:\/\/woodinout.net\/fr\/wp-json\/wp\/v2\/product_tag?post=21699"}],"curies":[{"name":"wp","href":"https:\/\/api.w.org\/{rel}","templated":true}]}}