{"id":21698,"date":"2020-06-29T23:08:33","date_gmt":"2020-06-29T20:08:33","guid":{"rendered":"https:\/\/woodinout.net\/product\/ten-frame-materiel-mathematique-montessori\/"},"modified":"2022-04-28T11:11:20","modified_gmt":"2022-04-28T08:11:20","slug":"dix-cadres-montessori-nombres-et-comptage-jouets","status":"publish","type":"product","link":"https:\/\/woodinout.net\/fr\/product\/dix-cadres-montessori-nombres-et-comptage-jouets\/","title":{"rendered":"Ten Frame &#8211; Mat\u00e9riel math\u00e9matique Montessori"},"content":{"rendered":"<p>Dix cadres &#8211; faits \u00e0 la main en bois massif, mat\u00e9riel math\u00e9matique Montessori s\u00fbr et respectueux de l\u2019environnement.<\/p>\n<p>Nos num\u00e9ros Montessori et nos jouets de comptage sont cr\u00e9\u00e9s \u00e0 la MAIN, peints avec de la peinture non toxique s\u00fbre. Ten count plateau en bois avec de minuscules nombres sont l\u00e0 pour rendre l\u2019apprentissage quotidien FACILE. Les jouets en bois pour gar\u00e7ons et filles sont un moyen naturel d\u2019\u00e9ducation. Nous nous soucions non seulement de la nature, mais gardons \u00e9galement \u00e0 l\u2019esprit de cr\u00e9er des jouets d\u2019apprentissage du bois respectueux de l\u2019environnement pour nos et VOS enfants.<\/p>\n<p>Le kit contient :<br \/>\nCompter 10 dix images<br \/>\n12 boules de comptage de bois<\/p>\n<p>Vous pouvez choisir parmi 3 OPTIONS:<br \/>\nA: Planche + 12 boules de bois<br \/>\nB: Carte + 10 pcs. pi\u00e8ces naturelles avec de minuscules nombres de 1 \u00e0 10<br \/>\nC: Planche + 12 boules en bois + 10 pcs. pi\u00e8ces naturelles avec des nombres de 1 \u00e0 10<\/p>\n<p>DIMENSIONS DE LA CARTE<br \/>\nLongueur: ~ 5 pouces<br \/>\nHauteur: ~ 2,4 pouces<br \/>\n\u00c9paisseur: ~ 0,6 pouces<\/p>\n<p>COULEURS ET MAT\u00c9RIAUX<br \/>\nCouleur: naturel ou brun huil\u00e9.<br \/>\nLa planche est en BOIS MASSIF NATUREL.<br \/>\nVeuillez noter que les couleurs peuvent varier en raison des param\u00e8tres de l\u2019\u00e9cran de l\u2019ordinateur et de l\u2019\u00e9claircissement.<\/p>\n<div style=\"width: 1080px;\" class=\"wp-video\"><!--[if lt IE 9]><script>document.createElement('video');<\/script><![endif]-->\n<video class=\"wp-video-shortcode\" id=\"video-21698-1\" width=\"1080\" height=\"810\" preload=\"metadata\" controls=\"controls\"><source type=\"video\/mp4\" src=\"http:\/\/woodinout.net\/wp-content\/uploads\/2020\/06\/MEDINIS_14.mp4?_=1\" \/><a href=\"http:\/\/woodinout.net\/wp-content\/uploads\/2020\/06\/MEDINIS_14.mp4\">http:\/\/woodinout.net\/wp-content\/uploads\/2020\/06\/MEDINIS_14.mp4<\/a><\/video><\/div>\n","protected":false},"excerpt":{"rendered":"<p>Dix cadres &#8211; faits \u00e0 la main en bois massif, mat\u00e9riel math\u00e9matique Montessori s\u00fbr et respectueux de l\u2019environnement. Nos num\u00e9ros Montessori et nos jouets de comptage sont cr\u00e9\u00e9s \u00e0 la MAIN, peints avec de la peinture non toxique s\u00fbre. Ten count plateau en bois avec de minuscules nombres sont l\u00e0 pour rendre l\u2019apprentissage quotidien FACILE. [&hellip;]<\/p>\n","protected":false},"featured_media":18231,"template":"","meta":{"_monsterinsights_skip_tracking":false,"_monsterinsights_sitenote_active":false,"_monsterinsights_sitenote_note":"","_monsterinsights_sitenote_category":0},"product_cat":[1834,1723],"product_tag":[1841,1736,1738,2297,1735,1729,1728,1726,1842,1734,1904,1843,2298],"yoast_head":"<!-- This site is optimized with the Yoast SEO plugin v22.1 - https:\/\/yoast.com\/wordpress\/plugins\/seo\/ -->\n<title>Ten Frame - Mat\u00e9riel math\u00e9matique Montessori - Woodinout \u00a9<\/title>\n<meta name=\"description\" content=\"Dix cadres, faits \u00e0 la main \u00e0 partir de bois massif, est une r\u00e9ponse \u00e0 l\u2019apprentissage amusant des math\u00e9matiques. Mat\u00e9riel math\u00e9matique Montessori cr\u00e9\u00e9 comme jouet pour l\u2019\u00e9ducation amusante des enfants.\" \/>\n<meta name=\"robots\" content=\"index, follow, max-snippet:-1, max-image-preview:large, max-video-preview:-1\" \/>\n<link rel=\"canonical\" href=\"https:\/\/woodinout.net\/fr\/product\/dix-cadres-montessori-nombres-et-comptage-jouets\/\" \/>\n<meta property=\"og:locale\" content=\"fr_FR\" \/>\n<meta property=\"og:type\" content=\"article\" \/>\n<meta property=\"og:title\" content=\"Ten Frame - Mat\u00e9riel math\u00e9matique Montessori - Woodinout \u00a9\" \/>\n<meta property=\"og:description\" content=\"Dix cadres, faits \u00e0 la main \u00e0 partir de bois massif, est une r\u00e9ponse \u00e0 l\u2019apprentissage amusant des math\u00e9matiques. Mat\u00e9riel math\u00e9matique Montessori cr\u00e9\u00e9 comme jouet pour l\u2019\u00e9ducation amusante des enfants.\" \/>\n<meta property=\"og:url\" content=\"https:\/\/woodinout.net\/fr\/product\/dix-cadres-montessori-nombres-et-comptage-jouets\/\" \/>\n<meta property=\"og:site_name\" content=\"Woodinout \u00a9\" \/>\n<meta property=\"article:modified_time\" content=\"2022-04-28T08:11:20+00:00\" \/>\n<meta property=\"og:image\" content=\"https:\/\/woodinout.net\/wp-content\/uploads\/2020\/06\/Ten-Frame-5.jpg\" \/>\n\t<meta property=\"og:image:width\" content=\"853\" \/>\n\t<meta property=\"og:image:height\" content=\"1280\" \/>\n\t<meta property=\"og:image:type\" content=\"image\/jpeg\" \/>\n<meta name=\"twitter:card\" content=\"summary_large_image\" \/>\n<meta name=\"twitter:label1\" content=\"Dur\u00e9e de lecture estim\u00e9e\" \/>\n\t<meta name=\"twitter:data1\" content=\"1 minute\" \/>\n<script type=\"application\/ld+json\" class=\"yoast-schema-graph\">{\"@context\":\"https:\/\/schema.org\",\"@graph\":[{\"@type\":\"WebPage\",\"@id\":\"https:\/\/woodinout.net\/fr\/product\/dix-cadres-montessori-nombres-et-comptage-jouets\/\",\"url\":\"https:\/\/woodinout.net\/fr\/product\/dix-cadres-montessori-nombres-et-comptage-jouets\/\",\"name\":\"Ten Frame - Mat\u00e9riel math\u00e9matique Montessori - Woodinout \u00a9\",\"isPartOf\":{\"@id\":\"https:\/\/woodinout.net\/fr\/#website\"},\"datePublished\":\"2020-06-29T20:08:33+00:00\",\"dateModified\":\"2022-04-28T08:11:20+00:00\",\"description\":\"Dix cadres, faits \u00e0 la main \u00e0 partir de bois massif, est une r\u00e9ponse \u00e0 l\u2019apprentissage amusant des math\u00e9matiques. Mat\u00e9riel math\u00e9matique Montessori cr\u00e9\u00e9 comme jouet pour l\u2019\u00e9ducation amusante des enfants.\",\"breadcrumb\":{\"@id\":\"https:\/\/woodinout.net\/fr\/product\/dix-cadres-montessori-nombres-et-comptage-jouets\/#breadcrumb\"},\"inLanguage\":\"fr-FR\",\"potentialAction\":[{\"@type\":\"ReadAction\",\"target\":[\"https:\/\/woodinout.net\/fr\/product\/dix-cadres-montessori-nombres-et-comptage-jouets\/\"]}]},{\"@type\":\"BreadcrumbList\",\"@id\":\"https:\/\/woodinout.net\/fr\/product\/dix-cadres-montessori-nombres-et-comptage-jouets\/#breadcrumb\",\"itemListElement\":[{\"@type\":\"ListItem\",\"position\":1,\"name\":\"Home\",\"item\":\"https:\/\/woodinout.net\/fr\/\"},{\"@type\":\"ListItem\",\"position\":2,\"name\":\"Shop\",\"item\":\"https:\/\/woodinout.net\/shop\/\"},{\"@type\":\"ListItem\",\"position\":3,\"name\":\"Ten Frame &#8211; Mat\u00e9riel math\u00e9matique Montessori\"}]},{\"@type\":\"WebSite\",\"@id\":\"https:\/\/woodinout.net\/fr\/#website\",\"url\":\"https:\/\/woodinout.net\/fr\/\",\"name\":\"Woodinout \u00a9\",\"description\":\"Wooden Montessori toys, gifts, home and events decor details\",\"potentialAction\":[{\"@type\":\"SearchAction\",\"target\":{\"@type\":\"EntryPoint\",\"urlTemplate\":\"https:\/\/woodinout.net\/fr\/?s={search_term_string}\"},\"query-input\":\"required name=search_term_string\"}],\"inLanguage\":\"fr-FR\"}]}<\/script>\n<!-- \/ Yoast SEO plugin. -->","yoast_head_json":{"title":"Ten Frame - Mat\u00e9riel math\u00e9matique Montessori - Woodinout \u00a9","description":"Dix cadres, faits \u00e0 la main \u00e0 partir de bois massif, est une r\u00e9ponse \u00e0 l\u2019apprentissage amusant des math\u00e9matiques. Mat\u00e9riel math\u00e9matique Montessori cr\u00e9\u00e9 comme jouet pour l\u2019\u00e9ducation amusante des enfants.","robots":{"index":"index","follow":"follow","max-snippet":"max-snippet:-1","max-image-preview":"max-image-preview:large","max-video-preview":"max-video-preview:-1"},"canonical":"https:\/\/woodinout.net\/fr\/product\/dix-cadres-montessori-nombres-et-comptage-jouets\/","og_locale":"fr_FR","og_type":"article","og_title":"Ten Frame - Mat\u00e9riel math\u00e9matique Montessori - Woodinout \u00a9","og_description":"Dix cadres, faits \u00e0 la main \u00e0 partir de bois massif, est une r\u00e9ponse \u00e0 l\u2019apprentissage amusant des math\u00e9matiques. Mat\u00e9riel math\u00e9matique Montessori cr\u00e9\u00e9 comme jouet pour l\u2019\u00e9ducation amusante des enfants.","og_url":"https:\/\/woodinout.net\/fr\/product\/dix-cadres-montessori-nombres-et-comptage-jouets\/","og_site_name":"Woodinout \u00a9","article_modified_time":"2022-04-28T08:11:20+00:00","og_image":[{"width":853,"height":1280,"url":"https:\/\/woodinout.net\/wp-content\/uploads\/2020\/06\/Ten-Frame-5.jpg","type":"image\/jpeg"}],"twitter_card":"summary_large_image","twitter_misc":{"Dur\u00e9e de lecture estim\u00e9e":"1 minute"},"schema":{"@context":"https:\/\/schema.org","@graph":[{"@type":"WebPage","@id":"https:\/\/woodinout.net\/fr\/product\/dix-cadres-montessori-nombres-et-comptage-jouets\/","url":"https:\/\/woodinout.net\/fr\/product\/dix-cadres-montessori-nombres-et-comptage-jouets\/","name":"Ten Frame - Mat\u00e9riel math\u00e9matique Montessori - Woodinout \u00a9","isPartOf":{"@id":"https:\/\/woodinout.net\/fr\/#website"},"datePublished":"2020-06-29T20:08:33+00:00","dateModified":"2022-04-28T08:11:20+00:00","description":"Dix cadres, faits \u00e0 la main \u00e0 partir de bois massif, est une r\u00e9ponse \u00e0 l\u2019apprentissage amusant des math\u00e9matiques. Mat\u00e9riel math\u00e9matique Montessori cr\u00e9\u00e9 comme jouet pour l\u2019\u00e9ducation amusante des enfants.","breadcrumb":{"@id":"https:\/\/woodinout.net\/fr\/product\/dix-cadres-montessori-nombres-et-comptage-jouets\/#breadcrumb"},"inLanguage":"fr-FR","potentialAction":[{"@type":"ReadAction","target":["https:\/\/woodinout.net\/fr\/product\/dix-cadres-montessori-nombres-et-comptage-jouets\/"]}]},{"@type":"BreadcrumbList","@id":"https:\/\/woodinout.net\/fr\/product\/dix-cadres-montessori-nombres-et-comptage-jouets\/#breadcrumb","itemListElement":[{"@type":"ListItem","position":1,"name":"Home","item":"https:\/\/woodinout.net\/fr\/"},{"@type":"ListItem","position":2,"name":"Shop","item":"https:\/\/woodinout.net\/shop\/"},{"@type":"ListItem","position":3,"name":"Ten Frame &#8211; Mat\u00e9riel math\u00e9matique Montessori"}]},{"@type":"WebSite","@id":"https:\/\/woodinout.net\/fr\/#website","url":"https:\/\/woodinout.net\/fr\/","name":"Woodinout \u00a9","description":"Wooden Montessori toys, gifts, home and events decor details","potentialAction":[{"@type":"SearchAction","target":{"@type":"EntryPoint","urlTemplate":"https:\/\/woodinout.net\/fr\/?s={search_term_string}"},"query-input":"required name=search_term_string"}],"inLanguage":"fr-FR"}]}},"_links":{"self":[{"href":"https:\/\/woodinout.net\/fr\/wp-json\/wp\/v2\/product\/21698"}],"collection":[{"href":"https:\/\/woodinout.net\/fr\/wp-json\/wp\/v2\/product"}],"about":[{"href":"https:\/\/woodinout.net\/fr\/wp-json\/wp\/v2\/types\/product"}],"wp:featuredmedia":[{"embeddable":true,"href":"https:\/\/woodinout.net\/fr\/wp-json\/wp\/v2\/media\/18231"}],"wp:attachment":[{"href":"https:\/\/woodinout.net\/fr\/wp-json\/wp\/v2\/media?parent=21698"}],"wp:term":[{"taxonomy":"product_cat","embeddable":true,"href":"https:\/\/woodinout.net\/fr\/wp-json\/wp\/v2\/product_cat?post=21698"},{"taxonomy":"product_tag","embeddable":true,"href":"https:\/\/woodinout.net\/fr\/wp-json\/wp\/v2\/product_tag?post=21698"}],"curies":[{"name":"wp","href":"https:\/\/api.w.org\/{rel}","templated":true}]}}