{"id":21693,"date":"2020-06-30T23:00:01","date_gmt":"2020-06-30T20:00:01","guid":{"rendered":"https:\/\/woodinout.net\/product\/jouet-marteau-en-bois-avec-pate-et-chiffres\/"},"modified":"2022-04-22T12:29:02","modified_gmt":"2022-04-22T09:29:02","slug":"grave-marteau-avec-nom-bois-numeros-waldorf-bois-set","status":"publish","type":"product","link":"https:\/\/woodinout.net\/fr\/product\/grave-marteau-avec-nom-bois-numeros-waldorf-bois-set\/","title":{"rendered":"Jouet marteau en bois avec p\u00e2te et chiffres"},"content":{"rendered":"<p>Cet ensemble en bois Waldorf comprenant un jouet en marteau en bois avec un nom grav\u00e9 et de minuscules chiffres sur des \u00e9toiles est sans aucun doute notre best-seller lorsque nous parlons de jouets pour gar\u00e7ons. Une fa\u00e7on amusante de commencer \u00e0 apprendre les nombres et \u00e0 compter. Les jouets d\u2019apprentissage sont toujours des JOUETS pour les enfants. Les cadeaux de math\u00e9matiques pour les enfants sont toujours appr\u00e9ci\u00e9s par les parents et avec un marteau personnalis\u00e9, vous gagnerez le c\u0153ur de chaque petit gar\u00e7on! Les jouets Montessori sont ce que nous AIMONS faire et nous vous garantissons la meilleure exp\u00e9rience.<\/p>\n<p>Le kit contient :<br \/>\nPlanche principale avec p\u00e2te \u00e0 modeler<br \/>\n10 \u00e9toiles en bois avec de minuscules chiffres<br \/>\n12 bouchons en bois<br \/>\n1 marteau en bois<\/p>\n<p>DIMENSIONS DE LA CARTE<br \/>\nLongueur: ~ 9 pouces<br \/>\nHauteur: ~ 2,4 pouces<br \/>\n\u00c9paisseur: ~ 1,6 pouces<\/p>\n<p>COULEURS ET MAT\u00c9RIAUX<br \/>\nCouleur: naturel ou brun huil\u00e9.<br \/>\nLa planche est en BOIS MASSIF NATUREL.<br \/>\nVeuillez noter que les couleurs peuvent varier en raison des param\u00e8tres de l\u2019\u00e9cran de l\u2019ordinateur et de l\u2019\u00e9claircissement.<\/p>\n","protected":false},"excerpt":{"rendered":"<p>Cet ensemble en bois Waldorf comprenant un jouet en marteau en bois avec un nom grav\u00e9 et de minuscules chiffres sur des \u00e9toiles est sans aucun doute notre best-seller lorsque nous parlons de jouets pour gar\u00e7ons. Une fa\u00e7on amusante de commencer \u00e0 apprendre les nombres et \u00e0 compter. Les jouets d\u2019apprentissage sont toujours des JOUETS [&hellip;]<\/p>\n","protected":false},"featured_media":18303,"template":"","meta":{"_monsterinsights_skip_tracking":false,"_monsterinsights_sitenote_active":false,"_monsterinsights_sitenote_note":"","_monsterinsights_sitenote_category":0},"product_cat":[1834,1723],"product_tag":[1736,1738,1735,1729,2287,1728,1726,1734,2291,2290],"yoast_head":"<!-- This site is optimized with the Yoast SEO plugin v22.1 - https:\/\/yoast.com\/wordpress\/plugins\/seo\/ -->\n<title>Jouet marteau en bois avec p\u00e2te et chiffres - Woodinout \u00a9<\/title>\n<meta name=\"description\" content=\"Le jouet en marteau en bois avec un nom grav\u00e9 et de minuscules chiffres sur des \u00e9toiles est sans aucun doute notre best-seller lorsque nous parlons de jouets pour gar\u00e7ons.\" \/>\n<meta name=\"robots\" content=\"index, follow, max-snippet:-1, max-image-preview:large, max-video-preview:-1\" \/>\n<link rel=\"canonical\" href=\"https:\/\/woodinout.net\/fr\/product\/grave-marteau-avec-nom-bois-numeros-waldorf-bois-set\/\" \/>\n<meta property=\"og:locale\" content=\"fr_FR\" \/>\n<meta property=\"og:type\" content=\"article\" \/>\n<meta property=\"og:title\" content=\"Jouet marteau en bois avec p\u00e2te et chiffres - Woodinout \u00a9\" \/>\n<meta property=\"og:description\" content=\"Le jouet en marteau en bois avec un nom grav\u00e9 et de minuscules chiffres sur des \u00e9toiles est sans aucun doute notre best-seller lorsque nous parlons de jouets pour gar\u00e7ons.\" \/>\n<meta property=\"og:url\" content=\"https:\/\/woodinout.net\/fr\/product\/grave-marteau-avec-nom-bois-numeros-waldorf-bois-set\/\" \/>\n<meta property=\"og:site_name\" content=\"Woodinout \u00a9\" \/>\n<meta property=\"article:modified_time\" content=\"2022-04-22T09:29:02+00:00\" \/>\n<meta property=\"og:image\" content=\"https:\/\/woodinout.net\/wp-content\/uploads\/2020\/06\/Engraved-hammer-with-name-wood-numbers-Waldorf-wood-set-1.jpg\" \/>\n\t<meta property=\"og:image:width\" content=\"853\" \/>\n\t<meta property=\"og:image:height\" content=\"1280\" \/>\n\t<meta property=\"og:image:type\" content=\"image\/jpeg\" \/>\n<meta name=\"twitter:card\" content=\"summary_large_image\" \/>\n<meta name=\"twitter:label1\" content=\"Dur\u00e9e de lecture estim\u00e9e\" \/>\n\t<meta name=\"twitter:data1\" content=\"1 minute\" \/>\n<script type=\"application\/ld+json\" class=\"yoast-schema-graph\">{\"@context\":\"https:\/\/schema.org\",\"@graph\":[{\"@type\":\"WebPage\",\"@id\":\"https:\/\/woodinout.net\/fr\/product\/grave-marteau-avec-nom-bois-numeros-waldorf-bois-set\/\",\"url\":\"https:\/\/woodinout.net\/fr\/product\/grave-marteau-avec-nom-bois-numeros-waldorf-bois-set\/\",\"name\":\"Jouet marteau en bois avec p\u00e2te et chiffres - Woodinout \u00a9\",\"isPartOf\":{\"@id\":\"https:\/\/woodinout.net\/fr\/#website\"},\"datePublished\":\"2020-06-30T20:00:01+00:00\",\"dateModified\":\"2022-04-22T09:29:02+00:00\",\"description\":\"Le jouet en marteau en bois avec un nom grav\u00e9 et de minuscules chiffres sur des \u00e9toiles est sans aucun doute notre best-seller lorsque nous parlons de jouets pour gar\u00e7ons.\",\"breadcrumb\":{\"@id\":\"https:\/\/woodinout.net\/fr\/product\/grave-marteau-avec-nom-bois-numeros-waldorf-bois-set\/#breadcrumb\"},\"inLanguage\":\"fr-FR\",\"potentialAction\":[{\"@type\":\"ReadAction\",\"target\":[\"https:\/\/woodinout.net\/fr\/product\/grave-marteau-avec-nom-bois-numeros-waldorf-bois-set\/\"]}]},{\"@type\":\"BreadcrumbList\",\"@id\":\"https:\/\/woodinout.net\/fr\/product\/grave-marteau-avec-nom-bois-numeros-waldorf-bois-set\/#breadcrumb\",\"itemListElement\":[{\"@type\":\"ListItem\",\"position\":1,\"name\":\"Home\",\"item\":\"https:\/\/woodinout.net\/fr\/\"},{\"@type\":\"ListItem\",\"position\":2,\"name\":\"Shop\",\"item\":\"https:\/\/woodinout.net\/shop\/\"},{\"@type\":\"ListItem\",\"position\":3,\"name\":\"Jouet marteau en bois avec p\u00e2te et chiffres\"}]},{\"@type\":\"WebSite\",\"@id\":\"https:\/\/woodinout.net\/fr\/#website\",\"url\":\"https:\/\/woodinout.net\/fr\/\",\"name\":\"Woodinout \u00a9\",\"description\":\"Wooden Montessori toys, gifts, home and events decor details\",\"potentialAction\":[{\"@type\":\"SearchAction\",\"target\":{\"@type\":\"EntryPoint\",\"urlTemplate\":\"https:\/\/woodinout.net\/fr\/?s={search_term_string}\"},\"query-input\":\"required name=search_term_string\"}],\"inLanguage\":\"fr-FR\"}]}<\/script>\n<!-- \/ Yoast SEO plugin. -->","yoast_head_json":{"title":"Jouet marteau en bois avec p\u00e2te et chiffres - Woodinout \u00a9","description":"Le jouet en marteau en bois avec un nom grav\u00e9 et de minuscules chiffres sur des \u00e9toiles est sans aucun doute notre best-seller lorsque nous parlons de jouets pour gar\u00e7ons.","robots":{"index":"index","follow":"follow","max-snippet":"max-snippet:-1","max-image-preview":"max-image-preview:large","max-video-preview":"max-video-preview:-1"},"canonical":"https:\/\/woodinout.net\/fr\/product\/grave-marteau-avec-nom-bois-numeros-waldorf-bois-set\/","og_locale":"fr_FR","og_type":"article","og_title":"Jouet marteau en bois avec p\u00e2te et chiffres - Woodinout \u00a9","og_description":"Le jouet en marteau en bois avec un nom grav\u00e9 et de minuscules chiffres sur des \u00e9toiles est sans aucun doute notre best-seller lorsque nous parlons de jouets pour gar\u00e7ons.","og_url":"https:\/\/woodinout.net\/fr\/product\/grave-marteau-avec-nom-bois-numeros-waldorf-bois-set\/","og_site_name":"Woodinout \u00a9","article_modified_time":"2022-04-22T09:29:02+00:00","og_image":[{"width":853,"height":1280,"url":"https:\/\/woodinout.net\/wp-content\/uploads\/2020\/06\/Engraved-hammer-with-name-wood-numbers-Waldorf-wood-set-1.jpg","type":"image\/jpeg"}],"twitter_card":"summary_large_image","twitter_misc":{"Dur\u00e9e de lecture estim\u00e9e":"1 minute"},"schema":{"@context":"https:\/\/schema.org","@graph":[{"@type":"WebPage","@id":"https:\/\/woodinout.net\/fr\/product\/grave-marteau-avec-nom-bois-numeros-waldorf-bois-set\/","url":"https:\/\/woodinout.net\/fr\/product\/grave-marteau-avec-nom-bois-numeros-waldorf-bois-set\/","name":"Jouet marteau en bois avec p\u00e2te et chiffres - Woodinout \u00a9","isPartOf":{"@id":"https:\/\/woodinout.net\/fr\/#website"},"datePublished":"2020-06-30T20:00:01+00:00","dateModified":"2022-04-22T09:29:02+00:00","description":"Le jouet en marteau en bois avec un nom grav\u00e9 et de minuscules chiffres sur des \u00e9toiles est sans aucun doute notre best-seller lorsque nous parlons de jouets pour gar\u00e7ons.","breadcrumb":{"@id":"https:\/\/woodinout.net\/fr\/product\/grave-marteau-avec-nom-bois-numeros-waldorf-bois-set\/#breadcrumb"},"inLanguage":"fr-FR","potentialAction":[{"@type":"ReadAction","target":["https:\/\/woodinout.net\/fr\/product\/grave-marteau-avec-nom-bois-numeros-waldorf-bois-set\/"]}]},{"@type":"BreadcrumbList","@id":"https:\/\/woodinout.net\/fr\/product\/grave-marteau-avec-nom-bois-numeros-waldorf-bois-set\/#breadcrumb","itemListElement":[{"@type":"ListItem","position":1,"name":"Home","item":"https:\/\/woodinout.net\/fr\/"},{"@type":"ListItem","position":2,"name":"Shop","item":"https:\/\/woodinout.net\/shop\/"},{"@type":"ListItem","position":3,"name":"Jouet marteau en bois avec p\u00e2te et chiffres"}]},{"@type":"WebSite","@id":"https:\/\/woodinout.net\/fr\/#website","url":"https:\/\/woodinout.net\/fr\/","name":"Woodinout \u00a9","description":"Wooden Montessori toys, gifts, home and events decor details","potentialAction":[{"@type":"SearchAction","target":{"@type":"EntryPoint","urlTemplate":"https:\/\/woodinout.net\/fr\/?s={search_term_string}"},"query-input":"required name=search_term_string"}],"inLanguage":"fr-FR"}]}},"_links":{"self":[{"href":"https:\/\/woodinout.net\/fr\/wp-json\/wp\/v2\/product\/21693"}],"collection":[{"href":"https:\/\/woodinout.net\/fr\/wp-json\/wp\/v2\/product"}],"about":[{"href":"https:\/\/woodinout.net\/fr\/wp-json\/wp\/v2\/types\/product"}],"wp:featuredmedia":[{"embeddable":true,"href":"https:\/\/woodinout.net\/fr\/wp-json\/wp\/v2\/media\/18303"}],"wp:attachment":[{"href":"https:\/\/woodinout.net\/fr\/wp-json\/wp\/v2\/media?parent=21693"}],"wp:term":[{"taxonomy":"product_cat","embeddable":true,"href":"https:\/\/woodinout.net\/fr\/wp-json\/wp\/v2\/product_cat?post=21693"},{"taxonomy":"product_tag","embeddable":true,"href":"https:\/\/woodinout.net\/fr\/wp-json\/wp\/v2\/product_tag?post=21693"}],"curies":[{"name":"wp","href":"https:\/\/api.w.org\/{rel}","templated":true}]}}