{"id":21689,"date":"2021-03-19T18:00:22","date_gmt":"2021-03-19T16:00:22","guid":{"rendered":"https:\/\/woodinout.net\/product\/25-tableaux-de-comptage\/"},"modified":"2022-03-13T21:28:41","modified_gmt":"2022-03-13T19:28:41","slug":"tableau-de-comptage-de-25","status":"publish","type":"product","link":"https:\/\/woodinout.net\/fr\/product\/tableau-de-comptage-de-25\/","title":{"rendered":"25 tableaux de comptage"},"content":{"rendered":"<p>Cadre en bois vingt-cinq &#8211; L\u2019activit\u00e9 de comptage Montessori toddler 25 est parmi nos manipulateurs de math\u00e9matiques pr\u00e9f\u00e9r\u00e9s, et nous le recommandons fortement pour l\u2019apprentissage des nombres pr\u00e9 k et le comptage! En plus de renforcer la motricit\u00e9 fine, les enfants de nos clients ont appr\u00e9ci\u00e9 le tri des couleurs ainsi que la pratique du comptage et du saut sur ce cadre Montessori 25 en bois. Mat\u00e9riaux de comptage Montessori durables, polyvalents et naturels \u00e0 la boutique Woodinout.<\/p>\n<p>Options:<br \/>\nCadre en bois naturel vingt-cinq<br \/>\nCadre brun huil\u00e9 vingt-cinq<br \/>\nCadre en bois naturel vingt-cinq avec des chiffres grav\u00e9s de 1 \u00e0 25<\/p>\n<p>TAILLE<br \/>\nHauteur: 5,1 pouces (13cm)<br \/>\nLongueur: 5,1 pouces (13 cm)<br \/>\n\u00c9paisseur: 0.66 pouces (1.7cm)<\/p>\n<p>COULEURS ET MAT\u00c9RIAUX<br \/>\nCouleur: naturel et brun huil\u00e9.<br \/>\nLe jouet est en BOIS MASSIF NATUREL.<br \/>\nVeuillez noter que les couleurs peuvent varier en raison des param\u00e8tres de l\u2019\u00e9cran de l\u2019ordinateur et de l\u2019\u00e9claircissement.<\/p>\n<p>Ajouter des BALLS:<\/p>\n<p>Couleur: https:\/\/woodinout.net\/product\/colored-wooden-balls\/<\/p>\n<p>Naturel: https:\/\/woodinout.net\/product\/natural-wooden-balls\/<\/p>\n<p>&nbsp;<\/p>\n","protected":false},"excerpt":{"rendered":"<p>Cadre en bois vingt-cinq &#8211; L\u2019activit\u00e9 de comptage Montessori toddler 25 est parmi nos manipulateurs de math\u00e9matiques pr\u00e9f\u00e9r\u00e9s, et nous le recommandons fortement pour l\u2019apprentissage des nombres pr\u00e9 k et le comptage! En plus de renforcer la motricit\u00e9 fine, les enfants de nos clients ont appr\u00e9ci\u00e9 le tri des couleurs ainsi que la pratique du [&hellip;]<\/p>\n","protected":false},"featured_media":19559,"template":"","meta":{"_monsterinsights_skip_tracking":false,"_monsterinsights_sitenote_active":false,"_monsterinsights_sitenote_note":"","_monsterinsights_sitenote_category":0},"product_cat":[1834,1723],"product_tag":[1841,1736,1738,1735,1729,1728,1726,1842,1734,1904,1843,1906],"yoast_head":"<!-- This site is optimized with the Yoast SEO plugin v22.1 - https:\/\/yoast.com\/wordpress\/plugins\/seo\/ -->\n<title>25 tableaux de comptage - Woodinout \u00a9 Montessori math toys<\/title>\n<meta name=\"description\" content=\"Apprendre est maintenant Fun &amp; Easy - Jouets math\u00e9matiques en bois naturel pour un temps pr\u00e9cieux en famille. 25 planches de comptage pour le tri et le comptage. Exp\u00e9dition dans le monde entier.\" \/>\n<meta name=\"robots\" content=\"index, follow, max-snippet:-1, max-image-preview:large, max-video-preview:-1\" \/>\n<link rel=\"canonical\" href=\"https:\/\/woodinout.net\/fr\/product\/tableau-de-comptage-de-25\/\" \/>\n<meta property=\"og:locale\" content=\"fr_FR\" \/>\n<meta property=\"og:type\" content=\"article\" \/>\n<meta property=\"og:title\" content=\"25 tableaux de comptage - Woodinout \u00a9 Montessori math toys\" \/>\n<meta property=\"og:description\" content=\"Apprendre est maintenant Fun &amp; Easy - Jouets math\u00e9matiques en bois naturel pour un temps pr\u00e9cieux en famille. 25 planches de comptage pour le tri et le comptage. Exp\u00e9dition dans le monde entier.\" \/>\n<meta property=\"og:url\" content=\"https:\/\/woodinout.net\/fr\/product\/tableau-de-comptage-de-25\/\" \/>\n<meta property=\"og:site_name\" content=\"Woodinout \u00a9\" \/>\n<meta property=\"article:modified_time\" content=\"2022-03-13T19:28:41+00:00\" \/>\n<meta property=\"og:image\" content=\"https:\/\/woodinout.net\/wp-content\/uploads\/2021\/03\/4_x_25_counting_board_2.jpg\" \/>\n\t<meta property=\"og:image:width\" content=\"1706\" \/>\n\t<meta property=\"og:image:height\" content=\"2560\" \/>\n\t<meta property=\"og:image:type\" content=\"image\/jpeg\" \/>\n<meta name=\"twitter:card\" content=\"summary_large_image\" \/>\n<meta name=\"twitter:label1\" content=\"Dur\u00e9e de lecture estim\u00e9e\" \/>\n\t<meta name=\"twitter:data1\" content=\"1 minute\" \/>\n<script type=\"application\/ld+json\" class=\"yoast-schema-graph\">{\"@context\":\"https:\/\/schema.org\",\"@graph\":[{\"@type\":\"WebPage\",\"@id\":\"https:\/\/woodinout.net\/fr\/product\/tableau-de-comptage-de-25\/\",\"url\":\"https:\/\/woodinout.net\/fr\/product\/tableau-de-comptage-de-25\/\",\"name\":\"25 tableaux de comptage - Woodinout \u00a9 Montessori math toys\",\"isPartOf\":{\"@id\":\"https:\/\/woodinout.net\/fr\/#website\"},\"datePublished\":\"2021-03-19T16:00:22+00:00\",\"dateModified\":\"2022-03-13T19:28:41+00:00\",\"description\":\"Apprendre est maintenant Fun & Easy - Jouets math\u00e9matiques en bois naturel pour un temps pr\u00e9cieux en famille. 25 planches de comptage pour le tri et le comptage. Exp\u00e9dition dans le monde entier.\",\"breadcrumb\":{\"@id\":\"https:\/\/woodinout.net\/fr\/product\/tableau-de-comptage-de-25\/#breadcrumb\"},\"inLanguage\":\"fr-FR\",\"potentialAction\":[{\"@type\":\"ReadAction\",\"target\":[\"https:\/\/woodinout.net\/fr\/product\/tableau-de-comptage-de-25\/\"]}]},{\"@type\":\"BreadcrumbList\",\"@id\":\"https:\/\/woodinout.net\/fr\/product\/tableau-de-comptage-de-25\/#breadcrumb\",\"itemListElement\":[{\"@type\":\"ListItem\",\"position\":1,\"name\":\"Home\",\"item\":\"https:\/\/woodinout.net\/fr\/\"},{\"@type\":\"ListItem\",\"position\":2,\"name\":\"Shop\",\"item\":\"https:\/\/woodinout.net\/shop\/\"},{\"@type\":\"ListItem\",\"position\":3,\"name\":\"25 tableaux de comptage\"}]},{\"@type\":\"WebSite\",\"@id\":\"https:\/\/woodinout.net\/fr\/#website\",\"url\":\"https:\/\/woodinout.net\/fr\/\",\"name\":\"Woodinout \u00a9\",\"description\":\"Wooden Montessori toys, gifts, home and events decor details\",\"potentialAction\":[{\"@type\":\"SearchAction\",\"target\":{\"@type\":\"EntryPoint\",\"urlTemplate\":\"https:\/\/woodinout.net\/fr\/?s={search_term_string}\"},\"query-input\":\"required name=search_term_string\"}],\"inLanguage\":\"fr-FR\"}]}<\/script>\n<!-- \/ Yoast SEO plugin. -->","yoast_head_json":{"title":"25 tableaux de comptage - Woodinout \u00a9 Montessori math toys","description":"Apprendre est maintenant Fun & Easy - Jouets math\u00e9matiques en bois naturel pour un temps pr\u00e9cieux en famille. 25 planches de comptage pour le tri et le comptage. Exp\u00e9dition dans le monde entier.","robots":{"index":"index","follow":"follow","max-snippet":"max-snippet:-1","max-image-preview":"max-image-preview:large","max-video-preview":"max-video-preview:-1"},"canonical":"https:\/\/woodinout.net\/fr\/product\/tableau-de-comptage-de-25\/","og_locale":"fr_FR","og_type":"article","og_title":"25 tableaux de comptage - Woodinout \u00a9 Montessori math toys","og_description":"Apprendre est maintenant Fun & Easy - Jouets math\u00e9matiques en bois naturel pour un temps pr\u00e9cieux en famille. 25 planches de comptage pour le tri et le comptage. Exp\u00e9dition dans le monde entier.","og_url":"https:\/\/woodinout.net\/fr\/product\/tableau-de-comptage-de-25\/","og_site_name":"Woodinout \u00a9","article_modified_time":"2022-03-13T19:28:41+00:00","og_image":[{"width":1706,"height":2560,"url":"https:\/\/woodinout.net\/wp-content\/uploads\/2021\/03\/4_x_25_counting_board_2.jpg","type":"image\/jpeg"}],"twitter_card":"summary_large_image","twitter_misc":{"Dur\u00e9e de lecture estim\u00e9e":"1 minute"},"schema":{"@context":"https:\/\/schema.org","@graph":[{"@type":"WebPage","@id":"https:\/\/woodinout.net\/fr\/product\/tableau-de-comptage-de-25\/","url":"https:\/\/woodinout.net\/fr\/product\/tableau-de-comptage-de-25\/","name":"25 tableaux de comptage - Woodinout \u00a9 Montessori math toys","isPartOf":{"@id":"https:\/\/woodinout.net\/fr\/#website"},"datePublished":"2021-03-19T16:00:22+00:00","dateModified":"2022-03-13T19:28:41+00:00","description":"Apprendre est maintenant Fun & Easy - Jouets math\u00e9matiques en bois naturel pour un temps pr\u00e9cieux en famille. 25 planches de comptage pour le tri et le comptage. Exp\u00e9dition dans le monde entier.","breadcrumb":{"@id":"https:\/\/woodinout.net\/fr\/product\/tableau-de-comptage-de-25\/#breadcrumb"},"inLanguage":"fr-FR","potentialAction":[{"@type":"ReadAction","target":["https:\/\/woodinout.net\/fr\/product\/tableau-de-comptage-de-25\/"]}]},{"@type":"BreadcrumbList","@id":"https:\/\/woodinout.net\/fr\/product\/tableau-de-comptage-de-25\/#breadcrumb","itemListElement":[{"@type":"ListItem","position":1,"name":"Home","item":"https:\/\/woodinout.net\/fr\/"},{"@type":"ListItem","position":2,"name":"Shop","item":"https:\/\/woodinout.net\/shop\/"},{"@type":"ListItem","position":3,"name":"25 tableaux de comptage"}]},{"@type":"WebSite","@id":"https:\/\/woodinout.net\/fr\/#website","url":"https:\/\/woodinout.net\/fr\/","name":"Woodinout \u00a9","description":"Wooden Montessori toys, gifts, home and events decor details","potentialAction":[{"@type":"SearchAction","target":{"@type":"EntryPoint","urlTemplate":"https:\/\/woodinout.net\/fr\/?s={search_term_string}"},"query-input":"required name=search_term_string"}],"inLanguage":"fr-FR"}]}},"_links":{"self":[{"href":"https:\/\/woodinout.net\/fr\/wp-json\/wp\/v2\/product\/21689"}],"collection":[{"href":"https:\/\/woodinout.net\/fr\/wp-json\/wp\/v2\/product"}],"about":[{"href":"https:\/\/woodinout.net\/fr\/wp-json\/wp\/v2\/types\/product"}],"wp:featuredmedia":[{"embeddable":true,"href":"https:\/\/woodinout.net\/fr\/wp-json\/wp\/v2\/media\/19559"}],"wp:attachment":[{"href":"https:\/\/woodinout.net\/fr\/wp-json\/wp\/v2\/media?parent=21689"}],"wp:term":[{"taxonomy":"product_cat","embeddable":true,"href":"https:\/\/woodinout.net\/fr\/wp-json\/wp\/v2\/product_cat?post=21689"},{"taxonomy":"product_tag","embeddable":true,"href":"https:\/\/woodinout.net\/fr\/wp-json\/wp\/v2\/product_tag?post=21689"}],"curies":[{"name":"wp","href":"https:\/\/api.w.org\/{rel}","templated":true}]}}