{"id":21680,"date":"2021-03-21T21:24:18","date_gmt":"2021-03-21T19:24:18","guid":{"rendered":"https:\/\/woodinout.net\/product\/nom-puzzle-tabouret\/"},"modified":"2022-03-13T21:36:26","modified_gmt":"2022-03-13T19:36:26","slug":"nom-puzzle-tabouret","status":"publish","type":"product","link":"https:\/\/woodinout.net\/fr\/product\/nom-puzzle-tabouret\/","title":{"rendered":"Nom puzzle tabouret"},"content":{"rendered":"<p>Les enfants aiment avoir leur propre tabouret. Il devient beaucoup plus unique avec le nom ajout\u00e9. Pour cette raison, nous avons cr\u00e9\u00e9 un tabouret en bois personnalis\u00e9 avec le nom puzzle dessus. Un tel tabouret est amusant et utile. Choisissez ce nom de tabouret de puzzle comme cadeau d\u2019anniversaire pour les tout-petits.<\/p>\n<p>AVOIR CE TABOURET DE PUZZLE POUR LES TOUT-PETITS:<\/p>\n<p>Votre enfant am\u00e9liore la coordination \u0153il-main;<br \/>\nVotre tout-petit apprendra \u00e0 \u00e9peler son nom plus rapidement;<br \/>\nVotre enfant commencera des lettres s\u00e9par\u00e9es plus t\u00f4t;<br \/>\nL\u2019enfant aimera jouer et apprendre en m\u00eame temps;<\/p>\n<p>PLUS D\u2019ARTICLES PERSONNALIS\u00c9S TROUVENT <a href=\"https:\/\/woodinout.net\/product-tag\/kids-presents\/\">ICI.<\/a><\/p>\n<p>TAILLE<\/p>\n<p>Tabouret:<br \/>\nHauteur &#8211; ~8,7 pouces, avec poign\u00e9es ~10 pouces<br \/>\nLongueur &#8211; d\u00e9pend de la quantit\u00e9 de lettres<br \/>\n\u00c9paisseur &#8211; ~ 0,3 pouces<br \/>\nProfondeur de la poche: ~ 0,12 pouces<\/p>\n<p>Lettres:<br \/>\nHauteur &#8211; ~ 2,7 pouces (si le puzzle ne tient pas \u00e0 55 cm, toutes les lettres seront r\u00e9duites proportionnellement)<br \/>\n\u00c9paisseur &#8211; ~ 0,25 pouces<br \/>\nLa largeur d\u00e9pend de la forme de la lettre<\/p>\n<p>COULEURS ET MAT\u00c9RIAUX<\/p>\n<p>La vari\u00e9t\u00e9 des couleurs d\u00e9pend de la longueur du nom.<br \/>\nSi vous avez un d\u00e9sir sp\u00e9cifique de couleurs, veuillez laisser une note. Veuillez consulter le nuancier. Sinon, nous utiliserons des couleurs comme dans l\u2019image.<br \/>\nVeuillez noter que les couleurs peuvent varier en fonction des param\u00e8tres et de l\u2019\u00e9clairage de l\u2019\u00e9cran de l\u2019ordinateur.<br \/>\nContreplaqu\u00e9 de bouleau de la Baltique, peinture acrylique \u00e9cologique &#8211; non toxique &#8211; \u00e0 base d\u2019eau.<\/p>\n<p>Pour plus d\u2019id\u00e9es, suivez-nous sur <a href=\"https:\/\/www.instagram.com\/woodinout\/\">INSTAGRAM<\/a> &amp; <a href=\"https:\/\/www.facebook.com\/Woodinout.net\">FACEBOOK<\/a><\/p>\n","protected":false},"excerpt":{"rendered":"<p>Les enfants aiment avoir leur propre tabouret. Il devient beaucoup plus unique avec le nom ajout\u00e9. Pour cette raison, nous avons cr\u00e9\u00e9 un tabouret en bois personnalis\u00e9 avec le nom puzzle dessus. Un tel tabouret est amusant et utile. Choisissez ce nom de tabouret de puzzle comme cadeau d\u2019anniversaire pour les tout-petits. AVOIR CE TABOURET [&hellip;]<\/p>\n","protected":false},"featured_media":20279,"template":"","meta":{"_monsterinsights_skip_tracking":false,"_monsterinsights_sitenote_active":false,"_monsterinsights_sitenote_note":"","_monsterinsights_sitenote_category":0},"product_cat":[1723,1725,1724],"product_tag":[1909,1736,1738,1751,1735,1741,1729,1728,1726,1734,1749,1743,1733,1745,1747,2285],"yoast_head":"<!-- This site is optimized with the Yoast SEO plugin v22.1 - https:\/\/yoast.com\/wordpress\/plugins\/seo\/ -->\n<title>Nom puzzle tabouret - Woodinout \u00a9 Boutique de jouets Montessori<\/title>\n<meta name=\"description\" content=\"Cadeau parfait pour les enfants - Tabouret de puzzle \u00e0 nom personnalis\u00e9 inspir\u00e9 de Montessori. Fait \u00e0 la main, respectueux de l\u2019environnement, s\u00e9curis\u00e9 pour b\u00e9b\u00e9 et tout-petit. Fabriqu\u00e9 \u00e0 partir de bois massif.\" \/>\n<meta name=\"robots\" content=\"index, follow, max-snippet:-1, max-image-preview:large, max-video-preview:-1\" \/>\n<link rel=\"canonical\" href=\"https:\/\/woodinout.net\/fr\/product\/nom-puzzle-tabouret\/\" \/>\n<meta property=\"og:locale\" content=\"fr_FR\" \/>\n<meta property=\"og:type\" content=\"article\" \/>\n<meta property=\"og:title\" content=\"Nom puzzle tabouret - Woodinout \u00a9 Boutique de jouets Montessori\" \/>\n<meta property=\"og:description\" content=\"Cadeau parfait pour les enfants - Tabouret de puzzle \u00e0 nom personnalis\u00e9 inspir\u00e9 de Montessori. Fait \u00e0 la main, respectueux de l\u2019environnement, s\u00e9curis\u00e9 pour b\u00e9b\u00e9 et tout-petit. Fabriqu\u00e9 \u00e0 partir de bois massif.\" \/>\n<meta property=\"og:url\" content=\"https:\/\/woodinout.net\/fr\/product\/nom-puzzle-tabouret\/\" \/>\n<meta property=\"og:site_name\" content=\"Woodinout \u00a9\" \/>\n<meta property=\"article:modified_time\" content=\"2022-03-13T19:36:26+00:00\" \/>\n<meta property=\"og:image\" content=\"https:\/\/woodinout.net\/wp-content\/uploads\/2021\/03\/Name_puzzle_stool_2.jpg\" \/>\n\t<meta property=\"og:image:width\" content=\"1706\" \/>\n\t<meta property=\"og:image:height\" content=\"2560\" \/>\n\t<meta property=\"og:image:type\" content=\"image\/jpeg\" \/>\n<meta name=\"twitter:card\" content=\"summary_large_image\" \/>\n<meta name=\"twitter:label1\" content=\"Dur\u00e9e de lecture estim\u00e9e\" \/>\n\t<meta name=\"twitter:data1\" content=\"1 minute\" \/>\n<script type=\"application\/ld+json\" class=\"yoast-schema-graph\">{\"@context\":\"https:\/\/schema.org\",\"@graph\":[{\"@type\":\"WebPage\",\"@id\":\"https:\/\/woodinout.net\/fr\/product\/nom-puzzle-tabouret\/\",\"url\":\"https:\/\/woodinout.net\/fr\/product\/nom-puzzle-tabouret\/\",\"name\":\"Nom puzzle tabouret - Woodinout \u00a9 Boutique de jouets Montessori\",\"isPartOf\":{\"@id\":\"https:\/\/woodinout.net\/fr\/#website\"},\"datePublished\":\"2021-03-21T19:24:18+00:00\",\"dateModified\":\"2022-03-13T19:36:26+00:00\",\"description\":\"Cadeau parfait pour les enfants - Tabouret de puzzle \u00e0 nom personnalis\u00e9 inspir\u00e9 de Montessori. Fait \u00e0 la main, respectueux de l\u2019environnement, s\u00e9curis\u00e9 pour b\u00e9b\u00e9 et tout-petit. Fabriqu\u00e9 \u00e0 partir de bois massif.\",\"breadcrumb\":{\"@id\":\"https:\/\/woodinout.net\/fr\/product\/nom-puzzle-tabouret\/#breadcrumb\"},\"inLanguage\":\"fr-FR\",\"potentialAction\":[{\"@type\":\"ReadAction\",\"target\":[\"https:\/\/woodinout.net\/fr\/product\/nom-puzzle-tabouret\/\"]}]},{\"@type\":\"BreadcrumbList\",\"@id\":\"https:\/\/woodinout.net\/fr\/product\/nom-puzzle-tabouret\/#breadcrumb\",\"itemListElement\":[{\"@type\":\"ListItem\",\"position\":1,\"name\":\"Home\",\"item\":\"https:\/\/woodinout.net\/fr\/\"},{\"@type\":\"ListItem\",\"position\":2,\"name\":\"Shop\",\"item\":\"https:\/\/woodinout.net\/shop\/\"},{\"@type\":\"ListItem\",\"position\":3,\"name\":\"Nom puzzle tabouret\"}]},{\"@type\":\"WebSite\",\"@id\":\"https:\/\/woodinout.net\/fr\/#website\",\"url\":\"https:\/\/woodinout.net\/fr\/\",\"name\":\"Woodinout \u00a9\",\"description\":\"Wooden Montessori toys, gifts, home and events decor details\",\"potentialAction\":[{\"@type\":\"SearchAction\",\"target\":{\"@type\":\"EntryPoint\",\"urlTemplate\":\"https:\/\/woodinout.net\/fr\/?s={search_term_string}\"},\"query-input\":\"required name=search_term_string\"}],\"inLanguage\":\"fr-FR\"}]}<\/script>\n<!-- \/ Yoast SEO plugin. -->","yoast_head_json":{"title":"Nom puzzle tabouret - Woodinout \u00a9 Boutique de jouets Montessori","description":"Cadeau parfait pour les enfants - Tabouret de puzzle \u00e0 nom personnalis\u00e9 inspir\u00e9 de Montessori. Fait \u00e0 la main, respectueux de l\u2019environnement, s\u00e9curis\u00e9 pour b\u00e9b\u00e9 et tout-petit. Fabriqu\u00e9 \u00e0 partir de bois massif.","robots":{"index":"index","follow":"follow","max-snippet":"max-snippet:-1","max-image-preview":"max-image-preview:large","max-video-preview":"max-video-preview:-1"},"canonical":"https:\/\/woodinout.net\/fr\/product\/nom-puzzle-tabouret\/","og_locale":"fr_FR","og_type":"article","og_title":"Nom puzzle tabouret - Woodinout \u00a9 Boutique de jouets Montessori","og_description":"Cadeau parfait pour les enfants - Tabouret de puzzle \u00e0 nom personnalis\u00e9 inspir\u00e9 de Montessori. Fait \u00e0 la main, respectueux de l\u2019environnement, s\u00e9curis\u00e9 pour b\u00e9b\u00e9 et tout-petit. Fabriqu\u00e9 \u00e0 partir de bois massif.","og_url":"https:\/\/woodinout.net\/fr\/product\/nom-puzzle-tabouret\/","og_site_name":"Woodinout \u00a9","article_modified_time":"2022-03-13T19:36:26+00:00","og_image":[{"width":1706,"height":2560,"url":"https:\/\/woodinout.net\/wp-content\/uploads\/2021\/03\/Name_puzzle_stool_2.jpg","type":"image\/jpeg"}],"twitter_card":"summary_large_image","twitter_misc":{"Dur\u00e9e de lecture estim\u00e9e":"1 minute"},"schema":{"@context":"https:\/\/schema.org","@graph":[{"@type":"WebPage","@id":"https:\/\/woodinout.net\/fr\/product\/nom-puzzle-tabouret\/","url":"https:\/\/woodinout.net\/fr\/product\/nom-puzzle-tabouret\/","name":"Nom puzzle tabouret - Woodinout \u00a9 Boutique de jouets Montessori","isPartOf":{"@id":"https:\/\/woodinout.net\/fr\/#website"},"datePublished":"2021-03-21T19:24:18+00:00","dateModified":"2022-03-13T19:36:26+00:00","description":"Cadeau parfait pour les enfants - Tabouret de puzzle \u00e0 nom personnalis\u00e9 inspir\u00e9 de Montessori. Fait \u00e0 la main, respectueux de l\u2019environnement, s\u00e9curis\u00e9 pour b\u00e9b\u00e9 et tout-petit. Fabriqu\u00e9 \u00e0 partir de bois massif.","breadcrumb":{"@id":"https:\/\/woodinout.net\/fr\/product\/nom-puzzle-tabouret\/#breadcrumb"},"inLanguage":"fr-FR","potentialAction":[{"@type":"ReadAction","target":["https:\/\/woodinout.net\/fr\/product\/nom-puzzle-tabouret\/"]}]},{"@type":"BreadcrumbList","@id":"https:\/\/woodinout.net\/fr\/product\/nom-puzzle-tabouret\/#breadcrumb","itemListElement":[{"@type":"ListItem","position":1,"name":"Home","item":"https:\/\/woodinout.net\/fr\/"},{"@type":"ListItem","position":2,"name":"Shop","item":"https:\/\/woodinout.net\/shop\/"},{"@type":"ListItem","position":3,"name":"Nom puzzle tabouret"}]},{"@type":"WebSite","@id":"https:\/\/woodinout.net\/fr\/#website","url":"https:\/\/woodinout.net\/fr\/","name":"Woodinout \u00a9","description":"Wooden Montessori toys, gifts, home and events decor details","potentialAction":[{"@type":"SearchAction","target":{"@type":"EntryPoint","urlTemplate":"https:\/\/woodinout.net\/fr\/?s={search_term_string}"},"query-input":"required name=search_term_string"}],"inLanguage":"fr-FR"}]}},"_links":{"self":[{"href":"https:\/\/woodinout.net\/fr\/wp-json\/wp\/v2\/product\/21680"}],"collection":[{"href":"https:\/\/woodinout.net\/fr\/wp-json\/wp\/v2\/product"}],"about":[{"href":"https:\/\/woodinout.net\/fr\/wp-json\/wp\/v2\/types\/product"}],"wp:featuredmedia":[{"embeddable":true,"href":"https:\/\/woodinout.net\/fr\/wp-json\/wp\/v2\/media\/20279"}],"wp:attachment":[{"href":"https:\/\/woodinout.net\/fr\/wp-json\/wp\/v2\/media?parent=21680"}],"wp:term":[{"taxonomy":"product_cat","embeddable":true,"href":"https:\/\/woodinout.net\/fr\/wp-json\/wp\/v2\/product_cat?post=21680"},{"taxonomy":"product_tag","embeddable":true,"href":"https:\/\/woodinout.net\/fr\/wp-json\/wp\/v2\/product_tag?post=21680"}],"curies":[{"name":"wp","href":"https:\/\/api.w.org\/{rel}","templated":true}]}}