{"id":21679,"date":"2021-03-19T11:51:06","date_gmt":"2021-03-19T09:51:06","guid":{"rendered":"https:\/\/woodinout.net\/product\/plaque-en-bois-6-triangles\/"},"modified":"2022-04-22T12:25:30","modified_gmt":"2022-04-22T09:25:30","slug":"plaque-de-bois-6-triangles","status":"publish","type":"product","link":"https:\/\/woodinout.net\/fr\/product\/plaque-de-bois-6-triangles\/","title":{"rendered":"Plaque en bois \u00ab&nbsp;6 triangles&nbsp;\u00bb"},"content":{"rendered":"<p>Ce plateau hexagonal en bois &#8211; est un jouet sensoriel Montessori unique. Simple, mais avec de nombreuses possibilit\u00e9s &#8211; utilisez-le pour le comptage Montessori et le tri des couleurs. Remplissez le bac \u00e0 sable en bois avec diff\u00e9rents mat\u00e9riaux pour cr\u00e9er l\u2019un des jouets sensoriels les plus populaires pour l\u2019autisme. Naturel, inspir\u00e9 par les jouets Waldorf respectueux de l\u2019environnement, c\u2019est une salle de classe Montessori parfaite ou du mat\u00e9riel d\u2019apprentissage de l\u2019autisme.<\/p>\n<p>DIMENSIONS du plateau<br \/>\nLongueur: ~ 10,2 pouces (26 cm)<br \/>\nHauteur: ~ 8,7 pouces (22 cm)<br \/>\n\u00c9paisseur: ~ 0,66 pouces (1,7 cm)<\/p>\n<p>COULEURS ET MAT\u00c9RIAUX<br \/>\nCouleur: naturel et brun huil\u00e9.<br \/>\nLe jouet est en BOIS MASSIF NATUREL.<br \/>\nVeuillez noter que les couleurs peuvent varier en raison des param\u00e8tres de l\u2019\u00e9cran de l\u2019ordinateur et de l\u2019\u00e9claircissement.<\/p>\n<p>Ajouter des BALLS:<\/p>\n<p>Couleur: https:\/\/woodinout.net\/product\/colored-wooden-balls\/<\/p>\n<p>Naturel: https:\/\/woodinout.net\/product\/natural-wooden-balls\/<\/p>\n<p>&nbsp;<\/p>\n","protected":false},"excerpt":{"rendered":"<p>Ce plateau hexagonal en bois &#8211; est un jouet sensoriel Montessori unique. Simple, mais avec de nombreuses possibilit\u00e9s &#8211; utilisez-le pour le comptage Montessori et le tri des couleurs. Remplissez le bac \u00e0 sable en bois avec diff\u00e9rents mat\u00e9riaux pour cr\u00e9er l\u2019un des jouets sensoriels les plus populaires pour l\u2019autisme. Naturel, inspir\u00e9 par les jouets [&hellip;]<\/p>\n","protected":false},"featured_media":19327,"template":"","meta":{"_monsterinsights_skip_tracking":false,"_monsterinsights_sitenote_active":false,"_monsterinsights_sitenote_note":"","_monsterinsights_sitenote_category":0},"product_cat":[1834,1723,1941],"product_tag":[1841,1736,1738,1735,1729,1728,1726,1842,1734,1904,1843,1906,1905],"yoast_head":"<!-- This site is optimized with the Yoast SEO plugin v22.1 - https:\/\/yoast.com\/wordpress\/plugins\/seo\/ -->\n<title>Plaque en bois \u00ab&nbsp;6 triangles&nbsp;\u00bb - Woodinout \u00a9 Jouets Montessori<\/title>\n<meta name=\"description\" content=\"Apprendre est maintenant Fun &amp; Easy - Jouets math\u00e9matiques en bois naturel pour un temps pr\u00e9cieux en famille. Plaques de tri et de comptage en bois - plus de fa\u00e7ons Learn &amp; Play.\" \/>\n<meta name=\"robots\" content=\"index, follow, max-snippet:-1, max-image-preview:large, max-video-preview:-1\" \/>\n<link rel=\"canonical\" href=\"https:\/\/woodinout.net\/fr\/product\/plaque-de-bois-6-triangles\/\" \/>\n<meta property=\"og:locale\" content=\"fr_FR\" \/>\n<meta property=\"og:type\" content=\"article\" \/>\n<meta property=\"og:title\" content=\"Plaque en bois \u00ab&nbsp;6 triangles&nbsp;\u00bb - Woodinout \u00a9 Jouets Montessori\" \/>\n<meta property=\"og:description\" content=\"Apprendre est maintenant Fun &amp; Easy - Jouets math\u00e9matiques en bois naturel pour un temps pr\u00e9cieux en famille. Plaques de tri et de comptage en bois - plus de fa\u00e7ons Learn &amp; Play.\" \/>\n<meta property=\"og:url\" content=\"https:\/\/woodinout.net\/fr\/product\/plaque-de-bois-6-triangles\/\" \/>\n<meta property=\"og:site_name\" content=\"Woodinout \u00a9\" \/>\n<meta property=\"article:modified_time\" content=\"2022-04-22T09:25:30+00:00\" \/>\n<meta property=\"og:image\" content=\"https:\/\/woodinout.net\/wp-content\/uploads\/2021\/03\/Wooden_plate_6_triangle.jpg\" \/>\n\t<meta property=\"og:image:width\" content=\"1706\" \/>\n\t<meta property=\"og:image:height\" content=\"2560\" \/>\n\t<meta property=\"og:image:type\" content=\"image\/jpeg\" \/>\n<meta name=\"twitter:card\" content=\"summary_large_image\" \/>\n<meta name=\"twitter:label1\" content=\"Dur\u00e9e de lecture estim\u00e9e\" \/>\n\t<meta name=\"twitter:data1\" content=\"1 minute\" \/>\n<script type=\"application\/ld+json\" class=\"yoast-schema-graph\">{\"@context\":\"https:\/\/schema.org\",\"@graph\":[{\"@type\":\"WebPage\",\"@id\":\"https:\/\/woodinout.net\/fr\/product\/plaque-de-bois-6-triangles\/\",\"url\":\"https:\/\/woodinout.net\/fr\/product\/plaque-de-bois-6-triangles\/\",\"name\":\"Plaque en bois \u00ab&nbsp;6 triangles&nbsp;\u00bb - Woodinout \u00a9 Jouets Montessori\",\"isPartOf\":{\"@id\":\"https:\/\/woodinout.net\/fr\/#website\"},\"datePublished\":\"2021-03-19T09:51:06+00:00\",\"dateModified\":\"2022-04-22T09:25:30+00:00\",\"description\":\"Apprendre est maintenant Fun & Easy - Jouets math\u00e9matiques en bois naturel pour un temps pr\u00e9cieux en famille. Plaques de tri et de comptage en bois - plus de fa\u00e7ons Learn & Play.\",\"breadcrumb\":{\"@id\":\"https:\/\/woodinout.net\/fr\/product\/plaque-de-bois-6-triangles\/#breadcrumb\"},\"inLanguage\":\"fr-FR\",\"potentialAction\":[{\"@type\":\"ReadAction\",\"target\":[\"https:\/\/woodinout.net\/fr\/product\/plaque-de-bois-6-triangles\/\"]}]},{\"@type\":\"BreadcrumbList\",\"@id\":\"https:\/\/woodinout.net\/fr\/product\/plaque-de-bois-6-triangles\/#breadcrumb\",\"itemListElement\":[{\"@type\":\"ListItem\",\"position\":1,\"name\":\"Home\",\"item\":\"https:\/\/woodinout.net\/fr\/\"},{\"@type\":\"ListItem\",\"position\":2,\"name\":\"Shop\",\"item\":\"https:\/\/woodinout.net\/shop\/\"},{\"@type\":\"ListItem\",\"position\":3,\"name\":\"Plaque en bois \u00ab&nbsp;6 triangles&nbsp;\u00bb\"}]},{\"@type\":\"WebSite\",\"@id\":\"https:\/\/woodinout.net\/fr\/#website\",\"url\":\"https:\/\/woodinout.net\/fr\/\",\"name\":\"Woodinout \u00a9\",\"description\":\"Wooden Montessori toys, gifts, home and events decor details\",\"potentialAction\":[{\"@type\":\"SearchAction\",\"target\":{\"@type\":\"EntryPoint\",\"urlTemplate\":\"https:\/\/woodinout.net\/fr\/?s={search_term_string}\"},\"query-input\":\"required name=search_term_string\"}],\"inLanguage\":\"fr-FR\"}]}<\/script>\n<!-- \/ Yoast SEO plugin. -->","yoast_head_json":{"title":"Plaque en bois \u00ab&nbsp;6 triangles&nbsp;\u00bb - Woodinout \u00a9 Jouets Montessori","description":"Apprendre est maintenant Fun & Easy - Jouets math\u00e9matiques en bois naturel pour un temps pr\u00e9cieux en famille. Plaques de tri et de comptage en bois - plus de fa\u00e7ons Learn & Play.","robots":{"index":"index","follow":"follow","max-snippet":"max-snippet:-1","max-image-preview":"max-image-preview:large","max-video-preview":"max-video-preview:-1"},"canonical":"https:\/\/woodinout.net\/fr\/product\/plaque-de-bois-6-triangles\/","og_locale":"fr_FR","og_type":"article","og_title":"Plaque en bois \u00ab&nbsp;6 triangles&nbsp;\u00bb - Woodinout \u00a9 Jouets Montessori","og_description":"Apprendre est maintenant Fun & Easy - Jouets math\u00e9matiques en bois naturel pour un temps pr\u00e9cieux en famille. Plaques de tri et de comptage en bois - plus de fa\u00e7ons Learn & Play.","og_url":"https:\/\/woodinout.net\/fr\/product\/plaque-de-bois-6-triangles\/","og_site_name":"Woodinout \u00a9","article_modified_time":"2022-04-22T09:25:30+00:00","og_image":[{"width":1706,"height":2560,"url":"https:\/\/woodinout.net\/wp-content\/uploads\/2021\/03\/Wooden_plate_6_triangle.jpg","type":"image\/jpeg"}],"twitter_card":"summary_large_image","twitter_misc":{"Dur\u00e9e de lecture estim\u00e9e":"1 minute"},"schema":{"@context":"https:\/\/schema.org","@graph":[{"@type":"WebPage","@id":"https:\/\/woodinout.net\/fr\/product\/plaque-de-bois-6-triangles\/","url":"https:\/\/woodinout.net\/fr\/product\/plaque-de-bois-6-triangles\/","name":"Plaque en bois \u00ab&nbsp;6 triangles&nbsp;\u00bb - Woodinout \u00a9 Jouets Montessori","isPartOf":{"@id":"https:\/\/woodinout.net\/fr\/#website"},"datePublished":"2021-03-19T09:51:06+00:00","dateModified":"2022-04-22T09:25:30+00:00","description":"Apprendre est maintenant Fun & Easy - Jouets math\u00e9matiques en bois naturel pour un temps pr\u00e9cieux en famille. Plaques de tri et de comptage en bois - plus de fa\u00e7ons Learn & Play.","breadcrumb":{"@id":"https:\/\/woodinout.net\/fr\/product\/plaque-de-bois-6-triangles\/#breadcrumb"},"inLanguage":"fr-FR","potentialAction":[{"@type":"ReadAction","target":["https:\/\/woodinout.net\/fr\/product\/plaque-de-bois-6-triangles\/"]}]},{"@type":"BreadcrumbList","@id":"https:\/\/woodinout.net\/fr\/product\/plaque-de-bois-6-triangles\/#breadcrumb","itemListElement":[{"@type":"ListItem","position":1,"name":"Home","item":"https:\/\/woodinout.net\/fr\/"},{"@type":"ListItem","position":2,"name":"Shop","item":"https:\/\/woodinout.net\/shop\/"},{"@type":"ListItem","position":3,"name":"Plaque en bois \u00ab&nbsp;6 triangles&nbsp;\u00bb"}]},{"@type":"WebSite","@id":"https:\/\/woodinout.net\/fr\/#website","url":"https:\/\/woodinout.net\/fr\/","name":"Woodinout \u00a9","description":"Wooden Montessori toys, gifts, home and events decor details","potentialAction":[{"@type":"SearchAction","target":{"@type":"EntryPoint","urlTemplate":"https:\/\/woodinout.net\/fr\/?s={search_term_string}"},"query-input":"required name=search_term_string"}],"inLanguage":"fr-FR"}]}},"_links":{"self":[{"href":"https:\/\/woodinout.net\/fr\/wp-json\/wp\/v2\/product\/21679"}],"collection":[{"href":"https:\/\/woodinout.net\/fr\/wp-json\/wp\/v2\/product"}],"about":[{"href":"https:\/\/woodinout.net\/fr\/wp-json\/wp\/v2\/types\/product"}],"wp:featuredmedia":[{"embeddable":true,"href":"https:\/\/woodinout.net\/fr\/wp-json\/wp\/v2\/media\/19327"}],"wp:attachment":[{"href":"https:\/\/woodinout.net\/fr\/wp-json\/wp\/v2\/media?parent=21679"}],"wp:term":[{"taxonomy":"product_cat","embeddable":true,"href":"https:\/\/woodinout.net\/fr\/wp-json\/wp\/v2\/product_cat?post=21679"},{"taxonomy":"product_tag","embeddable":true,"href":"https:\/\/woodinout.net\/fr\/wp-json\/wp\/v2\/product_tag?post=21679"}],"curies":[{"name":"wp","href":"https:\/\/api.w.org\/{rel}","templated":true}]}}