{"id":21678,"date":"2021-03-21T21:32:28","date_gmt":"2021-03-21T19:32:28","guid":{"rendered":"https:\/\/woodinout.net\/product\/support-de-cartes\/"},"modified":"2022-04-19T16:20:21","modified_gmt":"2022-04-19T13:20:21","slug":"support-de-cartes","status":"publish","type":"product","link":"https:\/\/woodinout.net\/fr\/product\/support-de-cartes\/","title":{"rendered":"Support de cartes"},"content":{"rendered":"<p>Support de cartes en bois massif. Ce support d\u2019affichage de carte en contreplaqu\u00e9 est cr\u00e9\u00e9 en compl\u00e9ment du comptage Montessori, des nombres et d\u2019autres jouets d\u2019apprentissage par Woodinout. Vous pouvez l\u2019utiliser avec une vari\u00e9t\u00e9 de nos ressources d\u2019apprentissage faites \u00e0 la main ou autres, que vous poss\u00e9dez. Placez des chiffres, des lettres, des couleurs, des cartes de sch\u00e9ma de g\u00e9oboard ou tout autre \u00e0 quoi vous pourriez penser!<\/p>\n<p>TAILLE<br \/>\nHauteur: ~ 1,6 pouces (4 cm)<br \/>\nLongueur: ~ 4,9 pouces (12,5 cm)<br \/>\n\u00c9paisseur: ~ 0,67 pouces (1,7 cm)<\/p>\n<p>COULEURS ET MAT\u00c9RIAUX<br \/>\nCouleur: bois naturel<br \/>\nLe jouet est en BOIS MASSIF NATUREL.<br \/>\nVeuillez noter que les couleurs peuvent varier en raison des param\u00e8tres de l\u2019\u00e9cran de l\u2019ordinateur et de l\u2019\u00e9claircissement.<\/p>\n","protected":false},"excerpt":{"rendered":"<p>Support de cartes en bois massif. Ce support d\u2019affichage de carte en contreplaqu\u00e9 est cr\u00e9\u00e9 en compl\u00e9ment du comptage Montessori, des nombres et d\u2019autres jouets d\u2019apprentissage par Woodinout. Vous pouvez l\u2019utiliser avec une vari\u00e9t\u00e9 de nos ressources d\u2019apprentissage faites \u00e0 la main ou autres, que vous poss\u00e9dez. Placez des chiffres, des lettres, des couleurs, des [&hellip;]<\/p>\n","protected":false},"featured_media":20295,"template":"","meta":{"_monsterinsights_skip_tracking":false,"_monsterinsights_sitenote_active":false,"_monsterinsights_sitenote_note":"","_monsterinsights_sitenote_category":0},"product_cat":[1834,1723,1923,1941],"product_tag":[1736,1738,1735,1729,1728],"yoast_head":"<!-- This site is optimized with the Yoast SEO plugin v22.1 - https:\/\/yoast.com\/wordpress\/plugins\/seo\/ -->\n<title>Support de cartes - Woodinout \u00a9 Montessori toys SHOP<\/title>\n<meta name=\"description\" content=\"Compl\u00e9ment parfait \u00e0 votre support Montessori homeschool - porte-carte. Naturel, \u00e9cologique et \u00e9l\u00e9gant pour un style de vie minimal.\" \/>\n<meta name=\"robots\" content=\"index, follow, max-snippet:-1, max-image-preview:large, max-video-preview:-1\" \/>\n<link rel=\"canonical\" href=\"https:\/\/woodinout.net\/fr\/product\/support-de-cartes\/\" \/>\n<meta property=\"og:locale\" content=\"fr_FR\" \/>\n<meta property=\"og:type\" content=\"article\" \/>\n<meta property=\"og:title\" content=\"Support de cartes - Woodinout \u00a9 Montessori toys SHOP\" \/>\n<meta property=\"og:description\" content=\"Compl\u00e9ment parfait \u00e0 votre support Montessori homeschool - porte-carte. Naturel, \u00e9cologique et \u00e9l\u00e9gant pour un style de vie minimal.\" \/>\n<meta property=\"og:url\" content=\"https:\/\/woodinout.net\/fr\/product\/support-de-cartes\/\" \/>\n<meta property=\"og:site_name\" content=\"Woodinout \u00a9\" \/>\n<meta property=\"article:modified_time\" content=\"2022-04-19T13:20:21+00:00\" \/>\n<meta property=\"og:image\" content=\"https:\/\/woodinout.net\/wp-content\/uploads\/2021\/03\/Cards_stand.jpg\" \/>\n\t<meta property=\"og:image:width\" content=\"1706\" \/>\n\t<meta property=\"og:image:height\" content=\"2560\" \/>\n\t<meta property=\"og:image:type\" content=\"image\/jpeg\" \/>\n<meta name=\"twitter:card\" content=\"summary_large_image\" \/>\n<meta name=\"twitter:label1\" content=\"Dur\u00e9e de lecture estim\u00e9e\" \/>\n\t<meta name=\"twitter:data1\" content=\"1 minute\" \/>\n<script type=\"application\/ld+json\" class=\"yoast-schema-graph\">{\"@context\":\"https:\/\/schema.org\",\"@graph\":[{\"@type\":\"WebPage\",\"@id\":\"https:\/\/woodinout.net\/fr\/product\/support-de-cartes\/\",\"url\":\"https:\/\/woodinout.net\/fr\/product\/support-de-cartes\/\",\"name\":\"Support de cartes - Woodinout \u00a9 Montessori toys SHOP\",\"isPartOf\":{\"@id\":\"https:\/\/woodinout.net\/fr\/#website\"},\"datePublished\":\"2021-03-21T19:32:28+00:00\",\"dateModified\":\"2022-04-19T13:20:21+00:00\",\"description\":\"Compl\u00e9ment parfait \u00e0 votre support Montessori homeschool - porte-carte. Naturel, \u00e9cologique et \u00e9l\u00e9gant pour un style de vie minimal.\",\"breadcrumb\":{\"@id\":\"https:\/\/woodinout.net\/fr\/product\/support-de-cartes\/#breadcrumb\"},\"inLanguage\":\"fr-FR\",\"potentialAction\":[{\"@type\":\"ReadAction\",\"target\":[\"https:\/\/woodinout.net\/fr\/product\/support-de-cartes\/\"]}]},{\"@type\":\"BreadcrumbList\",\"@id\":\"https:\/\/woodinout.net\/fr\/product\/support-de-cartes\/#breadcrumb\",\"itemListElement\":[{\"@type\":\"ListItem\",\"position\":1,\"name\":\"Home\",\"item\":\"https:\/\/woodinout.net\/fr\/\"},{\"@type\":\"ListItem\",\"position\":2,\"name\":\"Shop\",\"item\":\"https:\/\/woodinout.net\/shop\/\"},{\"@type\":\"ListItem\",\"position\":3,\"name\":\"Support de cartes\"}]},{\"@type\":\"WebSite\",\"@id\":\"https:\/\/woodinout.net\/fr\/#website\",\"url\":\"https:\/\/woodinout.net\/fr\/\",\"name\":\"Woodinout \u00a9\",\"description\":\"Wooden Montessori toys, gifts, home and events decor details\",\"potentialAction\":[{\"@type\":\"SearchAction\",\"target\":{\"@type\":\"EntryPoint\",\"urlTemplate\":\"https:\/\/woodinout.net\/fr\/?s={search_term_string}\"},\"query-input\":\"required name=search_term_string\"}],\"inLanguage\":\"fr-FR\"}]}<\/script>\n<!-- \/ Yoast SEO plugin. -->","yoast_head_json":{"title":"Support de cartes - Woodinout \u00a9 Montessori toys SHOP","description":"Compl\u00e9ment parfait \u00e0 votre support Montessori homeschool - porte-carte. Naturel, \u00e9cologique et \u00e9l\u00e9gant pour un style de vie minimal.","robots":{"index":"index","follow":"follow","max-snippet":"max-snippet:-1","max-image-preview":"max-image-preview:large","max-video-preview":"max-video-preview:-1"},"canonical":"https:\/\/woodinout.net\/fr\/product\/support-de-cartes\/","og_locale":"fr_FR","og_type":"article","og_title":"Support de cartes - Woodinout \u00a9 Montessori toys SHOP","og_description":"Compl\u00e9ment parfait \u00e0 votre support Montessori homeschool - porte-carte. Naturel, \u00e9cologique et \u00e9l\u00e9gant pour un style de vie minimal.","og_url":"https:\/\/woodinout.net\/fr\/product\/support-de-cartes\/","og_site_name":"Woodinout \u00a9","article_modified_time":"2022-04-19T13:20:21+00:00","og_image":[{"width":1706,"height":2560,"url":"https:\/\/woodinout.net\/wp-content\/uploads\/2021\/03\/Cards_stand.jpg","type":"image\/jpeg"}],"twitter_card":"summary_large_image","twitter_misc":{"Dur\u00e9e de lecture estim\u00e9e":"1 minute"},"schema":{"@context":"https:\/\/schema.org","@graph":[{"@type":"WebPage","@id":"https:\/\/woodinout.net\/fr\/product\/support-de-cartes\/","url":"https:\/\/woodinout.net\/fr\/product\/support-de-cartes\/","name":"Support de cartes - Woodinout \u00a9 Montessori toys SHOP","isPartOf":{"@id":"https:\/\/woodinout.net\/fr\/#website"},"datePublished":"2021-03-21T19:32:28+00:00","dateModified":"2022-04-19T13:20:21+00:00","description":"Compl\u00e9ment parfait \u00e0 votre support Montessori homeschool - porte-carte. Naturel, \u00e9cologique et \u00e9l\u00e9gant pour un style de vie minimal.","breadcrumb":{"@id":"https:\/\/woodinout.net\/fr\/product\/support-de-cartes\/#breadcrumb"},"inLanguage":"fr-FR","potentialAction":[{"@type":"ReadAction","target":["https:\/\/woodinout.net\/fr\/product\/support-de-cartes\/"]}]},{"@type":"BreadcrumbList","@id":"https:\/\/woodinout.net\/fr\/product\/support-de-cartes\/#breadcrumb","itemListElement":[{"@type":"ListItem","position":1,"name":"Home","item":"https:\/\/woodinout.net\/fr\/"},{"@type":"ListItem","position":2,"name":"Shop","item":"https:\/\/woodinout.net\/shop\/"},{"@type":"ListItem","position":3,"name":"Support de cartes"}]},{"@type":"WebSite","@id":"https:\/\/woodinout.net\/fr\/#website","url":"https:\/\/woodinout.net\/fr\/","name":"Woodinout \u00a9","description":"Wooden Montessori toys, gifts, home and events decor details","potentialAction":[{"@type":"SearchAction","target":{"@type":"EntryPoint","urlTemplate":"https:\/\/woodinout.net\/fr\/?s={search_term_string}"},"query-input":"required name=search_term_string"}],"inLanguage":"fr-FR"}]}},"_links":{"self":[{"href":"https:\/\/woodinout.net\/fr\/wp-json\/wp\/v2\/product\/21678"}],"collection":[{"href":"https:\/\/woodinout.net\/fr\/wp-json\/wp\/v2\/product"}],"about":[{"href":"https:\/\/woodinout.net\/fr\/wp-json\/wp\/v2\/types\/product"}],"wp:featuredmedia":[{"embeddable":true,"href":"https:\/\/woodinout.net\/fr\/wp-json\/wp\/v2\/media\/20295"}],"wp:attachment":[{"href":"https:\/\/woodinout.net\/fr\/wp-json\/wp\/v2\/media?parent=21678"}],"wp:term":[{"taxonomy":"product_cat","embeddable":true,"href":"https:\/\/woodinout.net\/fr\/wp-json\/wp\/v2\/product_cat?post=21678"},{"taxonomy":"product_tag","embeddable":true,"href":"https:\/\/woodinout.net\/fr\/wp-json\/wp\/v2\/product_tag?post=21678"}],"curies":[{"name":"wp","href":"https:\/\/api.w.org\/{rel}","templated":true}]}}