{"id":21675,"date":"2021-03-21T15:13:55","date_gmt":"2021-03-21T13:13:55","guid":{"rendered":"https:\/\/woodinout.net\/product\/geoboard-avec-porte-cartes\/"},"modified":"2022-04-19T16:37:05","modified_gmt":"2022-04-19T13:37:05","slug":"geoboard-avec-porte-cartes","status":"publish","type":"product","link":"https:\/\/woodinout.net\/fr\/product\/geoboard-avec-porte-cartes\/","title":{"rendered":"Geoboard avec porte-cartes"},"content":{"rendered":"<p>Le g\u00e9oboard carr\u00e9 en bois avec porte-cartes est l\u2019un des jouets uniques inspir\u00e9s de Montessori. Les chevilles sont s\u00e9par\u00e9es dans celui-ci, vous pouvez donc les ajouter sur le tableau de cheville comme vous le souhaitez et autant que vous le souhaitez. Le support de carte est universel, il suffit d\u2019imprimer et d\u2019y mettre vos propres photos. Fabriqu\u00e9 \u00e0 la main \u00e0 partir de bois massif, ce g\u00e9oboard est un jouet durable, naturel et \u00e9cologique s\u00e9curis\u00e9 pour les enfants de tous \u00e2ges. Utilisez-le soit comme tableau d\u2019apprentissage de la g\u00e9om\u00e9trie pr\u00e9scolaire pour enfants. Ou l\u2019un de vos jouets de th\u00e9rapie par le jeu pour une exp\u00e9rience apaisante. Tout simplement comme outil de jeu \u00e9ducatif et d\u00e9veloppemental au quotidien.<\/p>\n<p>Am\u00e9liorez la cr\u00e9ativit\u00e9 et l\u2019imagination &#8211; les enfants peuvent passer des heures sur ce jeu gratuit.<br \/>\nD\u00e9velopper la motricit\u00e9 fine (coordination \u0153il-main).<br \/>\nApprenez la g\u00e9om\u00e9trie et la r\u00e9solution de probl\u00e8mes avec les cartes de t\u00e2ches incluses.<\/p>\n<p>Le kit principal contient :<br \/>\nPlanche de cheville en bois<br \/>\n50 pi\u00e8ces. Chevilles<br \/>\n3 pi\u00e8ces. de cordon de 59 po (150 cm)<br \/>\nCartes suppl\u00e9mentaires :<br \/>\n20 pi\u00e8ces. Cartes de formes<\/p>\n<p>Vous pouvez \u00e9galement ajouter \u00e0 votre panier :<br \/>\n<a href=\"https:\/\/woodinout.net\/product\/pegs-for-geoboard\/\">Chevilles suppl\u00e9mentaires<\/a><br \/>\n<a href=\"https:\/\/woodinout.net\/product\/colorful-rubber-bands\/\">\u00c9lastiques<\/a><\/p>\n<p>TAILLE<br \/>\nHauteur: 10,6 pouces (27cm)<br \/>\nLongueur: 9,8 pouces (25 cm)<br \/>\n\u00c9paisseur: 0.66 pouces (1.7cm)<\/p>\n<p>COULEURS ET MAT\u00c9RIAUX<br \/>\nCouleur: bois naturel ou brun huil\u00e9.<br \/>\nLe jouet est fait de BOIS MASSIF NATUREL et de contreplaqu\u00e9.<br \/>\nVeuillez noter que les couleurs peuvent varier en raison des param\u00e8tres de l\u2019\u00e9cran de l\u2019ordinateur et de l\u2019\u00e9claircissement.<\/p>\n<p>Trouvez plus d\u2019id\u00e9es en bois sur notre <a href=\"https:\/\/www.pinterest.com\/Woodinoutnet\/_created\/\">PINTEREST.<\/a><\/p>\n","protected":false},"excerpt":{"rendered":"<p>Le g\u00e9oboard carr\u00e9 en bois avec porte-cartes est l\u2019un des jouets uniques inspir\u00e9s de Montessori. Les chevilles sont s\u00e9par\u00e9es dans celui-ci, vous pouvez donc les ajouter sur le tableau de cheville comme vous le souhaitez et autant que vous le souhaitez. Le support de carte est universel, il suffit d\u2019imprimer et d\u2019y mettre vos propres [&hellip;]<\/p>\n","protected":false},"featured_media":20031,"template":"","meta":{"_monsterinsights_skip_tracking":false,"_monsterinsights_sitenote_active":false,"_monsterinsights_sitenote_note":"","_monsterinsights_sitenote_category":0},"product_cat":[1723,1923],"product_tag":[1736,1738,1950,1952,1951,1735,1729,1728,1726,1734],"yoast_head":"<!-- This site is optimized with the Yoast SEO plugin v22.1 - https:\/\/yoast.com\/wordpress\/plugins\/seo\/ -->\n<title>Geoboard avec porte-cartes - Woodinout \u00a9 Jouets Montessori<\/title>\n<meta name=\"description\" content=\"Les jouets en bois naturel sont les meilleurs pour les jeux imaginatifs et cr\u00e9atifs. Geoboard inspir\u00e9 de Montessori est exactement cela! Les enfants apprennent de mani\u00e8re amusante.\" \/>\n<meta name=\"robots\" content=\"index, follow, max-snippet:-1, max-image-preview:large, max-video-preview:-1\" \/>\n<link rel=\"canonical\" href=\"https:\/\/woodinout.net\/fr\/product\/geoboard-avec-porte-cartes\/\" \/>\n<meta property=\"og:locale\" content=\"fr_FR\" \/>\n<meta property=\"og:type\" content=\"article\" \/>\n<meta property=\"og:title\" content=\"Geoboard avec porte-cartes - Woodinout \u00a9 Jouets Montessori\" \/>\n<meta property=\"og:description\" content=\"Les jouets en bois naturel sont les meilleurs pour les jeux imaginatifs et cr\u00e9atifs. Geoboard inspir\u00e9 de Montessori est exactement cela! Les enfants apprennent de mani\u00e8re amusante.\" \/>\n<meta property=\"og:url\" content=\"https:\/\/woodinout.net\/fr\/product\/geoboard-avec-porte-cartes\/\" \/>\n<meta property=\"og:site_name\" content=\"Woodinout \u00a9\" \/>\n<meta property=\"article:modified_time\" content=\"2022-04-19T13:37:05+00:00\" \/>\n<meta property=\"og:image\" content=\"https:\/\/woodinout.net\/wp-content\/uploads\/2021\/03\/Pegs_board_with_cards_holder_3.jpg\" \/>\n\t<meta property=\"og:image:width\" content=\"1706\" \/>\n\t<meta property=\"og:image:height\" content=\"2560\" \/>\n\t<meta property=\"og:image:type\" content=\"image\/jpeg\" \/>\n<meta name=\"twitter:card\" content=\"summary_large_image\" \/>\n<meta name=\"twitter:label1\" content=\"Dur\u00e9e de lecture estim\u00e9e\" \/>\n\t<meta name=\"twitter:data1\" content=\"1 minute\" \/>\n<script type=\"application\/ld+json\" class=\"yoast-schema-graph\">{\"@context\":\"https:\/\/schema.org\",\"@graph\":[{\"@type\":\"WebPage\",\"@id\":\"https:\/\/woodinout.net\/fr\/product\/geoboard-avec-porte-cartes\/\",\"url\":\"https:\/\/woodinout.net\/fr\/product\/geoboard-avec-porte-cartes\/\",\"name\":\"Geoboard avec porte-cartes - Woodinout \u00a9 Jouets Montessori\",\"isPartOf\":{\"@id\":\"https:\/\/woodinout.net\/fr\/#website\"},\"datePublished\":\"2021-03-21T13:13:55+00:00\",\"dateModified\":\"2022-04-19T13:37:05+00:00\",\"description\":\"Les jouets en bois naturel sont les meilleurs pour les jeux imaginatifs et cr\u00e9atifs. Geoboard inspir\u00e9 de Montessori est exactement cela! Les enfants apprennent de mani\u00e8re amusante.\",\"breadcrumb\":{\"@id\":\"https:\/\/woodinout.net\/fr\/product\/geoboard-avec-porte-cartes\/#breadcrumb\"},\"inLanguage\":\"fr-FR\",\"potentialAction\":[{\"@type\":\"ReadAction\",\"target\":[\"https:\/\/woodinout.net\/fr\/product\/geoboard-avec-porte-cartes\/\"]}]},{\"@type\":\"BreadcrumbList\",\"@id\":\"https:\/\/woodinout.net\/fr\/product\/geoboard-avec-porte-cartes\/#breadcrumb\",\"itemListElement\":[{\"@type\":\"ListItem\",\"position\":1,\"name\":\"Home\",\"item\":\"https:\/\/woodinout.net\/fr\/\"},{\"@type\":\"ListItem\",\"position\":2,\"name\":\"Shop\",\"item\":\"https:\/\/woodinout.net\/shop\/\"},{\"@type\":\"ListItem\",\"position\":3,\"name\":\"Geoboard avec porte-cartes\"}]},{\"@type\":\"WebSite\",\"@id\":\"https:\/\/woodinout.net\/fr\/#website\",\"url\":\"https:\/\/woodinout.net\/fr\/\",\"name\":\"Woodinout \u00a9\",\"description\":\"Wooden Montessori toys, gifts, home and events decor details\",\"potentialAction\":[{\"@type\":\"SearchAction\",\"target\":{\"@type\":\"EntryPoint\",\"urlTemplate\":\"https:\/\/woodinout.net\/fr\/?s={search_term_string}\"},\"query-input\":\"required name=search_term_string\"}],\"inLanguage\":\"fr-FR\"}]}<\/script>\n<!-- \/ Yoast SEO plugin. -->","yoast_head_json":{"title":"Geoboard avec porte-cartes - Woodinout \u00a9 Jouets Montessori","description":"Les jouets en bois naturel sont les meilleurs pour les jeux imaginatifs et cr\u00e9atifs. Geoboard inspir\u00e9 de Montessori est exactement cela! Les enfants apprennent de mani\u00e8re amusante.","robots":{"index":"index","follow":"follow","max-snippet":"max-snippet:-1","max-image-preview":"max-image-preview:large","max-video-preview":"max-video-preview:-1"},"canonical":"https:\/\/woodinout.net\/fr\/product\/geoboard-avec-porte-cartes\/","og_locale":"fr_FR","og_type":"article","og_title":"Geoboard avec porte-cartes - Woodinout \u00a9 Jouets Montessori","og_description":"Les jouets en bois naturel sont les meilleurs pour les jeux imaginatifs et cr\u00e9atifs. Geoboard inspir\u00e9 de Montessori est exactement cela! Les enfants apprennent de mani\u00e8re amusante.","og_url":"https:\/\/woodinout.net\/fr\/product\/geoboard-avec-porte-cartes\/","og_site_name":"Woodinout \u00a9","article_modified_time":"2022-04-19T13:37:05+00:00","og_image":[{"width":1706,"height":2560,"url":"https:\/\/woodinout.net\/wp-content\/uploads\/2021\/03\/Pegs_board_with_cards_holder_3.jpg","type":"image\/jpeg"}],"twitter_card":"summary_large_image","twitter_misc":{"Dur\u00e9e de lecture estim\u00e9e":"1 minute"},"schema":{"@context":"https:\/\/schema.org","@graph":[{"@type":"WebPage","@id":"https:\/\/woodinout.net\/fr\/product\/geoboard-avec-porte-cartes\/","url":"https:\/\/woodinout.net\/fr\/product\/geoboard-avec-porte-cartes\/","name":"Geoboard avec porte-cartes - Woodinout \u00a9 Jouets Montessori","isPartOf":{"@id":"https:\/\/woodinout.net\/fr\/#website"},"datePublished":"2021-03-21T13:13:55+00:00","dateModified":"2022-04-19T13:37:05+00:00","description":"Les jouets en bois naturel sont les meilleurs pour les jeux imaginatifs et cr\u00e9atifs. Geoboard inspir\u00e9 de Montessori est exactement cela! Les enfants apprennent de mani\u00e8re amusante.","breadcrumb":{"@id":"https:\/\/woodinout.net\/fr\/product\/geoboard-avec-porte-cartes\/#breadcrumb"},"inLanguage":"fr-FR","potentialAction":[{"@type":"ReadAction","target":["https:\/\/woodinout.net\/fr\/product\/geoboard-avec-porte-cartes\/"]}]},{"@type":"BreadcrumbList","@id":"https:\/\/woodinout.net\/fr\/product\/geoboard-avec-porte-cartes\/#breadcrumb","itemListElement":[{"@type":"ListItem","position":1,"name":"Home","item":"https:\/\/woodinout.net\/fr\/"},{"@type":"ListItem","position":2,"name":"Shop","item":"https:\/\/woodinout.net\/shop\/"},{"@type":"ListItem","position":3,"name":"Geoboard avec porte-cartes"}]},{"@type":"WebSite","@id":"https:\/\/woodinout.net\/fr\/#website","url":"https:\/\/woodinout.net\/fr\/","name":"Woodinout \u00a9","description":"Wooden Montessori toys, gifts, home and events decor details","potentialAction":[{"@type":"SearchAction","target":{"@type":"EntryPoint","urlTemplate":"https:\/\/woodinout.net\/fr\/?s={search_term_string}"},"query-input":"required name=search_term_string"}],"inLanguage":"fr-FR"}]}},"_links":{"self":[{"href":"https:\/\/woodinout.net\/fr\/wp-json\/wp\/v2\/product\/21675"}],"collection":[{"href":"https:\/\/woodinout.net\/fr\/wp-json\/wp\/v2\/product"}],"about":[{"href":"https:\/\/woodinout.net\/fr\/wp-json\/wp\/v2\/types\/product"}],"wp:featuredmedia":[{"embeddable":true,"href":"https:\/\/woodinout.net\/fr\/wp-json\/wp\/v2\/media\/20031"}],"wp:attachment":[{"href":"https:\/\/woodinout.net\/fr\/wp-json\/wp\/v2\/media?parent=21675"}],"wp:term":[{"taxonomy":"product_cat","embeddable":true,"href":"https:\/\/woodinout.net\/fr\/wp-json\/wp\/v2\/product_cat?post=21675"},{"taxonomy":"product_tag","embeddable":true,"href":"https:\/\/woodinout.net\/fr\/wp-json\/wp\/v2\/product_tag?post=21675"}],"curies":[{"name":"wp","href":"https:\/\/api.w.org\/{rel}","templated":true}]}}