{"id":21673,"date":"2020-06-30T23:36:25","date_gmt":"2020-06-30T20:36:25","guid":{"rendered":"https:\/\/woodinout.net\/product\/petites-boules-en-bois\/"},"modified":"2022-04-28T11:14:39","modified_gmt":"2022-04-28T08:14:39","slug":"boules-en-bois-naturel","status":"publish","type":"product","link":"https:\/\/woodinout.net\/fr\/product\/boules-en-bois-naturel\/","title":{"rendered":"Petites boules en bois"},"content":{"rendered":"<p>Faites \u00e0 la main, respectueuses de l\u2019environnement, naturelles, petites boules en bois &#8211; c\u2019est un ajout \u00e0 nos jouets inspir\u00e9s Waldorf &amp; Montessori. Les perles en bois ont non seulement l\u2019air \u00e9l\u00e9gantes, mais ont de nombreux objectifs: apprendre les nombres et compter avec des perles est amusant et facile. Une simple boule en bois pourrait-elle \u00eatre un jouet \u00e9ducatif ? Jeux d\u2019apprentissage? OUI et les enfants ne remarqueront m\u00eame pas qu\u2019ils jouent et APPRENNENT. Jouez, touchez, triez, comptez &#8211; les jouets Montessori en bois naturel sont l\u00e0 pour vous occuper pendant un certain temps. Soyez libre d\u2019utiliser les balles s\u00e9par\u00e9ment ou de les combiner avec nos <a href=\"http:\/\/woodinout.net\/product-tag\/math-manipulatives\/\">manipulateurs de math\u00e9matiques respectueux de l\u2019environnement.<\/a><\/p>\n<p>Nous cr\u00e9ons nos jeux et jouets \u00e9ducatifs avec amour et passion. Nous prenons soin d\u2019eux autant que de nos clients, soyez les bienvenus pour nous envoyer un message. Faites partie de notre famille et r\u00e9alisez votre propre r\u00eave \u00e9cologique.<\/p>\n<div style=\"width: 1080px;\" class=\"wp-video\"><!--[if lt IE 9]><script>document.createElement('video');<\/script><![endif]-->\n<video class=\"wp-video-shortcode\" id=\"video-21673-1\" width=\"1080\" height=\"810\" preload=\"metadata\" controls=\"controls\"><source type=\"video\/mp4\" src=\"http:\/\/woodinout.net\/wp-content\/uploads\/2020\/06\/MEDINIS_8.mp4?_=1\" \/><a href=\"http:\/\/woodinout.net\/wp-content\/uploads\/2020\/06\/MEDINIS_8.mp4\">http:\/\/woodinout.net\/wp-content\/uploads\/2020\/06\/MEDINIS_8.mp4<\/a><\/video><\/div>\n<h3>TAILLE:<\/h3>\n<ul>\n<li>0,05 pouces de diam\u00e8tre<\/li>\n<\/ul>\n<h3>COULEURS ET MAT\u00c9RIAUX:<\/h3>\n<ul>\n<li>Couleur: naturel, marron<\/li>\n<li>Le jouet est fait de BOIS naturel.<\/li>\n<\/ul>\n<p>Veuillez noter que les couleurs peuvent varier en raison des param\u00e8tres de l\u2019\u00e9cran de l\u2019ordinateur et de l\u2019\u00e9claircissement.<\/p>\n<p>\u00a9 Woodinout. Tous les droits sont r\u00e9serv\u00e9s.<\/p>\n","protected":false},"excerpt":{"rendered":"<p>Faites \u00e0 la main, respectueuses de l\u2019environnement, naturelles, petites boules en bois &#8211; c\u2019est un ajout \u00e0 nos jouets inspir\u00e9s Waldorf &amp; Montessori. Les perles en bois ont non seulement l\u2019air \u00e9l\u00e9gantes, mais ont de nombreux objectifs: apprendre les nombres et compter avec des perles est amusant et facile. Une simple boule en bois pourrait-elle [&hellip;]<\/p>\n","protected":false},"featured_media":18383,"template":"","meta":{"_monsterinsights_skip_tracking":false,"_monsterinsights_sitenote_active":false,"_monsterinsights_sitenote_note":"","_monsterinsights_sitenote_category":0},"product_cat":[1834,1723,1941],"product_tag":[2281,1736,1738,1735,1729,1728,1726,1734,1904,2282],"yoast_head":"<!-- This site is optimized with the Yoast SEO plugin v22.1 - https:\/\/yoast.com\/wordpress\/plugins\/seo\/ -->\n<title>Petites boules en bois - Woodinout \u00a9 Jouets Montessori<\/title>\n<meta name=\"description\" content=\"Faites \u00e0 la main, respectueuses de l\u2019environnement, naturelles, petites boules en bois - c\u2019est un ajout \u00e0 nos jouets inspir\u00e9s Waldorf &amp; Montessori. Compter, trier, toucher - Jouez!\" \/>\n<meta name=\"robots\" content=\"index, follow, max-snippet:-1, max-image-preview:large, max-video-preview:-1\" \/>\n<link rel=\"canonical\" href=\"https:\/\/woodinout.net\/fr\/product\/boules-en-bois-naturel\/\" \/>\n<meta property=\"og:locale\" content=\"fr_FR\" \/>\n<meta property=\"og:type\" content=\"article\" \/>\n<meta property=\"og:title\" content=\"Petites boules en bois - Woodinout \u00a9 Jouets Montessori\" \/>\n<meta property=\"og:description\" content=\"Faites \u00e0 la main, respectueuses de l\u2019environnement, naturelles, petites boules en bois - c\u2019est un ajout \u00e0 nos jouets inspir\u00e9s Waldorf &amp; Montessori. Compter, trier, toucher - Jouez!\" \/>\n<meta property=\"og:url\" content=\"https:\/\/woodinout.net\/fr\/product\/boules-en-bois-naturel\/\" \/>\n<meta property=\"og:site_name\" content=\"Woodinout \u00a9\" \/>\n<meta property=\"article:modified_time\" content=\"2022-04-28T08:14:39+00:00\" \/>\n<meta property=\"og:image\" content=\"https:\/\/woodinout.net\/wp-content\/uploads\/2020\/06\/Natural-Wooden-beads.jpg\" \/>\n\t<meta property=\"og:image:width\" content=\"853\" \/>\n\t<meta property=\"og:image:height\" content=\"1280\" \/>\n\t<meta property=\"og:image:type\" content=\"image\/jpeg\" \/>\n<meta name=\"twitter:card\" content=\"summary_large_image\" \/>\n<meta name=\"twitter:label1\" content=\"Dur\u00e9e de lecture estim\u00e9e\" \/>\n\t<meta name=\"twitter:data1\" content=\"1 minute\" \/>\n<script type=\"application\/ld+json\" class=\"yoast-schema-graph\">{\"@context\":\"https:\/\/schema.org\",\"@graph\":[{\"@type\":\"WebPage\",\"@id\":\"https:\/\/woodinout.net\/fr\/product\/boules-en-bois-naturel\/\",\"url\":\"https:\/\/woodinout.net\/fr\/product\/boules-en-bois-naturel\/\",\"name\":\"Petites boules en bois - Woodinout \u00a9 Jouets Montessori\",\"isPartOf\":{\"@id\":\"https:\/\/woodinout.net\/fr\/#website\"},\"datePublished\":\"2020-06-30T20:36:25+00:00\",\"dateModified\":\"2022-04-28T08:14:39+00:00\",\"description\":\"Faites \u00e0 la main, respectueuses de l\u2019environnement, naturelles, petites boules en bois - c\u2019est un ajout \u00e0 nos jouets inspir\u00e9s Waldorf & Montessori. Compter, trier, toucher - Jouez!\",\"breadcrumb\":{\"@id\":\"https:\/\/woodinout.net\/fr\/product\/boules-en-bois-naturel\/#breadcrumb\"},\"inLanguage\":\"fr-FR\",\"potentialAction\":[{\"@type\":\"ReadAction\",\"target\":[\"https:\/\/woodinout.net\/fr\/product\/boules-en-bois-naturel\/\"]}]},{\"@type\":\"BreadcrumbList\",\"@id\":\"https:\/\/woodinout.net\/fr\/product\/boules-en-bois-naturel\/#breadcrumb\",\"itemListElement\":[{\"@type\":\"ListItem\",\"position\":1,\"name\":\"Home\",\"item\":\"https:\/\/woodinout.net\/fr\/\"},{\"@type\":\"ListItem\",\"position\":2,\"name\":\"Shop\",\"item\":\"https:\/\/woodinout.net\/shop\/\"},{\"@type\":\"ListItem\",\"position\":3,\"name\":\"Petites boules en bois\"}]},{\"@type\":\"WebSite\",\"@id\":\"https:\/\/woodinout.net\/fr\/#website\",\"url\":\"https:\/\/woodinout.net\/fr\/\",\"name\":\"Woodinout \u00a9\",\"description\":\"Wooden Montessori toys, gifts, home and events decor details\",\"potentialAction\":[{\"@type\":\"SearchAction\",\"target\":{\"@type\":\"EntryPoint\",\"urlTemplate\":\"https:\/\/woodinout.net\/fr\/?s={search_term_string}\"},\"query-input\":\"required name=search_term_string\"}],\"inLanguage\":\"fr-FR\"}]}<\/script>\n<!-- \/ Yoast SEO plugin. -->","yoast_head_json":{"title":"Petites boules en bois - Woodinout \u00a9 Jouets Montessori","description":"Faites \u00e0 la main, respectueuses de l\u2019environnement, naturelles, petites boules en bois - c\u2019est un ajout \u00e0 nos jouets inspir\u00e9s Waldorf & Montessori. Compter, trier, toucher - Jouez!","robots":{"index":"index","follow":"follow","max-snippet":"max-snippet:-1","max-image-preview":"max-image-preview:large","max-video-preview":"max-video-preview:-1"},"canonical":"https:\/\/woodinout.net\/fr\/product\/boules-en-bois-naturel\/","og_locale":"fr_FR","og_type":"article","og_title":"Petites boules en bois - Woodinout \u00a9 Jouets Montessori","og_description":"Faites \u00e0 la main, respectueuses de l\u2019environnement, naturelles, petites boules en bois - c\u2019est un ajout \u00e0 nos jouets inspir\u00e9s Waldorf & Montessori. Compter, trier, toucher - Jouez!","og_url":"https:\/\/woodinout.net\/fr\/product\/boules-en-bois-naturel\/","og_site_name":"Woodinout \u00a9","article_modified_time":"2022-04-28T08:14:39+00:00","og_image":[{"width":853,"height":1280,"url":"https:\/\/woodinout.net\/wp-content\/uploads\/2020\/06\/Natural-Wooden-beads.jpg","type":"image\/jpeg"}],"twitter_card":"summary_large_image","twitter_misc":{"Dur\u00e9e de lecture estim\u00e9e":"1 minute"},"schema":{"@context":"https:\/\/schema.org","@graph":[{"@type":"WebPage","@id":"https:\/\/woodinout.net\/fr\/product\/boules-en-bois-naturel\/","url":"https:\/\/woodinout.net\/fr\/product\/boules-en-bois-naturel\/","name":"Petites boules en bois - Woodinout \u00a9 Jouets Montessori","isPartOf":{"@id":"https:\/\/woodinout.net\/fr\/#website"},"datePublished":"2020-06-30T20:36:25+00:00","dateModified":"2022-04-28T08:14:39+00:00","description":"Faites \u00e0 la main, respectueuses de l\u2019environnement, naturelles, petites boules en bois - c\u2019est un ajout \u00e0 nos jouets inspir\u00e9s Waldorf & Montessori. Compter, trier, toucher - Jouez!","breadcrumb":{"@id":"https:\/\/woodinout.net\/fr\/product\/boules-en-bois-naturel\/#breadcrumb"},"inLanguage":"fr-FR","potentialAction":[{"@type":"ReadAction","target":["https:\/\/woodinout.net\/fr\/product\/boules-en-bois-naturel\/"]}]},{"@type":"BreadcrumbList","@id":"https:\/\/woodinout.net\/fr\/product\/boules-en-bois-naturel\/#breadcrumb","itemListElement":[{"@type":"ListItem","position":1,"name":"Home","item":"https:\/\/woodinout.net\/fr\/"},{"@type":"ListItem","position":2,"name":"Shop","item":"https:\/\/woodinout.net\/shop\/"},{"@type":"ListItem","position":3,"name":"Petites boules en bois"}]},{"@type":"WebSite","@id":"https:\/\/woodinout.net\/fr\/#website","url":"https:\/\/woodinout.net\/fr\/","name":"Woodinout \u00a9","description":"Wooden Montessori toys, gifts, home and events decor details","potentialAction":[{"@type":"SearchAction","target":{"@type":"EntryPoint","urlTemplate":"https:\/\/woodinout.net\/fr\/?s={search_term_string}"},"query-input":"required name=search_term_string"}],"inLanguage":"fr-FR"}]}},"_links":{"self":[{"href":"https:\/\/woodinout.net\/fr\/wp-json\/wp\/v2\/product\/21673"}],"collection":[{"href":"https:\/\/woodinout.net\/fr\/wp-json\/wp\/v2\/product"}],"about":[{"href":"https:\/\/woodinout.net\/fr\/wp-json\/wp\/v2\/types\/product"}],"wp:featuredmedia":[{"embeddable":true,"href":"https:\/\/woodinout.net\/fr\/wp-json\/wp\/v2\/media\/18383"}],"wp:attachment":[{"href":"https:\/\/woodinout.net\/fr\/wp-json\/wp\/v2\/media?parent=21673"}],"wp:term":[{"taxonomy":"product_cat","embeddable":true,"href":"https:\/\/woodinout.net\/fr\/wp-json\/wp\/v2\/product_cat?post=21673"},{"taxonomy":"product_tag","embeddable":true,"href":"https:\/\/woodinout.net\/fr\/wp-json\/wp\/v2\/product_tag?post=21673"}],"curies":[{"name":"wp","href":"https:\/\/api.w.org\/{rel}","templated":true}]}}