{"id":21668,"date":"2020-06-30T23:05:16","date_gmt":"2020-06-30T20:05:16","guid":{"rendered":"https:\/\/woodinout.net\/product\/jouet-dapprentissage-fractions\/"},"modified":"2022-04-22T12:27:39","modified_gmt":"2022-04-22T09:27:39","slug":"montessori-math-fractions-learning-toys","status":"publish","type":"product","link":"https:\/\/woodinout.net\/fr\/product\/montessori-math-fractions-learning-toys\/","title":{"rendered":"Jouet d\u2019apprentissage fractions"},"content":{"rendered":"<h1>Jouet d\u2019apprentissage fractions<\/h1>\n<p>est l\u2019un de nos jouets math\u00e9matiques Montessori en bois. C\u2019est ce que nous faisons le mieux. Absolument \u00e9l\u00e9gant et correctement fait \u00e0 la main avec des mat\u00e9riaux de la meilleure qualit\u00e9. Les jeux de math\u00e9matiques d\u2019apprentissage en bois pour les enfants sont certainement les meilleurs cadeaux de math\u00e9matiques pr\u00e9scolaires pour les enfants, croyez-moi, les parents vous remercieront. Tout simplement comme ce jouet d\u2019apprentissage des fractions en bois devient planaire d\u2019angle + fractions, nombres et outil de comptage pour un jeu FACILE, AMUSANT ET PR\u00c9CIEUX.<\/p>\n<p>Le kit contient :<br \/>\nPlanche de bois<br \/>\n32 Fractions : 12 de 1\/12, 8 de 1\/8, 6 de 1\/6, 4 de 1\/4, 2 de 1\/2. (Contreplaqu\u00e9 0,12 \u00e9paisseur)<\/p>\n<p>TAILLE<\/p>\n<p>Carte principale<br \/>\nDiam\u00e8tre: ~ 6 pouces<br \/>\n\u00c9paisseur: ~ 0,6 pouces<\/p>\n<p>COULEURS ET MAT\u00c9RIAUX<br \/>\nCouleur: brun fonc\u00e9 et huil\u00e9 naturel.<br \/>\nLe jouet est fait de BOIS MASSIF NATUREL et de contreplaqu\u00e9.<br \/>\nVeuillez noter que les couleurs peuvent varier en raison des param\u00e8tres de l\u2019\u00e9cran de l\u2019ordinateur et de l\u2019\u00e9claircissement.<\/p>\n","protected":false},"excerpt":{"rendered":"<p>Jouet d\u2019apprentissage fractions est l\u2019un de nos jouets math\u00e9matiques Montessori en bois. C\u2019est ce que nous faisons le mieux. Absolument \u00e9l\u00e9gant et correctement fait \u00e0 la main avec des mat\u00e9riaux de la meilleure qualit\u00e9. Les jeux de math\u00e9matiques d\u2019apprentissage en bois pour les enfants sont certainement les meilleurs cadeaux de math\u00e9matiques pr\u00e9scolaires pour les enfants, [&hellip;]<\/p>\n","protected":false},"featured_media":18327,"template":"","meta":{"_monsterinsights_skip_tracking":false,"_monsterinsights_sitenote_active":false,"_monsterinsights_sitenote_note":"","_monsterinsights_sitenote_category":0},"product_cat":[1834,1723],"product_tag":[1841,1736,1738,2272,2274,1735,1729,1728,1726,1842,1734,1904],"yoast_head":"<!-- This site is optimized with the Yoast SEO plugin v22.1 - https:\/\/yoast.com\/wordpress\/plugins\/seo\/ -->\n<title>Jouet d\u2019apprentissage fractions - Woodinout \u00a9 Jouets Montessori<\/title>\n<meta name=\"description\" content=\"Le jouet d\u2019apprentissage des fractions en bois devient un angle planaire + fractions, nombres et outil de comptage pour un jeu FACILE, AMUSANT ET PR\u00c9CIEUX.\" \/>\n<meta name=\"robots\" content=\"index, follow, max-snippet:-1, max-image-preview:large, max-video-preview:-1\" \/>\n<link rel=\"canonical\" href=\"https:\/\/woodinout.net\/fr\/product\/montessori-math-fractions-learning-toys\/\" \/>\n<meta property=\"og:locale\" content=\"fr_FR\" \/>\n<meta property=\"og:type\" content=\"article\" \/>\n<meta property=\"og:title\" content=\"Jouet d\u2019apprentissage fractions - Woodinout \u00a9 Jouets Montessori\" \/>\n<meta property=\"og:description\" content=\"Le jouet d\u2019apprentissage des fractions en bois devient un angle planaire + fractions, nombres et outil de comptage pour un jeu FACILE, AMUSANT ET PR\u00c9CIEUX.\" \/>\n<meta property=\"og:url\" content=\"https:\/\/woodinout.net\/fr\/product\/montessori-math-fractions-learning-toys\/\" \/>\n<meta property=\"og:site_name\" content=\"Woodinout \u00a9\" \/>\n<meta property=\"article:modified_time\" content=\"2022-04-22T09:27:39+00:00\" \/>\n<meta property=\"og:image\" content=\"https:\/\/woodinout.net\/wp-content\/uploads\/2020\/06\/Montessori-math-fractions-learning-toys-1.jpg\" \/>\n\t<meta property=\"og:image:width\" content=\"853\" \/>\n\t<meta property=\"og:image:height\" content=\"1280\" \/>\n\t<meta property=\"og:image:type\" content=\"image\/jpeg\" \/>\n<meta name=\"twitter:card\" content=\"summary_large_image\" \/>\n<meta name=\"twitter:label1\" content=\"Dur\u00e9e de lecture estim\u00e9e\" \/>\n\t<meta name=\"twitter:data1\" content=\"1 minute\" \/>\n<script type=\"application\/ld+json\" class=\"yoast-schema-graph\">{\"@context\":\"https:\/\/schema.org\",\"@graph\":[{\"@type\":\"WebPage\",\"@id\":\"https:\/\/woodinout.net\/fr\/product\/montessori-math-fractions-learning-toys\/\",\"url\":\"https:\/\/woodinout.net\/fr\/product\/montessori-math-fractions-learning-toys\/\",\"name\":\"Jouet d\u2019apprentissage fractions - Woodinout \u00a9 Jouets Montessori\",\"isPartOf\":{\"@id\":\"https:\/\/woodinout.net\/fr\/#website\"},\"datePublished\":\"2020-06-30T20:05:16+00:00\",\"dateModified\":\"2022-04-22T09:27:39+00:00\",\"description\":\"Le jouet d\u2019apprentissage des fractions en bois devient un angle planaire + fractions, nombres et outil de comptage pour un jeu FACILE, AMUSANT ET PR\u00c9CIEUX.\",\"breadcrumb\":{\"@id\":\"https:\/\/woodinout.net\/fr\/product\/montessori-math-fractions-learning-toys\/#breadcrumb\"},\"inLanguage\":\"fr-FR\",\"potentialAction\":[{\"@type\":\"ReadAction\",\"target\":[\"https:\/\/woodinout.net\/fr\/product\/montessori-math-fractions-learning-toys\/\"]}]},{\"@type\":\"BreadcrumbList\",\"@id\":\"https:\/\/woodinout.net\/fr\/product\/montessori-math-fractions-learning-toys\/#breadcrumb\",\"itemListElement\":[{\"@type\":\"ListItem\",\"position\":1,\"name\":\"Home\",\"item\":\"https:\/\/woodinout.net\/fr\/\"},{\"@type\":\"ListItem\",\"position\":2,\"name\":\"Shop\",\"item\":\"https:\/\/woodinout.net\/shop\/\"},{\"@type\":\"ListItem\",\"position\":3,\"name\":\"Jouet d\u2019apprentissage fractions\"}]},{\"@type\":\"WebSite\",\"@id\":\"https:\/\/woodinout.net\/fr\/#website\",\"url\":\"https:\/\/woodinout.net\/fr\/\",\"name\":\"Woodinout \u00a9\",\"description\":\"Wooden Montessori toys, gifts, home and events decor details\",\"potentialAction\":[{\"@type\":\"SearchAction\",\"target\":{\"@type\":\"EntryPoint\",\"urlTemplate\":\"https:\/\/woodinout.net\/fr\/?s={search_term_string}\"},\"query-input\":\"required name=search_term_string\"}],\"inLanguage\":\"fr-FR\"}]}<\/script>\n<!-- \/ Yoast SEO plugin. -->","yoast_head_json":{"title":"Jouet d\u2019apprentissage fractions - Woodinout \u00a9 Jouets Montessori","description":"Le jouet d\u2019apprentissage des fractions en bois devient un angle planaire + fractions, nombres et outil de comptage pour un jeu FACILE, AMUSANT ET PR\u00c9CIEUX.","robots":{"index":"index","follow":"follow","max-snippet":"max-snippet:-1","max-image-preview":"max-image-preview:large","max-video-preview":"max-video-preview:-1"},"canonical":"https:\/\/woodinout.net\/fr\/product\/montessori-math-fractions-learning-toys\/","og_locale":"fr_FR","og_type":"article","og_title":"Jouet d\u2019apprentissage fractions - Woodinout \u00a9 Jouets Montessori","og_description":"Le jouet d\u2019apprentissage des fractions en bois devient un angle planaire + fractions, nombres et outil de comptage pour un jeu FACILE, AMUSANT ET PR\u00c9CIEUX.","og_url":"https:\/\/woodinout.net\/fr\/product\/montessori-math-fractions-learning-toys\/","og_site_name":"Woodinout \u00a9","article_modified_time":"2022-04-22T09:27:39+00:00","og_image":[{"width":853,"height":1280,"url":"https:\/\/woodinout.net\/wp-content\/uploads\/2020\/06\/Montessori-math-fractions-learning-toys-1.jpg","type":"image\/jpeg"}],"twitter_card":"summary_large_image","twitter_misc":{"Dur\u00e9e de lecture estim\u00e9e":"1 minute"},"schema":{"@context":"https:\/\/schema.org","@graph":[{"@type":"WebPage","@id":"https:\/\/woodinout.net\/fr\/product\/montessori-math-fractions-learning-toys\/","url":"https:\/\/woodinout.net\/fr\/product\/montessori-math-fractions-learning-toys\/","name":"Jouet d\u2019apprentissage fractions - Woodinout \u00a9 Jouets Montessori","isPartOf":{"@id":"https:\/\/woodinout.net\/fr\/#website"},"datePublished":"2020-06-30T20:05:16+00:00","dateModified":"2022-04-22T09:27:39+00:00","description":"Le jouet d\u2019apprentissage des fractions en bois devient un angle planaire + fractions, nombres et outil de comptage pour un jeu FACILE, AMUSANT ET PR\u00c9CIEUX.","breadcrumb":{"@id":"https:\/\/woodinout.net\/fr\/product\/montessori-math-fractions-learning-toys\/#breadcrumb"},"inLanguage":"fr-FR","potentialAction":[{"@type":"ReadAction","target":["https:\/\/woodinout.net\/fr\/product\/montessori-math-fractions-learning-toys\/"]}]},{"@type":"BreadcrumbList","@id":"https:\/\/woodinout.net\/fr\/product\/montessori-math-fractions-learning-toys\/#breadcrumb","itemListElement":[{"@type":"ListItem","position":1,"name":"Home","item":"https:\/\/woodinout.net\/fr\/"},{"@type":"ListItem","position":2,"name":"Shop","item":"https:\/\/woodinout.net\/shop\/"},{"@type":"ListItem","position":3,"name":"Jouet d\u2019apprentissage fractions"}]},{"@type":"WebSite","@id":"https:\/\/woodinout.net\/fr\/#website","url":"https:\/\/woodinout.net\/fr\/","name":"Woodinout \u00a9","description":"Wooden Montessori toys, gifts, home and events decor details","potentialAction":[{"@type":"SearchAction","target":{"@type":"EntryPoint","urlTemplate":"https:\/\/woodinout.net\/fr\/?s={search_term_string}"},"query-input":"required name=search_term_string"}],"inLanguage":"fr-FR"}]}},"_links":{"self":[{"href":"https:\/\/woodinout.net\/fr\/wp-json\/wp\/v2\/product\/21668"}],"collection":[{"href":"https:\/\/woodinout.net\/fr\/wp-json\/wp\/v2\/product"}],"about":[{"href":"https:\/\/woodinout.net\/fr\/wp-json\/wp\/v2\/types\/product"}],"wp:featuredmedia":[{"embeddable":true,"href":"https:\/\/woodinout.net\/fr\/wp-json\/wp\/v2\/media\/18327"}],"wp:attachment":[{"href":"https:\/\/woodinout.net\/fr\/wp-json\/wp\/v2\/media?parent=21668"}],"wp:term":[{"taxonomy":"product_cat","embeddable":true,"href":"https:\/\/woodinout.net\/fr\/wp-json\/wp\/v2\/product_cat?post=21668"},{"taxonomy":"product_tag","embeddable":true,"href":"https:\/\/woodinout.net\/fr\/wp-json\/wp\/v2\/product_tag?post=21668"}],"curies":[{"name":"wp","href":"https:\/\/api.w.org\/{rel}","templated":true}]}}