{"id":21667,"date":"2020-06-29T23:14:46","date_gmt":"2020-06-29T20:14:46","guid":{"rendered":"https:\/\/woodinout.net\/product\/bac-a-sable-montessori\/"},"modified":"2022-04-28T09:46:13","modified_gmt":"2022-04-28T06:46:13","slug":"unique-sand-tray-by-montessori-waldorf-toys","status":"publish","type":"product","link":"https:\/\/woodinout.net\/fr\/product\/unique-sand-tray-by-montessori-waldorf-toys\/","title":{"rendered":"Bac \u00e0 sable Montessori"},"content":{"rendered":"<p>Le bac \u00e0 sable Montessori original et unique a de nombreuses raisons:<\/p>\n<p>1. Mettez du sable dedans &#8211; ajoutez des lettres en bois \u00e0 l\u2019avance et tracez les doigts de l\u2019alphabet Montessori m\u00e9thode.<br \/>\n2. Remplissez diff\u00e9rentes bo\u00eetes de perles de pierre, ajoutez des cartes de num\u00e9ros de bois \u00e0 l\u2019avance &#8211; vous pouvez trier les pierres ou les poser en forme de chiffres.<br \/>\n3. Utilis\u00e9 comme plateau de perles avec des perles de comptage. Ajoutez 10 cartes de petits doigts \u00e0 l\u2019avance et laissez les enfants choisir combien de perles ajoutent dans le plateau.<\/p>\n<p>Inspir\u00e9 par Montessori, les cadeaux pour b\u00e9b\u00e9 sont tr\u00e8s appr\u00e9ci\u00e9s par les parents, si vous le souhaitez, nous pouvons ajouter la PERSONNALISATION \ud83d\ude42 Tous nos jouets en bois sont faits \u00e0 la main et respectueux de l\u2019environnement pour jouer et apprendre en toute s\u00e9curit\u00e9.<\/p>\n<p>Le kit contient :<br \/>\n1 pi\u00e8ces. plateau<\/p>\n<p>Vous pouvez choisir parmi 5 OPTIONS:<br \/>\nR : Plateau uniquement<br \/>\nB: 26 pi\u00e8ces. cartes de lettres en contreplaqu\u00e9 en bois, dimension: ~ 1,8 x 1,8 pouces, \u00e9paisseur ~ 0,12 pouces<br \/>\nC: 2&#215;26 pi\u00e8ces. cartes de lettres en contreplaqu\u00e9 en bois, dimension: ~ 1,8 x 1,8 pouces, \u00e9paisseur ~ 0,12 pouces<br \/>\nD: 23 pcs.: num\u00e9ros de contreplaqu\u00e9 en bois 1-20 et 3 symboles (+-=) cartes, dimension: ~ 1,8 x 1,8 pouces, \u00e9paisseur ~ 0,12 pouces<br \/>\nE: 10 pi\u00e8ces. cartes en contreplaqu\u00e9 avec doigts num\u00e9ros images, dimension: ~ 1,8 x 1,8 pouces, \u00e9paisseur ~ 0,12 pouces<\/p>\n<p>SI VOUS AVEZ BESOIN D\u2019UN AUTRE TYPE OU DE CARTES SUPPL\u00c9MENTAIRES, VOUS POUVEZ L\u2019ACHETER ICI:<br \/>\n<a href=\"https:\/\/woodinout.net\/product\/wooden-letters-alphabet-blocks\/\">26 pi\u00e8ces. cartes de lettres en contreplaqu\u00e9 en bois, dimension: ~ 1,8 x 1,8 pouces, \u00e9paisseur ~ 0,12 pouces<\/a><br \/>\n<a href=\"https:\/\/woodinout.net\/product\/wooden-number-blocks\/\">23 pcs.: num\u00e9ros de contreplaqu\u00e9 en bois 1-20 et 3 symboles (+-=) cartes, dimension: ~ 1,8 x 1,8 pouces, \u00e9paisseur ~ 0,12 pouces<\/a><br \/>\n<a href=\"https:\/\/woodinout.net\/product\/wooden-finger-counting-blocks\/\">10 pi\u00e8ces. cartes en contreplaqu\u00e9 avec doigts num\u00e9ros images, dimension: ~ 1,8 x 1,8 pouces, \u00e9paisseur ~ 0,12 pouces<\/a><br \/>\n<a href=\"https:\/\/woodinout.net\/product\/wooden-counting-object-blocks\/\">10 pi\u00e8ces. cartes en contreplaqu\u00e9 avec diff\u00e9rents nombres d\u2019images, dimension: ~ 1,8 x 1,8 pouces, \u00e9paisseur ~ 0,12 pouces<\/a><\/p>\n<p>DIMENSIONS DES CARTES<br \/>\n6 x 10 pouces<br \/>\n\u00c9paisseur: ~ 0,6 pouces<\/p>\n<p>COULEURS ET MAT\u00c9RIAUX<br \/>\nCOULEUR DE LA PLANCHE: naturel ou brun huil\u00e9. Cartes\/blocs uniquement de couleur naturelle.<br \/>\nLa planche est en BOIS MASSIF NATUREL.<br \/>\nVeuillez noter que les couleurs peuvent varier en raison des param\u00e8tres de l\u2019\u00e9cran de l\u2019ordinateur et de l\u2019\u00e9claircissement.<\/p>\n<p>Pour plus d\u2019id\u00e9es, suivez-nous sur <a href=\"https:\/\/www.instagram.com\/woodinout\/\">INSTAGRAM<\/a> &amp; <a href=\"https:\/\/www.facebook.com\/Woodinout.net\">FACEBOOK<\/a><\/p>\n","protected":false},"excerpt":{"rendered":"<p>Le bac \u00e0 sable Montessori original et unique a de nombreuses raisons: 1. Mettez du sable dedans &#8211; ajoutez des lettres en bois \u00e0 l\u2019avance et tracez les doigts de l\u2019alphabet Montessori m\u00e9thode. 2. Remplissez diff\u00e9rentes bo\u00eetes de perles de pierre, ajoutez des cartes de num\u00e9ros de bois \u00e0 l\u2019avance &#8211; vous pouvez trier les [&hellip;]<\/p>\n","protected":false},"featured_media":18247,"template":"","meta":{"_monsterinsights_skip_tracking":false,"_monsterinsights_sitenote_active":false,"_monsterinsights_sitenote_note":"","_monsterinsights_sitenote_category":0},"product_cat":[1723,1725,1923],"product_tag":[2278,1736,1738,1751,1735,1729,1835,1728,1726,1838,1734,1749],"yoast_head":"<!-- This site is optimized with the Yoast SEO plugin v22.1 - https:\/\/yoast.com\/wordpress\/plugins\/seo\/ -->\n<title>Bac \u00e0 sable Montessori - Woodinout \u00a9 Learning toys shop<\/title>\n<meta name=\"description\" content=\"Le bac \u00e0 sable Montessori a de nombreux objectifs - apprendre, jouer, poser des objets, tracer des lettres ou des chiffres et bien d\u2019autres activit\u00e9s avec un jouet Montessori.\" \/>\n<meta name=\"robots\" content=\"index, follow, max-snippet:-1, max-image-preview:large, max-video-preview:-1\" \/>\n<link rel=\"canonical\" href=\"https:\/\/woodinout.net\/fr\/product\/unique-sand-tray-by-montessori-waldorf-toys\/\" \/>\n<meta property=\"og:locale\" content=\"fr_FR\" \/>\n<meta property=\"og:type\" content=\"article\" \/>\n<meta property=\"og:title\" content=\"Bac \u00e0 sable Montessori - Woodinout \u00a9 Learning toys shop\" \/>\n<meta property=\"og:description\" content=\"Le bac \u00e0 sable Montessori a de nombreux objectifs - apprendre, jouer, poser des objets, tracer des lettres ou des chiffres et bien d\u2019autres activit\u00e9s avec un jouet Montessori.\" \/>\n<meta property=\"og:url\" content=\"https:\/\/woodinout.net\/fr\/product\/unique-sand-tray-by-montessori-waldorf-toys\/\" \/>\n<meta property=\"og:site_name\" content=\"Woodinout \u00a9\" \/>\n<meta property=\"article:modified_time\" content=\"2022-04-28T06:46:13+00:00\" \/>\n<meta property=\"og:image\" content=\"https:\/\/woodinout.net\/wp-content\/uploads\/2020\/06\/Unique-sand-tray-by-Montessori-Waldorf-toys-2.jpg\" \/>\n\t<meta property=\"og:image:width\" content=\"853\" \/>\n\t<meta property=\"og:image:height\" content=\"1280\" \/>\n\t<meta property=\"og:image:type\" content=\"image\/jpeg\" \/>\n<meta name=\"twitter:card\" content=\"summary_large_image\" \/>\n<meta name=\"twitter:label1\" content=\"Dur\u00e9e de lecture estim\u00e9e\" \/>\n\t<meta name=\"twitter:data1\" content=\"2 minutes\" \/>\n<script type=\"application\/ld+json\" class=\"yoast-schema-graph\">{\"@context\":\"https:\/\/schema.org\",\"@graph\":[{\"@type\":\"WebPage\",\"@id\":\"https:\/\/woodinout.net\/fr\/product\/unique-sand-tray-by-montessori-waldorf-toys\/\",\"url\":\"https:\/\/woodinout.net\/fr\/product\/unique-sand-tray-by-montessori-waldorf-toys\/\",\"name\":\"Bac \u00e0 sable Montessori - Woodinout \u00a9 Learning toys shop\",\"isPartOf\":{\"@id\":\"https:\/\/woodinout.net\/fr\/#website\"},\"datePublished\":\"2020-06-29T20:14:46+00:00\",\"dateModified\":\"2022-04-28T06:46:13+00:00\",\"description\":\"Le bac \u00e0 sable Montessori a de nombreux objectifs - apprendre, jouer, poser des objets, tracer des lettres ou des chiffres et bien d\u2019autres activit\u00e9s avec un jouet Montessori.\",\"breadcrumb\":{\"@id\":\"https:\/\/woodinout.net\/fr\/product\/unique-sand-tray-by-montessori-waldorf-toys\/#breadcrumb\"},\"inLanguage\":\"fr-FR\",\"potentialAction\":[{\"@type\":\"ReadAction\",\"target\":[\"https:\/\/woodinout.net\/fr\/product\/unique-sand-tray-by-montessori-waldorf-toys\/\"]}]},{\"@type\":\"BreadcrumbList\",\"@id\":\"https:\/\/woodinout.net\/fr\/product\/unique-sand-tray-by-montessori-waldorf-toys\/#breadcrumb\",\"itemListElement\":[{\"@type\":\"ListItem\",\"position\":1,\"name\":\"Home\",\"item\":\"https:\/\/woodinout.net\/fr\/\"},{\"@type\":\"ListItem\",\"position\":2,\"name\":\"Shop\",\"item\":\"https:\/\/woodinout.net\/shop\/\"},{\"@type\":\"ListItem\",\"position\":3,\"name\":\"Bac \u00e0 sable Montessori\"}]},{\"@type\":\"WebSite\",\"@id\":\"https:\/\/woodinout.net\/fr\/#website\",\"url\":\"https:\/\/woodinout.net\/fr\/\",\"name\":\"Woodinout \u00a9\",\"description\":\"Wooden Montessori toys, gifts, home and events decor details\",\"potentialAction\":[{\"@type\":\"SearchAction\",\"target\":{\"@type\":\"EntryPoint\",\"urlTemplate\":\"https:\/\/woodinout.net\/fr\/?s={search_term_string}\"},\"query-input\":\"required name=search_term_string\"}],\"inLanguage\":\"fr-FR\"}]}<\/script>\n<!-- \/ Yoast SEO plugin. -->","yoast_head_json":{"title":"Bac \u00e0 sable Montessori - Woodinout \u00a9 Learning toys shop","description":"Le bac \u00e0 sable Montessori a de nombreux objectifs - apprendre, jouer, poser des objets, tracer des lettres ou des chiffres et bien d\u2019autres activit\u00e9s avec un jouet Montessori.","robots":{"index":"index","follow":"follow","max-snippet":"max-snippet:-1","max-image-preview":"max-image-preview:large","max-video-preview":"max-video-preview:-1"},"canonical":"https:\/\/woodinout.net\/fr\/product\/unique-sand-tray-by-montessori-waldorf-toys\/","og_locale":"fr_FR","og_type":"article","og_title":"Bac \u00e0 sable Montessori - Woodinout \u00a9 Learning toys shop","og_description":"Le bac \u00e0 sable Montessori a de nombreux objectifs - apprendre, jouer, poser des objets, tracer des lettres ou des chiffres et bien d\u2019autres activit\u00e9s avec un jouet Montessori.","og_url":"https:\/\/woodinout.net\/fr\/product\/unique-sand-tray-by-montessori-waldorf-toys\/","og_site_name":"Woodinout \u00a9","article_modified_time":"2022-04-28T06:46:13+00:00","og_image":[{"width":853,"height":1280,"url":"https:\/\/woodinout.net\/wp-content\/uploads\/2020\/06\/Unique-sand-tray-by-Montessori-Waldorf-toys-2.jpg","type":"image\/jpeg"}],"twitter_card":"summary_large_image","twitter_misc":{"Dur\u00e9e de lecture estim\u00e9e":"2 minutes"},"schema":{"@context":"https:\/\/schema.org","@graph":[{"@type":"WebPage","@id":"https:\/\/woodinout.net\/fr\/product\/unique-sand-tray-by-montessori-waldorf-toys\/","url":"https:\/\/woodinout.net\/fr\/product\/unique-sand-tray-by-montessori-waldorf-toys\/","name":"Bac \u00e0 sable Montessori - Woodinout \u00a9 Learning toys shop","isPartOf":{"@id":"https:\/\/woodinout.net\/fr\/#website"},"datePublished":"2020-06-29T20:14:46+00:00","dateModified":"2022-04-28T06:46:13+00:00","description":"Le bac \u00e0 sable Montessori a de nombreux objectifs - apprendre, jouer, poser des objets, tracer des lettres ou des chiffres et bien d\u2019autres activit\u00e9s avec un jouet Montessori.","breadcrumb":{"@id":"https:\/\/woodinout.net\/fr\/product\/unique-sand-tray-by-montessori-waldorf-toys\/#breadcrumb"},"inLanguage":"fr-FR","potentialAction":[{"@type":"ReadAction","target":["https:\/\/woodinout.net\/fr\/product\/unique-sand-tray-by-montessori-waldorf-toys\/"]}]},{"@type":"BreadcrumbList","@id":"https:\/\/woodinout.net\/fr\/product\/unique-sand-tray-by-montessori-waldorf-toys\/#breadcrumb","itemListElement":[{"@type":"ListItem","position":1,"name":"Home","item":"https:\/\/woodinout.net\/fr\/"},{"@type":"ListItem","position":2,"name":"Shop","item":"https:\/\/woodinout.net\/shop\/"},{"@type":"ListItem","position":3,"name":"Bac \u00e0 sable Montessori"}]},{"@type":"WebSite","@id":"https:\/\/woodinout.net\/fr\/#website","url":"https:\/\/woodinout.net\/fr\/","name":"Woodinout \u00a9","description":"Wooden Montessori toys, gifts, home and events decor details","potentialAction":[{"@type":"SearchAction","target":{"@type":"EntryPoint","urlTemplate":"https:\/\/woodinout.net\/fr\/?s={search_term_string}"},"query-input":"required name=search_term_string"}],"inLanguage":"fr-FR"}]}},"_links":{"self":[{"href":"https:\/\/woodinout.net\/fr\/wp-json\/wp\/v2\/product\/21667"}],"collection":[{"href":"https:\/\/woodinout.net\/fr\/wp-json\/wp\/v2\/product"}],"about":[{"href":"https:\/\/woodinout.net\/fr\/wp-json\/wp\/v2\/types\/product"}],"wp:featuredmedia":[{"embeddable":true,"href":"https:\/\/woodinout.net\/fr\/wp-json\/wp\/v2\/media\/18247"}],"wp:attachment":[{"href":"https:\/\/woodinout.net\/fr\/wp-json\/wp\/v2\/media?parent=21667"}],"wp:term":[{"taxonomy":"product_cat","embeddable":true,"href":"https:\/\/woodinout.net\/fr\/wp-json\/wp\/v2\/product_cat?post=21667"},{"taxonomy":"product_tag","embeddable":true,"href":"https:\/\/woodinout.net\/fr\/wp-json\/wp\/v2\/product_tag?post=21667"}],"curies":[{"name":"wp","href":"https:\/\/api.w.org\/{rel}","templated":true}]}}