{"id":21664,"date":"2021-03-14T22:09:04","date_gmt":"2021-03-14T20:09:04","guid":{"rendered":"https:\/\/woodinout.net\/product\/cercle-demotions\/"},"modified":"2022-04-28T11:47:28","modified_gmt":"2022-04-28T08:47:28","slug":"emotions-cercle","status":"publish","type":"product","link":"https:\/\/woodinout.net\/fr\/product\/emotions-cercle\/","title":{"rendered":"Cercle d\u2019\u00e9motions"},"content":{"rendered":"<p>Tableau des sentiments des enfants fait \u00e0 la main \u00e0 partir de bois &#8211; cr\u00e9\u00e9 pour ceux qui se soucient et comprennent comment les enfants La sant\u00e9 mentale est importante de nos jours. Il suffit de prendre la roue \u00e9motion-sentiments et de laisser l\u2019enfant mettre la fl\u00e8che sur son sentiment. C\u2019est facile car la roue est visuelle. Discutez et passez \u00e0 la suivante ou trouvez le contraire ou montrez-le sur votre visage ou dessinez-le&#8230; Les possibilit\u00e9s sont infinies. Nos jouets Montessori sont durables, fabriqu\u00e9s \u00e0 partir de mat\u00e9riaux naturels &#8211; s\u00e9curis\u00e9s pour les enfants de tous \u00e2ges.<\/p>\n<p>TAILLE<br \/>\nDiam\u00e8tre: ~ 6,9 pouces (17,5 cm)<br \/>\n\u00c9paisseur: ~ 0,6 pouces (1,5 cm)<\/p>\n<p>COULEURS ET MAT\u00c9RIAUX<br \/>\nCouleur: naturel et brun huil\u00e9.<br \/>\nLe jouet est en BOIS MASSIF NATUREL.<br \/>\nVeuillez noter que les couleurs peuvent varier en raison des param\u00e8tres de l\u2019\u00e9cran de l\u2019ordinateur et de l\u2019\u00e9claircissement.<\/p>\n<p>Pour plus d\u2019id\u00e9es, suivez-nous sur <a href=\"https:\/\/www.instagram.com\/woodinout\/\">INSTAGRAM<\/a> &amp; <a href=\"https:\/\/www.facebook.com\/Woodinout.net\">FACEBOOK<\/a><\/p>\n","protected":false},"excerpt":{"rendered":"<p>Tableau des sentiments des enfants fait \u00e0 la main \u00e0 partir de bois &#8211; cr\u00e9\u00e9 pour ceux qui se soucient et comprennent comment les enfants La sant\u00e9 mentale est importante de nos jours. Il suffit de prendre la roue \u00e9motion-sentiments et de laisser l\u2019enfant mettre la fl\u00e8che sur son sentiment. C\u2019est facile car la roue [&hellip;]<\/p>\n","protected":false},"featured_media":18975,"template":"","meta":{"_monsterinsights_skip_tracking":false,"_monsterinsights_sitenote_active":false,"_monsterinsights_sitenote_note":"","_monsterinsights_sitenote_category":0},"product_cat":[1723,1758],"product_tag":[1736,1738,1735,2266,1729,1728,1726,1734,2242],"yoast_head":"<!-- This site is optimized with the Yoast SEO plugin v22.1 - https:\/\/yoast.com\/wordpress\/plugins\/seo\/ -->\n<title>Cercle d\u2019\u00e9motions - Woodinout \u00a9 Jouets d\u2019apprentissage Montessori<\/title>\n<meta name=\"description\" content=\"Apprenez \u00e0 raconter des \u00e9motions pour les enfants avec cette horloge \u00e0 \u00e9motions en bois super cool. Mat\u00e9riaux naturels, artisanaux et \u00e9ducatifs. Exp\u00e9dition dans le monde entier.\" \/>\n<meta name=\"robots\" content=\"index, follow, max-snippet:-1, max-image-preview:large, max-video-preview:-1\" \/>\n<link rel=\"canonical\" href=\"https:\/\/woodinout.net\/fr\/product\/emotions-cercle\/\" \/>\n<meta property=\"og:locale\" content=\"fr_FR\" \/>\n<meta property=\"og:type\" content=\"article\" \/>\n<meta property=\"og:title\" content=\"Cercle d\u2019\u00e9motions - Woodinout \u00a9 Jouets d\u2019apprentissage Montessori\" \/>\n<meta property=\"og:description\" content=\"Apprenez \u00e0 raconter des \u00e9motions pour les enfants avec cette horloge \u00e0 \u00e9motions en bois super cool. Mat\u00e9riaux naturels, artisanaux et \u00e9ducatifs. Exp\u00e9dition dans le monde entier.\" \/>\n<meta property=\"og:url\" content=\"https:\/\/woodinout.net\/fr\/product\/emotions-cercle\/\" \/>\n<meta property=\"og:site_name\" content=\"Woodinout \u00a9\" \/>\n<meta property=\"article:modified_time\" content=\"2022-04-28T08:47:28+00:00\" \/>\n<meta property=\"og:image\" content=\"https:\/\/woodinout.net\/wp-content\/uploads\/2021\/03\/Emotions_circle_2.jpg\" \/>\n\t<meta property=\"og:image:width\" content=\"1706\" \/>\n\t<meta property=\"og:image:height\" content=\"2560\" \/>\n\t<meta property=\"og:image:type\" content=\"image\/jpeg\" \/>\n<meta name=\"twitter:card\" content=\"summary_large_image\" \/>\n<meta name=\"twitter:label1\" content=\"Dur\u00e9e de lecture estim\u00e9e\" \/>\n\t<meta name=\"twitter:data1\" content=\"1 minute\" \/>\n<script type=\"application\/ld+json\" class=\"yoast-schema-graph\">{\"@context\":\"https:\/\/schema.org\",\"@graph\":[{\"@type\":\"WebPage\",\"@id\":\"https:\/\/woodinout.net\/fr\/product\/emotions-cercle\/\",\"url\":\"https:\/\/woodinout.net\/fr\/product\/emotions-cercle\/\",\"name\":\"Cercle d\u2019\u00e9motions - Woodinout \u00a9 Jouets d\u2019apprentissage Montessori\",\"isPartOf\":{\"@id\":\"https:\/\/woodinout.net\/fr\/#website\"},\"datePublished\":\"2021-03-14T20:09:04+00:00\",\"dateModified\":\"2022-04-28T08:47:28+00:00\",\"description\":\"Apprenez \u00e0 raconter des \u00e9motions pour les enfants avec cette horloge \u00e0 \u00e9motions en bois super cool. Mat\u00e9riaux naturels, artisanaux et \u00e9ducatifs. Exp\u00e9dition dans le monde entier.\",\"breadcrumb\":{\"@id\":\"https:\/\/woodinout.net\/fr\/product\/emotions-cercle\/#breadcrumb\"},\"inLanguage\":\"fr-FR\",\"potentialAction\":[{\"@type\":\"ReadAction\",\"target\":[\"https:\/\/woodinout.net\/fr\/product\/emotions-cercle\/\"]}]},{\"@type\":\"BreadcrumbList\",\"@id\":\"https:\/\/woodinout.net\/fr\/product\/emotions-cercle\/#breadcrumb\",\"itemListElement\":[{\"@type\":\"ListItem\",\"position\":1,\"name\":\"Home\",\"item\":\"https:\/\/woodinout.net\/fr\/\"},{\"@type\":\"ListItem\",\"position\":2,\"name\":\"Shop\",\"item\":\"https:\/\/woodinout.net\/shop\/\"},{\"@type\":\"ListItem\",\"position\":3,\"name\":\"Cercle d\u2019\u00e9motions\"}]},{\"@type\":\"WebSite\",\"@id\":\"https:\/\/woodinout.net\/fr\/#website\",\"url\":\"https:\/\/woodinout.net\/fr\/\",\"name\":\"Woodinout \u00a9\",\"description\":\"Wooden Montessori toys, gifts, home and events decor details\",\"potentialAction\":[{\"@type\":\"SearchAction\",\"target\":{\"@type\":\"EntryPoint\",\"urlTemplate\":\"https:\/\/woodinout.net\/fr\/?s={search_term_string}\"},\"query-input\":\"required name=search_term_string\"}],\"inLanguage\":\"fr-FR\"}]}<\/script>\n<!-- \/ Yoast SEO plugin. -->","yoast_head_json":{"title":"Cercle d\u2019\u00e9motions - Woodinout \u00a9 Jouets d\u2019apprentissage Montessori","description":"Apprenez \u00e0 raconter des \u00e9motions pour les enfants avec cette horloge \u00e0 \u00e9motions en bois super cool. Mat\u00e9riaux naturels, artisanaux et \u00e9ducatifs. Exp\u00e9dition dans le monde entier.","robots":{"index":"index","follow":"follow","max-snippet":"max-snippet:-1","max-image-preview":"max-image-preview:large","max-video-preview":"max-video-preview:-1"},"canonical":"https:\/\/woodinout.net\/fr\/product\/emotions-cercle\/","og_locale":"fr_FR","og_type":"article","og_title":"Cercle d\u2019\u00e9motions - Woodinout \u00a9 Jouets d\u2019apprentissage Montessori","og_description":"Apprenez \u00e0 raconter des \u00e9motions pour les enfants avec cette horloge \u00e0 \u00e9motions en bois super cool. Mat\u00e9riaux naturels, artisanaux et \u00e9ducatifs. Exp\u00e9dition dans le monde entier.","og_url":"https:\/\/woodinout.net\/fr\/product\/emotions-cercle\/","og_site_name":"Woodinout \u00a9","article_modified_time":"2022-04-28T08:47:28+00:00","og_image":[{"width":1706,"height":2560,"url":"https:\/\/woodinout.net\/wp-content\/uploads\/2021\/03\/Emotions_circle_2.jpg","type":"image\/jpeg"}],"twitter_card":"summary_large_image","twitter_misc":{"Dur\u00e9e de lecture estim\u00e9e":"1 minute"},"schema":{"@context":"https:\/\/schema.org","@graph":[{"@type":"WebPage","@id":"https:\/\/woodinout.net\/fr\/product\/emotions-cercle\/","url":"https:\/\/woodinout.net\/fr\/product\/emotions-cercle\/","name":"Cercle d\u2019\u00e9motions - Woodinout \u00a9 Jouets d\u2019apprentissage Montessori","isPartOf":{"@id":"https:\/\/woodinout.net\/fr\/#website"},"datePublished":"2021-03-14T20:09:04+00:00","dateModified":"2022-04-28T08:47:28+00:00","description":"Apprenez \u00e0 raconter des \u00e9motions pour les enfants avec cette horloge \u00e0 \u00e9motions en bois super cool. Mat\u00e9riaux naturels, artisanaux et \u00e9ducatifs. Exp\u00e9dition dans le monde entier.","breadcrumb":{"@id":"https:\/\/woodinout.net\/fr\/product\/emotions-cercle\/#breadcrumb"},"inLanguage":"fr-FR","potentialAction":[{"@type":"ReadAction","target":["https:\/\/woodinout.net\/fr\/product\/emotions-cercle\/"]}]},{"@type":"BreadcrumbList","@id":"https:\/\/woodinout.net\/fr\/product\/emotions-cercle\/#breadcrumb","itemListElement":[{"@type":"ListItem","position":1,"name":"Home","item":"https:\/\/woodinout.net\/fr\/"},{"@type":"ListItem","position":2,"name":"Shop","item":"https:\/\/woodinout.net\/shop\/"},{"@type":"ListItem","position":3,"name":"Cercle d\u2019\u00e9motions"}]},{"@type":"WebSite","@id":"https:\/\/woodinout.net\/fr\/#website","url":"https:\/\/woodinout.net\/fr\/","name":"Woodinout \u00a9","description":"Wooden Montessori toys, gifts, home and events decor details","potentialAction":[{"@type":"SearchAction","target":{"@type":"EntryPoint","urlTemplate":"https:\/\/woodinout.net\/fr\/?s={search_term_string}"},"query-input":"required name=search_term_string"}],"inLanguage":"fr-FR"}]}},"_links":{"self":[{"href":"https:\/\/woodinout.net\/fr\/wp-json\/wp\/v2\/product\/21664"}],"collection":[{"href":"https:\/\/woodinout.net\/fr\/wp-json\/wp\/v2\/product"}],"about":[{"href":"https:\/\/woodinout.net\/fr\/wp-json\/wp\/v2\/types\/product"}],"wp:featuredmedia":[{"embeddable":true,"href":"https:\/\/woodinout.net\/fr\/wp-json\/wp\/v2\/media\/18975"}],"wp:attachment":[{"href":"https:\/\/woodinout.net\/fr\/wp-json\/wp\/v2\/media?parent=21664"}],"wp:term":[{"taxonomy":"product_cat","embeddable":true,"href":"https:\/\/woodinout.net\/fr\/wp-json\/wp\/v2\/product_cat?post=21664"},{"taxonomy":"product_tag","embeddable":true,"href":"https:\/\/woodinout.net\/fr\/wp-json\/wp\/v2\/product_tag?post=21664"}],"curies":[{"name":"wp","href":"https:\/\/api.w.org\/{rel}","templated":true}]}}