{"id":21662,"date":"2021-03-19T19:22:40","date_gmt":"2021-03-19T17:22:40","guid":{"rendered":"https:\/\/woodinout.net\/product\/empileur-danneaux-en-bois\/"},"modified":"2022-04-22T12:21:52","modified_gmt":"2022-04-22T09:21:52","slug":"empileur-a-anneaux-en-bois","status":"publish","type":"product","link":"https:\/\/woodinout.net\/fr\/product\/empileur-a-anneaux-en-bois\/","title":{"rendered":"Empileur d\u2019anneaux en bois"},"content":{"rendered":"<p>L\u2019empileur d\u2019anneaux en bois Montessori traditionnel est le meilleur jouet \u00e9cologique, naturel et s\u00fbr pour le d\u00e9veloppement pr\u00e9coce du b\u00e9b\u00e9. Nos jouets empilables faits \u00e0 la main sont durables, fabriqu\u00e9s uniquement \u00e0 partir de mat\u00e9riaux naturels (bois massif). Par cons\u00e9quent, ils sont sans danger pour b\u00e9b\u00e9 et \u00e9l\u00e9gant look minimal. Nous prenons soin de b\u00e9b\u00e9 pour jouer et se d\u00e9velopper dans un environnement s\u00fbr et naturel, c\u2019est pourquoi nous avons cr\u00e9\u00e9 ce bel empileur d\u2019anneaux en bois.<\/p>\n<p>Plus de jouets pour b\u00e9b\u00e9 <a href=\"https:\/\/woodinout.net\/product-category\/wooden-toys\/baby-toys\/\">ICI.<\/a><\/p>\n<p>TAILLE<br \/>\nHauteur: ~ 11,8 pouces (30 cm)<br \/>\nLongueur: ~ 5,9 pouces (15 cm)<br \/>\n\u00c9paisseur: ~ 0,66 pouces (1,7 cm)<\/p>\n<p>COULEURS ET MAT\u00c9RIAUX<br \/>\nCouleur: bois naturel et bois brun<br \/>\nLe jouet est en BOIS MASSIF NATUREL.<br \/>\nVeuillez noter que les couleurs peuvent varier en raison des param\u00e8tres de l\u2019\u00e9cran de l\u2019ordinateur et de l\u2019\u00e9claircissement.<\/p>\n<p>Pour plus d\u2019id\u00e9es, suivez-nous sur <a href=\"https:\/\/www.instagram.com\/woodinout\/\">INSTAGRAM<\/a> &amp; <a href=\"https:\/\/www.facebook.com\/Woodinout.net\">FACEBOOK<\/a><\/p>\n","protected":false},"excerpt":{"rendered":"<p>L\u2019empileur d\u2019anneaux en bois Montessori traditionnel est le meilleur jouet \u00e9cologique, naturel et s\u00fbr pour le d\u00e9veloppement pr\u00e9coce du b\u00e9b\u00e9. Nos jouets empilables faits \u00e0 la main sont durables, fabriqu\u00e9s uniquement \u00e0 partir de mat\u00e9riaux naturels (bois massif). Par cons\u00e9quent, ils sont sans danger pour b\u00e9b\u00e9 et \u00e9l\u00e9gant look minimal. Nous prenons soin de b\u00e9b\u00e9 [&hellip;]<\/p>\n","protected":false},"featured_media":19759,"template":"","meta":{"_monsterinsights_skip_tracking":false,"_monsterinsights_sitenote_active":false,"_monsterinsights_sitenote_note":"","_monsterinsights_sitenote_category":0},"product_cat":[1723,1725,1941],"product_tag":[1736,1738,1751,1735,1729,1728,1726,1734,1749],"yoast_head":"<!-- This site is optimized with the Yoast SEO plugin v22.1 - https:\/\/yoast.com\/wordpress\/plugins\/seo\/ -->\n<title>Empileur d\u2019anneaux en bois - Woodinout \u00a9 Jouets Montessori<\/title>\n<meta name=\"description\" content=\"Jouets de d\u00e9veloppement en bois naturel pour un temps pr\u00e9cieux en famille. B\u00e9b\u00e9 apprend de mani\u00e8re saine avec cet empileur d\u2019anneaux. Exp\u00e9dition dans le monde entier.\" \/>\n<meta name=\"robots\" content=\"index, follow, max-snippet:-1, max-image-preview:large, max-video-preview:-1\" \/>\n<link rel=\"canonical\" href=\"https:\/\/woodinout.net\/fr\/product\/empileur-a-anneaux-en-bois\/\" \/>\n<meta property=\"og:locale\" content=\"fr_FR\" \/>\n<meta property=\"og:type\" content=\"article\" \/>\n<meta property=\"og:title\" content=\"Empileur d\u2019anneaux en bois - Woodinout \u00a9 Jouets Montessori\" \/>\n<meta property=\"og:description\" content=\"Jouets de d\u00e9veloppement en bois naturel pour un temps pr\u00e9cieux en famille. B\u00e9b\u00e9 apprend de mani\u00e8re saine avec cet empileur d\u2019anneaux. Exp\u00e9dition dans le monde entier.\" \/>\n<meta property=\"og:url\" content=\"https:\/\/woodinout.net\/fr\/product\/empileur-a-anneaux-en-bois\/\" \/>\n<meta property=\"og:site_name\" content=\"Woodinout \u00a9\" \/>\n<meta property=\"article:modified_time\" content=\"2022-04-22T09:21:52+00:00\" \/>\n<meta property=\"og:image\" content=\"https:\/\/woodinout.net\/wp-content\/uploads\/2021\/03\/Wooden_ring_stacker_1.jpg\" \/>\n\t<meta property=\"og:image:width\" content=\"1706\" \/>\n\t<meta property=\"og:image:height\" content=\"2560\" \/>\n\t<meta property=\"og:image:type\" content=\"image\/jpeg\" \/>\n<meta name=\"twitter:card\" content=\"summary_large_image\" \/>\n<meta name=\"twitter:label1\" content=\"Dur\u00e9e de lecture estim\u00e9e\" \/>\n\t<meta name=\"twitter:data1\" content=\"1 minute\" \/>\n<script type=\"application\/ld+json\" class=\"yoast-schema-graph\">{\"@context\":\"https:\/\/schema.org\",\"@graph\":[{\"@type\":\"WebPage\",\"@id\":\"https:\/\/woodinout.net\/fr\/product\/empileur-a-anneaux-en-bois\/\",\"url\":\"https:\/\/woodinout.net\/fr\/product\/empileur-a-anneaux-en-bois\/\",\"name\":\"Empileur d\u2019anneaux en bois - Woodinout \u00a9 Jouets Montessori\",\"isPartOf\":{\"@id\":\"https:\/\/woodinout.net\/fr\/#website\"},\"datePublished\":\"2021-03-19T17:22:40+00:00\",\"dateModified\":\"2022-04-22T09:21:52+00:00\",\"description\":\"Jouets de d\u00e9veloppement en bois naturel pour un temps pr\u00e9cieux en famille. B\u00e9b\u00e9 apprend de mani\u00e8re saine avec cet empileur d\u2019anneaux. Exp\u00e9dition dans le monde entier.\",\"breadcrumb\":{\"@id\":\"https:\/\/woodinout.net\/fr\/product\/empileur-a-anneaux-en-bois\/#breadcrumb\"},\"inLanguage\":\"fr-FR\",\"potentialAction\":[{\"@type\":\"ReadAction\",\"target\":[\"https:\/\/woodinout.net\/fr\/product\/empileur-a-anneaux-en-bois\/\"]}]},{\"@type\":\"BreadcrumbList\",\"@id\":\"https:\/\/woodinout.net\/fr\/product\/empileur-a-anneaux-en-bois\/#breadcrumb\",\"itemListElement\":[{\"@type\":\"ListItem\",\"position\":1,\"name\":\"Home\",\"item\":\"https:\/\/woodinout.net\/fr\/\"},{\"@type\":\"ListItem\",\"position\":2,\"name\":\"Shop\",\"item\":\"https:\/\/woodinout.net\/shop\/\"},{\"@type\":\"ListItem\",\"position\":3,\"name\":\"Empileur d\u2019anneaux en bois\"}]},{\"@type\":\"WebSite\",\"@id\":\"https:\/\/woodinout.net\/fr\/#website\",\"url\":\"https:\/\/woodinout.net\/fr\/\",\"name\":\"Woodinout \u00a9\",\"description\":\"Wooden Montessori toys, gifts, home and events decor details\",\"potentialAction\":[{\"@type\":\"SearchAction\",\"target\":{\"@type\":\"EntryPoint\",\"urlTemplate\":\"https:\/\/woodinout.net\/fr\/?s={search_term_string}\"},\"query-input\":\"required name=search_term_string\"}],\"inLanguage\":\"fr-FR\"}]}<\/script>\n<!-- \/ Yoast SEO plugin. -->","yoast_head_json":{"title":"Empileur d\u2019anneaux en bois - Woodinout \u00a9 Jouets Montessori","description":"Jouets de d\u00e9veloppement en bois naturel pour un temps pr\u00e9cieux en famille. B\u00e9b\u00e9 apprend de mani\u00e8re saine avec cet empileur d\u2019anneaux. Exp\u00e9dition dans le monde entier.","robots":{"index":"index","follow":"follow","max-snippet":"max-snippet:-1","max-image-preview":"max-image-preview:large","max-video-preview":"max-video-preview:-1"},"canonical":"https:\/\/woodinout.net\/fr\/product\/empileur-a-anneaux-en-bois\/","og_locale":"fr_FR","og_type":"article","og_title":"Empileur d\u2019anneaux en bois - Woodinout \u00a9 Jouets Montessori","og_description":"Jouets de d\u00e9veloppement en bois naturel pour un temps pr\u00e9cieux en famille. B\u00e9b\u00e9 apprend de mani\u00e8re saine avec cet empileur d\u2019anneaux. Exp\u00e9dition dans le monde entier.","og_url":"https:\/\/woodinout.net\/fr\/product\/empileur-a-anneaux-en-bois\/","og_site_name":"Woodinout \u00a9","article_modified_time":"2022-04-22T09:21:52+00:00","og_image":[{"width":1706,"height":2560,"url":"https:\/\/woodinout.net\/wp-content\/uploads\/2021\/03\/Wooden_ring_stacker_1.jpg","type":"image\/jpeg"}],"twitter_card":"summary_large_image","twitter_misc":{"Dur\u00e9e de lecture estim\u00e9e":"1 minute"},"schema":{"@context":"https:\/\/schema.org","@graph":[{"@type":"WebPage","@id":"https:\/\/woodinout.net\/fr\/product\/empileur-a-anneaux-en-bois\/","url":"https:\/\/woodinout.net\/fr\/product\/empileur-a-anneaux-en-bois\/","name":"Empileur d\u2019anneaux en bois - Woodinout \u00a9 Jouets Montessori","isPartOf":{"@id":"https:\/\/woodinout.net\/fr\/#website"},"datePublished":"2021-03-19T17:22:40+00:00","dateModified":"2022-04-22T09:21:52+00:00","description":"Jouets de d\u00e9veloppement en bois naturel pour un temps pr\u00e9cieux en famille. B\u00e9b\u00e9 apprend de mani\u00e8re saine avec cet empileur d\u2019anneaux. Exp\u00e9dition dans le monde entier.","breadcrumb":{"@id":"https:\/\/woodinout.net\/fr\/product\/empileur-a-anneaux-en-bois\/#breadcrumb"},"inLanguage":"fr-FR","potentialAction":[{"@type":"ReadAction","target":["https:\/\/woodinout.net\/fr\/product\/empileur-a-anneaux-en-bois\/"]}]},{"@type":"BreadcrumbList","@id":"https:\/\/woodinout.net\/fr\/product\/empileur-a-anneaux-en-bois\/#breadcrumb","itemListElement":[{"@type":"ListItem","position":1,"name":"Home","item":"https:\/\/woodinout.net\/fr\/"},{"@type":"ListItem","position":2,"name":"Shop","item":"https:\/\/woodinout.net\/shop\/"},{"@type":"ListItem","position":3,"name":"Empileur d\u2019anneaux en bois"}]},{"@type":"WebSite","@id":"https:\/\/woodinout.net\/fr\/#website","url":"https:\/\/woodinout.net\/fr\/","name":"Woodinout \u00a9","description":"Wooden Montessori toys, gifts, home and events decor details","potentialAction":[{"@type":"SearchAction","target":{"@type":"EntryPoint","urlTemplate":"https:\/\/woodinout.net\/fr\/?s={search_term_string}"},"query-input":"required name=search_term_string"}],"inLanguage":"fr-FR"}]}},"_links":{"self":[{"href":"https:\/\/woodinout.net\/fr\/wp-json\/wp\/v2\/product\/21662"}],"collection":[{"href":"https:\/\/woodinout.net\/fr\/wp-json\/wp\/v2\/product"}],"about":[{"href":"https:\/\/woodinout.net\/fr\/wp-json\/wp\/v2\/types\/product"}],"wp:featuredmedia":[{"embeddable":true,"href":"https:\/\/woodinout.net\/fr\/wp-json\/wp\/v2\/media\/19759"}],"wp:attachment":[{"href":"https:\/\/woodinout.net\/fr\/wp-json\/wp\/v2\/media?parent=21662"}],"wp:term":[{"taxonomy":"product_cat","embeddable":true,"href":"https:\/\/woodinout.net\/fr\/wp-json\/wp\/v2\/product_cat?post=21662"},{"taxonomy":"product_tag","embeddable":true,"href":"https:\/\/woodinout.net\/fr\/wp-json\/wp\/v2\/product_tag?post=21662"}],"curies":[{"name":"wp","href":"https:\/\/api.w.org\/{rel}","templated":true}]}}