{"id":21659,"date":"2021-03-19T18:17:27","date_gmt":"2021-03-19T16:17:27","guid":{"rendered":"https:\/\/woodinout.net\/product\/tableau-de-comptage-de-100\/"},"modified":"2022-03-13T21:36:15","modified_gmt":"2022-03-13T19:36:15","slug":"tableau-de-comptage-de-100","status":"publish","type":"product","link":"https:\/\/woodinout.net\/fr\/product\/tableau-de-comptage-de-100\/","title":{"rendered":"Tableau de comptage de 100"},"content":{"rendered":"<p>Montessori 100 board &#8211; frame est parmi nos manipulateurs math\u00e9matiques pr\u00e9f\u00e9r\u00e9s, et nous le recommandons fortement pour l\u2019apprentissage des nombres pr\u00e9 k et le comptage! En plus de renforcer la motricit\u00e9 fine, les enfants de nos clients ont appr\u00e9ci\u00e9 les motifs de couleur ainsi que la pratique du comptage et du saut sur cette planche en bois de cent. Mat\u00e9riaux de comptage Montessori durables, polyvalents et naturels \u00e0 la boutique Woodinout.<\/p>\n<p>Options:<br \/>\nCent planches en bois naturel<br \/>\nCent planches huil\u00e9es brunes<br \/>\nCent planches en bois naturel avec des chiffres grav\u00e9s 1-100<\/p>\n<p>TAILLE<br \/>\nHauteur: 10,2 pouces (26cm)<br \/>\nLongueur: 10,2 pouces (26cm)<br \/>\n\u00c9paisseur: 0.66 pouces (1.7cm)<\/p>\n<p>Ajouter des BALLS:<\/p>\n<p>Couleur: https:\/\/woodinout.net\/product\/colored-wooden-balls\/<\/p>\n<p>Naturel: https:\/\/woodinout.net\/product\/natural-wooden-balls\/<\/p>\n<p>&nbsp;<\/p>\n","protected":false},"excerpt":{"rendered":"<p>Montessori 100 board &#8211; frame est parmi nos manipulateurs math\u00e9matiques pr\u00e9f\u00e9r\u00e9s, et nous le recommandons fortement pour l\u2019apprentissage des nombres pr\u00e9 k et le comptage! En plus de renforcer la motricit\u00e9 fine, les enfants de nos clients ont appr\u00e9ci\u00e9 les motifs de couleur ainsi que la pratique du comptage et du saut sur cette planche [&hellip;]<\/p>\n","protected":false},"featured_media":19671,"template":"","meta":{"_monsterinsights_skip_tracking":false,"_monsterinsights_sitenote_active":false,"_monsterinsights_sitenote_note":"","_monsterinsights_sitenote_category":0},"product_cat":[1834,1723],"product_tag":[1841,1736,1738,1735,1729,1728,1726,1842,1734,1904,1843,1906],"yoast_head":"<!-- This site is optimized with the Yoast SEO plugin v22.1 - https:\/\/yoast.com\/wordpress\/plugins\/seo\/ -->\n<title>Tableau de comptage de 100 - Woodinout \u00a9 Jouets Montessori<\/title>\n<meta name=\"description\" content=\"Apprendre est maintenant Fun &amp; Easy - Jouets math\u00e9matiques en bois naturel pour un temps pr\u00e9cieux en famille. 100 tableaux - nombres et comptage - plus de fa\u00e7ons Learn &amp; Play.\" \/>\n<meta name=\"robots\" content=\"index, follow, max-snippet:-1, max-image-preview:large, max-video-preview:-1\" \/>\n<link rel=\"canonical\" href=\"https:\/\/woodinout.net\/fr\/product\/tableau-de-comptage-de-100\/\" \/>\n<meta property=\"og:locale\" content=\"fr_FR\" \/>\n<meta property=\"og:type\" content=\"article\" \/>\n<meta property=\"og:title\" content=\"Tableau de comptage de 100 - Woodinout \u00a9 Jouets Montessori\" \/>\n<meta property=\"og:description\" content=\"Apprendre est maintenant Fun &amp; Easy - Jouets math\u00e9matiques en bois naturel pour un temps pr\u00e9cieux en famille. 100 tableaux - nombres et comptage - plus de fa\u00e7ons Learn &amp; Play.\" \/>\n<meta property=\"og:url\" content=\"https:\/\/woodinout.net\/fr\/product\/tableau-de-comptage-de-100\/\" \/>\n<meta property=\"og:site_name\" content=\"Woodinout \u00a9\" \/>\n<meta property=\"article:modified_time\" content=\"2022-03-13T19:36:15+00:00\" \/>\n<meta property=\"og:image\" content=\"https:\/\/woodinout.net\/wp-content\/uploads\/2021\/03\/100_counting_board_3.jpg\" \/>\n\t<meta property=\"og:image:width\" content=\"1706\" \/>\n\t<meta property=\"og:image:height\" content=\"2560\" \/>\n\t<meta property=\"og:image:type\" content=\"image\/jpeg\" \/>\n<meta name=\"twitter:card\" content=\"summary_large_image\" \/>\n<meta name=\"twitter:label1\" content=\"Dur\u00e9e de lecture estim\u00e9e\" \/>\n\t<meta name=\"twitter:data1\" content=\"1 minute\" \/>\n<script type=\"application\/ld+json\" class=\"yoast-schema-graph\">{\"@context\":\"https:\/\/schema.org\",\"@graph\":[{\"@type\":\"WebPage\",\"@id\":\"https:\/\/woodinout.net\/fr\/product\/tableau-de-comptage-de-100\/\",\"url\":\"https:\/\/woodinout.net\/fr\/product\/tableau-de-comptage-de-100\/\",\"name\":\"Tableau de comptage de 100 - Woodinout \u00a9 Jouets Montessori\",\"isPartOf\":{\"@id\":\"https:\/\/woodinout.net\/fr\/#website\"},\"datePublished\":\"2021-03-19T16:17:27+00:00\",\"dateModified\":\"2022-03-13T19:36:15+00:00\",\"description\":\"Apprendre est maintenant Fun & Easy - Jouets math\u00e9matiques en bois naturel pour un temps pr\u00e9cieux en famille. 100 tableaux - nombres et comptage - plus de fa\u00e7ons Learn & Play.\",\"breadcrumb\":{\"@id\":\"https:\/\/woodinout.net\/fr\/product\/tableau-de-comptage-de-100\/#breadcrumb\"},\"inLanguage\":\"fr-FR\",\"potentialAction\":[{\"@type\":\"ReadAction\",\"target\":[\"https:\/\/woodinout.net\/fr\/product\/tableau-de-comptage-de-100\/\"]}]},{\"@type\":\"BreadcrumbList\",\"@id\":\"https:\/\/woodinout.net\/fr\/product\/tableau-de-comptage-de-100\/#breadcrumb\",\"itemListElement\":[{\"@type\":\"ListItem\",\"position\":1,\"name\":\"Home\",\"item\":\"https:\/\/woodinout.net\/fr\/\"},{\"@type\":\"ListItem\",\"position\":2,\"name\":\"Shop\",\"item\":\"https:\/\/woodinout.net\/shop\/\"},{\"@type\":\"ListItem\",\"position\":3,\"name\":\"Tableau de comptage de 100\"}]},{\"@type\":\"WebSite\",\"@id\":\"https:\/\/woodinout.net\/fr\/#website\",\"url\":\"https:\/\/woodinout.net\/fr\/\",\"name\":\"Woodinout \u00a9\",\"description\":\"Wooden Montessori toys, gifts, home and events decor details\",\"potentialAction\":[{\"@type\":\"SearchAction\",\"target\":{\"@type\":\"EntryPoint\",\"urlTemplate\":\"https:\/\/woodinout.net\/fr\/?s={search_term_string}\"},\"query-input\":\"required name=search_term_string\"}],\"inLanguage\":\"fr-FR\"}]}<\/script>\n<!-- \/ Yoast SEO plugin. -->","yoast_head_json":{"title":"Tableau de comptage de 100 - Woodinout \u00a9 Jouets Montessori","description":"Apprendre est maintenant Fun & Easy - Jouets math\u00e9matiques en bois naturel pour un temps pr\u00e9cieux en famille. 100 tableaux - nombres et comptage - plus de fa\u00e7ons Learn & Play.","robots":{"index":"index","follow":"follow","max-snippet":"max-snippet:-1","max-image-preview":"max-image-preview:large","max-video-preview":"max-video-preview:-1"},"canonical":"https:\/\/woodinout.net\/fr\/product\/tableau-de-comptage-de-100\/","og_locale":"fr_FR","og_type":"article","og_title":"Tableau de comptage de 100 - Woodinout \u00a9 Jouets Montessori","og_description":"Apprendre est maintenant Fun & Easy - Jouets math\u00e9matiques en bois naturel pour un temps pr\u00e9cieux en famille. 100 tableaux - nombres et comptage - plus de fa\u00e7ons Learn & Play.","og_url":"https:\/\/woodinout.net\/fr\/product\/tableau-de-comptage-de-100\/","og_site_name":"Woodinout \u00a9","article_modified_time":"2022-03-13T19:36:15+00:00","og_image":[{"width":1706,"height":2560,"url":"https:\/\/woodinout.net\/wp-content\/uploads\/2021\/03\/100_counting_board_3.jpg","type":"image\/jpeg"}],"twitter_card":"summary_large_image","twitter_misc":{"Dur\u00e9e de lecture estim\u00e9e":"1 minute"},"schema":{"@context":"https:\/\/schema.org","@graph":[{"@type":"WebPage","@id":"https:\/\/woodinout.net\/fr\/product\/tableau-de-comptage-de-100\/","url":"https:\/\/woodinout.net\/fr\/product\/tableau-de-comptage-de-100\/","name":"Tableau de comptage de 100 - Woodinout \u00a9 Jouets Montessori","isPartOf":{"@id":"https:\/\/woodinout.net\/fr\/#website"},"datePublished":"2021-03-19T16:17:27+00:00","dateModified":"2022-03-13T19:36:15+00:00","description":"Apprendre est maintenant Fun & Easy - Jouets math\u00e9matiques en bois naturel pour un temps pr\u00e9cieux en famille. 100 tableaux - nombres et comptage - plus de fa\u00e7ons Learn & Play.","breadcrumb":{"@id":"https:\/\/woodinout.net\/fr\/product\/tableau-de-comptage-de-100\/#breadcrumb"},"inLanguage":"fr-FR","potentialAction":[{"@type":"ReadAction","target":["https:\/\/woodinout.net\/fr\/product\/tableau-de-comptage-de-100\/"]}]},{"@type":"BreadcrumbList","@id":"https:\/\/woodinout.net\/fr\/product\/tableau-de-comptage-de-100\/#breadcrumb","itemListElement":[{"@type":"ListItem","position":1,"name":"Home","item":"https:\/\/woodinout.net\/fr\/"},{"@type":"ListItem","position":2,"name":"Shop","item":"https:\/\/woodinout.net\/shop\/"},{"@type":"ListItem","position":3,"name":"Tableau de comptage de 100"}]},{"@type":"WebSite","@id":"https:\/\/woodinout.net\/fr\/#website","url":"https:\/\/woodinout.net\/fr\/","name":"Woodinout \u00a9","description":"Wooden Montessori toys, gifts, home and events decor details","potentialAction":[{"@type":"SearchAction","target":{"@type":"EntryPoint","urlTemplate":"https:\/\/woodinout.net\/fr\/?s={search_term_string}"},"query-input":"required name=search_term_string"}],"inLanguage":"fr-FR"}]}},"_links":{"self":[{"href":"https:\/\/woodinout.net\/fr\/wp-json\/wp\/v2\/product\/21659"}],"collection":[{"href":"https:\/\/woodinout.net\/fr\/wp-json\/wp\/v2\/product"}],"about":[{"href":"https:\/\/woodinout.net\/fr\/wp-json\/wp\/v2\/types\/product"}],"wp:featuredmedia":[{"embeddable":true,"href":"https:\/\/woodinout.net\/fr\/wp-json\/wp\/v2\/media\/19671"}],"wp:attachment":[{"href":"https:\/\/woodinout.net\/fr\/wp-json\/wp\/v2\/media?parent=21659"}],"wp:term":[{"taxonomy":"product_cat","embeddable":true,"href":"https:\/\/woodinout.net\/fr\/wp-json\/wp\/v2\/product_cat?post=21659"},{"taxonomy":"product_tag","embeddable":true,"href":"https:\/\/woodinout.net\/fr\/wp-json\/wp\/v2\/product_tag?post=21659"}],"curies":[{"name":"wp","href":"https:\/\/api.w.org\/{rel}","templated":true}]}}